{"id":4536,"date":"2026-04-08T22:42:35","date_gmt":"2026-04-08T20:42:35","guid":{"rendered":"https:\/\/namgt.es\/producto\/volante-gs-v2p-moza\/"},"modified":"2026-04-19T10:43:13","modified_gmt":"2026-04-19T08:43:13","slug":"volante-gs-v2p-moza","status":"publish","type":"product","link":"https:\/\/namgt.es\/pt\/producto\/volante-gs-v2p-moza\/","title":{"rendered":"Volante GS V2P MOZA"},"content":{"rendered":"<\/p>\n<div class=\"rte product_description\">\n<article data-turn=\"assistant\" data-scroll-anchor=\"true\" data-testid=\"conversation-turn-42\" data-turn-id=\"request-WEB:9a526775-c4c6-44df-b27c-2da3d9829351-20\" dir=\"auto\" class=\"text-token-text-primary w-full focus:outline-none scroll-mt-[calc(var(--header-height)+min(200px,max(70px,20svh)))]\">\n<div class=\"text-base my-auto mx-auto pb-10 [--thread-content-margin:--spacing(4)] @[37rem]:[--thread-content-margin:--spacing(6)] @[72rem]:[--thread-content-margin:--spacing(16)] px-(--thread-content-margin)\">\n<div class=\"[--thread-content-max-width:32rem] @[34rem]:[--thread-content-max-width:40rem] @[64rem]:[--thread-content-max-width:48rem] mx-auto max-w-(--thread-content-max-width) flex-1 group\/turn-messages focus-visible:outline-hidden relative flex w-full min-w-0 flex-col agent-turn\">\n<div class=\"flex max-w-full flex-col grow\">\n<div data-message-model-slug=\"gpt-4o\" class=\"min-h-8 text-message relative flex w-full flex-col items-end gap-2 text-start break-words whitespace-normal [.text-message+&amp;]:mt-5\" dir=\"auto\" data-message-id=\"5f8aada4-e16f-4947-a696-a3d5c8b5d247\" data-message-author-role=\"assistant\">\n<div class=\"flex w-full flex-col gap-1 empty:hidden first:pt-[3px]\">\n<div class=\"markdown prose dark:prose-invert w-full break-words dark markdown-new-styling\">\n<h2 data-end=\"76\" data-start=\"0\">MOZA GS V2P GT Wheel \u2013 Volante GT de 300 mm para simracers profesionales<\/h2>\n<p data-end=\"579\" data-start=\"78\">El <strong data-end=\"96\" data-start=\"81\">MOZA GS V2P<\/strong> es un volante estilo <strong data-end=\"139\" data-start=\"118\">Gran Turismo (GT)<\/strong> de <strong data-end=\"165\" data-start=\"143\">300 mm de di\u00e1metro<\/strong>, dise\u00f1ado para ofrecer un rendimiento de nivel eSports con una construcci\u00f3n de materiales premium, controles avanzados y una est\u00e9tica inspirada en la competici\u00f3n real. Fabricado con <strong data-end=\"376\" data-start=\"348\">fibra de carbono forjada<\/strong>, sensores magn\u00e9ticos de alta precisi\u00f3n y empu\u00f1aduras en <strong data-end=\"457\" data-start=\"433\">cuero microperforado<\/strong>, este volante es la herramienta ideal para quienes buscan control total y realismo absoluto en sus sesiones de simracing.<\/p>\n<h3 data-end=\"635\" data-start=\"586\">Precisi\u00f3n de competici\u00f3n con acabados de lujo<\/h3>\n<ul data-end=\"1123\" data-start=\"637\">\n<li data-end=\"717\" data-start=\"637\">\n<strong data-end=\"676\" data-start=\"639\">Dise\u00f1o GT de tama\u00f1o real (300 mm)<\/strong> para una sensaci\u00f3n aut\u00e9ntica al volante.<\/li>\n<li data-end=\"804\" data-start=\"718\">Estructura y paddles fabricados en <strong data-end=\"803\" data-start=\"755\">fibra de carbono forjada de alta resistencia<\/strong>.<\/li>\n<li data-end=\"880\" data-start=\"805\">\n<strong data-end=\"846\" data-start=\"807\">Empu\u00f1aduras en cuero microperforado<\/strong>: agarre c\u00f3modo, firme y duradero.<\/li>\n<li data-end=\"955\" data-start=\"881\">Shifters magn\u00e9ticos y clutch paddles con sensores <strong data-end=\"954\" data-start=\"933\">Hall sin contacto<\/strong>.<\/li>\n<li data-end=\"1024\" data-start=\"956\">\n<strong data-end=\"980\" data-start=\"958\">Quick Release MOZA<\/strong> completamente en aluminio, r\u00e1pido y seguro.<\/li>\n<li data-end=\"1123\" data-start=\"1025\">\n<strong data-end=\"1067\" data-start=\"1027\">10 botones mec\u00e1nicos retroiluminados<\/strong>, 5 encoders giratorios, 2 joysticks y 2 thumb encoders.<\/li>\n<\/ul>\n<h3 data-end=\"1176\" data-start=\"1130\">Caracter\u00edsticas destacadas del MOZA GS V2P<\/h3>\n<ul data-end=\"2331\" data-start=\"1178\">\n<li data-end=\"1397\" data-start=\"1178\">\n<strong data-end=\"1210\" data-start=\"1180\">Materiales de alta gama<\/strong>:<\/p>\n<ul data-end=\"1397\" data-start=\"1214\">\n<li data-end=\"1273\" data-start=\"1214\">Aro y placa frontal: <strong data-end=\"1273\" data-start=\"1237\">fibra de carbono forjada de 5 mm<\/strong>\n<\/li>\n<li data-end=\"1333\" data-start=\"1276\">Paletas de cambio: <strong data-end=\"1333\" data-start=\"1297\">fibra de carbono forjada de 3 mm<\/strong>\n<\/li>\n<li data-end=\"1397\" data-start=\"1336\">Parte trasera: <strong data-end=\"1397\" data-start=\"1353\">compuesto reforzado con fibra de carbono<\/strong>\n<\/li>\n<\/ul>\n<\/li>\n<li data-end=\"1496\" data-start=\"1398\">\n<strong data-end=\"1442\" data-start=\"1400\">Empu\u00f1adura de microfibra perforada<\/strong>: c\u00f3moda y antideslizante, incluso en largas sesiones.<\/li>\n<li data-end=\"1665\" data-start=\"1497\">\n<strong data-end=\"1541\" data-start=\"1499\">Levas magn\u00e9ticas + embrague doble<\/strong>:<\/p>\n<ul data-end=\"1665\" data-start=\"1545\">\n<li data-end=\"1596\" data-start=\"1545\">Shifters con tacto firme y respuesta instant\u00e1nea.<\/li>\n<li data-end=\"1665\" data-start=\"1599\">Clutch paddles con <strong data-end=\"1664\" data-start=\"1620\">modos independientes, combinados o bot\u00f3n<\/strong>.<\/li>\n<\/ul>\n<\/li>\n<li data-end=\"1954\" data-start=\"1666\">\n<strong data-end=\"1701\" data-start=\"1668\">Centro de control avanzado<\/strong>:<\/p>\n<ul data-end=\"1954\" data-start=\"1705\">\n<li data-end=\"1776\" data-start=\"1705\">\n<strong data-end=\"1731\" data-start=\"1707\">10 botones mec\u00e1nicos<\/strong> retroiluminados personalizables (8 colores).<\/li>\n<li data-end=\"1859\" data-start=\"1779\">\n<strong data-end=\"1806\" data-start=\"1781\">5 encoders giratorios<\/strong> para ajustes r\u00e1pidos (ABS, TC, mezcla, mapa motor\u2026).<\/li>\n<li data-end=\"1954\" data-start=\"1862\">\n<strong data-end=\"1898\" data-start=\"1864\">2 thumb encoders y 2 joysticks<\/strong>, ideales para navegaci\u00f3n de men\u00fas y ajustes en carrera.<\/li>\n<\/ul>\n<\/li>\n<li data-end=\"2129\" data-start=\"1955\">\n<strong data-end=\"1984\" data-start=\"1957\">Indicador LED de RPM<\/strong>:<\/p>\n<ul data-end=\"2129\" data-start=\"1988\">\n<li data-end=\"2085\" data-start=\"1988\">10 LEDs RGB con hasta <strong data-end=\"2039\" data-start=\"2012\">8 colores configurables<\/strong> y modos personalizables desde MOZA Pit House.<\/li>\n<li data-end=\"2129\" data-start=\"2088\">100 millones de combinaciones posibles.<\/li>\n<\/ul>\n<\/li>\n<li data-end=\"2210\" data-start=\"2130\">\n<strong data-end=\"2164\" data-start=\"2132\">Quick Release de aluminio<\/strong>: seguro, preciso y compatible con bases MOZA.<\/li>\n<li data-end=\"2331\" data-start=\"2211\">\n<strong data-end=\"2237\" data-start=\"2213\">Integraci\u00f3n total<\/strong> con software MOZA Pit House: mapea botones, configura LEDs y telemetr\u00eda sin plugins externos.<\/li>\n<\/ul>\n<h3 data-end=\"2381\" data-start=\"2338\">Construido para dominar en GT y eSports<\/h3>\n<p data-end=\"2665\" data-start=\"2383\">El <strong data-end=\"2396\" data-start=\"2386\">GS V2P<\/strong> est\u00e1 dise\u00f1ado para simracers que compiten al m\u00e1s alto nivel en t\u00edtulos como iRacing, Assetto Corsa, ACC o F1. Gracias a su ergonom\u00eda optimizada, cada bot\u00f3n y control est\u00e1 al alcance de los dedos, permiti\u00e9ndote realizar ajustes en tiempo real <strong data-end=\"2664\" data-start=\"2639\">sin soltar el volante<\/strong>.<\/p>\n<h3 data-end=\"2701\" data-start=\"2672\">Especificaciones t\u00e9cnicas<\/h3>\n<div class=\"_tableContainer_sk2ct_1\">\n<div class=\"_tableWrapper_sk2ct_13 group flex w-fit flex-col-reverse\">\n<table class=\"w-fit min-w-(--thread-content-width)\" data-end=\"4229\" data-start=\"2703\">\n<thead data-end=\"2788\" data-start=\"2703\">\n<tr data-end=\"2788\" data-start=\"2703\">\n<th data-col-size=\"sm\" data-end=\"2736\" data-start=\"2703\">Especificaci\u00f3n<\/th>\n<th data-col-size=\"md\" data-end=\"2788\" data-start=\"2736\">Detalle<\/th>\n<\/tr>\n<\/thead>\n<tbody data-end=\"4229\" data-start=\"2874\">\n<tr data-end=\"2958\" data-start=\"2874\">\n<td data-col-size=\"sm\" data-end=\"2906\" data-start=\"2874\">Di\u00e1metro<\/td>\n<td data-end=\"2958\" data-start=\"2906\" data-col-size=\"md\">300 mm (est\u00e1ndar GT)<\/td>\n<\/tr>\n<tr data-end=\"3041\" data-start=\"2959\">\n<td data-col-size=\"sm\" data-end=\"2990\" data-start=\"2959\">Material aro y placa frontal<\/td>\n<td data-end=\"3041\" data-start=\"2990\" data-col-size=\"md\">Fibra de carbono forjada (5 mm)<\/td>\n<\/tr>\n<tr data-end=\"3126\" data-start=\"3042\">\n<td data-col-size=\"sm\" data-end=\"3074\" data-start=\"3042\">Material trasero<\/td>\n<td data-end=\"3126\" data-start=\"3074\" data-col-size=\"md\">Compuesto reforzado con fibra de carbono<\/td>\n<\/tr>\n<tr data-end=\"3210\" data-start=\"3127\">\n<td data-col-size=\"sm\" data-end=\"3159\" data-start=\"3127\">Material shifters<\/td>\n<td data-end=\"3210\" data-start=\"3159\" data-col-size=\"md\">Fibra de carbono forjada (3 mm)<\/td>\n<\/tr>\n<tr data-end=\"3295\" data-start=\"3211\">\n<td data-col-size=\"sm\" data-end=\"3243\" data-start=\"3211\">Empu\u00f1aduras<\/td>\n<td data-end=\"3295\" data-start=\"3243\" data-col-size=\"md\">Cuero microperforado<\/td>\n<\/tr>\n<tr data-end=\"3380\" data-start=\"3296\">\n<td data-col-size=\"sm\" data-end=\"3328\" data-start=\"3296\">Paletas magn\u00e9ticas<\/td>\n<td data-end=\"3380\" data-start=\"3328\" data-col-size=\"md\">2<\/td>\n<\/tr>\n<tr data-end=\"3465\" data-start=\"3381\">\n<td data-col-size=\"sm\" data-end=\"3413\" data-start=\"3381\">Clutch paddles<\/td>\n<td data-end=\"3465\" data-start=\"3413\" data-col-size=\"md\">2 (modos combinados, independientes o bot\u00f3n)<\/td>\n<\/tr>\n<tr data-end=\"3549\" data-start=\"3466\">\n<td data-col-size=\"sm\" data-end=\"3498\" data-start=\"3466\">Botones mec\u00e1nicos<\/td>\n<td data-end=\"3549\" data-start=\"3498\" data-col-size=\"md\">10 retroiluminados (colores ajustables)<\/td>\n<\/tr>\n<tr data-end=\"3634\" data-start=\"3550\">\n<td data-col-size=\"sm\" data-end=\"3582\" data-start=\"3550\">Encoders giratorios<\/td>\n<td data-end=\"3634\" data-start=\"3582\" data-col-size=\"md\">5<\/td>\n<\/tr>\n<tr data-end=\"3719\" data-start=\"3635\">\n<td data-col-size=\"sm\" data-end=\"3667\" data-start=\"3635\">Thumb encoders<\/td>\n<td data-end=\"3719\" data-start=\"3667\" data-col-size=\"md\">2 (presionables)<\/td>\n<\/tr>\n<tr data-end=\"3804\" data-start=\"3720\">\n<td data-col-size=\"sm\" data-end=\"3752\" data-start=\"3720\">Joysticks<\/td>\n<td data-end=\"3804\" data-start=\"3752\" data-col-size=\"md\">2<\/td>\n<\/tr>\n<tr data-end=\"3889\" data-start=\"3805\">\n<td data-col-size=\"sm\" data-end=\"3837\" data-start=\"3805\">LED de RPM<\/td>\n<td data-end=\"3889\" data-start=\"3837\" data-col-size=\"md\">10 LEDs RGB (8 colores, configurables)<\/td>\n<\/tr>\n<tr data-end=\"3974\" data-start=\"3890\">\n<td data-col-size=\"sm\" data-end=\"3922\" data-start=\"3890\">Sensor de paletas<\/td>\n<td data-end=\"3974\" data-start=\"3922\" data-col-size=\"md\">Sensor Hall sin contacto<\/td>\n<\/tr>\n<tr data-end=\"4059\" data-start=\"3975\">\n<td data-col-size=\"sm\" data-end=\"4007\" data-start=\"3975\">Quick Release<\/td>\n<td data-end=\"4059\" data-start=\"4007\" data-col-size=\"md\">Totalmente en aluminio (MOZA QR)<\/td>\n<\/tr>\n<tr data-end=\"4144\" data-start=\"4060\">\n<td data-col-size=\"sm\" data-end=\"4092\" data-start=\"4060\">Telemetr\u00eda inteligente<\/td>\n<td data-end=\"4144\" data-start=\"4092\" data-col-size=\"md\">S\u00ed<\/td>\n<\/tr>\n<tr data-end=\"4229\" data-start=\"4145\">\n<td data-col-size=\"sm\" data-end=\"4177\" data-start=\"4145\">Software compatible<\/td>\n<td data-end=\"4229\" data-start=\"4177\" data-col-size=\"md\">MOZA Pit House<\/td>\n<\/tr>\n<\/tbody>\n<\/table>\n<\/div>\n<\/div>\n<h3 data-end=\"4284\" data-start=\"4236\">Dise\u00f1ado para simracers que exigen el m\u00e1ximo<\/h3>\n<p data-is-only-node=\"\" data-is-last-node=\"\" data-end=\"4557\" data-start=\"4286\">El <strong data-end=\"4313\" data-start=\"4289\">MOZA GS V2P GT Wheel<\/strong> es m\u00e1s que un volante: es una <strong data-end=\"4374\" data-start=\"4344\">herramienta de competici\u00f3n<\/strong>, dise\u00f1ada para ofrecer precisi\u00f3n, control, durabilidad y estilo en un solo paquete. Si buscas el <strong data-end=\"4529\" data-start=\"4472\">mejor volante GT de 300 mm para simracing competitivo<\/strong>, este es tu nuevo est\u00e1ndar.<\/p>\n<\/div>\n<\/div>\n<\/div>\n<\/div>\n<\/div>\n<\/div>\n<\/article><\/div>\n<p>volante-moza-gs-v2p-simufy_1_1800x1800-pngv1705056107.pngvolante-moza-gs-v2p-simufy_3_1800x1800-pngv1705056107.pngvolantegsv2pmoza_360-1_1800x1800-gifv1732576374.gifvolante-moza-gs-v2p-simufy_2_1800x1800-pngv1705056107.pngvolante-moza-gs-v2p-simufy_4_1800x1800-pngv1705056107.png<\/p>\n","protected":false},"excerpt":{"rendered":"<p>MOZA GS V2P GT Wheel \u2013 Volante GT de 300 mm para simracers profesionales El MOZA GS V2P es un volante estilo Gran Turismo (GT) de 300 mm de di\u00e1metro, dise\u00f1ado para ofrecer un rendimiento de nivel eSports con una construcci\u00f3n de materiales premium, controles avanzados y una est\u00e9tica inspirada en la competici\u00f3n real. Fabricado&#8230;<\/p>","protected":false},"featured_media":6174,"comment_status":"closed","ping_status":"closed","template":"","meta":{"_kad_blocks_custom_css":"","_kad_blocks_head_custom_js":"","_kad_blocks_body_custom_js":"","_kad_blocks_footer_custom_js":"","_kadence_starter_templates_imported_post":false,"_kad_post_transparent":"","_kad_post_title":"","_kad_post_layout":"","_kad_post_sidebar_id":"","_kad_post_content_style":"","_kad_post_vertical_padding":"","_kad_post_feature":"","_kad_post_feature_position":"","_kad_post_header":false,"_kad_post_footer":false,"_kad_post_classname":""},"product_brand":[],"product_cat":[66],"product_tag":[],"class_list":{"0":"post-4536","1":"product","2":"type-product","3":"status-publish","4":"has-post-thumbnail","6":"product_cat-volantes","8":"first","9":"instock","10":"sale","11":"taxable","12":"shipping-taxable","13":"purchasable","14":"product-type-simple","15":"entry","16":"content-bg","17":"loop-entry"},"yoast_head":"<!-- This site is optimized with the Yoast SEO plugin v27.3 - https:\/\/yoast.com\/product\/yoast-seo-wordpress\/ -->\n<title>Volante GS V2P MOZA - Namgt<\/title>\n<meta name=\"robots\" content=\"index, follow, max-snippet:-1, max-image-preview:large, max-video-preview:-1\" \/>\n<link rel=\"canonical\" href=\"https:\/\/namgt.es\/pt\/produto\/volante-gs-v2p-moza\/\" \/>\n<meta property=\"og:locale\" content=\"pt_PT\" \/>\n<meta property=\"og:type\" content=\"article\" \/>\n<meta property=\"og:title\" content=\"Volante GS V2P MOZA - Namgt\" \/>\n<meta property=\"og:description\" content=\"MOZA GS V2P GT Wheel \u2013 Volante GT de 300 mm para simracers profesionales El MOZA GS V2P es un volante estilo Gran Turismo (GT) de 300 mm de di\u00e1metro, dise\u00f1ado para ofrecer un rendimiento de nivel eSports con una construcci\u00f3n de materiales premium, controles avanzados y una est\u00e9tica inspirada en la competici\u00f3n real. Fabricado...\" \/>\n<meta property=\"og:url\" content=\"https:\/\/namgt.es\/pt\/produto\/volante-gs-v2p-moza\/\" \/>\n<meta property=\"og:site_name\" content=\"Namgt\" \/>\n<meta property=\"article:publisher\" content=\"https:\/\/www.facebook.com\/profile.php?id=61580843453305\" \/>\n<meta property=\"article:modified_time\" content=\"2026-04-19T08:43:13+00:00\" \/>\n<meta property=\"og:image\" content=\"https:\/\/namgt.es\/wp-content\/uploads\/2026\/04\/volante-moza-gs-v2p-simufy_1.png\" \/>\n\t<meta property=\"og:image:width\" content=\"1500\" \/>\n\t<meta property=\"og:image:height\" content=\"1500\" \/>\n\t<meta property=\"og:image:type\" content=\"image\/png\" \/>\n<meta name=\"twitter:card\" content=\"summary_large_image\" \/>\n<meta name=\"twitter:label1\" content=\"Tempo estimado de leitura\" \/>\n\t<meta name=\"twitter:data1\" content=\"3 minutos\" \/>\n<script type=\"application\/ld+json\" class=\"yoast-schema-graph\">{\"@context\":\"https:\\\/\\\/schema.org\",\"@graph\":[{\"@type\":\"WebPage\",\"@id\":\"https:\\\/\\\/namgt.es\\\/producto\\\/volante-gs-v2p-moza\\\/\",\"url\":\"https:\\\/\\\/namgt.es\\\/producto\\\/volante-gs-v2p-moza\\\/\",\"name\":\"Volante GS V2P MOZA - Namgt\",\"isPartOf\":{\"@id\":\"https:\\\/\\\/namgt.es\\\/#website\"},\"primaryImageOfPage\":{\"@id\":\"https:\\\/\\\/namgt.es\\\/producto\\\/volante-gs-v2p-moza\\\/#primaryimage\"},\"image\":{\"@id\":\"https:\\\/\\\/namgt.es\\\/producto\\\/volante-gs-v2p-moza\\\/#primaryimage\"},\"thumbnailUrl\":\"https:\\\/\\\/namgt.es\\\/wp-content\\\/uploads\\\/2026\\\/04\\\/volante-moza-gs-v2p-simufy_1.png\",\"datePublished\":\"2026-04-08T20:42:35+00:00\",\"dateModified\":\"2026-04-19T08:43:13+00:00\",\"breadcrumb\":{\"@id\":\"https:\\\/\\\/namgt.es\\\/producto\\\/volante-gs-v2p-moza\\\/#breadcrumb\"},\"inLanguage\":\"pt-PT\",\"potentialAction\":[{\"@type\":\"ReadAction\",\"target\":[\"https:\\\/\\\/namgt.es\\\/producto\\\/volante-gs-v2p-moza\\\/\"]}]},{\"@type\":\"ImageObject\",\"inLanguage\":\"pt-PT\",\"@id\":\"https:\\\/\\\/namgt.es\\\/producto\\\/volante-gs-v2p-moza\\\/#primaryimage\",\"url\":\"https:\\\/\\\/namgt.es\\\/wp-content\\\/uploads\\\/2026\\\/04\\\/volante-moza-gs-v2p-simufy_1.png\",\"contentUrl\":\"https:\\\/\\\/namgt.es\\\/wp-content\\\/uploads\\\/2026\\\/04\\\/volante-moza-gs-v2p-simufy_1.png\",\"width\":1500,\"height\":1500},{\"@type\":\"BreadcrumbList\",\"@id\":\"https:\\\/\\\/namgt.es\\\/producto\\\/volante-gs-v2p-moza\\\/#breadcrumb\",\"itemListElement\":[{\"@type\":\"ListItem\",\"position\":1,\"name\":\"Portada\",\"item\":\"https:\\\/\\\/namgt.es\\\/\"},{\"@type\":\"ListItem\",\"position\":2,\"name\":\"Kits de cockpits\",\"item\":\"https:\\\/\\\/namgt.es\\\/kits-de-cockpits\\\/\"},{\"@type\":\"ListItem\",\"position\":3,\"name\":\"Volante GS V2P MOZA\"}]},{\"@type\":\"WebSite\",\"@id\":\"https:\\\/\\\/namgt.es\\\/#website\",\"url\":\"https:\\\/\\\/namgt.es\\\/\",\"name\":\"Namgt\",\"description\":\"Kits de perfiles de aluminio para montar tu cockpit de simracing\",\"publisher\":{\"@id\":\"https:\\\/\\\/namgt.es\\\/#organization\"},\"potentialAction\":[{\"@type\":\"SearchAction\",\"target\":{\"@type\":\"EntryPoint\",\"urlTemplate\":\"https:\\\/\\\/namgt.es\\\/?s={search_term_string}\"},\"query-input\":{\"@type\":\"PropertyValueSpecification\",\"valueRequired\":true,\"valueName\":\"search_term_string\"}}],\"inLanguage\":\"pt-PT\"},{\"@type\":\"Organization\",\"@id\":\"https:\\\/\\\/namgt.es\\\/#organization\",\"name\":\"Namgt\",\"url\":\"https:\\\/\\\/namgt.es\\\/\",\"logo\":{\"@type\":\"ImageObject\",\"inLanguage\":\"pt-PT\",\"@id\":\"https:\\\/\\\/namgt.es\\\/#\\\/schema\\\/logo\\\/image\\\/\",\"url\":\"https:\\\/\\\/www.namgt.es\\\/wp-content\\\/uploads\\\/2025\\\/11\\\/logo-sin-fondo.png\",\"contentUrl\":\"https:\\\/\\\/www.namgt.es\\\/wp-content\\\/uploads\\\/2025\\\/11\\\/logo-sin-fondo.png\",\"width\":1024,\"height\":1024,\"caption\":\"Namgt\"},\"image\":{\"@id\":\"https:\\\/\\\/namgt.es\\\/#\\\/schema\\\/logo\\\/image\\\/\"},\"sameAs\":[\"https:\\\/\\\/www.facebook.com\\\/profile.php?id=61580843453305\"]}]}<\/script>\n<!-- \/ Yoast SEO plugin. -->","yoast_head_json":{"title":"Volante GS V2P MOZA - Namgt","robots":{"index":"index","follow":"follow","max-snippet":"max-snippet:-1","max-image-preview":"max-image-preview:large","max-video-preview":"max-video-preview:-1"},"canonical":"https:\/\/namgt.es\/pt\/produto\/volante-gs-v2p-moza\/","og_locale":"pt_PT","og_type":"article","og_title":"Volante GS V2P MOZA - Namgt","og_description":"MOZA GS V2P GT Wheel \u2013 Volante GT de 300 mm para simracers profesionales El MOZA GS V2P es un volante estilo Gran Turismo (GT) de 300 mm de di\u00e1metro, dise\u00f1ado para ofrecer un rendimiento de nivel eSports con una construcci\u00f3n de materiales premium, controles avanzados y una est\u00e9tica inspirada en la competici\u00f3n real. Fabricado...","og_url":"https:\/\/namgt.es\/pt\/produto\/volante-gs-v2p-moza\/","og_site_name":"Namgt","article_publisher":"https:\/\/www.facebook.com\/profile.php?id=61580843453305","article_modified_time":"2026-04-19T08:43:13+00:00","og_image":[{"width":1500,"height":1500,"url":"https:\/\/namgt.es\/wp-content\/uploads\/2026\/04\/volante-moza-gs-v2p-simufy_1.png","type":"image\/png"}],"twitter_card":"summary_large_image","twitter_misc":{"Tempo estimado de leitura":"3 minutos"},"schema":{"@context":"https:\/\/schema.org","@graph":[{"@type":"WebPage","@id":"https:\/\/namgt.es\/producto\/volante-gs-v2p-moza\/","url":"https:\/\/namgt.es\/producto\/volante-gs-v2p-moza\/","name":"Volante GS V2P MOZA - Namgt","isPartOf":{"@id":"https:\/\/namgt.es\/#website"},"primaryImageOfPage":{"@id":"https:\/\/namgt.es\/producto\/volante-gs-v2p-moza\/#primaryimage"},"image":{"@id":"https:\/\/namgt.es\/producto\/volante-gs-v2p-moza\/#primaryimage"},"thumbnailUrl":"https:\/\/namgt.es\/wp-content\/uploads\/2026\/04\/volante-moza-gs-v2p-simufy_1.png","datePublished":"2026-04-08T20:42:35+00:00","dateModified":"2026-04-19T08:43:13+00:00","breadcrumb":{"@id":"https:\/\/namgt.es\/producto\/volante-gs-v2p-moza\/#breadcrumb"},"inLanguage":"pt-PT","potentialAction":[{"@type":"ReadAction","target":["https:\/\/namgt.es\/producto\/volante-gs-v2p-moza\/"]}]},{"@type":"ImageObject","inLanguage":"pt-PT","@id":"https:\/\/namgt.es\/producto\/volante-gs-v2p-moza\/#primaryimage","url":"https:\/\/namgt.es\/wp-content\/uploads\/2026\/04\/volante-moza-gs-v2p-simufy_1.png","contentUrl":"https:\/\/namgt.es\/wp-content\/uploads\/2026\/04\/volante-moza-gs-v2p-simufy_1.png","width":1500,"height":1500},{"@type":"BreadcrumbList","@id":"https:\/\/namgt.es\/producto\/volante-gs-v2p-moza\/#breadcrumb","itemListElement":[{"@type":"ListItem","position":1,"name":"Portada","item":"https:\/\/namgt.es\/"},{"@type":"ListItem","position":2,"name":"Kits de cockpits","item":"https:\/\/namgt.es\/kits-de-cockpits\/"},{"@type":"ListItem","position":3,"name":"Volante GS V2P MOZA"}]},{"@type":"WebSite","@id":"https:\/\/namgt.es\/#website","url":"https:\/\/namgt.es\/","name":"Namgt","description":"Kits de perfis de alum\u00ednio para montar o seu cockpit de simracing","publisher":{"@id":"https:\/\/namgt.es\/#organization"},"potentialAction":[{"@type":"SearchAction","target":{"@type":"EntryPoint","urlTemplate":"https:\/\/namgt.es\/?s={search_term_string}"},"query-input":{"@type":"PropertyValueSpecification","valueRequired":true,"valueName":"search_term_string"}}],"inLanguage":"pt-PT"},{"@type":"Organization","@id":"https:\/\/namgt.es\/#organization","name":"Namgt","url":"https:\/\/namgt.es\/","logo":{"@type":"ImageObject","inLanguage":"pt-PT","@id":"https:\/\/namgt.es\/#\/schema\/logo\/image\/","url":"https:\/\/www.namgt.es\/wp-content\/uploads\/2025\/11\/logo-sin-fondo.png","contentUrl":"https:\/\/www.namgt.es\/wp-content\/uploads\/2025\/11\/logo-sin-fondo.png","width":1024,"height":1024,"caption":"Namgt"},"image":{"@id":"https:\/\/namgt.es\/#\/schema\/logo\/image\/"},"sameAs":["https:\/\/www.facebook.com\/profile.php?id=61580843453305"]}]}},"taxonomy_info":{"product_cat":[{"value":66,"label":"Volantes"}]},"featured_image_src_large":["https:\/\/namgt.es\/wp-content\/uploads\/2026\/04\/volante-moza-gs-v2p-simufy_1-1024x1024.png",1024,1024,true],"author_info":[],"comment_info":0,"jetpack_sharing_enabled":true,"_links":{"self":[{"href":"https:\/\/namgt.es\/pt\/wp-json\/wp\/v2\/product\/4536","targetHints":{"allow":["GET"]}}],"collection":[{"href":"https:\/\/namgt.es\/pt\/wp-json\/wp\/v2\/product"}],"about":[{"href":"https:\/\/namgt.es\/pt\/wp-json\/wp\/v2\/types\/product"}],"replies":[{"embeddable":true,"href":"https:\/\/namgt.es\/pt\/wp-json\/wp\/v2\/comments?post=4536"}],"wp:featuredmedia":[{"embeddable":true,"href":"https:\/\/namgt.es\/pt\/wp-json\/wp\/v2\/media\/6174"}],"wp:attachment":[{"href":"https:\/\/namgt.es\/pt\/wp-json\/wp\/v2\/media?parent=4536"}],"wp:term":[{"taxonomy":"product_brand","embeddable":true,"href":"https:\/\/namgt.es\/pt\/wp-json\/wp\/v2\/product_brand?post=4536"},{"taxonomy":"product_cat","embeddable":true,"href":"https:\/\/namgt.es\/pt\/wp-json\/wp\/v2\/product_cat?post=4536"},{"taxonomy":"product_tag","embeddable":true,"href":"https:\/\/namgt.es\/pt\/wp-json\/wp\/v2\/product_tag?post=4536"}],"curies":[{"name":"wp","href":"https:\/\/api.w.org\/{rel}","templated":true}]}}