{"id":3426,"date":"2025-10-28T00:47:23","date_gmt":"2025-10-27T23:47:23","guid":{"rendered":"https:\/\/www.namgt.es\/?post_type=product&#038;p=3426"},"modified":"2025-12-03T18:22:36","modified_gmt":"2025-12-03T17:22:36","slug":"rieles-universales-barra","status":"publish","type":"product","link":"https:\/\/namgt.es\/pt\/producto\/rieles-universales-barra\/","title":{"rendered":"Calhas universais tipo barra"},"content":{"rendered":"<p class=\"p1\"><span class=\"s1\">Mejora la ergonom\u00eda de tu simulador con este kit de <\/span><strong><span class=\"s2\">Calhas universais tipo barra<\/span><\/strong><span class=\"s1\">. A diferencia de las gu\u00edas est\u00e1ndar, este modelo incluye un <\/span><span class=\"s2\">asa de ajuste central<\/span><span class=\"s1\"> (tipo barra) que permite desbloquear el asiento de forma mucho m\u00e1s c\u00f3moda y r\u00e1pida, igual que en los coches de competici\u00f3n.<\/span><\/p>\n<p class=\"p1\"><span class=\"s1\">Los Rieles universales tipo barra son ideales para compartir el cockpit con amigos o familiares de diferentes alturas, permitiendo deslizar el asiento en segundos.<\/span><\/p>\n<p class=\"p1\"><strong><span class=\"s2\">Contenido del paquete:<\/span><\/strong><\/p>\n<p class=\"p2\"><span class=\"s1\">\u2022 1 Barra de ajuste (asa tirador).<\/span><\/p>\n<p class=\"p3\"><span class=\"s1\">\u2022 2 Rieles correderos de alta resistencia.<\/span><\/p>\n<p class=\"p3\"><span class=\"s1\">\u2022 4 Tornillos de fijaci\u00f3n.<\/span><\/p>\n<p class=\"p3\"><span class=\"s1\">\u2022 4 Tuercas de seguridad.<\/span><\/p>\n<p class=\"p1\"><strong><span class=\"s2\">Medidas:<\/span><\/strong><\/p>\n<p class=\"p2\"><span class=\"s1\">\u2022 <\/span><span class=\"s2\">Longitud:<\/span><span class=\"s1\"> 36 cm (algo m\u00e1s largos que el modelo est\u00e1ndar para mayor recorrido).<\/span><\/p>\n<p class=\"p3\"><span class=\"s1\">\u2022 <\/span><span class=\"s2\">Ancho:<\/span><span class=\"s1\"> 3.5 cm.<\/span><\/p>\n<p class=\"p1\"><strong><span class=\"s2\">Compatibilidade:<\/span><\/strong><\/p>\n<p class=\"p4\"><span class=\"s1\">Este sistema es compatible con la mayor\u00eda de asientos del mercado y se fija f\u00e1cilmente a la perfiler\u00eda de nuestros <\/span><a href=\"https:\/\/namgt.es\/kits-de-cockpits\/\"><span class=\"s2\">cockpits de simula\u00e7\u00e3o.<\/span><span class=\"s1\">.<\/span><\/a><\/p>","protected":false},"excerpt":{"rendered":"<div class=\"translate-tooltip-mtz hidden\">\n<div class=\"header\">\n<p><strong>100% NOVO, NUNCA FOI UTILIZADO OU INSTALADO<\/strong><\/p>\n<p>POR FAVOR, CONSULTE A DISPONIBILIDADE ANTES DE FAZER A ENCOMENDA<\/p>\n<\/div>\n<\/div>","protected":false},"featured_media":3495,"comment_status":"open","ping_status":"closed","template":"","meta":{"_kad_blocks_custom_css":"","_kad_blocks_head_custom_js":"","_kad_blocks_body_custom_js":"","_kad_blocks_footer_custom_js":"","_kadence_starter_templates_imported_post":false,"_kad_post_transparent":"default","_kad_post_title":"","_kad_post_layout":"default","_kad_post_sidebar_id":"","_kad_post_content_style":"default","_kad_post_vertical_padding":"default","_kad_post_feature":"","_kad_post_feature_position":"","_kad_post_header":false,"_kad_post_footer":false,"_kad_post_classname":""},"product_brand":[],"product_cat":[30],"product_tag":[],"class_list":{"0":"post-3426","1":"product","2":"type-product","3":"status-publish","4":"has-post-thumbnail","6":"product_cat-asientos","7":"product_shipping_class-accesorios-pequenos","9":"first","10":"outofstock","11":"taxable","12":"shipping-taxable","13":"purchasable","14":"product-type-simple","15":"entry","16":"content-bg","17":"loop-entry"},"supplier_id":null,"supplier_sku":"","barcode":null,"atum_controlled":true,"out_stock_date":null,"out_stock_threshold":null,"inheritable":false,"inbound_stock":0,"stock_on_hold":0,"sold_today":0,"sales_last_days":0,"reserved_stock":0,"customer_returns":0,"warehouse_damage":0,"lost_in_post":0,"other_logs":0,"out_stock_days":0,"lost_sales":0,"has_location":false,"update_date":"2026-05-10T00:06:47","atum_locations":[],"atum_stock_status":"outofstock","restock_status":false,"low_stock_amount":"","sales_update_date":"2026-05-10T00:06:47","calc_backorders":null,"linked_bom":[],"sync_purchase_price":false,"bom_sellable":null,"minimum_threshold":null,"available_to_purchase":null,"selling_priority":null,"calculated_stock":null,"is_bom":false,"yoast_head":"<!-- This site is optimized with the Yoast SEO plugin v27.5 - https:\/\/yoast.com\/product\/yoast-seo-wordpress\/ -->\n<title>Rieles universales tipo barra - Namgt<\/title>\n<meta name=\"description\" content=\"Ajusta tu asiento como un profesional con estos Rieles universales tipo barra. Sistema de asa ancha para un desbloqueo r\u00e1pido y c\u00f3modo.\" \/>\n<meta name=\"robots\" content=\"index, follow, max-snippet:-1, max-image-preview:large, max-video-preview:-1\" \/>\n<link rel=\"canonical\" href=\"https:\/\/namgt.es\/pt\/produto\/rieles-universales-barra\/\" \/>\n<meta property=\"og:locale\" content=\"pt_PT\" \/>\n<meta property=\"og:type\" content=\"article\" \/>\n<meta property=\"og:title\" content=\"Rieles universales tipo barra - Namgt\" \/>\n<meta property=\"og:description\" content=\"Ajusta tu asiento como un profesional con estos Rieles universales tipo barra. Sistema de asa ancha para un desbloqueo r\u00e1pido y c\u00f3modo.\" \/>\n<meta property=\"og:url\" content=\"https:\/\/namgt.es\/pt\/produto\/rieles-universales-barra\/\" \/>\n<meta property=\"og:site_name\" content=\"Namgt\" \/>\n<meta property=\"article:publisher\" content=\"https:\/\/www.facebook.com\/profile.php?id=61580843453305\" \/>\n<meta property=\"article:modified_time\" content=\"2025-12-03T17:22:36+00:00\" \/>\n<meta property=\"og:image\" content=\"https:\/\/namgt.es\/wp-content\/uploads\/2025\/10\/Gemini_Generated_Image_69i2yz69i2yz69i2-1024x572.png\" \/>\n\t<meta property=\"og:image:width\" content=\"1024\" \/>\n\t<meta property=\"og:image:height\" content=\"572\" \/>\n\t<meta property=\"og:image:type\" content=\"image\/png\" \/>\n<meta name=\"twitter:card\" content=\"summary_large_image\" \/>\n<meta name=\"twitter:label1\" content=\"Tempo estimado de leitura\" \/>\n\t<meta name=\"twitter:data1\" content=\"1 minuto\" \/>\n<script type=\"application\/ld+json\" class=\"yoast-schema-graph\">{\"@context\":\"https:\\\/\\\/schema.org\",\"@graph\":[{\"@type\":\"WebPage\",\"@id\":\"https:\\\/\\\/namgt.es\\\/producto\\\/rieles-universales-barra\\\/\",\"url\":\"https:\\\/\\\/namgt.es\\\/producto\\\/rieles-universales-barra\\\/\",\"name\":\"Rieles universales tipo barra - Namgt\",\"isPartOf\":{\"@id\":\"https:\\\/\\\/namgt.es\\\/#website\"},\"primaryImageOfPage\":{\"@id\":\"https:\\\/\\\/namgt.es\\\/producto\\\/rieles-universales-barra\\\/#primaryimage\"},\"image\":{\"@id\":\"https:\\\/\\\/namgt.es\\\/producto\\\/rieles-universales-barra\\\/#primaryimage\"},\"thumbnailUrl\":\"https:\\\/\\\/namgt.es\\\/wp-content\\\/uploads\\\/2025\\\/10\\\/Gemini_Generated_Image_69i2yz69i2yz69i2-scaled.png\",\"datePublished\":\"2025-10-27T23:47:23+00:00\",\"dateModified\":\"2025-12-03T17:22:36+00:00\",\"description\":\"Ajusta tu asiento como un profesional con estos Rieles universales tipo barra. Sistema de asa ancha para un desbloqueo r\u00e1pido y c\u00f3modo.\",\"breadcrumb\":{\"@id\":\"https:\\\/\\\/namgt.es\\\/producto\\\/rieles-universales-barra\\\/#breadcrumb\"},\"inLanguage\":\"pt-PT\",\"potentialAction\":[{\"@type\":\"ReadAction\",\"target\":[\"https:\\\/\\\/namgt.es\\\/producto\\\/rieles-universales-barra\\\/\"]}]},{\"@type\":\"ImageObject\",\"inLanguage\":\"pt-PT\",\"@id\":\"https:\\\/\\\/namgt.es\\\/producto\\\/rieles-universales-barra\\\/#primaryimage\",\"url\":\"https:\\\/\\\/namgt.es\\\/wp-content\\\/uploads\\\/2025\\\/10\\\/Gemini_Generated_Image_69i2yz69i2yz69i2-scaled.png\",\"contentUrl\":\"https:\\\/\\\/namgt.es\\\/wp-content\\\/uploads\\\/2025\\\/10\\\/Gemini_Generated_Image_69i2yz69i2yz69i2-scaled.png\",\"width\":2560,\"height\":1429},{\"@type\":\"BreadcrumbList\",\"@id\":\"https:\\\/\\\/namgt.es\\\/producto\\\/rieles-universales-barra\\\/#breadcrumb\",\"itemListElement\":[{\"@type\":\"ListItem\",\"position\":1,\"name\":\"Portada\",\"item\":\"https:\\\/\\\/namgt.es\\\/\"},{\"@type\":\"ListItem\",\"position\":2,\"name\":\"Kits de cockpits\",\"item\":\"https:\\\/\\\/namgt.es\\\/kits-de-cockpits\\\/\"},{\"@type\":\"ListItem\",\"position\":3,\"name\":\"Rieles universales tipo barra\"}]},{\"@type\":\"WebSite\",\"@id\":\"https:\\\/\\\/namgt.es\\\/#website\",\"url\":\"https:\\\/\\\/namgt.es\\\/\",\"name\":\"Namgt\",\"description\":\"Kits de perfiles de aluminio para montar tu cockpit de simracing\",\"publisher\":{\"@id\":\"https:\\\/\\\/namgt.es\\\/#organization\"},\"potentialAction\":[{\"@type\":\"SearchAction\",\"target\":{\"@type\":\"EntryPoint\",\"urlTemplate\":\"https:\\\/\\\/namgt.es\\\/?s={search_term_string}\"},\"query-input\":{\"@type\":\"PropertyValueSpecification\",\"valueRequired\":true,\"valueName\":\"search_term_string\"}}],\"inLanguage\":\"pt-PT\"},{\"@type\":\"Organization\",\"@id\":\"https:\\\/\\\/namgt.es\\\/#organization\",\"name\":\"Namgt\",\"url\":\"https:\\\/\\\/namgt.es\\\/\",\"logo\":{\"@type\":\"ImageObject\",\"inLanguage\":\"pt-PT\",\"@id\":\"https:\\\/\\\/namgt.es\\\/#\\\/schema\\\/logo\\\/image\\\/\",\"url\":\"https:\\\/\\\/www.namgt.es\\\/wp-content\\\/uploads\\\/2025\\\/11\\\/logo-sin-fondo.png\",\"contentUrl\":\"https:\\\/\\\/www.namgt.es\\\/wp-content\\\/uploads\\\/2025\\\/11\\\/logo-sin-fondo.png\",\"width\":1024,\"height\":1024,\"caption\":\"Namgt\"},\"image\":{\"@id\":\"https:\\\/\\\/namgt.es\\\/#\\\/schema\\\/logo\\\/image\\\/\"},\"sameAs\":[\"https:\\\/\\\/www.facebook.com\\\/profile.php?id=61580843453305\"]}]}<\/script>\n<!-- \/ Yoast SEO plugin. -->","yoast_head_json":{"title":"Rieles universales tipo barra - Namgt","description":"Ajusta tu asiento como un profesional con estos Rieles universales tipo barra. Sistema de asa ancha para un desbloqueo r\u00e1pido y c\u00f3modo.","robots":{"index":"index","follow":"follow","max-snippet":"max-snippet:-1","max-image-preview":"max-image-preview:large","max-video-preview":"max-video-preview:-1"},"canonical":"https:\/\/namgt.es\/pt\/produto\/rieles-universales-barra\/","og_locale":"pt_PT","og_type":"article","og_title":"Rieles universales tipo barra - Namgt","og_description":"Ajusta tu asiento como un profesional con estos Rieles universales tipo barra. Sistema de asa ancha para un desbloqueo r\u00e1pido y c\u00f3modo.","og_url":"https:\/\/namgt.es\/pt\/produto\/rieles-universales-barra\/","og_site_name":"Namgt","article_publisher":"https:\/\/www.facebook.com\/profile.php?id=61580843453305","article_modified_time":"2025-12-03T17:22:36+00:00","og_image":[{"width":1024,"height":572,"url":"https:\/\/namgt.es\/wp-content\/uploads\/2025\/10\/Gemini_Generated_Image_69i2yz69i2yz69i2-1024x572.png","type":"image\/png"}],"twitter_card":"summary_large_image","twitter_misc":{"Tempo estimado de leitura":"1 minuto"},"schema":{"@context":"https:\/\/schema.org","@graph":[{"@type":"WebPage","@id":"https:\/\/namgt.es\/producto\/rieles-universales-barra\/","url":"https:\/\/namgt.es\/producto\/rieles-universales-barra\/","name":"Rieles universales tipo barra - Namgt","isPartOf":{"@id":"https:\/\/namgt.es\/#website"},"primaryImageOfPage":{"@id":"https:\/\/namgt.es\/producto\/rieles-universales-barra\/#primaryimage"},"image":{"@id":"https:\/\/namgt.es\/producto\/rieles-universales-barra\/#primaryimage"},"thumbnailUrl":"https:\/\/namgt.es\/wp-content\/uploads\/2025\/10\/Gemini_Generated_Image_69i2yz69i2yz69i2-scaled.png","datePublished":"2025-10-27T23:47:23+00:00","dateModified":"2025-12-03T17:22:36+00:00","description":"Ajusta tu asiento como un profesional con estos Rieles universales tipo barra. Sistema de asa ancha para un desbloqueo r\u00e1pido y c\u00f3modo.","breadcrumb":{"@id":"https:\/\/namgt.es\/producto\/rieles-universales-barra\/#breadcrumb"},"inLanguage":"pt-PT","potentialAction":[{"@type":"ReadAction","target":["https:\/\/namgt.es\/producto\/rieles-universales-barra\/"]}]},{"@type":"ImageObject","inLanguage":"pt-PT","@id":"https:\/\/namgt.es\/producto\/rieles-universales-barra\/#primaryimage","url":"https:\/\/namgt.es\/wp-content\/uploads\/2025\/10\/Gemini_Generated_Image_69i2yz69i2yz69i2-scaled.png","contentUrl":"https:\/\/namgt.es\/wp-content\/uploads\/2025\/10\/Gemini_Generated_Image_69i2yz69i2yz69i2-scaled.png","width":2560,"height":1429},{"@type":"BreadcrumbList","@id":"https:\/\/namgt.es\/producto\/rieles-universales-barra\/#breadcrumb","itemListElement":[{"@type":"ListItem","position":1,"name":"Portada","item":"https:\/\/namgt.es\/"},{"@type":"ListItem","position":2,"name":"Kits de cockpits","item":"https:\/\/namgt.es\/kits-de-cockpits\/"},{"@type":"ListItem","position":3,"name":"Rieles universales tipo barra"}]},{"@type":"WebSite","@id":"https:\/\/namgt.es\/#website","url":"https:\/\/namgt.es\/","name":"Namgt","description":"Kits de perfis de alum\u00ednio para montar o seu cockpit de simracing","publisher":{"@id":"https:\/\/namgt.es\/#organization"},"potentialAction":[{"@type":"SearchAction","target":{"@type":"EntryPoint","urlTemplate":"https:\/\/namgt.es\/?s={search_term_string}"},"query-input":{"@type":"PropertyValueSpecification","valueRequired":true,"valueName":"search_term_string"}}],"inLanguage":"pt-PT"},{"@type":"Organization","@id":"https:\/\/namgt.es\/#organization","name":"Namgt","url":"https:\/\/namgt.es\/","logo":{"@type":"ImageObject","inLanguage":"pt-PT","@id":"https:\/\/namgt.es\/#\/schema\/logo\/image\/","url":"https:\/\/www.namgt.es\/wp-content\/uploads\/2025\/11\/logo-sin-fondo.png","contentUrl":"https:\/\/www.namgt.es\/wp-content\/uploads\/2025\/11\/logo-sin-fondo.png","width":1024,"height":1024,"caption":"Namgt"},"image":{"@id":"https:\/\/namgt.es\/#\/schema\/logo\/image\/"},"sameAs":["https:\/\/www.facebook.com\/profile.php?id=61580843453305"]}]}},"taxonomy_info":{"product_cat":[{"value":30,"label":"Asientos"}]},"featured_image_src_large":["https:\/\/namgt.es\/wp-content\/uploads\/2025\/10\/Gemini_Generated_Image_69i2yz69i2yz69i2-1024x572.png",1024,572,true],"author_info":[],"comment_info":0,"jetpack_sharing_enabled":true,"_links":{"self":[{"href":"https:\/\/namgt.es\/pt\/wp-json\/wp\/v2\/product\/3426","targetHints":{"allow":["GET"]}}],"collection":[{"href":"https:\/\/namgt.es\/pt\/wp-json\/wp\/v2\/product"}],"about":[{"href":"https:\/\/namgt.es\/pt\/wp-json\/wp\/v2\/types\/product"}],"replies":[{"embeddable":true,"href":"https:\/\/namgt.es\/pt\/wp-json\/wp\/v2\/comments?post=3426"}],"wp:featuredmedia":[{"embeddable":true,"href":"https:\/\/namgt.es\/pt\/wp-json\/wp\/v2\/media\/3495"}],"wp:attachment":[{"href":"https:\/\/namgt.es\/pt\/wp-json\/wp\/v2\/media?parent=3426"}],"wp:term":[{"taxonomy":"product_brand","embeddable":true,"href":"https:\/\/namgt.es\/pt\/wp-json\/wp\/v2\/product_brand?post=3426"},{"taxonomy":"product_cat","embeddable":true,"href":"https:\/\/namgt.es\/pt\/wp-json\/wp\/v2\/product_cat?post=3426"},{"taxonomy":"product_tag","embeddable":true,"href":"https:\/\/namgt.es\/pt\/wp-json\/wp\/v2\/product_tag?post=3426"}],"curies":[{"name":"wp","href":"https:\/\/api.w.org\/{rel}","templated":true}]}}