{"id":3416,"date":"2025-10-28T00:36:50","date_gmt":"2025-10-27T23:36:50","guid":{"rendered":"https:\/\/www.namgt.es\/?post_type=product&#038;p=3416"},"modified":"2025-12-02T17:06:54","modified_gmt":"2025-12-02T16:06:54","slug":"semibaquet-reclinable-m-n190-tela-negra-costura-roja","status":"publish","type":"product","link":"https:\/\/namgt.es\/pt\/producto\/semibaquet-reclinable-m-n190-tela-negra-costura-roja\/","title":{"rendered":"Semibaquet reclin\u00e1vel M-N190 em tecido preto com costura vermelha"},"content":{"rendered":"<div class=\"translate-tooltip-mtz hidden\">\n<div class=\"header\">\n<div id=\"product-description-short-8007\">\n<p class=\"p1\"><span class=\"s1\">Melhora o conforto e a est\u00e9tica do teu simulador com o <\/span><span class=\"s2\">semibaquet reclinable <\/span><span class=\"s1\">\u00a0M-N100, <strong>acabado em <\/strong><\/span><strong><span class=\"s2\">tela negra con costuras Rojas, transpirable<\/span><span class=\"s1\"> de alta qualidade.<\/span><\/strong><\/p>\n<p class=\"p1\"><span class=\"s1\">Ao contr\u00e1rio dos assentos em pele sint\u00e9tica, este modelo em tecido oferece uma melhor ventila\u00e7\u00e3o, ideal para longas sess\u00f5es de jogo ou para competir em \u00e9pocas de calor sem suar. Dispon\u00edvel em acabamento preto total ou combinado com vermelho.<\/span><\/p>\n<p class=\"p1\"><strong><span class=\"s2\">Caracter\u00edsticas principais:<\/span><\/strong><\/p>\n<p class=\"p2\"><strong><span class=\"s1\">\u2022 <\/span><span class=\"s2\">Conforto e Ader\u00eancia:<\/span><\/strong><span class=\"s1\"> O seu design desportivo com \u00ababas laterais\u00bb pronunciadas garante um excelente suporte do corpo nas curvas, proporcionando maior realismo \u00e0 condu\u00e7\u00e3o.<\/span><\/p>\n<p class=\"p3\"><strong><span class=\"s1\">\u2022 <\/span><span class=\"s2\">Pronto a instalar:<\/span><\/strong><span class=\"s1\"> El semibaquet reclinable se entrega con <\/span><span class=\"s2\">calhas deslizantes,<\/span><span class=\"s1\"> permitindo ajustar a dist\u00e2ncia ao volante facilmente.<\/span><\/p>\n<p class=\"p3\"><strong><span class=\"s1\">\u2022 <\/span><span class=\"s2\">Estrutura s\u00f3lida:<\/span><\/strong><span class=\"s1\"> Encosto reclin\u00e1vel com mecanismo firme para ajustares a tua postura ideal.<\/span><\/p>\n<p class=\"p1\"><strong><span class=\"s2\">Compatibilidade:<\/span><\/strong><\/p>\n<p class=\"p4\"><span class=\"s1\">Este assento \u00e9 universal e adapta-se perfeitamente aos nossos <\/span><a href=\"https:\/\/namgt.es\/kits-de-cockpits\/\"><span class=\"s2\">cockpits de simula\u00e7\u00e3o.<\/span><span class=\"s1\">. <\/span><\/a><\/p>\n<p class=\"p1\"><strong><span class=\"s1\">\u26a0\ufe0f <\/span><span class=\"s2\">NOTA IMPORTANTE:<\/span><\/strong><span class=\"s1\"> Por favor, <\/span><span class=\"s2\">consulte a disponibilidade<\/span><span class=\"s1\"> connosco antes de realizar a encomenda para confirmar o stock atual.<\/span><\/p>\n<\/div>\n<\/div>\n<\/div>","protected":false},"excerpt":{"rendered":"<div class=\"translate-tooltip-mtz hidden\">\n<div class=\"header\">\n<p><strong>100% NOVO, NUNCA FOI UTILIZADO OU INSTALADO<\/strong><\/p>\n<p>&nbsp;<\/p>\n<p>Pode ser vendido \u00e0 unidade ou ao par. Produto com calhas inclu\u00eddas e excelente suporte.<\/p>\n<p>Design desportivo e jovem, utilizado em videojogos e no carro (requer calhas espec\u00edficas para uso autom\u00f3vel).<\/p>\n<p>Estrutura fixa e ader\u00eancia forte, garante mais realismo \u00e0 experi\u00eancia de jogo, compat\u00edvel com a tua consola favorita.<\/p>\n<p>POR FAVOR, CONSULTE A DISPONIBILIDADE ANTES DE FAZER A ENCOMENDA<\/p>\n<\/div>\n<\/div>","protected":false},"featured_media":3636,"comment_status":"open","ping_status":"closed","template":"","meta":{"_kad_blocks_custom_css":"","_kad_blocks_head_custom_js":"","_kad_blocks_body_custom_js":"","_kad_blocks_footer_custom_js":"","_kadence_starter_templates_imported_post":false,"_kad_post_transparent":"default","_kad_post_title":"","_kad_post_layout":"default","_kad_post_sidebar_id":"","_kad_post_content_style":"default","_kad_post_vertical_padding":"default","_kad_post_feature":"","_kad_post_feature_position":"","_kad_post_header":false,"_kad_post_footer":false,"_kad_post_classname":""},"product_brand":[],"product_cat":[30],"product_tag":[],"class_list":{"0":"post-3416","1":"product","2":"type-product","3":"status-publish","4":"has-post-thumbnail","6":"product_cat-asientos","7":"product_shipping_class-accesorios","9":"first","10":"outofstock","11":"taxable","12":"shipping-taxable","13":"purchasable","14":"product-type-simple","15":"entry","16":"content-bg","17":"loop-entry"},"supplier_id":null,"supplier_sku":"","barcode":null,"atum_controlled":true,"out_stock_date":null,"out_stock_threshold":null,"inheritable":false,"inbound_stock":0,"stock_on_hold":0,"sold_today":0,"sales_last_days":0,"reserved_stock":0,"customer_returns":0,"warehouse_damage":0,"lost_in_post":0,"other_logs":0,"out_stock_days":0,"lost_sales":0,"has_location":false,"update_date":"2026-05-10T00:06:47","atum_locations":[],"atum_stock_status":"outofstock","restock_status":false,"low_stock_amount":"","sales_update_date":"2026-05-10T00:06:47","calc_backorders":null,"linked_bom":[],"sync_purchase_price":false,"bom_sellable":null,"minimum_threshold":null,"available_to_purchase":null,"selling_priority":null,"calculated_stock":null,"is_bom":false,"yoast_head":"<!-- This site is optimized with the Yoast SEO plugin v27.5 - https:\/\/yoast.com\/product\/yoast-seo-wordpress\/ -->\n<title>Semibaquet reclinable M-N190 en tela negra con costura roja - Namgt<\/title>\n<meta name=\"description\" content=\"Potencia la est\u00e9tica racing de tu simulador con este semibaquet reclinable deportivo negro con costuras rojas. Reclinable, c\u00f3modo y con guias correderas.\" \/>\n<meta name=\"robots\" content=\"index, follow, max-snippet:-1, max-image-preview:large, max-video-preview:-1\" \/>\n<link rel=\"canonical\" href=\"https:\/\/namgt.es\/pt\/produto\/semibaquet-reclinable-m-n190-tela-negra-costura-roja\/\" \/>\n<meta property=\"og:locale\" content=\"pt_PT\" \/>\n<meta property=\"og:type\" content=\"article\" \/>\n<meta property=\"og:title\" content=\"Semibaquet reclinable M-N190 en tela negra con costura roja - Namgt\" \/>\n<meta property=\"og:description\" content=\"Potencia la est\u00e9tica racing de tu simulador con este semibaquet reclinable deportivo negro con costuras rojas. Reclinable, c\u00f3modo y con guias correderas.\" \/>\n<meta property=\"og:url\" content=\"https:\/\/namgt.es\/pt\/produto\/semibaquet-reclinable-m-n190-tela-negra-costura-roja\/\" \/>\n<meta property=\"og:site_name\" content=\"Namgt\" \/>\n<meta property=\"article:publisher\" content=\"https:\/\/www.facebook.com\/profile.php?id=61580843453305\" \/>\n<meta property=\"article:modified_time\" content=\"2025-12-02T16:06:54+00:00\" \/>\n<meta property=\"og:image\" content=\"https:\/\/namgt.es\/wp-content\/uploads\/2025\/10\/f6342cd2-bffd-4b47-b009-74328a73bd99-2-1024x1024.png\" \/>\n\t<meta property=\"og:image:width\" content=\"1024\" \/>\n\t<meta property=\"og:image:height\" content=\"1024\" \/>\n\t<meta property=\"og:image:type\" content=\"image\/png\" \/>\n<meta name=\"twitter:card\" content=\"summary_large_image\" \/>\n<meta name=\"twitter:label1\" content=\"Tempo estimado de leitura\" \/>\n\t<meta name=\"twitter:data1\" content=\"1 minuto\" \/>\n<script type=\"application\/ld+json\" class=\"yoast-schema-graph\">{\"@context\":\"https:\\\/\\\/schema.org\",\"@graph\":[{\"@type\":\"WebPage\",\"@id\":\"https:\\\/\\\/namgt.es\\\/producto\\\/semibaquet-reclinable-m-n190-tela-negra-costura-roja\\\/\",\"url\":\"https:\\\/\\\/namgt.es\\\/producto\\\/semibaquet-reclinable-m-n190-tela-negra-costura-roja\\\/\",\"name\":\"Semibaquet reclinable M-N190 en tela negra con costura roja - Namgt\",\"isPartOf\":{\"@id\":\"https:\\\/\\\/namgt.es\\\/#website\"},\"primaryImageOfPage\":{\"@id\":\"https:\\\/\\\/namgt.es\\\/producto\\\/semibaquet-reclinable-m-n190-tela-negra-costura-roja\\\/#primaryimage\"},\"image\":{\"@id\":\"https:\\\/\\\/namgt.es\\\/producto\\\/semibaquet-reclinable-m-n190-tela-negra-costura-roja\\\/#primaryimage\"},\"thumbnailUrl\":\"https:\\\/\\\/namgt.es\\\/wp-content\\\/uploads\\\/2025\\\/10\\\/f6342cd2-bffd-4b47-b009-74328a73bd99-2.png\",\"datePublished\":\"2025-10-27T23:36:50+00:00\",\"dateModified\":\"2025-12-02T16:06:54+00:00\",\"description\":\"Potencia la est\u00e9tica racing de tu simulador con este semibaquet reclinable deportivo negro con costuras rojas. Reclinable, c\u00f3modo y con guias correderas.\",\"breadcrumb\":{\"@id\":\"https:\\\/\\\/namgt.es\\\/producto\\\/semibaquet-reclinable-m-n190-tela-negra-costura-roja\\\/#breadcrumb\"},\"inLanguage\":\"pt-PT\",\"potentialAction\":[{\"@type\":\"ReadAction\",\"target\":[\"https:\\\/\\\/namgt.es\\\/producto\\\/semibaquet-reclinable-m-n190-tela-negra-costura-roja\\\/\"]}]},{\"@type\":\"ImageObject\",\"inLanguage\":\"pt-PT\",\"@id\":\"https:\\\/\\\/namgt.es\\\/producto\\\/semibaquet-reclinable-m-n190-tela-negra-costura-roja\\\/#primaryimage\",\"url\":\"https:\\\/\\\/namgt.es\\\/wp-content\\\/uploads\\\/2025\\\/10\\\/f6342cd2-bffd-4b47-b009-74328a73bd99-2.png\",\"contentUrl\":\"https:\\\/\\\/namgt.es\\\/wp-content\\\/uploads\\\/2025\\\/10\\\/f6342cd2-bffd-4b47-b009-74328a73bd99-2.png\",\"width\":2160,\"height\":2160},{\"@type\":\"BreadcrumbList\",\"@id\":\"https:\\\/\\\/namgt.es\\\/producto\\\/semibaquet-reclinable-m-n190-tela-negra-costura-roja\\\/#breadcrumb\",\"itemListElement\":[{\"@type\":\"ListItem\",\"position\":1,\"name\":\"Portada\",\"item\":\"https:\\\/\\\/namgt.es\\\/\"},{\"@type\":\"ListItem\",\"position\":2,\"name\":\"Kits de cockpits\",\"item\":\"https:\\\/\\\/namgt.es\\\/kits-de-cockpits\\\/\"},{\"@type\":\"ListItem\",\"position\":3,\"name\":\"Semibaquet reclinable M-N190 en tela negra con costura roja\"}]},{\"@type\":\"WebSite\",\"@id\":\"https:\\\/\\\/namgt.es\\\/#website\",\"url\":\"https:\\\/\\\/namgt.es\\\/\",\"name\":\"Namgt\",\"description\":\"Kits de perfiles de aluminio para montar tu cockpit de simracing\",\"publisher\":{\"@id\":\"https:\\\/\\\/namgt.es\\\/#organization\"},\"potentialAction\":[{\"@type\":\"SearchAction\",\"target\":{\"@type\":\"EntryPoint\",\"urlTemplate\":\"https:\\\/\\\/namgt.es\\\/?s={search_term_string}\"},\"query-input\":{\"@type\":\"PropertyValueSpecification\",\"valueRequired\":true,\"valueName\":\"search_term_string\"}}],\"inLanguage\":\"pt-PT\"},{\"@type\":\"Organization\",\"@id\":\"https:\\\/\\\/namgt.es\\\/#organization\",\"name\":\"Namgt\",\"url\":\"https:\\\/\\\/namgt.es\\\/\",\"logo\":{\"@type\":\"ImageObject\",\"inLanguage\":\"pt-PT\",\"@id\":\"https:\\\/\\\/namgt.es\\\/#\\\/schema\\\/logo\\\/image\\\/\",\"url\":\"https:\\\/\\\/www.namgt.es\\\/wp-content\\\/uploads\\\/2025\\\/11\\\/logo-sin-fondo.png\",\"contentUrl\":\"https:\\\/\\\/www.namgt.es\\\/wp-content\\\/uploads\\\/2025\\\/11\\\/logo-sin-fondo.png\",\"width\":1024,\"height\":1024,\"caption\":\"Namgt\"},\"image\":{\"@id\":\"https:\\\/\\\/namgt.es\\\/#\\\/schema\\\/logo\\\/image\\\/\"},\"sameAs\":[\"https:\\\/\\\/www.facebook.com\\\/profile.php?id=61580843453305\"]}]}<\/script>\n<!-- \/ Yoast SEO plugin. -->","yoast_head_json":{"title":"Semibaquet reclinable M-N190 en tela negra con costura roja - Namgt","description":"Potencia la est\u00e9tica racing de tu simulador con este semibaquet reclinable deportivo negro con costuras rojas. Reclinable, c\u00f3modo y con guias correderas.","robots":{"index":"index","follow":"follow","max-snippet":"max-snippet:-1","max-image-preview":"max-image-preview:large","max-video-preview":"max-video-preview:-1"},"canonical":"https:\/\/namgt.es\/pt\/produto\/semibaquet-reclinable-m-n190-tela-negra-costura-roja\/","og_locale":"pt_PT","og_type":"article","og_title":"Semibaquet reclinable M-N190 en tela negra con costura roja - Namgt","og_description":"Potencia la est\u00e9tica racing de tu simulador con este semibaquet reclinable deportivo negro con costuras rojas. Reclinable, c\u00f3modo y con guias correderas.","og_url":"https:\/\/namgt.es\/pt\/produto\/semibaquet-reclinable-m-n190-tela-negra-costura-roja\/","og_site_name":"Namgt","article_publisher":"https:\/\/www.facebook.com\/profile.php?id=61580843453305","article_modified_time":"2025-12-02T16:06:54+00:00","og_image":[{"width":1024,"height":1024,"url":"https:\/\/namgt.es\/wp-content\/uploads\/2025\/10\/f6342cd2-bffd-4b47-b009-74328a73bd99-2-1024x1024.png","type":"image\/png"}],"twitter_card":"summary_large_image","twitter_misc":{"Tempo estimado de leitura":"1 minuto"},"schema":{"@context":"https:\/\/schema.org","@graph":[{"@type":"WebPage","@id":"https:\/\/namgt.es\/producto\/semibaquet-reclinable-m-n190-tela-negra-costura-roja\/","url":"https:\/\/namgt.es\/producto\/semibaquet-reclinable-m-n190-tela-negra-costura-roja\/","name":"Semibaquet reclinable M-N190 en tela negra con costura roja - Namgt","isPartOf":{"@id":"https:\/\/namgt.es\/#website"},"primaryImageOfPage":{"@id":"https:\/\/namgt.es\/producto\/semibaquet-reclinable-m-n190-tela-negra-costura-roja\/#primaryimage"},"image":{"@id":"https:\/\/namgt.es\/producto\/semibaquet-reclinable-m-n190-tela-negra-costura-roja\/#primaryimage"},"thumbnailUrl":"https:\/\/namgt.es\/wp-content\/uploads\/2025\/10\/f6342cd2-bffd-4b47-b009-74328a73bd99-2.png","datePublished":"2025-10-27T23:36:50+00:00","dateModified":"2025-12-02T16:06:54+00:00","description":"Potencia la est\u00e9tica racing de tu simulador con este semibaquet reclinable deportivo negro con costuras rojas. Reclinable, c\u00f3modo y con guias correderas.","breadcrumb":{"@id":"https:\/\/namgt.es\/producto\/semibaquet-reclinable-m-n190-tela-negra-costura-roja\/#breadcrumb"},"inLanguage":"pt-PT","potentialAction":[{"@type":"ReadAction","target":["https:\/\/namgt.es\/producto\/semibaquet-reclinable-m-n190-tela-negra-costura-roja\/"]}]},{"@type":"ImageObject","inLanguage":"pt-PT","@id":"https:\/\/namgt.es\/producto\/semibaquet-reclinable-m-n190-tela-negra-costura-roja\/#primaryimage","url":"https:\/\/namgt.es\/wp-content\/uploads\/2025\/10\/f6342cd2-bffd-4b47-b009-74328a73bd99-2.png","contentUrl":"https:\/\/namgt.es\/wp-content\/uploads\/2025\/10\/f6342cd2-bffd-4b47-b009-74328a73bd99-2.png","width":2160,"height":2160},{"@type":"BreadcrumbList","@id":"https:\/\/namgt.es\/producto\/semibaquet-reclinable-m-n190-tela-negra-costura-roja\/#breadcrumb","itemListElement":[{"@type":"ListItem","position":1,"name":"Portada","item":"https:\/\/namgt.es\/"},{"@type":"ListItem","position":2,"name":"Kits de cockpits","item":"https:\/\/namgt.es\/kits-de-cockpits\/"},{"@type":"ListItem","position":3,"name":"Semibaquet reclinable M-N190 en tela negra con costura roja"}]},{"@type":"WebSite","@id":"https:\/\/namgt.es\/#website","url":"https:\/\/namgt.es\/","name":"Namgt","description":"Kits de perfis de alum\u00ednio para montar o seu cockpit de simracing","publisher":{"@id":"https:\/\/namgt.es\/#organization"},"potentialAction":[{"@type":"SearchAction","target":{"@type":"EntryPoint","urlTemplate":"https:\/\/namgt.es\/?s={search_term_string}"},"query-input":{"@type":"PropertyValueSpecification","valueRequired":true,"valueName":"search_term_string"}}],"inLanguage":"pt-PT"},{"@type":"Organization","@id":"https:\/\/namgt.es\/#organization","name":"Namgt","url":"https:\/\/namgt.es\/","logo":{"@type":"ImageObject","inLanguage":"pt-PT","@id":"https:\/\/namgt.es\/#\/schema\/logo\/image\/","url":"https:\/\/www.namgt.es\/wp-content\/uploads\/2025\/11\/logo-sin-fondo.png","contentUrl":"https:\/\/www.namgt.es\/wp-content\/uploads\/2025\/11\/logo-sin-fondo.png","width":1024,"height":1024,"caption":"Namgt"},"image":{"@id":"https:\/\/namgt.es\/#\/schema\/logo\/image\/"},"sameAs":["https:\/\/www.facebook.com\/profile.php?id=61580843453305"]}]}},"taxonomy_info":{"product_cat":[{"value":30,"label":"Asientos"}]},"featured_image_src_large":["https:\/\/namgt.es\/wp-content\/uploads\/2025\/10\/f6342cd2-bffd-4b47-b009-74328a73bd99-2-1024x1024.png",1024,1024,true],"author_info":[],"comment_info":0,"jetpack_sharing_enabled":true,"_links":{"self":[{"href":"https:\/\/namgt.es\/pt\/wp-json\/wp\/v2\/product\/3416","targetHints":{"allow":["GET"]}}],"collection":[{"href":"https:\/\/namgt.es\/pt\/wp-json\/wp\/v2\/product"}],"about":[{"href":"https:\/\/namgt.es\/pt\/wp-json\/wp\/v2\/types\/product"}],"replies":[{"embeddable":true,"href":"https:\/\/namgt.es\/pt\/wp-json\/wp\/v2\/comments?post=3416"}],"wp:featuredmedia":[{"embeddable":true,"href":"https:\/\/namgt.es\/pt\/wp-json\/wp\/v2\/media\/3636"}],"wp:attachment":[{"href":"https:\/\/namgt.es\/pt\/wp-json\/wp\/v2\/media?parent=3416"}],"wp:term":[{"taxonomy":"product_brand","embeddable":true,"href":"https:\/\/namgt.es\/pt\/wp-json\/wp\/v2\/product_brand?post=3416"},{"taxonomy":"product_cat","embeddable":true,"href":"https:\/\/namgt.es\/pt\/wp-json\/wp\/v2\/product_cat?post=3416"},{"taxonomy":"product_tag","embeddable":true,"href":"https:\/\/namgt.es\/pt\/wp-json\/wp\/v2\/product_tag?post=3416"}],"curies":[{"name":"wp","href":"https:\/\/api.w.org\/{rel}","templated":true}]}}