{"id":3313,"date":"2025-09-30T15:41:55","date_gmt":"2025-09-30T13:41:55","guid":{"rendered":"https:\/\/www.namgt.es\/?post_type=product&#038;p=3313"},"modified":"2026-05-07T19:59:18","modified_gmt":"2026-05-07T17:59:18","slug":"pedido-especial-nam-gt","status":"publish","type":"product","link":"https:\/\/namgt.es\/pt\/producto\/pedido-especial-nam-gt\/","title":{"rendered":"Encomenda de NaM GT para simracing personalizado"},"content":{"rendered":"<p class=\"p1\"><span class=\"s1\">Este produto corresponde a uma <\/span><span class=\"s2\">encomenda personalizada de <strong>simracing<\/strong><\/span><span class=\"s1\"> previamente acordada com a equipa da NaM GT.<\/span><\/p>\n<p class=\"p1\"><span class=\"s1\">Se fal\u00e1mos contigo e desenh\u00e1mos uma solu\u00e7\u00e3o \u00e0 tua medida, aqui poder\u00e1s completar o pagamento da tua encomenda de forma segura. Este link \u00e9 utilizado para:<\/span><\/p>\n<p class=\"p2\"><span class=\"s1\">\u2022 Cockpits com medidas ou cortes especiais.<\/span><\/p>\n<p class=\"p3\"><span class=\"s1\">\u2022 Acess\u00f3rios fora de cat\u00e1logo.<\/span><\/p>\n<p class=\"p3\"><span class=\"s1\">\u2022 Projetos integrais de simula\u00e7\u00e3o.<\/span><\/p>\n<p class=\"p1\"><strong><span class=\"s2\">Chegaste aqui \u00e0 procura de um design \u00fanico?<\/span><\/strong><\/p>\n<p class=\"p4\"><span class=\"s1\">Se est\u00e1s \u00e0 procura de um simulador que n\u00e3o encontras na nossa loja, somos especialistas em criar... <\/span><a href=\"https:\/\/namgt.es\/contacto\/\"><span class=\"s2\">soluciones a medida<\/span><\/a><span class=\"s1\">.<\/span><\/p>\n<p class=\"p1\"><span class=\"s1\">N\u00e3o efetues a compra da tua encomenda personalizada de simracing sem antes consultares o or\u00e7amento final com a nossa equipa t\u00e9cnica.<\/span><\/p>","protected":false},"excerpt":{"rendered":"<p>Este producto corresponde a un pedido personalizado de simracing acordado previamente con el equipo de NaM GT. Si hemos hablado contigo y dise\u00f1ado una soluci\u00f3n a tu medida, aqu\u00ed podr\u00e1s completar el pago de tu encargo de forma segura. Este enlace se utiliza para: \u2022 Cockpits con medidas o cortes especiales. \u2022 Accesorios fuera de&#8230;<\/p>","protected":false},"featured_media":3312,"comment_status":"closed","ping_status":"closed","template":"","meta":{"_kad_blocks_custom_css":"","_kad_blocks_head_custom_js":"","_kad_blocks_body_custom_js":"","_kad_blocks_footer_custom_js":"","_kadence_starter_templates_imported_post":false,"_kad_post_transparent":"default","_kad_post_title":"","_kad_post_layout":"default","_kad_post_sidebar_id":"","_kad_post_content_style":"default","_kad_post_vertical_padding":"default","_kad_post_feature":"","_kad_post_feature_position":"","_kad_post_header":false,"_kad_post_footer":false,"_kad_post_classname":""},"product_brand":[],"product_cat":[28],"product_tag":[],"class_list":{"0":"post-3313","1":"product","2":"type-product","3":"status-publish","4":"has-post-thumbnail","6":"product_cat-accesorios","7":"product_shipping_class-accesorios","9":"first","10":"instock","11":"taxable","12":"shipping-taxable","13":"purchasable","14":"product-type-simple","15":"entry","16":"content-bg","17":"loop-entry"},"supplier_id":null,"supplier_sku":"","barcode":null,"atum_controlled":true,"out_stock_date":null,"out_stock_threshold":null,"inheritable":false,"inbound_stock":0,"stock_on_hold":0,"sold_today":0,"sales_last_days":1,"reserved_stock":0,"customer_returns":0,"warehouse_damage":0,"lost_in_post":0,"other_logs":0,"out_stock_days":0,"lost_sales":0,"has_location":false,"update_date":"2026-05-10T00:06:48","atum_locations":[],"atum_stock_status":"instock","restock_status":false,"low_stock_amount":"","sales_update_date":"2026-05-10T00:06:48","calc_backorders":null,"linked_bom":[],"sync_purchase_price":false,"bom_sellable":null,"minimum_threshold":null,"available_to_purchase":null,"selling_priority":null,"calculated_stock":null,"is_bom":false,"yoast_head":"<!-- This site is optimized with the Yoast SEO plugin v27.5 - https:\/\/yoast.com\/product\/yoast-seo-wordpress\/ -->\n<title>Pedido Personalizado simracing NaM GT - Namgt<\/title>\n<meta name=\"description\" content=\"\u00bfBuscal ago \u00fanico? En NaM GT realizamos tu pedido personalizado de simracing. Dise\u00f1amos cockpits a medida y soluciones exclusivas. Formaliza tu encargo aqu\u00ed\" \/>\n<meta name=\"robots\" content=\"index, follow, max-snippet:-1, max-image-preview:large, max-video-preview:-1\" \/>\n<link rel=\"canonical\" href=\"https:\/\/namgt.es\/pt\/produto\/pedido-especial-nam-gt\/\" \/>\n<meta property=\"og:locale\" content=\"pt_PT\" \/>\n<meta property=\"og:type\" content=\"article\" \/>\n<meta property=\"og:title\" content=\"Pedido Personalizado simracing NaM GT - Namgt\" \/>\n<meta property=\"og:description\" content=\"\u00bfBuscal ago \u00fanico? En NaM GT realizamos tu pedido personalizado de simracing. Dise\u00f1amos cockpits a medida y soluciones exclusivas. Formaliza tu encargo aqu\u00ed\" \/>\n<meta property=\"og:url\" content=\"https:\/\/namgt.es\/pt\/produto\/pedido-especial-nam-gt\/\" \/>\n<meta property=\"og:site_name\" content=\"Namgt\" \/>\n<meta property=\"article:publisher\" content=\"https:\/\/www.facebook.com\/profile.php?id=61580843453305\" \/>\n<meta property=\"article:modified_time\" content=\"2026-05-07T17:59:18+00:00\" \/>\n<meta property=\"og:image\" content=\"https:\/\/namgt.es\/wp-content\/uploads\/2025\/09\/img_3295-1.jpeg\" \/>\n\t<meta property=\"og:image:width\" content=\"1284\" \/>\n\t<meta property=\"og:image:height\" content=\"1367\" \/>\n\t<meta property=\"og:image:type\" content=\"image\/jpeg\" \/>\n<meta name=\"twitter:card\" content=\"summary_large_image\" \/>\n<meta name=\"twitter:label1\" content=\"Tempo estimado de leitura\" \/>\n\t<meta name=\"twitter:data1\" content=\"1 minuto\" \/>\n<script type=\"application\/ld+json\" class=\"yoast-schema-graph\">{\"@context\":\"https:\\\/\\\/schema.org\",\"@graph\":[{\"@type\":\"WebPage\",\"@id\":\"https:\\\/\\\/namgt.es\\\/producto\\\/pedido-especial-nam-gt\\\/\",\"url\":\"https:\\\/\\\/namgt.es\\\/producto\\\/pedido-especial-nam-gt\\\/\",\"name\":\"Pedido Personalizado simracing NaM GT - Namgt\",\"isPartOf\":{\"@id\":\"https:\\\/\\\/namgt.es\\\/#website\"},\"primaryImageOfPage\":{\"@id\":\"https:\\\/\\\/namgt.es\\\/producto\\\/pedido-especial-nam-gt\\\/#primaryimage\"},\"image\":{\"@id\":\"https:\\\/\\\/namgt.es\\\/producto\\\/pedido-especial-nam-gt\\\/#primaryimage\"},\"thumbnailUrl\":\"https:\\\/\\\/namgt.es\\\/wp-content\\\/uploads\\\/2025\\\/09\\\/img_3295-1.jpeg\",\"datePublished\":\"2025-09-30T13:41:55+00:00\",\"dateModified\":\"2026-05-07T17:59:18+00:00\",\"description\":\"\u00bfBuscal ago \u00fanico? En NaM GT realizamos tu pedido personalizado de simracing. Dise\u00f1amos cockpits a medida y soluciones exclusivas. Formaliza tu encargo aqu\u00ed\",\"breadcrumb\":{\"@id\":\"https:\\\/\\\/namgt.es\\\/producto\\\/pedido-especial-nam-gt\\\/#breadcrumb\"},\"inLanguage\":\"pt-PT\",\"potentialAction\":[{\"@type\":\"ReadAction\",\"target\":[\"https:\\\/\\\/namgt.es\\\/producto\\\/pedido-especial-nam-gt\\\/\"]}]},{\"@type\":\"ImageObject\",\"inLanguage\":\"pt-PT\",\"@id\":\"https:\\\/\\\/namgt.es\\\/producto\\\/pedido-especial-nam-gt\\\/#primaryimage\",\"url\":\"https:\\\/\\\/namgt.es\\\/wp-content\\\/uploads\\\/2025\\\/09\\\/img_3295-1.jpeg\",\"contentUrl\":\"https:\\\/\\\/namgt.es\\\/wp-content\\\/uploads\\\/2025\\\/09\\\/img_3295-1.jpeg\",\"width\":1284,\"height\":1367,\"caption\":\"Screenshot\"},{\"@type\":\"BreadcrumbList\",\"@id\":\"https:\\\/\\\/namgt.es\\\/producto\\\/pedido-especial-nam-gt\\\/#breadcrumb\",\"itemListElement\":[{\"@type\":\"ListItem\",\"position\":1,\"name\":\"Portada\",\"item\":\"https:\\\/\\\/namgt.es\\\/\"},{\"@type\":\"ListItem\",\"position\":2,\"name\":\"Kits de cockpits\",\"item\":\"https:\\\/\\\/namgt.es\\\/kits-de-cockpits\\\/\"},{\"@type\":\"ListItem\",\"position\":3,\"name\":\"Pedido Personalizado simracing NaM GT\"}]},{\"@type\":\"WebSite\",\"@id\":\"https:\\\/\\\/namgt.es\\\/#website\",\"url\":\"https:\\\/\\\/namgt.es\\\/\",\"name\":\"Namgt\",\"description\":\"Kits de perfiles de aluminio para montar tu cockpit de simracing\",\"publisher\":{\"@id\":\"https:\\\/\\\/namgt.es\\\/#organization\"},\"potentialAction\":[{\"@type\":\"SearchAction\",\"target\":{\"@type\":\"EntryPoint\",\"urlTemplate\":\"https:\\\/\\\/namgt.es\\\/?s={search_term_string}\"},\"query-input\":{\"@type\":\"PropertyValueSpecification\",\"valueRequired\":true,\"valueName\":\"search_term_string\"}}],\"inLanguage\":\"pt-PT\"},{\"@type\":\"Organization\",\"@id\":\"https:\\\/\\\/namgt.es\\\/#organization\",\"name\":\"Namgt\",\"url\":\"https:\\\/\\\/namgt.es\\\/\",\"logo\":{\"@type\":\"ImageObject\",\"inLanguage\":\"pt-PT\",\"@id\":\"https:\\\/\\\/namgt.es\\\/#\\\/schema\\\/logo\\\/image\\\/\",\"url\":\"https:\\\/\\\/www.namgt.es\\\/wp-content\\\/uploads\\\/2025\\\/11\\\/logo-sin-fondo.png\",\"contentUrl\":\"https:\\\/\\\/www.namgt.es\\\/wp-content\\\/uploads\\\/2025\\\/11\\\/logo-sin-fondo.png\",\"width\":1024,\"height\":1024,\"caption\":\"Namgt\"},\"image\":{\"@id\":\"https:\\\/\\\/namgt.es\\\/#\\\/schema\\\/logo\\\/image\\\/\"},\"sameAs\":[\"https:\\\/\\\/www.facebook.com\\\/profile.php?id=61580843453305\"]}]}<\/script>\n<!-- \/ Yoast SEO plugin. -->","yoast_head_json":{"title":"Pedido Personalizado simracing NaM GT - Namgt","description":"\u00bfBuscal ago \u00fanico? En NaM GT realizamos tu pedido personalizado de simracing. Dise\u00f1amos cockpits a medida y soluciones exclusivas. Formaliza tu encargo aqu\u00ed","robots":{"index":"index","follow":"follow","max-snippet":"max-snippet:-1","max-image-preview":"max-image-preview:large","max-video-preview":"max-video-preview:-1"},"canonical":"https:\/\/namgt.es\/pt\/produto\/pedido-especial-nam-gt\/","og_locale":"pt_PT","og_type":"article","og_title":"Pedido Personalizado simracing NaM GT - Namgt","og_description":"\u00bfBuscal ago \u00fanico? En NaM GT realizamos tu pedido personalizado de simracing. Dise\u00f1amos cockpits a medida y soluciones exclusivas. Formaliza tu encargo aqu\u00ed","og_url":"https:\/\/namgt.es\/pt\/produto\/pedido-especial-nam-gt\/","og_site_name":"Namgt","article_publisher":"https:\/\/www.facebook.com\/profile.php?id=61580843453305","article_modified_time":"2026-05-07T17:59:18+00:00","og_image":[{"width":1284,"height":1367,"url":"https:\/\/namgt.es\/wp-content\/uploads\/2025\/09\/img_3295-1.jpeg","type":"image\/jpeg"}],"twitter_card":"summary_large_image","twitter_misc":{"Tempo estimado de leitura":"1 minuto"},"schema":{"@context":"https:\/\/schema.org","@graph":[{"@type":"WebPage","@id":"https:\/\/namgt.es\/producto\/pedido-especial-nam-gt\/","url":"https:\/\/namgt.es\/producto\/pedido-especial-nam-gt\/","name":"Pedido Personalizado simracing NaM GT - Namgt","isPartOf":{"@id":"https:\/\/namgt.es\/#website"},"primaryImageOfPage":{"@id":"https:\/\/namgt.es\/producto\/pedido-especial-nam-gt\/#primaryimage"},"image":{"@id":"https:\/\/namgt.es\/producto\/pedido-especial-nam-gt\/#primaryimage"},"thumbnailUrl":"https:\/\/namgt.es\/wp-content\/uploads\/2025\/09\/img_3295-1.jpeg","datePublished":"2025-09-30T13:41:55+00:00","dateModified":"2026-05-07T17:59:18+00:00","description":"\u00bfBuscal ago \u00fanico? En NaM GT realizamos tu pedido personalizado de simracing. Dise\u00f1amos cockpits a medida y soluciones exclusivas. Formaliza tu encargo aqu\u00ed","breadcrumb":{"@id":"https:\/\/namgt.es\/producto\/pedido-especial-nam-gt\/#breadcrumb"},"inLanguage":"pt-PT","potentialAction":[{"@type":"ReadAction","target":["https:\/\/namgt.es\/producto\/pedido-especial-nam-gt\/"]}]},{"@type":"ImageObject","inLanguage":"pt-PT","@id":"https:\/\/namgt.es\/producto\/pedido-especial-nam-gt\/#primaryimage","url":"https:\/\/namgt.es\/wp-content\/uploads\/2025\/09\/img_3295-1.jpeg","contentUrl":"https:\/\/namgt.es\/wp-content\/uploads\/2025\/09\/img_3295-1.jpeg","width":1284,"height":1367,"caption":"Screenshot"},{"@type":"BreadcrumbList","@id":"https:\/\/namgt.es\/producto\/pedido-especial-nam-gt\/#breadcrumb","itemListElement":[{"@type":"ListItem","position":1,"name":"Portada","item":"https:\/\/namgt.es\/"},{"@type":"ListItem","position":2,"name":"Kits de cockpits","item":"https:\/\/namgt.es\/kits-de-cockpits\/"},{"@type":"ListItem","position":3,"name":"Pedido Personalizado simracing NaM GT"}]},{"@type":"WebSite","@id":"https:\/\/namgt.es\/#website","url":"https:\/\/namgt.es\/","name":"Namgt","description":"Kits de perfis de alum\u00ednio para montar o seu cockpit de simracing","publisher":{"@id":"https:\/\/namgt.es\/#organization"},"potentialAction":[{"@type":"SearchAction","target":{"@type":"EntryPoint","urlTemplate":"https:\/\/namgt.es\/?s={search_term_string}"},"query-input":{"@type":"PropertyValueSpecification","valueRequired":true,"valueName":"search_term_string"}}],"inLanguage":"pt-PT"},{"@type":"Organization","@id":"https:\/\/namgt.es\/#organization","name":"Namgt","url":"https:\/\/namgt.es\/","logo":{"@type":"ImageObject","inLanguage":"pt-PT","@id":"https:\/\/namgt.es\/#\/schema\/logo\/image\/","url":"https:\/\/www.namgt.es\/wp-content\/uploads\/2025\/11\/logo-sin-fondo.png","contentUrl":"https:\/\/www.namgt.es\/wp-content\/uploads\/2025\/11\/logo-sin-fondo.png","width":1024,"height":1024,"caption":"Namgt"},"image":{"@id":"https:\/\/namgt.es\/#\/schema\/logo\/image\/"},"sameAs":["https:\/\/www.facebook.com\/profile.php?id=61580843453305"]}]}},"taxonomy_info":{"product_cat":[{"value":28,"label":"Accesorios"}]},"featured_image_src_large":["https:\/\/namgt.es\/wp-content\/uploads\/2025\/09\/img_3295-1-962x1024.jpeg",962,1024,true],"author_info":[],"comment_info":0,"jetpack_sharing_enabled":true,"_links":{"self":[{"href":"https:\/\/namgt.es\/pt\/wp-json\/wp\/v2\/product\/3313","targetHints":{"allow":["GET"]}}],"collection":[{"href":"https:\/\/namgt.es\/pt\/wp-json\/wp\/v2\/product"}],"about":[{"href":"https:\/\/namgt.es\/pt\/wp-json\/wp\/v2\/types\/product"}],"replies":[{"embeddable":true,"href":"https:\/\/namgt.es\/pt\/wp-json\/wp\/v2\/comments?post=3313"}],"wp:featuredmedia":[{"embeddable":true,"href":"https:\/\/namgt.es\/pt\/wp-json\/wp\/v2\/media\/3312"}],"wp:attachment":[{"href":"https:\/\/namgt.es\/pt\/wp-json\/wp\/v2\/media?parent=3313"}],"wp:term":[{"taxonomy":"product_brand","embeddable":true,"href":"https:\/\/namgt.es\/pt\/wp-json\/wp\/v2\/product_brand?post=3313"},{"taxonomy":"product_cat","embeddable":true,"href":"https:\/\/namgt.es\/pt\/wp-json\/wp\/v2\/product_cat?post=3313"},{"taxonomy":"product_tag","embeddable":true,"href":"https:\/\/namgt.es\/pt\/wp-json\/wp\/v2\/product_tag?post=3313"}],"curies":[{"name":"wp","href":"https:\/\/api.w.org\/{rel}","templated":true}]}}