{"id":3178,"date":"2025-08-16T21:00:36","date_gmt":"2025-08-16T19:00:36","guid":{"rendered":"https:\/\/namgt.es\/?post_type=product&#038;p=3178"},"modified":"2026-05-12T23:08:08","modified_gmt":"2026-05-12T21:08:08","slug":"soporte-torre-pc-cockpit","status":"publish","type":"product","link":"https:\/\/namgt.es\/pt\/producto\/soporte-torre-pc-cockpit\/","title":{"rendered":"Suporte de Torre de PC ou Consola para Cockpit"},"content":{"rendered":"<p data-start=\"656\" data-end=\"978\">Otimiza o teu espa\u00e7o de simracing com o <strong data-start=\"1879\" data-end=\"1915\">Suporte de torre de PC ou consola para cockpit<\/strong>projetado para manter o teu equipamento seguro, acess\u00edvel e fora do caminho enquanto desfrutas das tuas sess\u00f5es de condu\u00e7\u00e3o. Fabricado em <strong data-start=\"2050\" data-end=\"2073\">alum\u00ednio resistente.<\/strong>adapta-se \u00e0 maioria das torres ATX e fixa-se diretamente aos cockpits GT1 e GT2. Al\u00e9m do suporte de PC para cockpit, podes adicionar o nosso <a href=\"https:\/\/namgt.es\/producto\/soporte-monitor-vesa-cockpit\/\">suporte de monitor com placa VESA.<\/a>\u00a0suporte de monitor com placa VESA para cockpit.<\/p>\n<hr data-start=\"1388\" data-end=\"1391\" \/>\n<p data-start=\"980\" data-end=\"1267\">dispon\u00edvel <strong data-start=\"2175\" data-end=\"2198\">separadamente por 70 \u20ac<\/strong> o <strong data-start=\"2201\" data-end=\"2252\">ou como complemento ao comprar um cockpit por 50 \u20ac<\/strong>este suporte fixa a tua torre, protege o teu investimento e melhora a est\u00e9tica do teu setup. Ideal para quem quer um <strong data-start=\"2370\" data-end=\"2410\">setup limpo, organizado e funcional<\/strong>sem solu\u00e7\u00f5es improvisadas nem suportes adicionais.<\/p>\n<p data-start=\"1269\" data-end=\"1414\">Este suporte \u00e9 ideal para quem procura um <strong data-start=\"1314\" data-end=\"1346\">setup profissional e organizado.<\/strong>combinando ergonomia, seguran\u00e7a e est\u00e9tica num \u00fanico acess\u00f3rio.<\/p>","protected":false},"excerpt":{"rendered":"<p>Mant\u00e9m o teu PC ou consola seguro e \u00e0 m\u00e3o enquanto conduzes. Este suporte adapta-se ao teu cockpit GT1 ou GT2, otimizando o espa\u00e7o e protegendo o teu equipamento de choques ou quedas. Dispon\u00edvel separadamente ou como complemento para o teu cockpit.<\/p>\n<p>Dispon\u00edvel em <strong>cor Alum\u00ednio<\/strong> ou terminado <strong>Preto mate <\/strong><\/p>\n<p>\u26a0\ufe0f <strong data-start=\"393\" data-end=\"408\">Importante:<\/strong> Este produto inclui apenas o kit de perfis para fixar a torre do PC (inclui parafusos, esquadrias, tampas para os perfis e a plataforma de madeira para apoiar o PC). O cockpit que aparece nas imagens \u00e9 vendido separadamente.<\/p>","protected":false},"featured_media":3257,"comment_status":"open","ping_status":"closed","template":"","meta":{"_kad_blocks_custom_css":"","_kad_blocks_head_custom_js":"","_kad_blocks_body_custom_js":"","_kad_blocks_footer_custom_js":"","_kadence_starter_templates_imported_post":false,"_kad_post_transparent":"default","_kad_post_title":"","_kad_post_layout":"default","_kad_post_sidebar_id":"","_kad_post_content_style":"default","_kad_post_vertical_padding":"default","_kad_post_feature":"","_kad_post_feature_position":"","_kad_post_header":false,"_kad_post_footer":false,"_kad_post_classname":""},"product_brand":[],"product_cat":[27],"product_tag":[],"class_list":{"0":"post-3178","1":"product","2":"type-product","3":"status-publish","4":"has-post-thumbnail","6":"product_cat-kits-de-cockpits","7":"product_shipping_class-accesorios","9":"first","10":"instock","11":"taxable","12":"shipping-taxable","13":"purchasable","14":"product-type-variable","15":"entry","16":"content-bg","17":"loop-entry"},"supplier_id":null,"supplier_sku":"","barcode":null,"atum_controlled":true,"out_stock_date":null,"out_stock_threshold":null,"inheritable":true,"inbound_stock":0,"stock_on_hold":0,"sold_today":0,"sales_last_days":0,"reserved_stock":0,"customer_returns":0,"warehouse_damage":0,"lost_in_post":0,"other_logs":0,"out_stock_days":0,"lost_sales":0,"has_location":false,"update_date":"2026-05-12T21:08:09","atum_locations":[],"atum_stock_status":"instock","restock_status":false,"low_stock_amount":"","sales_update_date":"2026-05-12T20:42:27","calc_backorders":null,"linked_bom":[],"sync_purchase_price":false,"bom_sellable":null,"minimum_threshold":null,"available_to_purchase":null,"selling_priority":null,"calculated_stock":null,"is_bom":false,"yoast_head":"<!-- This site is optimized with the Yoast SEO plugin v27.5 - https:\/\/yoast.com\/product\/yoast-seo-wordpress\/ -->\n<title>Soporte de Torre de PC o Consola para Cockpit - Namgt<\/title>\n<meta name=\"description\" content=\"Organiza tu setup con nuestro Soporte PC cockpit. Compatible con torres y consolas, ofrece m\u00e1xima estabilidad y orden a tu simulador.\" \/>\n<meta name=\"robots\" content=\"index, follow, max-snippet:-1, max-image-preview:large, max-video-preview:-1\" \/>\n<link rel=\"canonical\" href=\"https:\/\/namgt.es\/pt\/produto\/soporte-torre-pc-cockpit\/\" \/>\n<meta property=\"og:locale\" content=\"pt_PT\" \/>\n<meta property=\"og:type\" content=\"article\" \/>\n<meta property=\"og:title\" content=\"Soporte de Torre de PC o Consola para Cockpit - Namgt\" \/>\n<meta property=\"og:description\" content=\"Organiza tu setup con nuestro Soporte PC cockpit. Compatible con torres y consolas, ofrece m\u00e1xima estabilidad y orden a tu simulador.\" \/>\n<meta property=\"og:url\" content=\"https:\/\/namgt.es\/pt\/produto\/soporte-torre-pc-cockpit\/\" \/>\n<meta property=\"og:site_name\" content=\"Namgt\" \/>\n<meta property=\"article:publisher\" content=\"https:\/\/www.facebook.com\/profile.php?id=61580843453305\" \/>\n<meta property=\"article:modified_time\" content=\"2026-05-12T21:08:08+00:00\" \/>\n<meta property=\"og:image\" content=\"https:\/\/namgt.es\/wp-content\/uploads\/2025\/08\/gt2-pc.webp\" \/>\n\t<meta property=\"og:image:width\" content=\"1207\" \/>\n\t<meta property=\"og:image:height\" content=\"1207\" \/>\n\t<meta property=\"og:image:type\" content=\"image\/webp\" \/>\n<meta name=\"twitter:card\" content=\"summary_large_image\" \/>\n<meta name=\"twitter:label1\" content=\"Tempo estimado de leitura\" \/>\n\t<meta name=\"twitter:data1\" content=\"1 minuto\" \/>\n<script type=\"application\/ld+json\" class=\"yoast-schema-graph\">{\"@context\":\"https:\\\/\\\/schema.org\",\"@graph\":[{\"@type\":\"WebPage\",\"@id\":\"https:\\\/\\\/namgt.es\\\/producto\\\/soporte-torre-pc-cockpit\\\/\",\"url\":\"https:\\\/\\\/namgt.es\\\/producto\\\/soporte-torre-pc-cockpit\\\/\",\"name\":\"Soporte de Torre de PC o Consola para Cockpit - Namgt\",\"isPartOf\":{\"@id\":\"https:\\\/\\\/namgt.es\\\/#website\"},\"primaryImageOfPage\":{\"@id\":\"https:\\\/\\\/namgt.es\\\/producto\\\/soporte-torre-pc-cockpit\\\/#primaryimage\"},\"image\":{\"@id\":\"https:\\\/\\\/namgt.es\\\/producto\\\/soporte-torre-pc-cockpit\\\/#primaryimage\"},\"thumbnailUrl\":\"https:\\\/\\\/namgt.es\\\/wp-content\\\/uploads\\\/2025\\\/08\\\/gt2-pc.webp\",\"datePublished\":\"2025-08-16T19:00:36+00:00\",\"dateModified\":\"2026-05-12T21:08:08+00:00\",\"description\":\"Organiza tu setup con nuestro Soporte PC cockpit. Compatible con torres y consolas, ofrece m\u00e1xima estabilidad y orden a tu simulador.\",\"breadcrumb\":{\"@id\":\"https:\\\/\\\/namgt.es\\\/producto\\\/soporte-torre-pc-cockpit\\\/#breadcrumb\"},\"inLanguage\":\"pt-PT\",\"potentialAction\":[{\"@type\":\"ReadAction\",\"target\":[\"https:\\\/\\\/namgt.es\\\/producto\\\/soporte-torre-pc-cockpit\\\/\"]}]},{\"@type\":\"ImageObject\",\"inLanguage\":\"pt-PT\",\"@id\":\"https:\\\/\\\/namgt.es\\\/producto\\\/soporte-torre-pc-cockpit\\\/#primaryimage\",\"url\":\"https:\\\/\\\/namgt.es\\\/wp-content\\\/uploads\\\/2025\\\/08\\\/gt2-pc.webp\",\"contentUrl\":\"https:\\\/\\\/namgt.es\\\/wp-content\\\/uploads\\\/2025\\\/08\\\/gt2-pc.webp\",\"width\":1207,\"height\":1207},{\"@type\":\"BreadcrumbList\",\"@id\":\"https:\\\/\\\/namgt.es\\\/producto\\\/soporte-torre-pc-cockpit\\\/#breadcrumb\",\"itemListElement\":[{\"@type\":\"ListItem\",\"position\":1,\"name\":\"Portada\",\"item\":\"https:\\\/\\\/namgt.es\\\/\"},{\"@type\":\"ListItem\",\"position\":2,\"name\":\"Kits de cockpits\",\"item\":\"https:\\\/\\\/namgt.es\\\/kits-de-cockpits\\\/\"},{\"@type\":\"ListItem\",\"position\":3,\"name\":\"Soporte de Torre de PC o Consola para Cockpit\"}]},{\"@type\":\"WebSite\",\"@id\":\"https:\\\/\\\/namgt.es\\\/#website\",\"url\":\"https:\\\/\\\/namgt.es\\\/\",\"name\":\"Namgt\",\"description\":\"Kits de perfiles de aluminio para montar tu cockpit de simracing\",\"publisher\":{\"@id\":\"https:\\\/\\\/namgt.es\\\/#organization\"},\"potentialAction\":[{\"@type\":\"SearchAction\",\"target\":{\"@type\":\"EntryPoint\",\"urlTemplate\":\"https:\\\/\\\/namgt.es\\\/?s={search_term_string}\"},\"query-input\":{\"@type\":\"PropertyValueSpecification\",\"valueRequired\":true,\"valueName\":\"search_term_string\"}}],\"inLanguage\":\"pt-PT\"},{\"@type\":\"Organization\",\"@id\":\"https:\\\/\\\/namgt.es\\\/#organization\",\"name\":\"Namgt\",\"url\":\"https:\\\/\\\/namgt.es\\\/\",\"logo\":{\"@type\":\"ImageObject\",\"inLanguage\":\"pt-PT\",\"@id\":\"https:\\\/\\\/namgt.es\\\/#\\\/schema\\\/logo\\\/image\\\/\",\"url\":\"https:\\\/\\\/www.namgt.es\\\/wp-content\\\/uploads\\\/2025\\\/11\\\/logo-sin-fondo.png\",\"contentUrl\":\"https:\\\/\\\/www.namgt.es\\\/wp-content\\\/uploads\\\/2025\\\/11\\\/logo-sin-fondo.png\",\"width\":1024,\"height\":1024,\"caption\":\"Namgt\"},\"image\":{\"@id\":\"https:\\\/\\\/namgt.es\\\/#\\\/schema\\\/logo\\\/image\\\/\"},\"sameAs\":[\"https:\\\/\\\/www.facebook.com\\\/profile.php?id=61580843453305\"]}]}<\/script>\n<!-- \/ Yoast SEO plugin. -->","yoast_head_json":{"title":"Soporte de Torre de PC o Consola para Cockpit - Namgt","description":"Organiza tu setup con nuestro Soporte PC cockpit. Compatible con torres y consolas, ofrece m\u00e1xima estabilidad y orden a tu simulador.","robots":{"index":"index","follow":"follow","max-snippet":"max-snippet:-1","max-image-preview":"max-image-preview:large","max-video-preview":"max-video-preview:-1"},"canonical":"https:\/\/namgt.es\/pt\/produto\/soporte-torre-pc-cockpit\/","og_locale":"pt_PT","og_type":"article","og_title":"Soporte de Torre de PC o Consola para Cockpit - Namgt","og_description":"Organiza tu setup con nuestro Soporte PC cockpit. Compatible con torres y consolas, ofrece m\u00e1xima estabilidad y orden a tu simulador.","og_url":"https:\/\/namgt.es\/pt\/produto\/soporte-torre-pc-cockpit\/","og_site_name":"Namgt","article_publisher":"https:\/\/www.facebook.com\/profile.php?id=61580843453305","article_modified_time":"2026-05-12T21:08:08+00:00","og_image":[{"width":1207,"height":1207,"url":"https:\/\/namgt.es\/wp-content\/uploads\/2025\/08\/gt2-pc.webp","type":"image\/webp"}],"twitter_card":"summary_large_image","twitter_misc":{"Tempo estimado de leitura":"1 minuto"},"schema":{"@context":"https:\/\/schema.org","@graph":[{"@type":"WebPage","@id":"https:\/\/namgt.es\/producto\/soporte-torre-pc-cockpit\/","url":"https:\/\/namgt.es\/producto\/soporte-torre-pc-cockpit\/","name":"Soporte de Torre de PC o Consola para Cockpit - Namgt","isPartOf":{"@id":"https:\/\/namgt.es\/#website"},"primaryImageOfPage":{"@id":"https:\/\/namgt.es\/producto\/soporte-torre-pc-cockpit\/#primaryimage"},"image":{"@id":"https:\/\/namgt.es\/producto\/soporte-torre-pc-cockpit\/#primaryimage"},"thumbnailUrl":"https:\/\/namgt.es\/wp-content\/uploads\/2025\/08\/gt2-pc.webp","datePublished":"2025-08-16T19:00:36+00:00","dateModified":"2026-05-12T21:08:08+00:00","description":"Organiza tu setup con nuestro Soporte PC cockpit. Compatible con torres y consolas, ofrece m\u00e1xima estabilidad y orden a tu simulador.","breadcrumb":{"@id":"https:\/\/namgt.es\/producto\/soporte-torre-pc-cockpit\/#breadcrumb"},"inLanguage":"pt-PT","potentialAction":[{"@type":"ReadAction","target":["https:\/\/namgt.es\/producto\/soporte-torre-pc-cockpit\/"]}]},{"@type":"ImageObject","inLanguage":"pt-PT","@id":"https:\/\/namgt.es\/producto\/soporte-torre-pc-cockpit\/#primaryimage","url":"https:\/\/namgt.es\/wp-content\/uploads\/2025\/08\/gt2-pc.webp","contentUrl":"https:\/\/namgt.es\/wp-content\/uploads\/2025\/08\/gt2-pc.webp","width":1207,"height":1207},{"@type":"BreadcrumbList","@id":"https:\/\/namgt.es\/producto\/soporte-torre-pc-cockpit\/#breadcrumb","itemListElement":[{"@type":"ListItem","position":1,"name":"Portada","item":"https:\/\/namgt.es\/"},{"@type":"ListItem","position":2,"name":"Kits de cockpits","item":"https:\/\/namgt.es\/kits-de-cockpits\/"},{"@type":"ListItem","position":3,"name":"Soporte de Torre de PC o Consola para Cockpit"}]},{"@type":"WebSite","@id":"https:\/\/namgt.es\/#website","url":"https:\/\/namgt.es\/","name":"Namgt","description":"Kits de perfis de alum\u00ednio para montar o seu cockpit de simracing","publisher":{"@id":"https:\/\/namgt.es\/#organization"},"potentialAction":[{"@type":"SearchAction","target":{"@type":"EntryPoint","urlTemplate":"https:\/\/namgt.es\/?s={search_term_string}"},"query-input":{"@type":"PropertyValueSpecification","valueRequired":true,"valueName":"search_term_string"}}],"inLanguage":"pt-PT"},{"@type":"Organization","@id":"https:\/\/namgt.es\/#organization","name":"Namgt","url":"https:\/\/namgt.es\/","logo":{"@type":"ImageObject","inLanguage":"pt-PT","@id":"https:\/\/namgt.es\/#\/schema\/logo\/image\/","url":"https:\/\/www.namgt.es\/wp-content\/uploads\/2025\/11\/logo-sin-fondo.png","contentUrl":"https:\/\/www.namgt.es\/wp-content\/uploads\/2025\/11\/logo-sin-fondo.png","width":1024,"height":1024,"caption":"Namgt"},"image":{"@id":"https:\/\/namgt.es\/#\/schema\/logo\/image\/"},"sameAs":["https:\/\/www.facebook.com\/profile.php?id=61580843453305"]}]}},"taxonomy_info":{"product_cat":[{"value":27,"label":"Kits de cockpits"}]},"featured_image_src_large":["https:\/\/namgt.es\/wp-content\/uploads\/2025\/08\/gt2-pc-1024x1024.webp",1024,1024,true],"author_info":[],"comment_info":0,"jetpack_sharing_enabled":true,"_links":{"self":[{"href":"https:\/\/namgt.es\/pt\/wp-json\/wp\/v2\/product\/3178","targetHints":{"allow":["GET"]}}],"collection":[{"href":"https:\/\/namgt.es\/pt\/wp-json\/wp\/v2\/product"}],"about":[{"href":"https:\/\/namgt.es\/pt\/wp-json\/wp\/v2\/types\/product"}],"replies":[{"embeddable":true,"href":"https:\/\/namgt.es\/pt\/wp-json\/wp\/v2\/comments?post=3178"}],"wp:featuredmedia":[{"embeddable":true,"href":"https:\/\/namgt.es\/pt\/wp-json\/wp\/v2\/media\/3257"}],"wp:attachment":[{"href":"https:\/\/namgt.es\/pt\/wp-json\/wp\/v2\/media?parent=3178"}],"wp:term":[{"taxonomy":"product_brand","embeddable":true,"href":"https:\/\/namgt.es\/pt\/wp-json\/wp\/v2\/product_brand?post=3178"},{"taxonomy":"product_cat","embeddable":true,"href":"https:\/\/namgt.es\/pt\/wp-json\/wp\/v2\/product_cat?post=3178"},{"taxonomy":"product_tag","embeddable":true,"href":"https:\/\/namgt.es\/pt\/wp-json\/wp\/v2\/product_tag?post=3178"}],"curies":[{"name":"wp","href":"https:\/\/api.w.org\/{rel}","templated":true}]}}