{"id":3385,"date":"2025-10-27T19:52:56","date_gmt":"2025-10-27T18:52:56","guid":{"rendered":"https:\/\/www.namgt.es\/?post_type=product&#038;p=3385"},"modified":"2025-12-01T14:13:26","modified_gmt":"2025-12-01T13:13:26","slug":"sedili","status":"publish","type":"product","link":"https:\/\/namgt.es\/it\/producto\/asiento\/","title":{"rendered":"Dxracer cuero PU negro y rojo semibaquet"},"content":{"rendered":"<div class=\"translate-tooltip-mtz hidden\">\n<div class=\"header\">\n<p class=\"p1\"><span class=\"s1\">Goditi un'esperienza di guida realistica e confortevole con questo sedile <\/span><strong><span class=\"s2\">semibaquet<\/span><\/strong><span class=\"s1\"> sportivo, progettato per lunghe sessioni di simracing.<\/span><\/p>\n<p class=\"p1\"><span class=\"s1\">Questo modello, rifinito in una combinazione di nero e rosso, offre il perfetto equilibrio tra supporto laterale per le gare e comfort per l'uso quotidiano.<\/span><\/p>\n<p class=\"p1\"><strong><span class=\"s2\">Caratteristiche principales:<\/span><\/strong><\/p>\n<p class=\"p2\"><strong><span class=\"s1\">\u2022 <\/span><span class=\"s2\">Materiale Premium:<\/span><\/strong><span class=\"s1\"> Realizzato in pelle di poliuretano (PU) di alta qualit\u00e0. \u00c8 resistente, facile da pulire e non si crepa n\u00e9 sbiadisce nel tempo.<\/span><\/p>\n<p class=\"p3\"><strong><span class=\"s1\">\u2022 <\/span><span class=\"s2\">Regolazione Totale:<\/span><\/strong><span class=\"s1\"> Dispone di uno schienale reclinabile per permetterti di trovare la tua posizione di guida perfetta.<\/span><\/p>\n<p class=\"p3\"><strong><span class=\"s1\">\u2022 <\/span><span class=\"s2\">Pronto per il montaggio:<\/span><\/strong><span class=\"s1\"> El asiento incluye <\/span><span class=\"s2\">rieles de corredera<\/span><span class=\"s1\"> (binari), il che facilita enormemente l'installazione e la regolazione della distanza.<\/span><\/p>\n<p class=\"p1\"><strong><span class=\"s2\">Compatibilit\u00e0<\/span><\/strong><\/p>\n<p class=\"p4\"><span class=\"s1\">Grazie alla sua struttura fissa e alla presa salda, assicura un'immersione totale nel videogioco. \u00c8 il sedile ideale da installare in uno qualsiasi dei nostri <\/span><a href=\"https:\/\/namgt.es\/kits-de-cockpits\/\"><span class=\"s2\">cockpit in alluminio.<\/span><span class=\"s1\">.<\/span><\/a><\/p>\n<\/div>\n<\/div>","protected":false},"excerpt":{"rendered":"<div class=\"translate-tooltip-mtz hidden\">\n<div class=\"header\">\n<h2 class=\"translate-icons\"><span style=\"font-family: var(--global-body-font-family); font-size: 20px; font-weight: normal;\">\u00a0 \u00a0 \u00a0 \u00a0 100% nuovo. Mai usato o installato.<\/span><\/h2>\n<\/div>\n<\/div>\n<div class=\"translate-tooltip-mtz hidden\">\n<div class=\"header\">\n<div class=\"translate-icons\">\n<ul>\n<li>Realizzato in pelle PU (pelle di poliuretano). Non si crepa n\u00e9 sbiadisce se esposto alla luce solare.<\/li>\n<li>Prodotto con binari inclusi e un'ottima tenuta.<\/li>\n<li>Schienale regolabile per mantenere un'angolazione confortevole.<\/li>\n<li>Design sportivo e giovanile, ideale sia per i videogiochi che per l'auto.<\/li>\n<li>Struttura fissa e presa salda, assicura pi\u00f9 realismo all'esperienza di gioco, compatibile con la tua console preferita.<\/li>\n<\/ul>\n<\/div>\n<\/div>\n<\/div>","protected":false},"featured_media":3472,"comment_status":"open","ping_status":"closed","template":"","meta":{"_kad_blocks_custom_css":"","_kad_blocks_head_custom_js":"","_kad_blocks_body_custom_js":"","_kad_blocks_footer_custom_js":"","_kadence_starter_templates_imported_post":false,"_kad_post_transparent":"default","_kad_post_title":"","_kad_post_layout":"default","_kad_post_sidebar_id":"","_kad_post_content_style":"default","_kad_post_vertical_padding":"default","_kad_post_feature":"","_kad_post_feature_position":"","_kad_post_header":false,"_kad_post_footer":false,"_kad_post_classname":""},"product_brand":[],"product_cat":[30],"product_tag":[],"class_list":{"0":"post-3385","1":"product","2":"type-product","3":"status-publish","4":"has-post-thumbnail","6":"product_cat-asientos","7":"product_shipping_class-accesorios","9":"first","10":"outofstock","11":"taxable","12":"shipping-taxable","13":"purchasable","14":"product-type-simple","15":"entry","16":"content-bg","17":"loop-entry"},"supplier_id":null,"supplier_sku":"","barcode":null,"atum_controlled":true,"out_stock_date":null,"out_stock_threshold":null,"inheritable":false,"inbound_stock":0,"stock_on_hold":0,"sold_today":0,"sales_last_days":0,"reserved_stock":0,"customer_returns":0,"warehouse_damage":0,"lost_in_post":0,"other_logs":0,"out_stock_days":0,"lost_sales":0,"has_location":false,"update_date":"2026-05-10T00:06:47","atum_locations":[],"atum_stock_status":"outofstock","restock_status":false,"low_stock_amount":"","sales_update_date":"2026-05-10T00:06:47","calc_backorders":null,"linked_bom":[],"sync_purchase_price":false,"bom_sellable":null,"minimum_threshold":null,"available_to_purchase":null,"selling_priority":null,"calculated_stock":null,"is_bom":false,"yoast_head":"<!-- This site is optimized with the Yoast SEO plugin v27.5 - https:\/\/yoast.com\/product\/yoast-seo-wordpress\/ -->\n<title>Asiento - Namgt<\/title>\n<meta name=\"description\" content=\"Mejora tu cockpit con este asiento semibaquet deportivo en cuero PU. Incluye gu\u00edas correderas y respaldo reclinable. Comodidad y realismo para tus carreras.\" \/>\n<meta name=\"robots\" content=\"index, follow, max-snippet:-1, max-image-preview:large, max-video-preview:-1\" \/>\n<link rel=\"canonical\" href=\"https:\/\/namgt.es\/it\/prodotto\/sedili\/\" \/>\n<meta property=\"og:locale\" content=\"it_IT\" \/>\n<meta property=\"og:type\" content=\"article\" \/>\n<meta property=\"og:title\" content=\"Asiento - Namgt\" \/>\n<meta property=\"og:description\" content=\"Mejora tu cockpit con este asiento semibaquet deportivo en cuero PU. Incluye gu\u00edas correderas y respaldo reclinable. Comodidad y realismo para tus carreras.\" \/>\n<meta property=\"og:url\" content=\"https:\/\/namgt.es\/it\/prodotto\/sedili\/\" \/>\n<meta property=\"og:site_name\" content=\"Namgt\" \/>\n<meta property=\"article:publisher\" content=\"https:\/\/www.facebook.com\/profile.php?id=61580843453305\" \/>\n<meta property=\"article:modified_time\" content=\"2025-12-01T13:13:26+00:00\" \/>\n<meta property=\"og:image\" content=\"https:\/\/namgt.es\/wp-content\/uploads\/2025\/10\/5aeec6d2-6b60-48c2-bd69-581de7878f18.png\" \/>\n\t<meta property=\"og:image:width\" content=\"257\" \/>\n\t<meta property=\"og:image:height\" content=\"257\" \/>\n\t<meta property=\"og:image:type\" content=\"image\/png\" \/>\n<meta name=\"twitter:card\" content=\"summary_large_image\" \/>\n<meta name=\"twitter:label1\" content=\"Tempo di lettura stimato\" \/>\n\t<meta name=\"twitter:data1\" content=\"1 minuto\" \/>\n<script type=\"application\/ld+json\" class=\"yoast-schema-graph\">{\"@context\":\"https:\\\/\\\/schema.org\",\"@graph\":[{\"@type\":\"WebPage\",\"@id\":\"https:\\\/\\\/namgt.es\\\/producto\\\/asiento\\\/\",\"url\":\"https:\\\/\\\/namgt.es\\\/producto\\\/asiento\\\/\",\"name\":\"Asiento - Namgt\",\"isPartOf\":{\"@id\":\"https:\\\/\\\/namgt.es\\\/#website\"},\"primaryImageOfPage\":{\"@id\":\"https:\\\/\\\/namgt.es\\\/producto\\\/asiento\\\/#primaryimage\"},\"image\":{\"@id\":\"https:\\\/\\\/namgt.es\\\/producto\\\/asiento\\\/#primaryimage\"},\"thumbnailUrl\":\"https:\\\/\\\/namgt.es\\\/wp-content\\\/uploads\\\/2025\\\/10\\\/5aeec6d2-6b60-48c2-bd69-581de7878f18.png\",\"datePublished\":\"2025-10-27T18:52:56+00:00\",\"dateModified\":\"2025-12-01T13:13:26+00:00\",\"description\":\"Mejora tu cockpit con este asiento semibaquet deportivo en cuero PU. Incluye gu\u00edas correderas y respaldo reclinable. Comodidad y realismo para tus carreras.\",\"breadcrumb\":{\"@id\":\"https:\\\/\\\/namgt.es\\\/producto\\\/asiento\\\/#breadcrumb\"},\"inLanguage\":\"it-IT\",\"potentialAction\":[{\"@type\":\"ReadAction\",\"target\":[\"https:\\\/\\\/namgt.es\\\/producto\\\/asiento\\\/\"]}]},{\"@type\":\"ImageObject\",\"inLanguage\":\"it-IT\",\"@id\":\"https:\\\/\\\/namgt.es\\\/producto\\\/asiento\\\/#primaryimage\",\"url\":\"https:\\\/\\\/namgt.es\\\/wp-content\\\/uploads\\\/2025\\\/10\\\/5aeec6d2-6b60-48c2-bd69-581de7878f18.png\",\"contentUrl\":\"https:\\\/\\\/namgt.es\\\/wp-content\\\/uploads\\\/2025\\\/10\\\/5aeec6d2-6b60-48c2-bd69-581de7878f18.png\",\"width\":257,\"height\":257},{\"@type\":\"BreadcrumbList\",\"@id\":\"https:\\\/\\\/namgt.es\\\/producto\\\/asiento\\\/#breadcrumb\",\"itemListElement\":[{\"@type\":\"ListItem\",\"position\":1,\"name\":\"Portada\",\"item\":\"https:\\\/\\\/namgt.es\\\/\"},{\"@type\":\"ListItem\",\"position\":2,\"name\":\"Kits de cockpits\",\"item\":\"https:\\\/\\\/namgt.es\\\/kits-de-cockpits\\\/\"},{\"@type\":\"ListItem\",\"position\":3,\"name\":\"Dxracer cuero PU negro y rojo semibaquet\"}]},{\"@type\":\"WebSite\",\"@id\":\"https:\\\/\\\/namgt.es\\\/#website\",\"url\":\"https:\\\/\\\/namgt.es\\\/\",\"name\":\"Namgt\",\"description\":\"Kits de perfiles de aluminio para montar tu cockpit de simracing\",\"publisher\":{\"@id\":\"https:\\\/\\\/namgt.es\\\/#organization\"},\"potentialAction\":[{\"@type\":\"SearchAction\",\"target\":{\"@type\":\"EntryPoint\",\"urlTemplate\":\"https:\\\/\\\/namgt.es\\\/?s={search_term_string}\"},\"query-input\":{\"@type\":\"PropertyValueSpecification\",\"valueRequired\":true,\"valueName\":\"search_term_string\"}}],\"inLanguage\":\"it-IT\"},{\"@type\":\"Organization\",\"@id\":\"https:\\\/\\\/namgt.es\\\/#organization\",\"name\":\"Namgt\",\"url\":\"https:\\\/\\\/namgt.es\\\/\",\"logo\":{\"@type\":\"ImageObject\",\"inLanguage\":\"it-IT\",\"@id\":\"https:\\\/\\\/namgt.es\\\/#\\\/schema\\\/logo\\\/image\\\/\",\"url\":\"https:\\\/\\\/www.namgt.es\\\/wp-content\\\/uploads\\\/2025\\\/11\\\/logo-sin-fondo.png\",\"contentUrl\":\"https:\\\/\\\/www.namgt.es\\\/wp-content\\\/uploads\\\/2025\\\/11\\\/logo-sin-fondo.png\",\"width\":1024,\"height\":1024,\"caption\":\"Namgt\"},\"image\":{\"@id\":\"https:\\\/\\\/namgt.es\\\/#\\\/schema\\\/logo\\\/image\\\/\"},\"sameAs\":[\"https:\\\/\\\/www.facebook.com\\\/profile.php?id=61580843453305\"]}]}<\/script>\n<!-- \/ Yoast SEO plugin. -->","yoast_head_json":{"title":"Asiento - Namgt","description":"Mejora tu cockpit con este asiento semibaquet deportivo en cuero PU. Incluye gu\u00edas correderas y respaldo reclinable. Comodidad y realismo para tus carreras.","robots":{"index":"index","follow":"follow","max-snippet":"max-snippet:-1","max-image-preview":"max-image-preview:large","max-video-preview":"max-video-preview:-1"},"canonical":"https:\/\/namgt.es\/it\/prodotto\/sedili\/","og_locale":"it_IT","og_type":"article","og_title":"Asiento - Namgt","og_description":"Mejora tu cockpit con este asiento semibaquet deportivo en cuero PU. Incluye gu\u00edas correderas y respaldo reclinable. Comodidad y realismo para tus carreras.","og_url":"https:\/\/namgt.es\/it\/prodotto\/sedili\/","og_site_name":"Namgt","article_publisher":"https:\/\/www.facebook.com\/profile.php?id=61580843453305","article_modified_time":"2025-12-01T13:13:26+00:00","og_image":[{"width":257,"height":257,"url":"https:\/\/namgt.es\/wp-content\/uploads\/2025\/10\/5aeec6d2-6b60-48c2-bd69-581de7878f18.png","type":"image\/png"}],"twitter_card":"summary_large_image","twitter_misc":{"Tempo di lettura stimato":"1 minuto"},"schema":{"@context":"https:\/\/schema.org","@graph":[{"@type":"WebPage","@id":"https:\/\/namgt.es\/producto\/asiento\/","url":"https:\/\/namgt.es\/producto\/asiento\/","name":"Asiento - Namgt","isPartOf":{"@id":"https:\/\/namgt.es\/#website"},"primaryImageOfPage":{"@id":"https:\/\/namgt.es\/producto\/asiento\/#primaryimage"},"image":{"@id":"https:\/\/namgt.es\/producto\/asiento\/#primaryimage"},"thumbnailUrl":"https:\/\/namgt.es\/wp-content\/uploads\/2025\/10\/5aeec6d2-6b60-48c2-bd69-581de7878f18.png","datePublished":"2025-10-27T18:52:56+00:00","dateModified":"2025-12-01T13:13:26+00:00","description":"Mejora tu cockpit con este asiento semibaquet deportivo en cuero PU. Incluye gu\u00edas correderas y respaldo reclinable. Comodidad y realismo para tus carreras.","breadcrumb":{"@id":"https:\/\/namgt.es\/producto\/asiento\/#breadcrumb"},"inLanguage":"it-IT","potentialAction":[{"@type":"ReadAction","target":["https:\/\/namgt.es\/producto\/asiento\/"]}]},{"@type":"ImageObject","inLanguage":"it-IT","@id":"https:\/\/namgt.es\/producto\/asiento\/#primaryimage","url":"https:\/\/namgt.es\/wp-content\/uploads\/2025\/10\/5aeec6d2-6b60-48c2-bd69-581de7878f18.png","contentUrl":"https:\/\/namgt.es\/wp-content\/uploads\/2025\/10\/5aeec6d2-6b60-48c2-bd69-581de7878f18.png","width":257,"height":257},{"@type":"BreadcrumbList","@id":"https:\/\/namgt.es\/producto\/asiento\/#breadcrumb","itemListElement":[{"@type":"ListItem","position":1,"name":"Portada","item":"https:\/\/namgt.es\/"},{"@type":"ListItem","position":2,"name":"Kits de cockpits","item":"https:\/\/namgt.es\/kits-de-cockpits\/"},{"@type":"ListItem","position":3,"name":"Dxracer cuero PU negro y rojo semibaquet"}]},{"@type":"WebSite","@id":"https:\/\/namgt.es\/#website","url":"https:\/\/namgt.es\/","name":"Namgt","description":"Kit di profili in alluminio per assemblare il vostro cockpit da simracing","publisher":{"@id":"https:\/\/namgt.es\/#organization"},"potentialAction":[{"@type":"SearchAction","target":{"@type":"EntryPoint","urlTemplate":"https:\/\/namgt.es\/?s={search_term_string}"},"query-input":{"@type":"PropertyValueSpecification","valueRequired":true,"valueName":"search_term_string"}}],"inLanguage":"it-IT"},{"@type":"Organization","@id":"https:\/\/namgt.es\/#organization","name":"Namgt","url":"https:\/\/namgt.es\/","logo":{"@type":"ImageObject","inLanguage":"it-IT","@id":"https:\/\/namgt.es\/#\/schema\/logo\/image\/","url":"https:\/\/www.namgt.es\/wp-content\/uploads\/2025\/11\/logo-sin-fondo.png","contentUrl":"https:\/\/www.namgt.es\/wp-content\/uploads\/2025\/11\/logo-sin-fondo.png","width":1024,"height":1024,"caption":"Namgt"},"image":{"@id":"https:\/\/namgt.es\/#\/schema\/logo\/image\/"},"sameAs":["https:\/\/www.facebook.com\/profile.php?id=61580843453305"]}]}},"taxonomy_info":{"product_cat":[{"value":30,"label":"Asientos"}]},"featured_image_src_large":["https:\/\/namgt.es\/wp-content\/uploads\/2025\/10\/5aeec6d2-6b60-48c2-bd69-581de7878f18.png",257,257,false],"author_info":[],"comment_info":0,"jetpack_sharing_enabled":true,"_links":{"self":[{"href":"https:\/\/namgt.es\/it\/wp-json\/wp\/v2\/product\/3385","targetHints":{"allow":["GET"]}}],"collection":[{"href":"https:\/\/namgt.es\/it\/wp-json\/wp\/v2\/product"}],"about":[{"href":"https:\/\/namgt.es\/it\/wp-json\/wp\/v2\/types\/product"}],"replies":[{"embeddable":true,"href":"https:\/\/namgt.es\/it\/wp-json\/wp\/v2\/comments?post=3385"}],"wp:featuredmedia":[{"embeddable":true,"href":"https:\/\/namgt.es\/it\/wp-json\/wp\/v2\/media\/3472"}],"wp:attachment":[{"href":"https:\/\/namgt.es\/it\/wp-json\/wp\/v2\/media?parent=3385"}],"wp:term":[{"taxonomy":"product_brand","embeddable":true,"href":"https:\/\/namgt.es\/it\/wp-json\/wp\/v2\/product_brand?post=3385"},{"taxonomy":"product_cat","embeddable":true,"href":"https:\/\/namgt.es\/it\/wp-json\/wp\/v2\/product_cat?post=3385"},{"taxonomy":"product_tag","embeddable":true,"href":"https:\/\/namgt.es\/it\/wp-json\/wp\/v2\/product_tag?post=3385"}],"curies":[{"name":"wp","href":"https:\/\/api.w.org\/{rel}","templated":true}]}}