{"id":3098,"date":"2025-08-11T00:12:15","date_gmt":"2025-08-10T22:12:15","guid":{"rendered":"https:\/\/namgt.es\/?post_type=product&#038;p=3098"},"modified":"2026-05-09T19:55:42","modified_gmt":"2026-05-09T17:55:42","slug":"kit-abitacolo-simracing-gt1","status":"publish","type":"product","link":"https:\/\/namgt.es\/it\/producto\/kit-cockpit-simracing-gt1\/","title":{"rendered":"Kit abitacolo GT1 simracing - Struttura in alluminio"},"content":{"rendered":"<h4 data-start=\"1060\" data-end=\"1124\"><strong data-start=\"1065\" data-end=\"1122\">GT1 - La solida base per la vostra avventura di simulazione di gara<\/strong><\/h4>\n<p data-start=\"1125\" data-end=\"1517\">Il GT1 \u00e8 il nostro cockpit da simulazione pi\u00f9 conveniente ed \u00e8 il punto di partenza perfetto per tutti gli appassionati che vogliono costruire il proprio cockpit da simulazione senza spendere troppo.<br data-start=\"1288\" data-end=\"1291\" \/>Realizzato in <strong data-start=\"1305\" data-end=\"1341\">Profili in alluminio 40\u00d740 mm<\/strong>, Il nuovo sistema offre la rigidit\u00e0 necessaria per supportare qualsiasi cosa, dai volani di base ai sistemi con <strong data-start=\"1427\" data-end=\"1445\">Feedback di forza<\/strong> impegnativo, garantendo un'esperienza di guida stabile e precisa.<\/p>\n<p class=\"p1\"><span class=\"s1\">Questo modello \u00e8 compatibile con il\u00a0 <\/span><a href=\"https:\/\/namgt.es\/asientos\/\"><span class=\"s2\">sedili simracing<\/span><\/a><span class=\"s1\"> disponibili nel nostro negozio.<\/span><\/p>\n<hr data-start=\"1519\" data-end=\"1522\" \/>\n<h4 data-start=\"1524\" data-end=\"1573\"><strong data-start=\"1529\" data-end=\"1571\">Include tutto il necessario per iniziare<\/strong><\/h4>\n<ul data-start=\"1574\" data-end=\"1881\">\n<li data-start=\"1574\" data-end=\"1623\">\n<p data-start=\"1576\" data-end=\"1623\">Profili in alluminio 40\u00d740 tagliati a misura.<\/p>\n<\/li>\n<li data-start=\"1624\" data-end=\"1690\">\n<p data-start=\"1626\" data-end=\"1690\"><strong data-start=\"1626\" data-end=\"1642\">Profilo doppio<\/strong> sul ponte del volano per ottenere la massima rigidit\u00e0.<\/p>\n<\/li>\n<li data-start=\"1691\" data-end=\"1752\">\n<p data-start=\"1693\" data-end=\"1752\">Supporto del pedale <strong data-start=\"1712\" data-end=\"1749\">regolabile in altezza e inclinazione<\/strong>.<\/p>\n<\/li>\n<li data-start=\"1753\" data-end=\"1825\">\n<p data-start=\"1755\" data-end=\"1825\">Staffe in alluminio e viti M8 per un montaggio rapido e sicuro.<\/p>\n<\/li>\n<li data-start=\"1826\" data-end=\"1881\">\n<p data-start=\"1828\" data-end=\"1881\">Coperture per profili, con attenzione all'estetica e alla sicurezza.<\/p>\n<\/li>\n<\/ul>\n<hr data-start=\"1883\" data-end=\"1886\" \/>\n<h4 data-start=\"1888\" data-end=\"1915\"><strong data-start=\"1893\" data-end=\"1913\">Vantaggi del GT1<\/strong><\/h4>\n<ul data-start=\"1916\" data-end=\"2201\">\n<li data-start=\"1916\" data-end=\"1999\">\n<p data-start=\"1918\" data-end=\"1999\"><strong data-start=\"1918\" data-end=\"1936\">Facile da montare:<\/strong> pezzi tagliati, ferramenta inclusa, istruzioni chiare.<\/p>\n<\/li>\n<li data-start=\"2000\" data-end=\"2068\">\n<p data-start=\"2002\" data-end=\"2068\"><strong data-start=\"2002\" data-end=\"2027\">Piena compatibilit\u00e0:<\/strong> Logitech, Thrustmaster, Fanatec e altri ancora.<\/p>\n<\/li>\n<li data-start=\"2069\" data-end=\"2132\">\n<p data-start=\"2071\" data-end=\"2132\"><strong data-start=\"2071\" data-end=\"2085\">Evolutivo:<\/strong> aggiungere rinforzi o accessori ogni volta che lo si desidera.<\/p>\n<\/li>\n<li data-start=\"2133\" data-end=\"2201\">\n<p data-start=\"2135\" data-end=\"2201\"><strong data-start=\"2135\" data-end=\"2156\">Stabilit\u00e0 reale:<\/strong> zero vibrazioni, anche con FFB potenti.<\/p>\n<\/li>\n<\/ul>\n<hr data-start=\"2203\" data-end=\"2206\" \/>\n<h4 data-start=\"2208\" data-end=\"2231\"><strong data-start=\"2213\" data-end=\"2229\">Progettato per<\/strong><\/h4>\n<ul data-start=\"2232\" data-end=\"2470\">\n<li data-start=\"2232\" data-end=\"2308\">\n<p data-start=\"2234\" data-end=\"2308\">Piloti alle prime armi che vogliono una cabina di pilotaggio stabile fin dal primo giorno.<\/p>\n<\/li>\n<li data-start=\"2309\" data-end=\"2390\">\n<p data-start=\"2311\" data-end=\"2390\">Simracers che apprezzano la qualit\u00e0 dell'alluminio e la precisione in ogni gara.<\/p>\n<\/li>\n<li data-start=\"2391\" data-end=\"2470\">\n<p data-start=\"2393\" data-end=\"2470\">Chi cerca una base solida, con possibilit\u00e0 di espansione futura.<\/p>\n<\/li>\n<\/ul>","protected":false},"excerpt":{"rendered":"<p>Costruite la vostra cabina di pilotaggio per il simracing con l'applicazione <strong data-start=\"626\" data-end=\"633\">GT1<\/strong>, Il kit di profili in alluminio 40\u00d740 \u00e8 robusto, stabile e facile da montare.<br \/>\nInclude un doppio ponte del volante rinforzato e un supporto per i pedali regolabile in altezza e inclinazione, per trovare la posizione perfetta fin dal primo giorno.<br \/>\nGodetevi il <strong data-start=\"893\" data-end=\"929\">senso di controllo e precisione<\/strong> ad ogni angolo, con una struttura pronta ad accompagnarvi in anni di corse virtuali.<br \/>\n<strong>Misure: 1,49 m di lunghezza x 0,60 m di larghezza<\/strong>, Per altre dimensioni, contattateci.<\/p>\n<p>\u2705 Disponibile in <strong>colore Alluminio<\/strong> o finito <strong>Nero opaco <\/strong><\/p>\n<p>\u26a0\ufe0f <strong data-start=\"131\" data-end=\"146\">Importante:<\/strong> Le immagini del prodotto sono solo a scopo illustrativo. Il kit comprende solo i profili e i raccordi in alluminio illustrati. Sedile, volante, pedali e base non sono inclusi.<\/p>","protected":false},"featured_media":3457,"comment_status":"open","ping_status":"closed","template":"","meta":{"_kad_blocks_custom_css":"","_kad_blocks_head_custom_js":"","_kad_blocks_body_custom_js":"","_kad_blocks_footer_custom_js":"","_kadence_starter_templates_imported_post":false,"_kad_post_transparent":"default","_kad_post_title":"","_kad_post_layout":"default","_kad_post_sidebar_id":"","_kad_post_content_style":"default","_kad_post_vertical_padding":"default","_kad_post_feature":"","_kad_post_feature_position":"","_kad_post_header":false,"_kad_post_footer":false,"_kad_post_classname":""},"product_brand":[],"product_cat":[28,27],"product_tag":[36,38,39,37,40],"class_list":{"0":"post-3098","1":"product","2":"type-product","3":"status-publish","4":"has-post-thumbnail","6":"product_cat-accesorios","7":"product_cat-kits-de-cockpits","8":"product_tag-gt1","9":"product_tag-gt1-soporte-monitor","10":"product_tag-gt1-soporte-pc","11":"product_tag-gt1-basico","12":"product_tag-gt1-completo","13":"product_shipping_class-cockpits","15":"first","16":"instock","17":"sale","18":"taxable","19":"shipping-taxable","20":"purchasable","21":"product-type-variable","22":"entry","23":"content-bg","24":"loop-entry"},"supplier_id":null,"supplier_sku":"","barcode":null,"atum_controlled":true,"out_stock_date":"2026-05-09 19:50:39","out_stock_threshold":null,"inheritable":true,"inbound_stock":0,"stock_on_hold":1,"sold_today":0,"sales_last_days":3,"reserved_stock":0,"customer_returns":0,"warehouse_damage":0,"lost_in_post":0,"other_logs":0,"out_stock_days":0,"lost_sales":0,"has_location":false,"update_date":"2026-05-10T14:41:30","atum_locations":[],"atum_stock_status":"instock","restock_status":false,"low_stock_amount":"","sales_update_date":"2026-05-10T00:06:49","calc_backorders":null,"linked_bom":[],"sync_purchase_price":false,"bom_sellable":null,"minimum_threshold":null,"available_to_purchase":null,"selling_priority":null,"calculated_stock":null,"is_bom":false,"yoast_head":"<!-- This site is optimized with the Yoast SEO plugin v27.5 - https:\/\/yoast.com\/product\/yoast-seo-wordpress\/ -->\n<title>Cockpit Simracing NaM GT1: Estructura completa de Aluminio<\/title>\n<meta name=\"description\" content=\"Kit Cockpit Simracing GT1. Estructura de Aluminio de maxima calidad con dise\u00f1o limpio y compacto. Mejora tu conducci\u00f3n hoy mismo. Envio 24\/48 Hs.\" \/>\n<meta name=\"robots\" content=\"index, follow, max-snippet:-1, max-image-preview:large, max-video-preview:-1\" \/>\n<link rel=\"canonical\" href=\"https:\/\/namgt.es\/it\/prodotto\/kit-abitacolo-simracing-gt1\/\" \/>\n<meta property=\"og:locale\" content=\"it_IT\" \/>\n<meta property=\"og:type\" content=\"article\" \/>\n<meta property=\"og:title\" content=\"Cockpit Simracing NaM GT1: Estructura completa de Aluminio\" \/>\n<meta property=\"og:description\" content=\"Kit Cockpit Simracing GT1. Estructura de Aluminio de maxima calidad con dise\u00f1o limpio y compacto. Mejora tu conducci\u00f3n hoy mismo. Envio 24\/48 Hs.\" \/>\n<meta property=\"og:url\" content=\"https:\/\/namgt.es\/it\/prodotto\/kit-abitacolo-simracing-gt1\/\" \/>\n<meta property=\"og:site_name\" content=\"Namgt\" \/>\n<meta property=\"article:publisher\" content=\"https:\/\/www.facebook.com\/profile.php?id=61580843453305\" \/>\n<meta property=\"article:modified_time\" content=\"2026-05-09T17:55:42+00:00\" \/>\n<meta property=\"og:image\" content=\"https:\/\/namgt.es\/wp-content\/uploads\/2025\/08\/gt1-pantalla-pc.jpg\" \/>\n\t<meta property=\"og:image:width\" content=\"1280\" \/>\n\t<meta property=\"og:image:height\" content=\"853\" \/>\n\t<meta property=\"og:image:type\" content=\"image\/jpeg\" \/>\n<meta name=\"twitter:card\" content=\"summary_large_image\" \/>\n<meta name=\"twitter:label1\" content=\"Tempo di lettura stimato\" \/>\n\t<meta name=\"twitter:data1\" content=\"2 minuti\" \/>\n<script type=\"application\/ld+json\" class=\"yoast-schema-graph\">{\"@context\":\"https:\\\/\\\/schema.org\",\"@graph\":[{\"@type\":\"WebPage\",\"@id\":\"https:\\\/\\\/namgt.es\\\/producto\\\/kit-cockpit-simracing-gt1\\\/\",\"url\":\"https:\\\/\\\/namgt.es\\\/producto\\\/kit-cockpit-simracing-gt1\\\/\",\"name\":\"Cockpit Simracing NaM GT1: Estructura completa de Aluminio\",\"isPartOf\":{\"@id\":\"https:\\\/\\\/namgt.es\\\/#website\"},\"primaryImageOfPage\":{\"@id\":\"https:\\\/\\\/namgt.es\\\/producto\\\/kit-cockpit-simracing-gt1\\\/#primaryimage\"},\"image\":{\"@id\":\"https:\\\/\\\/namgt.es\\\/producto\\\/kit-cockpit-simracing-gt1\\\/#primaryimage\"},\"thumbnailUrl\":\"https:\\\/\\\/namgt.es\\\/wp-content\\\/uploads\\\/2025\\\/08\\\/gt1-pantalla-pc.jpg\",\"datePublished\":\"2025-08-10T22:12:15+00:00\",\"dateModified\":\"2026-05-09T17:55:42+00:00\",\"description\":\"Kit Cockpit Simracing GT1. Estructura de Aluminio de maxima calidad con dise\u00f1o limpio y compacto. Mejora tu conducci\u00f3n hoy mismo. Envio 24\\\/48 Hs.\",\"breadcrumb\":{\"@id\":\"https:\\\/\\\/namgt.es\\\/producto\\\/kit-cockpit-simracing-gt1\\\/#breadcrumb\"},\"inLanguage\":\"it-IT\",\"potentialAction\":[{\"@type\":\"ReadAction\",\"target\":[\"https:\\\/\\\/namgt.es\\\/producto\\\/kit-cockpit-simracing-gt1\\\/\"]}]},{\"@type\":\"ImageObject\",\"inLanguage\":\"it-IT\",\"@id\":\"https:\\\/\\\/namgt.es\\\/producto\\\/kit-cockpit-simracing-gt1\\\/#primaryimage\",\"url\":\"https:\\\/\\\/namgt.es\\\/wp-content\\\/uploads\\\/2025\\\/08\\\/gt1-pantalla-pc.jpg\",\"contentUrl\":\"https:\\\/\\\/namgt.es\\\/wp-content\\\/uploads\\\/2025\\\/08\\\/gt1-pantalla-pc.jpg\",\"width\":1280,\"height\":853},{\"@type\":\"BreadcrumbList\",\"@id\":\"https:\\\/\\\/namgt.es\\\/producto\\\/kit-cockpit-simracing-gt1\\\/#breadcrumb\",\"itemListElement\":[{\"@type\":\"ListItem\",\"position\":1,\"name\":\"Portada\",\"item\":\"https:\\\/\\\/namgt.es\\\/\"},{\"@type\":\"ListItem\",\"position\":2,\"name\":\"Kits de cockpits\",\"item\":\"https:\\\/\\\/namgt.es\\\/kits-de-cockpits\\\/\"},{\"@type\":\"ListItem\",\"position\":3,\"name\":\"Kit cockpit simracing GT1 \u2013 Estructura de aluminio\"}]},{\"@type\":\"WebSite\",\"@id\":\"https:\\\/\\\/namgt.es\\\/#website\",\"url\":\"https:\\\/\\\/namgt.es\\\/\",\"name\":\"Namgt\",\"description\":\"Kits de perfiles de aluminio para montar tu cockpit de simracing\",\"publisher\":{\"@id\":\"https:\\\/\\\/namgt.es\\\/#organization\"},\"potentialAction\":[{\"@type\":\"SearchAction\",\"target\":{\"@type\":\"EntryPoint\",\"urlTemplate\":\"https:\\\/\\\/namgt.es\\\/?s={search_term_string}\"},\"query-input\":{\"@type\":\"PropertyValueSpecification\",\"valueRequired\":true,\"valueName\":\"search_term_string\"}}],\"inLanguage\":\"it-IT\"},{\"@type\":\"Organization\",\"@id\":\"https:\\\/\\\/namgt.es\\\/#organization\",\"name\":\"Namgt\",\"url\":\"https:\\\/\\\/namgt.es\\\/\",\"logo\":{\"@type\":\"ImageObject\",\"inLanguage\":\"it-IT\",\"@id\":\"https:\\\/\\\/namgt.es\\\/#\\\/schema\\\/logo\\\/image\\\/\",\"url\":\"https:\\\/\\\/www.namgt.es\\\/wp-content\\\/uploads\\\/2025\\\/11\\\/logo-sin-fondo.png\",\"contentUrl\":\"https:\\\/\\\/www.namgt.es\\\/wp-content\\\/uploads\\\/2025\\\/11\\\/logo-sin-fondo.png\",\"width\":1024,\"height\":1024,\"caption\":\"Namgt\"},\"image\":{\"@id\":\"https:\\\/\\\/namgt.es\\\/#\\\/schema\\\/logo\\\/image\\\/\"},\"sameAs\":[\"https:\\\/\\\/www.facebook.com\\\/profile.php?id=61580843453305\"]}]}<\/script>\n<!-- \/ Yoast SEO plugin. -->","yoast_head_json":{"title":"Cockpit NaM GT1 Simracing: Telaio completamente in alluminio","description":"Kit abitacolo GT1 Simracing. Struttura in alluminio di alta qualit\u00e0 con un design pulito e compatto. Migliorate la vostra guida oggi stesso. Spedizione 24\/48 ore.","robots":{"index":"index","follow":"follow","max-snippet":"max-snippet:-1","max-image-preview":"max-image-preview:large","max-video-preview":"max-video-preview:-1"},"canonical":"https:\/\/namgt.es\/it\/prodotto\/kit-abitacolo-simracing-gt1\/","og_locale":"it_IT","og_type":"article","og_title":"Cockpit Simracing NaM GT1: Estructura completa de Aluminio","og_description":"Kit Cockpit Simracing GT1. Estructura de Aluminio de maxima calidad con dise\u00f1o limpio y compacto. Mejora tu conducci\u00f3n hoy mismo. Envio 24\/48 Hs.","og_url":"https:\/\/namgt.es\/it\/prodotto\/kit-abitacolo-simracing-gt1\/","og_site_name":"Namgt","article_publisher":"https:\/\/www.facebook.com\/profile.php?id=61580843453305","article_modified_time":"2026-05-09T17:55:42+00:00","og_image":[{"width":1280,"height":853,"url":"https:\/\/namgt.es\/wp-content\/uploads\/2025\/08\/gt1-pantalla-pc.jpg","type":"image\/jpeg"}],"twitter_card":"summary_large_image","twitter_misc":{"Tempo di lettura stimato":"2 minuti"},"schema":{"@context":"https:\/\/schema.org","@graph":[{"@type":"WebPage","@id":"https:\/\/namgt.es\/producto\/kit-cockpit-simracing-gt1\/","url":"https:\/\/namgt.es\/producto\/kit-cockpit-simracing-gt1\/","name":"Cockpit NaM GT1 Simracing: Telaio completamente in alluminio","isPartOf":{"@id":"https:\/\/namgt.es\/#website"},"primaryImageOfPage":{"@id":"https:\/\/namgt.es\/producto\/kit-cockpit-simracing-gt1\/#primaryimage"},"image":{"@id":"https:\/\/namgt.es\/producto\/kit-cockpit-simracing-gt1\/#primaryimage"},"thumbnailUrl":"https:\/\/namgt.es\/wp-content\/uploads\/2025\/08\/gt1-pantalla-pc.jpg","datePublished":"2025-08-10T22:12:15+00:00","dateModified":"2026-05-09T17:55:42+00:00","description":"Kit abitacolo GT1 Simracing. Struttura in alluminio di alta qualit\u00e0 con un design pulito e compatto. Migliorate la vostra guida oggi stesso. Spedizione 24\/48 ore.","breadcrumb":{"@id":"https:\/\/namgt.es\/producto\/kit-cockpit-simracing-gt1\/#breadcrumb"},"inLanguage":"it-IT","potentialAction":[{"@type":"ReadAction","target":["https:\/\/namgt.es\/producto\/kit-cockpit-simracing-gt1\/"]}]},{"@type":"ImageObject","inLanguage":"it-IT","@id":"https:\/\/namgt.es\/producto\/kit-cockpit-simracing-gt1\/#primaryimage","url":"https:\/\/namgt.es\/wp-content\/uploads\/2025\/08\/gt1-pantalla-pc.jpg","contentUrl":"https:\/\/namgt.es\/wp-content\/uploads\/2025\/08\/gt1-pantalla-pc.jpg","width":1280,"height":853},{"@type":"BreadcrumbList","@id":"https:\/\/namgt.es\/producto\/kit-cockpit-simracing-gt1\/#breadcrumb","itemListElement":[{"@type":"ListItem","position":1,"name":"Portada","item":"https:\/\/namgt.es\/"},{"@type":"ListItem","position":2,"name":"Kits de cockpits","item":"https:\/\/namgt.es\/kits-de-cockpits\/"},{"@type":"ListItem","position":3,"name":"Kit cockpit simracing GT1 \u2013 Estructura de aluminio"}]},{"@type":"WebSite","@id":"https:\/\/namgt.es\/#website","url":"https:\/\/namgt.es\/","name":"Namgt","description":"Kit di profili in alluminio per assemblare il vostro cockpit da simracing","publisher":{"@id":"https:\/\/namgt.es\/#organization"},"potentialAction":[{"@type":"SearchAction","target":{"@type":"EntryPoint","urlTemplate":"https:\/\/namgt.es\/?s={search_term_string}"},"query-input":{"@type":"PropertyValueSpecification","valueRequired":true,"valueName":"search_term_string"}}],"inLanguage":"it-IT"},{"@type":"Organization","@id":"https:\/\/namgt.es\/#organization","name":"Namgt","url":"https:\/\/namgt.es\/","logo":{"@type":"ImageObject","inLanguage":"it-IT","@id":"https:\/\/namgt.es\/#\/schema\/logo\/image\/","url":"https:\/\/www.namgt.es\/wp-content\/uploads\/2025\/11\/logo-sin-fondo.png","contentUrl":"https:\/\/www.namgt.es\/wp-content\/uploads\/2025\/11\/logo-sin-fondo.png","width":1024,"height":1024,"caption":"Namgt"},"image":{"@id":"https:\/\/namgt.es\/#\/schema\/logo\/image\/"},"sameAs":["https:\/\/www.facebook.com\/profile.php?id=61580843453305"]}]}},"taxonomy_info":{"product_cat":[{"value":28,"label":"Accesorios"},{"value":27,"label":"Kits de cockpits"}],"product_tag":[{"value":36,"label":"Gt1"},{"value":38,"label":"Gt1 + soporte monitor"},{"value":39,"label":"Gt1 + soporte pc"},{"value":37,"label":"Gt1 basico"},{"value":40,"label":"Gt1 completo"}]},"featured_image_src_large":["https:\/\/namgt.es\/wp-content\/uploads\/2025\/08\/gt1-pantalla-pc-1024x682.jpg",1024,682,true],"author_info":[],"comment_info":24,"jetpack_sharing_enabled":true,"_links":{"self":[{"href":"https:\/\/namgt.es\/it\/wp-json\/wp\/v2\/product\/3098","targetHints":{"allow":["GET"]}}],"collection":[{"href":"https:\/\/namgt.es\/it\/wp-json\/wp\/v2\/product"}],"about":[{"href":"https:\/\/namgt.es\/it\/wp-json\/wp\/v2\/types\/product"}],"replies":[{"embeddable":true,"href":"https:\/\/namgt.es\/it\/wp-json\/wp\/v2\/comments?post=3098"}],"wp:featuredmedia":[{"embeddable":true,"href":"https:\/\/namgt.es\/it\/wp-json\/wp\/v2\/media\/3457"}],"wp:attachment":[{"href":"https:\/\/namgt.es\/it\/wp-json\/wp\/v2\/media?parent=3098"}],"wp:term":[{"taxonomy":"product_brand","embeddable":true,"href":"https:\/\/namgt.es\/it\/wp-json\/wp\/v2\/product_brand?post=3098"},{"taxonomy":"product_cat","embeddable":true,"href":"https:\/\/namgt.es\/it\/wp-json\/wp\/v2\/product_cat?post=3098"},{"taxonomy":"product_tag","embeddable":true,"href":"https:\/\/namgt.es\/it\/wp-json\/wp\/v2\/product_tag?post=3098"}],"curies":[{"name":"wp","href":"https:\/\/api.w.org\/{rel}","templated":true}]}}