{"id":4514,"date":"2026-04-08T22:41:56","date_gmt":"2026-04-08T20:41:56","guid":{"rendered":"https:\/\/namgt.es\/producto\/volante-tsw-de-camion-moza\/"},"modified":"2026-04-19T10:43:04","modified_gmt":"2026-04-19T08:43:04","slug":"volante-tsw-de-camion-moza","status":"publish","type":"product","link":"https:\/\/namgt.es\/fr\/producto\/volante-tsw-de-camion-moza\/","title":{"rendered":"Volante TSW de Cami\u00f3n MOZA"},"content":{"rendered":"<\/p>\n<div class=\"rte product_description\">\n<h2 data-start=\"122\" data-end=\"196\">MOZA TSW Truck Wheel \u2013 Realismo y robustez para simulaci\u00f3n de camiones<\/h2>\n<p data-start=\"198\" data-end=\"648\">Le <strong data-start=\"201\" data-end=\"213\">MOZA TSW<\/strong> es el primer volante dise\u00f1ado espec\u00edficamente para simuladores de camiones. Con su dise\u00f1o cl\u00e1sico de <strong data-start=\"315\" data-end=\"332\">cuatro radios<\/strong> y un aro de <strong data-start=\"345\" data-end=\"367\">400 mm de di\u00e1metro<\/strong>, ofrece una experiencia de conducci\u00f3n aut\u00e9ntica y envolvente. Fabricado con <strong data-start=\"444\" data-end=\"477\">aluminio de grado aeron\u00e1utico<\/strong>, recubierto de <strong data-start=\"493\" data-end=\"527\">cuero microfibra cosido a mano<\/strong> y equipado con <strong data-start=\"543\" data-end=\"574\">botones RGB retroiluminados<\/strong>, es la herramienta definitiva para los entusiastas del transporte pesado.<\/p>\n<h3 data-start=\"655\" data-end=\"680\">Caracter\u00edsticas clave<\/h3>\n<ul data-start=\"682\" data-end=\"1700\">\n<li data-start=\"682\" data-end=\"771\">\n<strong data-start=\"686\" data-end=\"717\">Di\u00e1metro realista de 400\u202fmm<\/strong>: igual al de camiones reales, con dise\u00f1o de 4 radios.<\/li>\n<li data-start=\"772\" data-end=\"890\">\n<strong data-start=\"777\" data-end=\"816\">Estructura de aluminio aeroespacial<\/strong>:<\/p>\n<ul data-start=\"820\" data-end=\"890\">\n<li data-start=\"820\" data-end=\"855\">Chasis interno de 4\u202fmm de grosor.<\/li>\n<li data-start=\"858\" data-end=\"890\">Resistente, r\u00edgido y duradero.<\/li>\n<\/ul>\n<\/li>\n<li data-start=\"891\" data-end=\"1087\">\n<strong data-start=\"896\" data-end=\"930\">14 botones retroiluminados RGB<\/strong>:<\/p>\n<ul data-start=\"934\" data-end=\"1087\">\n<li data-start=\"934\" data-end=\"1009\">Tacto mec\u00e1nico, recorrido corto y 16.7 millones de colores configurables.<\/li>\n<li data-start=\"1012\" data-end=\"1087\">Iconograf\u00eda espec\u00edfica para simulaci\u00f3n de camiones + pegatinas incluidas.<\/li>\n<\/ul>\n<\/li>\n<li data-start=\"1088\" data-end=\"1218\">\n<strong data-start=\"1093\" data-end=\"1156\">2 joysticks ultra delgados + 2 ruedas de pulgar en aluminio<\/strong>:<\/p>\n<ul data-start=\"1160\" data-end=\"1218\">\n<li data-start=\"1160\" data-end=\"1218\">Navegaci\u00f3n y ajustes r\u00e1pidos con gran precisi\u00f3n t\u00e1ctica.<\/li>\n<\/ul>\n<\/li>\n<li data-start=\"1219\" data-end=\"1340\">\n<strong data-start=\"1224\" data-end=\"1276\">10 LEDs RGB para indicador de RPM o se\u00f1alizaci\u00f3n<\/strong>:<\/p>\n<ul data-start=\"1280\" data-end=\"1340\">\n<li data-start=\"1280\" data-end=\"1340\">Personalizaci\u00f3n completa mediante software MOZA Pit House.<\/li>\n<\/ul>\n<\/li>\n<li data-start=\"1341\" data-end=\"1472\">\n<strong data-start=\"1346\" data-end=\"1386\">Sistema de Quick Release de aluminio<\/strong>:<\/p>\n<ul data-start=\"1390\" data-end=\"1472\">\n<li data-start=\"1390\" data-end=\"1428\">Compatible con todas las bases MOZA.<\/li>\n<li data-start=\"1431\" data-end=\"1472\">Permite intercambios r\u00e1pidos y seguros.<\/li>\n<\/ul>\n<\/li>\n<li data-start=\"1473\" data-end=\"1700\">\n<strong data-start=\"1478\" data-end=\"1506\">Compatibilidad universal<\/strong>:<\/p>\n<ul data-start=\"1510\" data-end=\"1700\">\n<li data-start=\"1510\" data-end=\"1557\">Compatible con todas las bases MOZA actuales.<\/li>\n<li data-start=\"1560\" data-end=\"1633\">Compatible con bases de terceros mediante adaptador MOZA Universal Hub.<\/li>\n<li data-start=\"1636\" data-end=\"1700\">Comunicaci\u00f3n v\u00eda inal\u00e1mbrica o anillo de contacto (slip ring).<\/li>\n<\/ul>\n<\/li>\n<\/ul>\n<h3 data-start=\"1707\" data-end=\"1743\">Construcci\u00f3n de nivel industrial<\/h3>\n<ul data-start=\"1745\" data-end=\"2108\">\n<li data-start=\"1745\" data-end=\"1813\">\n<strong data-start=\"1750\" data-end=\"1812\">Chasis reforzado con acero de alta resistencia de 4 a 6\u202fmm<\/strong>.<\/li>\n<li data-start=\"1814\" data-end=\"1960\">\n<strong data-start=\"1819\" data-end=\"1839\">Montaje vers\u00e1til<\/strong>:<\/p>\n<ul data-start=\"1843\" data-end=\"1960\">\n<li data-start=\"1843\" data-end=\"1874\">Ajuste de \u00e1ngulo de 0\u00b0 a 75\u00b0.<\/li>\n<li data-start=\"1877\" data-end=\"1960\">Fijaci\u00f3n por abrazadera (3\u201370\u202fmm de grosor) o montaje sobre perfiles de aluminio.<\/li>\n<\/ul>\n<\/li>\n<li data-start=\"1961\" data-end=\"2108\">\n<strong data-start=\"1966\" data-end=\"1993\">Durabilidad garantizada<\/strong>:<\/p>\n<ul data-start=\"1997\" data-end=\"2108\">\n<li data-start=\"1997\" data-end=\"2108\">Todos los botones y el cuerpo del volante han superado pruebas de resistencia con m\u00e1s de un mill\u00f3n de ciclos.<\/li>\n<\/ul>\n<\/li>\n<\/ul>\n<h3 data-start=\"2115\" data-end=\"2144\">Especificaciones t\u00e9cnicas<\/h3>\n<div class=\"_tableContainer_sk2ct_1\">\n<div class=\"_tableWrapper_sk2ct_13 group flex w-fit flex-col-reverse\">\n<table data-start=\"2146\" data-end=\"3362\" class=\"w-fit min-w-(--thread-content-width)\">\n<thead data-start=\"2146\" data-end=\"2228\">\n<tr data-start=\"2146\" data-end=\"2228\">\n<th data-start=\"2146\" data-end=\"2180\" data-col-size=\"sm\">Especificaci\u00f3n<\/th>\n<th data-start=\"2180\" data-end=\"2228\" data-col-size=\"md\">Detalle<\/th>\n<\/tr>\n<\/thead>\n<tbody data-start=\"2310\" data-end=\"3362\">\n<tr data-start=\"2310\" data-end=\"2390\">\n<td data-start=\"2310\" data-end=\"2342\" data-col-size=\"sm\">Tama\u00f1o<\/td>\n<td data-col-size=\"md\" data-start=\"2342\" data-end=\"2390\">400 mm (est\u00e1ndar en camiones reales)<\/td>\n<\/tr>\n<tr data-start=\"2391\" data-end=\"2471\">\n<td data-start=\"2391\" data-end=\"2423\" data-col-size=\"sm\">Material del aro<\/td>\n<td data-col-size=\"md\" data-start=\"2423\" data-end=\"2471\">Aluminio de grado aeron\u00e1utico<\/td>\n<\/tr>\n<tr data-start=\"2472\" data-end=\"2552\">\n<td data-start=\"2472\" data-end=\"2504\" data-col-size=\"sm\">Estructura interior<\/td>\n<td data-col-size=\"md\" data-start=\"2504\" data-end=\"2552\">Acero de alta resistencia (4\u20136 mm)<\/td>\n<\/tr>\n<tr data-start=\"2553\" data-end=\"2633\">\n<td data-start=\"2553\" data-end=\"2585\" data-col-size=\"sm\">Material del cuerpo central<\/td>\n<td data-col-size=\"md\" data-start=\"2585\" data-end=\"2633\">Pol\u00edmero compuesto reforzado<\/td>\n<\/tr>\n<tr data-start=\"2634\" data-end=\"2714\">\n<td data-start=\"2634\" data-end=\"2666\" data-col-size=\"sm\">Botones<\/td>\n<td data-col-size=\"md\" data-start=\"2666\" data-end=\"2714\">14 botones mec\u00e1nicos retroiluminados RGB<\/td>\n<\/tr>\n<tr data-start=\"2715\" data-end=\"2795\">\n<td data-start=\"2715\" data-end=\"2747\" data-col-size=\"sm\">Ruedas de pulgar<\/td>\n<td data-col-size=\"md\" data-start=\"2747\" data-end=\"2795\">2 (aluminio)<\/td>\n<\/tr>\n<tr data-start=\"2796\" data-end=\"2876\">\n<td data-start=\"2796\" data-end=\"2828\" data-col-size=\"sm\">Joysticks<\/td>\n<td data-col-size=\"md\" data-start=\"2828\" data-end=\"2876\">2 (ultrafinos, con funci\u00f3n D-Pad)<\/td>\n<\/tr>\n<tr data-start=\"2877\" data-end=\"2957\">\n<td data-start=\"2877\" data-end=\"2909\" data-col-size=\"sm\">LEDs<\/td>\n<td data-col-size=\"md\" data-start=\"2909\" data-end=\"2957\">10 (RGB, 16.7 millones de colores)<\/td>\n<\/tr>\n<tr data-start=\"2958\" data-end=\"3038\">\n<td data-start=\"2958\" data-end=\"2990\" data-col-size=\"sm\">Comunicaci\u00f3n<\/td>\n<td data-col-size=\"md\" data-start=\"2990\" data-end=\"3038\">Inal\u00e1mbrica \/ Slip ring<\/td>\n<\/tr>\n<tr data-start=\"3039\" data-end=\"3119\">\n<td data-start=\"3039\" data-end=\"3071\" data-col-size=\"sm\">Quick Release<\/td>\n<td data-col-size=\"md\" data-start=\"3071\" data-end=\"3119\">Aluminio, estilo competici\u00f3n<\/td>\n<\/tr>\n<tr data-start=\"3120\" data-end=\"3200\">\n<td data-start=\"3120\" data-end=\"3152\" data-col-size=\"sm\">Compatibilidad<\/td>\n<td data-col-size=\"md\" data-start=\"3152\" data-end=\"3200\">MOZA bases + bases de terceros v\u00eda adaptador<\/td>\n<\/tr>\n<tr data-start=\"3201\" data-end=\"3281\">\n<td data-start=\"3201\" data-end=\"3233\" data-col-size=\"sm\">Soporte Pit House<\/td>\n<td data-col-size=\"md\" data-start=\"3233\" data-end=\"3281\">S\u00ed<\/td>\n<\/tr>\n<tr data-start=\"3282\" data-end=\"3362\">\n<td data-start=\"3282\" data-end=\"3314\" data-col-size=\"sm\">Soporte para cami\u00f3n<\/td>\n<td data-col-size=\"md\" data-start=\"3314\" data-end=\"3362\">Opcional<\/td>\n<\/tr>\n<\/tbody>\n<\/table>\n<\/div>\n<\/div>\n<h3 data-start=\"3369\" data-end=\"3399\">Ll\u00e9valo al siguiente nivel<\/h3>\n<p data-start=\"3401\" data-end=\"3662\">Convierte tu setup en una aut\u00e9ntica cabina de cami\u00f3n con el volante m\u00e1s completo y realista del mercado.<br data-start=\"3505\" data-end=\"3508\"><strong data-start=\"3508\" data-end=\"3595\">Siente el peso, controla cada marcha y sum\u00e9rgete en la simulaci\u00f3n como nunca antes.<\/strong><br data-start=\"3595\" data-end=\"3598\">\ud83d\udc49 <strong data-start=\"3601\" data-end=\"3662\">Hazte con el MOZA TSW y marca la diferencia en cada ruta.<\/strong><\/p>\n<p><em>Nota: Se incluye Volante TSW y opcionalmente el soporte vertical seg\u00fan opci\u00f3n escogida. No se incluye la Base, las im\u00e1genes son meramente ilustrativas.<\/em><\/p>\n<\/p><\/div>\n<p>moza_tsw_truck_wheel-1_fedefdfa-38e1-4be8-b9f7-8ac37631df88_1800x1800-webpv1755592075.jpgmoza-tsw-truck-wheel-04_1800x1800-webpv1755592075.jpgmoza-tsw-truck-wheel-03_1800x1800-webpv1755592075.jpgmoza-tsw-truck-wheel-05_1800x1800-webpv1755592075.jpgmoza-tsw-truck-wheel-07_1800x1800-webpv1755592075.jpgvolante-truck-camion-moza-simufy_1_1800x1800-jpgv1755592075.jpgvolante-truck-camion-moza-simufy_3_1800x1800-pngv1755592075.pngvolante-truck-camion-moza-simufy_4_1800x1800-pngv1755592075.pngvolante-truck-camion-moza-simufy_2_1800x1800-pngv1755592075.pngsoporte-vertical-clamp-cabina-camion-truck-moza-simufy_4_1800x1800-jpgv1755592075.jpgvolante-truck-camion-moza-simufy_5_1800x1800-pngv1755592075.pngsoporte-vertical-clamp-cabina-camion-truck-moza-simufy_5_1800x1800-jpgv1755592075.jpgsoporte-vertical-clamp-cabina-camion-truck-moza-simufy_1_1800x1800-jpgv1755592075.jpgsoporte-vertical-clamp-cabina-camion-truck-moza-simufy_2_1800x1800-jpgv1755592075.jpgsoporte-vertical-clamp-cabina-camion-truck-moza-simufy_3_1800x1800-jpgv1755592075.jpgmozaracing_truckwheel_editedphotos-3_1800x1800-jpgv1755592075.jpgmozaracing_truckwheel_editedphotos-27_1800x1800-jpgv1755592075.jpgmozaracing_truckwheel_editedphotos-10_1800x1800-jpgv1755592075.jpgmozaracing_truckwheel_editedphotos-34_1800x1800-jpgv1755592075.jpgtsw_1_1800x1800-jpgv1755592075.jpg<\/p>","protected":false},"excerpt":{"rendered":"<p>MOZA TSW Truck Wheel \u2013 Realismo y robustez para simulaci\u00f3n de camiones El MOZA TSW es el primer volante dise\u00f1ado espec\u00edficamente para simuladores de camiones. Con su dise\u00f1o cl\u00e1sico de cuatro radios y un aro de 400 mm de di\u00e1metro, ofrece una experiencia de conducci\u00f3n aut\u00e9ntica y envolvente. Fabricado con aluminio de grado aeron\u00e1utico, recubierto&#8230;<\/p>","protected":false},"featured_media":6153,"comment_status":"closed","ping_status":"closed","template":"","meta":{"_kad_blocks_custom_css":"","_kad_blocks_head_custom_js":"","_kad_blocks_body_custom_js":"","_kad_blocks_footer_custom_js":"","_kadence_starter_templates_imported_post":false,"_kad_post_transparent":"","_kad_post_title":"","_kad_post_layout":"","_kad_post_sidebar_id":"","_kad_post_content_style":"","_kad_post_vertical_padding":"","_kad_post_feature":"","_kad_post_feature_position":"","_kad_post_header":false,"_kad_post_footer":false,"_kad_post_classname":""},"product_brand":[],"product_cat":[66],"product_tag":[],"class_list":{"0":"post-4514","1":"product","2":"type-product","3":"status-publish","4":"has-post-thumbnail","6":"product_cat-volantes","8":"first","9":"instock","10":"sale","11":"taxable","12":"shipping-taxable","13":"purchasable","14":"product-type-simple","15":"entry","16":"content-bg","17":"loop-entry"},"yoast_head":"<!-- This site is optimized with the Yoast SEO plugin v27.3 - https:\/\/yoast.com\/product\/yoast-seo-wordpress\/ -->\n<title>Volante TSW de Cami\u00f3n MOZA - Namgt<\/title>\n<meta name=\"robots\" content=\"index, follow, max-snippet:-1, max-image-preview:large, max-video-preview:-1\" \/>\n<link rel=\"canonical\" href=\"https:\/\/namgt.es\/fr\/produit\/volante-tsw-de-camion-moza\/\" \/>\n<meta property=\"og:locale\" content=\"fr_FR\" \/>\n<meta property=\"og:type\" content=\"article\" \/>\n<meta property=\"og:title\" content=\"Volante TSW de Cami\u00f3n MOZA - Namgt\" \/>\n<meta property=\"og:description\" content=\"MOZA TSW Truck Wheel \u2013 Realismo y robustez para simulaci\u00f3n de camiones El MOZA TSW es el primer volante dise\u00f1ado espec\u00edficamente para simuladores de camiones. Con su dise\u00f1o cl\u00e1sico de cuatro radios y un aro de 400 mm de di\u00e1metro, ofrece una experiencia de conducci\u00f3n aut\u00e9ntica y envolvente. Fabricado con aluminio de grado aeron\u00e1utico, recubierto...\" \/>\n<meta property=\"og:url\" content=\"https:\/\/namgt.es\/fr\/produit\/volante-tsw-de-camion-moza\/\" \/>\n<meta property=\"og:site_name\" content=\"Namgt\" \/>\n<meta property=\"article:publisher\" content=\"https:\/\/www.facebook.com\/profile.php?id=61580843453305\" \/>\n<meta property=\"article:modified_time\" content=\"2026-04-19T08:43:04+00:00\" \/>\n<meta property=\"og:image\" content=\"https:\/\/namgt.es\/wp-content\/uploads\/2026\/04\/moza_tsw_truck_wheel-1_fedefdfa-38e1-4be8-b9f7-8ac37631df88.jpg\" \/>\n\t<meta property=\"og:image:width\" content=\"1000\" \/>\n\t<meta property=\"og:image:height\" content=\"970\" \/>\n\t<meta property=\"og:image:type\" content=\"image\/jpeg\" \/>\n<meta name=\"twitter:card\" content=\"summary_large_image\" \/>\n<meta name=\"twitter:label1\" content=\"Dur\u00e9e de lecture estim\u00e9e\" \/>\n\t<meta name=\"twitter:data1\" content=\"3 minutes\" \/>\n<script type=\"application\/ld+json\" class=\"yoast-schema-graph\">{\"@context\":\"https:\\\/\\\/schema.org\",\"@graph\":[{\"@type\":\"WebPage\",\"@id\":\"https:\\\/\\\/namgt.es\\\/producto\\\/volante-tsw-de-camion-moza\\\/\",\"url\":\"https:\\\/\\\/namgt.es\\\/producto\\\/volante-tsw-de-camion-moza\\\/\",\"name\":\"Volante TSW de Cami\u00f3n MOZA - Namgt\",\"isPartOf\":{\"@id\":\"https:\\\/\\\/namgt.es\\\/#website\"},\"primaryImageOfPage\":{\"@id\":\"https:\\\/\\\/namgt.es\\\/producto\\\/volante-tsw-de-camion-moza\\\/#primaryimage\"},\"image\":{\"@id\":\"https:\\\/\\\/namgt.es\\\/producto\\\/volante-tsw-de-camion-moza\\\/#primaryimage\"},\"thumbnailUrl\":\"https:\\\/\\\/namgt.es\\\/wp-content\\\/uploads\\\/2026\\\/04\\\/moza_tsw_truck_wheel-1_fedefdfa-38e1-4be8-b9f7-8ac37631df88.jpg\",\"datePublished\":\"2026-04-08T20:41:56+00:00\",\"dateModified\":\"2026-04-19T08:43:04+00:00\",\"breadcrumb\":{\"@id\":\"https:\\\/\\\/namgt.es\\\/producto\\\/volante-tsw-de-camion-moza\\\/#breadcrumb\"},\"inLanguage\":\"fr-FR\",\"potentialAction\":[{\"@type\":\"ReadAction\",\"target\":[\"https:\\\/\\\/namgt.es\\\/producto\\\/volante-tsw-de-camion-moza\\\/\"]}]},{\"@type\":\"ImageObject\",\"inLanguage\":\"fr-FR\",\"@id\":\"https:\\\/\\\/namgt.es\\\/producto\\\/volante-tsw-de-camion-moza\\\/#primaryimage\",\"url\":\"https:\\\/\\\/namgt.es\\\/wp-content\\\/uploads\\\/2026\\\/04\\\/moza_tsw_truck_wheel-1_fedefdfa-38e1-4be8-b9f7-8ac37631df88.jpg\",\"contentUrl\":\"https:\\\/\\\/namgt.es\\\/wp-content\\\/uploads\\\/2026\\\/04\\\/moza_tsw_truck_wheel-1_fedefdfa-38e1-4be8-b9f7-8ac37631df88.jpg\",\"width\":1000,\"height\":970},{\"@type\":\"BreadcrumbList\",\"@id\":\"https:\\\/\\\/namgt.es\\\/producto\\\/volante-tsw-de-camion-moza\\\/#breadcrumb\",\"itemListElement\":[{\"@type\":\"ListItem\",\"position\":1,\"name\":\"Portada\",\"item\":\"https:\\\/\\\/namgt.es\\\/\"},{\"@type\":\"ListItem\",\"position\":2,\"name\":\"Kits de cockpits\",\"item\":\"https:\\\/\\\/namgt.es\\\/kits-de-cockpits\\\/\"},{\"@type\":\"ListItem\",\"position\":3,\"name\":\"Volante TSW de Cami\u00f3n MOZA\"}]},{\"@type\":\"WebSite\",\"@id\":\"https:\\\/\\\/namgt.es\\\/#website\",\"url\":\"https:\\\/\\\/namgt.es\\\/\",\"name\":\"Namgt\",\"description\":\"Kits de perfiles de aluminio para montar tu cockpit de simracing\",\"publisher\":{\"@id\":\"https:\\\/\\\/namgt.es\\\/#organization\"},\"potentialAction\":[{\"@type\":\"SearchAction\",\"target\":{\"@type\":\"EntryPoint\",\"urlTemplate\":\"https:\\\/\\\/namgt.es\\\/?s={search_term_string}\"},\"query-input\":{\"@type\":\"PropertyValueSpecification\",\"valueRequired\":true,\"valueName\":\"search_term_string\"}}],\"inLanguage\":\"fr-FR\"},{\"@type\":\"Organization\",\"@id\":\"https:\\\/\\\/namgt.es\\\/#organization\",\"name\":\"Namgt\",\"url\":\"https:\\\/\\\/namgt.es\\\/\",\"logo\":{\"@type\":\"ImageObject\",\"inLanguage\":\"fr-FR\",\"@id\":\"https:\\\/\\\/namgt.es\\\/#\\\/schema\\\/logo\\\/image\\\/\",\"url\":\"https:\\\/\\\/www.namgt.es\\\/wp-content\\\/uploads\\\/2025\\\/11\\\/logo-sin-fondo.png\",\"contentUrl\":\"https:\\\/\\\/www.namgt.es\\\/wp-content\\\/uploads\\\/2025\\\/11\\\/logo-sin-fondo.png\",\"width\":1024,\"height\":1024,\"caption\":\"Namgt\"},\"image\":{\"@id\":\"https:\\\/\\\/namgt.es\\\/#\\\/schema\\\/logo\\\/image\\\/\"},\"sameAs\":[\"https:\\\/\\\/www.facebook.com\\\/profile.php?id=61580843453305\"]}]}<\/script>\n<!-- \/ Yoast SEO plugin. -->","yoast_head_json":{"title":"Volante TSW de Cami\u00f3n MOZA - Namgt","robots":{"index":"index","follow":"follow","max-snippet":"max-snippet:-1","max-image-preview":"max-image-preview:large","max-video-preview":"max-video-preview:-1"},"canonical":"https:\/\/namgt.es\/fr\/produit\/volante-tsw-de-camion-moza\/","og_locale":"fr_FR","og_type":"article","og_title":"Volante TSW de Cami\u00f3n MOZA - Namgt","og_description":"MOZA TSW Truck Wheel \u2013 Realismo y robustez para simulaci\u00f3n de camiones El MOZA TSW es el primer volante dise\u00f1ado espec\u00edficamente para simuladores de camiones. Con su dise\u00f1o cl\u00e1sico de cuatro radios y un aro de 400 mm de di\u00e1metro, ofrece una experiencia de conducci\u00f3n aut\u00e9ntica y envolvente. Fabricado con aluminio de grado aeron\u00e1utico, recubierto...","og_url":"https:\/\/namgt.es\/fr\/produit\/volante-tsw-de-camion-moza\/","og_site_name":"Namgt","article_publisher":"https:\/\/www.facebook.com\/profile.php?id=61580843453305","article_modified_time":"2026-04-19T08:43:04+00:00","og_image":[{"width":1000,"height":970,"url":"https:\/\/namgt.es\/wp-content\/uploads\/2026\/04\/moza_tsw_truck_wheel-1_fedefdfa-38e1-4be8-b9f7-8ac37631df88.jpg","type":"image\/jpeg"}],"twitter_card":"summary_large_image","twitter_misc":{"Dur\u00e9e de lecture estim\u00e9e":"3 minutes"},"schema":{"@context":"https:\/\/schema.org","@graph":[{"@type":"WebPage","@id":"https:\/\/namgt.es\/producto\/volante-tsw-de-camion-moza\/","url":"https:\/\/namgt.es\/producto\/volante-tsw-de-camion-moza\/","name":"Volante TSW de Cami\u00f3n MOZA - Namgt","isPartOf":{"@id":"https:\/\/namgt.es\/#website"},"primaryImageOfPage":{"@id":"https:\/\/namgt.es\/producto\/volante-tsw-de-camion-moza\/#primaryimage"},"image":{"@id":"https:\/\/namgt.es\/producto\/volante-tsw-de-camion-moza\/#primaryimage"},"thumbnailUrl":"https:\/\/namgt.es\/wp-content\/uploads\/2026\/04\/moza_tsw_truck_wheel-1_fedefdfa-38e1-4be8-b9f7-8ac37631df88.jpg","datePublished":"2026-04-08T20:41:56+00:00","dateModified":"2026-04-19T08:43:04+00:00","breadcrumb":{"@id":"https:\/\/namgt.es\/producto\/volante-tsw-de-camion-moza\/#breadcrumb"},"inLanguage":"fr-FR","potentialAction":[{"@type":"ReadAction","target":["https:\/\/namgt.es\/producto\/volante-tsw-de-camion-moza\/"]}]},{"@type":"ImageObject","inLanguage":"fr-FR","@id":"https:\/\/namgt.es\/producto\/volante-tsw-de-camion-moza\/#primaryimage","url":"https:\/\/namgt.es\/wp-content\/uploads\/2026\/04\/moza_tsw_truck_wheel-1_fedefdfa-38e1-4be8-b9f7-8ac37631df88.jpg","contentUrl":"https:\/\/namgt.es\/wp-content\/uploads\/2026\/04\/moza_tsw_truck_wheel-1_fedefdfa-38e1-4be8-b9f7-8ac37631df88.jpg","width":1000,"height":970},{"@type":"BreadcrumbList","@id":"https:\/\/namgt.es\/producto\/volante-tsw-de-camion-moza\/#breadcrumb","itemListElement":[{"@type":"ListItem","position":1,"name":"Portada","item":"https:\/\/namgt.es\/"},{"@type":"ListItem","position":2,"name":"Kits de cockpits","item":"https:\/\/namgt.es\/kits-de-cockpits\/"},{"@type":"ListItem","position":3,"name":"Volante TSW de Cami\u00f3n MOZA"}]},{"@type":"WebSite","@id":"https:\/\/namgt.es\/#website","url":"https:\/\/namgt.es\/","name":"Namgt","description":"Kits de profil\u00e9s en aluminium pour assembler votre cockpit simracing","publisher":{"@id":"https:\/\/namgt.es\/#organization"},"potentialAction":[{"@type":"SearchAction","target":{"@type":"EntryPoint","urlTemplate":"https:\/\/namgt.es\/?s={search_term_string}"},"query-input":{"@type":"PropertyValueSpecification","valueRequired":true,"valueName":"search_term_string"}}],"inLanguage":"fr-FR"},{"@type":"Organization","@id":"https:\/\/namgt.es\/#organization","name":"Namgt","url":"https:\/\/namgt.es\/","logo":{"@type":"ImageObject","inLanguage":"fr-FR","@id":"https:\/\/namgt.es\/#\/schema\/logo\/image\/","url":"https:\/\/www.namgt.es\/wp-content\/uploads\/2025\/11\/logo-sin-fondo.png","contentUrl":"https:\/\/www.namgt.es\/wp-content\/uploads\/2025\/11\/logo-sin-fondo.png","width":1024,"height":1024,"caption":"Namgt"},"image":{"@id":"https:\/\/namgt.es\/#\/schema\/logo\/image\/"},"sameAs":["https:\/\/www.facebook.com\/profile.php?id=61580843453305"]}]}},"taxonomy_info":{"product_cat":[{"value":66,"label":"Volantes"}]},"featured_image_src_large":["https:\/\/namgt.es\/wp-content\/uploads\/2026\/04\/moza_tsw_truck_wheel-1_fedefdfa-38e1-4be8-b9f7-8ac37631df88.jpg",1000,970,false],"author_info":[],"comment_info":0,"jetpack_sharing_enabled":true,"_links":{"self":[{"href":"https:\/\/namgt.es\/fr\/wp-json\/wp\/v2\/product\/4514","targetHints":{"allow":["GET"]}}],"collection":[{"href":"https:\/\/namgt.es\/fr\/wp-json\/wp\/v2\/product"}],"about":[{"href":"https:\/\/namgt.es\/fr\/wp-json\/wp\/v2\/types\/product"}],"replies":[{"embeddable":true,"href":"https:\/\/namgt.es\/fr\/wp-json\/wp\/v2\/comments?post=4514"}],"wp:featuredmedia":[{"embeddable":true,"href":"https:\/\/namgt.es\/fr\/wp-json\/wp\/v2\/media\/6153"}],"wp:attachment":[{"href":"https:\/\/namgt.es\/fr\/wp-json\/wp\/v2\/media?parent=4514"}],"wp:term":[{"taxonomy":"product_brand","embeddable":true,"href":"https:\/\/namgt.es\/fr\/wp-json\/wp\/v2\/product_brand?post=4514"},{"taxonomy":"product_cat","embeddable":true,"href":"https:\/\/namgt.es\/fr\/wp-json\/wp\/v2\/product_cat?post=4514"},{"taxonomy":"product_tag","embeddable":true,"href":"https:\/\/namgt.es\/fr\/wp-json\/wp\/v2\/product_tag?post=4514"}],"curies":[{"name":"wp","href":"https:\/\/api.w.org\/{rel}","templated":true}]}}