{"id":4487,"date":"2026-04-08T22:41:07","date_gmt":"2026-04-08T20:41:07","guid":{"rendered":"https:\/\/namgt.es\/producto\/volante-rs-v2-moza\/"},"modified":"2026-04-19T08:39:35","modified_gmt":"2026-04-19T06:39:35","slug":"volante-rs-v2-moza","status":"publish","type":"product","link":"https:\/\/namgt.es\/fr\/producto\/volante-rs-v2-moza\/","title":{"rendered":"Volante RS V2 MOZA"},"content":{"rendered":"<\/p>\n<div class=\"rte product_description\">\n<h2 data-start=\"127\" data-end=\"213\">MOZA RS V2 Steering Wheel \u2013 Precisi\u00f3n, lujo y rendimiento para simracers exigentes<\/h2>\n<p data-start=\"215\" data-end=\"635\">Le <strong data-start=\"218\" data-end=\"232\">MOZA RS V2<\/strong> es un volante de competici\u00f3n GT dise\u00f1ado para ofrecer una experiencia de conducci\u00f3n inmersiva, realista y de alto nivel. Construido con <strong data-start=\"369\" data-end=\"398\">materiales de competici\u00f3n<\/strong> como fibra de carbono forjada y aluminio aeroespacial, y recubierto con <strong data-start=\"471\" data-end=\"504\">cuero aut\u00e9ntico cosido a mano<\/strong>, el RS V2 se presenta como una herramienta profesional para simracers que buscan calidad, durabilidad y precisi\u00f3n sin compromisos.<\/p>\n<h3 data-start=\"642\" data-end=\"667\">Caracter\u00edsticas clave<\/h3>\n<ul data-start=\"669\" data-end=\"1462\">\n<li data-start=\"669\" data-end=\"771\">\n<strong data-start=\"673\" data-end=\"702\">Tama\u00f1o realista de 330\u202fmm<\/strong>: id\u00e9ntico a los volantes utilizados en coches de competici\u00f3n reales.<\/li>\n<li data-start=\"772\" data-end=\"956\">\n<strong data-start=\"777\" data-end=\"799\">Materiales premium<\/strong>:<\/p>\n<ul data-start=\"803\" data-end=\"956\">\n<li data-start=\"803\" data-end=\"848\">Placa frontal: <strong data-start=\"820\" data-end=\"848\">fibra de carbono forjada<\/strong>\n<\/li>\n<li data-start=\"851\" data-end=\"880\">Placa trasera: <strong data-start=\"868\" data-end=\"880\">aluminio<\/strong>\n<\/li>\n<li data-start=\"883\" data-end=\"924\">\n<strong data-start=\"885\" data-end=\"894\">Levas<\/strong>: <strong data-start=\"896\" data-end=\"924\">fibra de carbono forjada<\/strong>\n<\/li>\n<li data-start=\"927\" data-end=\"956\">Agarre: <strong data-start=\"937\" data-end=\"956\">cuero aut\u00e9ntico<\/strong>\n<\/li>\n<\/ul>\n<\/li>\n<li data-start=\"957\" data-end=\"1142\">\n<strong data-start=\"962\" data-end=\"1012\">Levas magn\u00e9ticas con sistema de doble embrague<\/strong>:<\/p>\n<ul data-start=\"1016\" data-end=\"1142\">\n<li data-start=\"1016\" data-end=\"1061\">Con sensor fotoel\u00e9ctrico de alta precisi\u00f3n.<\/li>\n<li data-start=\"1064\" data-end=\"1142\">Modo dual clutch ideal para lanzamientos en iRacing, F1 y t\u00edtulos similares.<\/li>\n<\/ul>\n<\/li>\n<li data-start=\"1143\" data-end=\"1242\">\n<strong data-start=\"1148\" data-end=\"1188\">10 botones mec\u00e1nicos retroiluminados<\/strong>:<\/p>\n<ul data-start=\"1192\" data-end=\"1242\">\n<li data-start=\"1192\" data-end=\"1242\">Tacto firme y personalizaci\u00f3n RGB con 8 colores.<\/li>\n<\/ul>\n<\/li>\n<li data-start=\"1243\" data-end=\"1329\">\n<strong data-start=\"1248\" data-end=\"1328\">2 joysticks universales presionables + 2 encoders rotativos de 20 posiciones<\/strong>.<\/li>\n<li data-start=\"1330\" data-end=\"1462\">\n<strong data-start=\"1335\" data-end=\"1401\">Indicador de cambio RGB secuencial con 10 LEDs personalizables<\/strong>:<\/p>\n<ul data-start=\"1405\" data-end=\"1462\">\n<li data-start=\"1405\" data-end=\"1462\">Personalizaci\u00f3n total desde el software MOZA Pit House.<\/li>\n<\/ul>\n<\/li>\n<\/ul>\n<h3 data-start=\"1469\" data-end=\"1502\">Conectividad y compatibilidad<\/h3>\n<ul data-start=\"1504\" data-end=\"1990\">\n<li data-start=\"1504\" data-end=\"1635\">\n<strong data-start=\"1509\" data-end=\"1565\">Sistema de Quick Release inspirado en la competici\u00f3n<\/strong>:<\/p>\n<ul data-start=\"1569\" data-end=\"1635\">\n<li data-start=\"1569\" data-end=\"1635\">Fabricado en aluminio, robusto, preciso y f\u00e1cil de intercambiar.<\/li>\n<\/ul>\n<\/li>\n<li data-start=\"1636\" data-end=\"1848\">\n<strong data-start=\"1641\" data-end=\"1680\">Conectividad inal\u00e1mbrica o cableada<\/strong>:<\/p>\n<ul data-start=\"1684\" data-end=\"1848\">\n<li data-start=\"1684\" data-end=\"1760\">Compatible con bases <strong data-start=\"1707\" data-end=\"1730\">MOZA R21 \/ R16 \/ R9<\/strong> v\u00eda <strong data-start=\"1735\" data-end=\"1759\">conexi\u00f3n inal\u00e1mbrica<\/strong>.<\/li>\n<li data-start=\"1763\" data-end=\"1848\">Compatible con <strong data-start=\"1780\" data-end=\"1791\">MOZA R5<\/strong> mediante <strong data-start=\"1801\" data-end=\"1847\">conexi\u00f3n por anillo deslizante (slip ring)<\/strong>.<\/li>\n<\/ul>\n<\/li>\n<li data-start=\"1849\" data-end=\"1990\">\n<strong data-start=\"1854\" data-end=\"1896\">Compatible con MOZA Pit House Software<\/strong> para ajustes, personalizaci\u00f3n de LEDs, asignaci\u00f3n de botones, calibraci\u00f3n de embragues y m\u00e1s.<\/li>\n<\/ul>\n<h3 data-start=\"1997\" data-end=\"2026\">Especificaciones t\u00e9cnicas<\/h3>\n<div class=\"_tableContainer_sk2ct_1\">\n<div class=\"_tableWrapper_sk2ct_13 group flex w-fit flex-col-reverse\">\n<table data-start=\"2028\" data-end=\"3405\" class=\"w-fit min-w-(--thread-content-width)\">\n<thead data-start=\"2028\" data-end=\"2108\">\n<tr data-start=\"2028\" data-end=\"2108\">\n<th data-start=\"2028\" data-end=\"2063\" data-col-size=\"sm\">Especificaci\u00f3n<\/th>\n<th data-start=\"2063\" data-end=\"2108\" data-col-size=\"sm\">Detalle<\/th>\n<\/tr>\n<\/thead>\n<tbody data-start=\"2191\" data-end=\"3405\">\n<tr data-start=\"2191\" data-end=\"2271\">\n<td data-start=\"2191\" data-end=\"2225\" data-col-size=\"sm\">Tama\u00f1o del aro<\/td>\n<td data-col-size=\"sm\" data-start=\"2225\" data-end=\"2271\">330\u202fmm (est\u00e1ndar GT)<\/td>\n<\/tr>\n<tr data-start=\"2272\" data-end=\"2352\">\n<td data-start=\"2272\" data-end=\"2306\" data-col-size=\"sm\">Material de la empu\u00f1adura<\/td>\n<td data-col-size=\"sm\" data-start=\"2306\" data-end=\"2352\">Cuero genuino con costuras decorativas<\/td>\n<\/tr>\n<tr data-start=\"2353\" data-end=\"2433\">\n<td data-start=\"2353\" data-end=\"2387\" data-col-size=\"sm\">Material del frontal<\/td>\n<td data-col-size=\"sm\" data-start=\"2387\" data-end=\"2433\">Fibra de carbono forjada<\/td>\n<\/tr>\n<tr data-start=\"2434\" data-end=\"2514\">\n<td data-start=\"2434\" data-end=\"2468\" data-col-size=\"sm\">Material trasero<\/td>\n<td data-col-size=\"sm\" data-start=\"2468\" data-end=\"2514\">Aluminium<\/td>\n<\/tr>\n<tr data-start=\"2515\" data-end=\"2595\">\n<td data-start=\"2515\" data-end=\"2549\" data-col-size=\"sm\">Levas<\/td>\n<td data-col-size=\"sm\" data-start=\"2549\" data-end=\"2595\">Magn\u00e9ticas, fibra de carbono forjada<\/td>\n<\/tr>\n<tr data-start=\"2596\" data-end=\"2676\">\n<td data-start=\"2596\" data-end=\"2630\" data-col-size=\"sm\">Modo de levas<\/td>\n<td data-col-size=\"sm\" data-start=\"2630\" data-end=\"2676\">Single clutch \/ Dual clutch<\/td>\n<\/tr>\n<tr data-start=\"2677\" data-end=\"2757\">\n<td data-start=\"2677\" data-end=\"2711\" data-col-size=\"sm\">Botones<\/td>\n<td data-col-size=\"sm\" data-start=\"2711\" data-end=\"2757\">10 mec\u00e1nicos retroiluminados<\/td>\n<\/tr>\n<tr data-start=\"2758\" data-end=\"2838\">\n<td data-start=\"2758\" data-end=\"2792\" data-col-size=\"sm\">Colores LED<\/td>\n<td data-col-size=\"sm\" data-start=\"2792\" data-end=\"2838\">8 (RGB configurables)<\/td>\n<\/tr>\n<tr data-start=\"2839\" data-end=\"2919\">\n<td data-start=\"2839\" data-end=\"2873\" data-col-size=\"sm\">Encoders rotativos<\/td>\n<td data-col-size=\"sm\" data-start=\"2873\" data-end=\"2919\">2<\/td>\n<\/tr>\n<tr data-start=\"2920\" data-end=\"3000\">\n<td data-start=\"2920\" data-end=\"2954\" data-col-size=\"sm\">Joysticks<\/td>\n<td data-col-size=\"sm\" data-start=\"2954\" data-end=\"3000\">2 (presionables)<\/td>\n<\/tr>\n<tr data-start=\"3001\" data-end=\"3081\">\n<td data-start=\"3001\" data-end=\"3035\" data-col-size=\"sm\">Indicador de RPM<\/td>\n<td data-col-size=\"sm\" data-start=\"3035\" data-end=\"3081\">10 LEDs RGB, 7 colores personalizables<\/td>\n<\/tr>\n<tr data-start=\"3082\" data-end=\"3162\">\n<td data-start=\"3082\" data-end=\"3116\" data-col-size=\"sm\">Comunicaci\u00f3n<\/td>\n<td data-col-size=\"sm\" data-start=\"3116\" data-end=\"3162\">Inal\u00e1mbrica (R21\/R16\/R9) \/ cableada (R5)<\/td>\n<\/tr>\n<tr data-start=\"3163\" data-end=\"3243\">\n<td data-start=\"3163\" data-end=\"3197\" data-col-size=\"sm\">Quick Release<\/td>\n<td data-col-size=\"sm\" data-start=\"3197\" data-end=\"3243\">Aluminio, estilo motorsport<\/td>\n<\/tr>\n<tr data-start=\"3244\" data-end=\"3324\">\n<td data-start=\"3244\" data-end=\"3278\" data-col-size=\"sm\">Compatibilidad<\/td>\n<td data-col-size=\"sm\" data-start=\"3278\" data-end=\"3324\">Todas las bases MOZA actuales<\/td>\n<\/tr>\n<tr data-start=\"3325\" data-end=\"3405\">\n<td data-start=\"3325\" data-end=\"3359\" data-col-size=\"sm\">Software compatible<\/td>\n<td data-col-size=\"sm\" data-start=\"3359\" data-end=\"3405\">MOZA Pit House<\/td>\n<\/tr>\n<\/tbody>\n<\/table>\n<\/div>\n<\/div>\n<h3 data-start=\"3508\" data-end=\"3555\">Domina cada curva con precisi\u00f3n profesional<\/h3>\n<p data-start=\"3557\" data-end=\"3847\">Le <strong data-start=\"3560\" data-end=\"3574\">MOZA RS V2<\/strong> es la herramienta definitiva para transformar tu cockpit en una cabina de competici\u00f3n de verdad. Con su combinaci\u00f3n de est\u00e9tica elegante, tecnolog\u00eda de punta y dise\u00f1o ergon\u00f3mico, estar\u00e1s preparado para afrontar cualquier circuito con la confianza de un piloto profesional.<\/p>\n<\/p><\/div>\n<p>volante-rs-v2-moza-simufy_1_1800x1800-webpv1755590132.jpgvolante-rs-v2-moza-simufy_4_1800x1800-webpv1755590132.jpgvolante-rs-v2-moza-simufy_2_1800x1800-webpv1755590132.jpgvolante-rs-v2-moza-simufy_3_1800x1800-webpv1755590132.jpgvolante-rs-v2-moza-simufy_5_1800x1800-webpv1755590132.jpg<\/p>","protected":false},"excerpt":{"rendered":"<p>MOZA RS V2 Steering Wheel \u2013 Precisi\u00f3n, lujo y rendimiento para simracers exigentes El MOZA RS V2 es un volante de competici\u00f3n GT dise\u00f1ado para ofrecer una experiencia de conducci\u00f3n inmersiva, realista y de alto nivel. Construido con materiales de competici\u00f3n como fibra de carbono forjada y aluminio aeroespacial, y recubierto con cuero aut\u00e9ntico cosido&#8230;<\/p>","protected":false},"featured_media":6133,"comment_status":"closed","ping_status":"closed","template":"","meta":{"_kad_blocks_custom_css":"","_kad_blocks_head_custom_js":"","_kad_blocks_body_custom_js":"","_kad_blocks_footer_custom_js":"","_kadence_starter_templates_imported_post":false,"_kad_post_transparent":"","_kad_post_title":"","_kad_post_layout":"","_kad_post_sidebar_id":"","_kad_post_content_style":"","_kad_post_vertical_padding":"","_kad_post_feature":"","_kad_post_feature_position":"","_kad_post_header":false,"_kad_post_footer":false,"_kad_post_classname":""},"product_brand":[],"product_cat":[66],"product_tag":[],"class_list":{"0":"post-4487","1":"product","2":"type-product","3":"status-publish","4":"has-post-thumbnail","6":"product_cat-volantes","8":"first","9":"instock","10":"sale","11":"taxable","12":"shipping-taxable","13":"purchasable","14":"product-type-simple","15":"entry","16":"content-bg","17":"loop-entry"},"yoast_head":"<!-- This site is optimized with the Yoast SEO plugin v27.3 - https:\/\/yoast.com\/product\/yoast-seo-wordpress\/ -->\n<title>Volante RS V2 MOZA - Namgt<\/title>\n<meta name=\"robots\" content=\"index, follow, max-snippet:-1, max-image-preview:large, max-video-preview:-1\" \/>\n<link rel=\"canonical\" href=\"https:\/\/namgt.es\/fr\/produit\/volante-rs-v2-moza\/\" \/>\n<meta property=\"og:locale\" content=\"fr_FR\" \/>\n<meta property=\"og:type\" content=\"article\" \/>\n<meta property=\"og:title\" content=\"Volante RS V2 MOZA - Namgt\" \/>\n<meta property=\"og:description\" content=\"MOZA RS V2 Steering Wheel \u2013 Precisi\u00f3n, lujo y rendimiento para simracers exigentes El MOZA RS V2 es un volante de competici\u00f3n GT dise\u00f1ado para ofrecer una experiencia de conducci\u00f3n inmersiva, realista y de alto nivel. Construido con materiales de competici\u00f3n como fibra de carbono forjada y aluminio aeroespacial, y recubierto con cuero aut\u00e9ntico cosido...\" \/>\n<meta property=\"og:url\" content=\"https:\/\/namgt.es\/fr\/produit\/volante-rs-v2-moza\/\" \/>\n<meta property=\"og:site_name\" content=\"Namgt\" \/>\n<meta property=\"article:publisher\" content=\"https:\/\/www.facebook.com\/profile.php?id=61580843453305\" \/>\n<meta property=\"article:modified_time\" content=\"2026-04-19T06:39:35+00:00\" \/>\n<meta property=\"og:image\" content=\"https:\/\/namgt.es\/wp-content\/uploads\/2026\/04\/volante-rs-v2-moza-simufy_1.jpg\" \/>\n\t<meta property=\"og:image:width\" content=\"1000\" \/>\n\t<meta property=\"og:image:height\" content=\"970\" \/>\n\t<meta property=\"og:image:type\" content=\"image\/jpeg\" \/>\n<meta name=\"twitter:card\" content=\"summary_large_image\" \/>\n<meta name=\"twitter:label1\" content=\"Dur\u00e9e de lecture estim\u00e9e\" \/>\n\t<meta name=\"twitter:data1\" content=\"2 minutes\" \/>\n<script type=\"application\/ld+json\" class=\"yoast-schema-graph\">{\"@context\":\"https:\\\/\\\/schema.org\",\"@graph\":[{\"@type\":\"WebPage\",\"@id\":\"https:\\\/\\\/namgt.es\\\/producto\\\/volante-rs-v2-moza\\\/\",\"url\":\"https:\\\/\\\/namgt.es\\\/producto\\\/volante-rs-v2-moza\\\/\",\"name\":\"Volante RS V2 MOZA - Namgt\",\"isPartOf\":{\"@id\":\"https:\\\/\\\/namgt.es\\\/#website\"},\"primaryImageOfPage\":{\"@id\":\"https:\\\/\\\/namgt.es\\\/producto\\\/volante-rs-v2-moza\\\/#primaryimage\"},\"image\":{\"@id\":\"https:\\\/\\\/namgt.es\\\/producto\\\/volante-rs-v2-moza\\\/#primaryimage\"},\"thumbnailUrl\":\"https:\\\/\\\/namgt.es\\\/wp-content\\\/uploads\\\/2026\\\/04\\\/volante-rs-v2-moza-simufy_1.jpg\",\"datePublished\":\"2026-04-08T20:41:07+00:00\",\"dateModified\":\"2026-04-19T06:39:35+00:00\",\"breadcrumb\":{\"@id\":\"https:\\\/\\\/namgt.es\\\/producto\\\/volante-rs-v2-moza\\\/#breadcrumb\"},\"inLanguage\":\"fr-FR\",\"potentialAction\":[{\"@type\":\"ReadAction\",\"target\":[\"https:\\\/\\\/namgt.es\\\/producto\\\/volante-rs-v2-moza\\\/\"]}]},{\"@type\":\"ImageObject\",\"inLanguage\":\"fr-FR\",\"@id\":\"https:\\\/\\\/namgt.es\\\/producto\\\/volante-rs-v2-moza\\\/#primaryimage\",\"url\":\"https:\\\/\\\/namgt.es\\\/wp-content\\\/uploads\\\/2026\\\/04\\\/volante-rs-v2-moza-simufy_1.jpg\",\"contentUrl\":\"https:\\\/\\\/namgt.es\\\/wp-content\\\/uploads\\\/2026\\\/04\\\/volante-rs-v2-moza-simufy_1.jpg\",\"width\":1000,\"height\":970},{\"@type\":\"BreadcrumbList\",\"@id\":\"https:\\\/\\\/namgt.es\\\/producto\\\/volante-rs-v2-moza\\\/#breadcrumb\",\"itemListElement\":[{\"@type\":\"ListItem\",\"position\":1,\"name\":\"Portada\",\"item\":\"https:\\\/\\\/namgt.es\\\/\"},{\"@type\":\"ListItem\",\"position\":2,\"name\":\"Kits de cockpits\",\"item\":\"https:\\\/\\\/namgt.es\\\/kits-de-cockpits\\\/\"},{\"@type\":\"ListItem\",\"position\":3,\"name\":\"Volante RS V2 MOZA\"}]},{\"@type\":\"WebSite\",\"@id\":\"https:\\\/\\\/namgt.es\\\/#website\",\"url\":\"https:\\\/\\\/namgt.es\\\/\",\"name\":\"Namgt\",\"description\":\"Kits de perfiles de aluminio para montar tu cockpit de simracing\",\"publisher\":{\"@id\":\"https:\\\/\\\/namgt.es\\\/#organization\"},\"potentialAction\":[{\"@type\":\"SearchAction\",\"target\":{\"@type\":\"EntryPoint\",\"urlTemplate\":\"https:\\\/\\\/namgt.es\\\/?s={search_term_string}\"},\"query-input\":{\"@type\":\"PropertyValueSpecification\",\"valueRequired\":true,\"valueName\":\"search_term_string\"}}],\"inLanguage\":\"fr-FR\"},{\"@type\":\"Organization\",\"@id\":\"https:\\\/\\\/namgt.es\\\/#organization\",\"name\":\"Namgt\",\"url\":\"https:\\\/\\\/namgt.es\\\/\",\"logo\":{\"@type\":\"ImageObject\",\"inLanguage\":\"fr-FR\",\"@id\":\"https:\\\/\\\/namgt.es\\\/#\\\/schema\\\/logo\\\/image\\\/\",\"url\":\"https:\\\/\\\/www.namgt.es\\\/wp-content\\\/uploads\\\/2025\\\/11\\\/logo-sin-fondo.png\",\"contentUrl\":\"https:\\\/\\\/www.namgt.es\\\/wp-content\\\/uploads\\\/2025\\\/11\\\/logo-sin-fondo.png\",\"width\":1024,\"height\":1024,\"caption\":\"Namgt\"},\"image\":{\"@id\":\"https:\\\/\\\/namgt.es\\\/#\\\/schema\\\/logo\\\/image\\\/\"},\"sameAs\":[\"https:\\\/\\\/www.facebook.com\\\/profile.php?id=61580843453305\"]}]}<\/script>\n<!-- \/ Yoast SEO plugin. -->","yoast_head_json":{"title":"Volante RS V2 MOZA - Namgt","robots":{"index":"index","follow":"follow","max-snippet":"max-snippet:-1","max-image-preview":"max-image-preview:large","max-video-preview":"max-video-preview:-1"},"canonical":"https:\/\/namgt.es\/fr\/produit\/volante-rs-v2-moza\/","og_locale":"fr_FR","og_type":"article","og_title":"Volante RS V2 MOZA - Namgt","og_description":"MOZA RS V2 Steering Wheel \u2013 Precisi\u00f3n, lujo y rendimiento para simracers exigentes El MOZA RS V2 es un volante de competici\u00f3n GT dise\u00f1ado para ofrecer una experiencia de conducci\u00f3n inmersiva, realista y de alto nivel. Construido con materiales de competici\u00f3n como fibra de carbono forjada y aluminio aeroespacial, y recubierto con cuero aut\u00e9ntico cosido...","og_url":"https:\/\/namgt.es\/fr\/produit\/volante-rs-v2-moza\/","og_site_name":"Namgt","article_publisher":"https:\/\/www.facebook.com\/profile.php?id=61580843453305","article_modified_time":"2026-04-19T06:39:35+00:00","og_image":[{"width":1000,"height":970,"url":"https:\/\/namgt.es\/wp-content\/uploads\/2026\/04\/volante-rs-v2-moza-simufy_1.jpg","type":"image\/jpeg"}],"twitter_card":"summary_large_image","twitter_misc":{"Dur\u00e9e de lecture estim\u00e9e":"2 minutes"},"schema":{"@context":"https:\/\/schema.org","@graph":[{"@type":"WebPage","@id":"https:\/\/namgt.es\/producto\/volante-rs-v2-moza\/","url":"https:\/\/namgt.es\/producto\/volante-rs-v2-moza\/","name":"Volante RS V2 MOZA - Namgt","isPartOf":{"@id":"https:\/\/namgt.es\/#website"},"primaryImageOfPage":{"@id":"https:\/\/namgt.es\/producto\/volante-rs-v2-moza\/#primaryimage"},"image":{"@id":"https:\/\/namgt.es\/producto\/volante-rs-v2-moza\/#primaryimage"},"thumbnailUrl":"https:\/\/namgt.es\/wp-content\/uploads\/2026\/04\/volante-rs-v2-moza-simufy_1.jpg","datePublished":"2026-04-08T20:41:07+00:00","dateModified":"2026-04-19T06:39:35+00:00","breadcrumb":{"@id":"https:\/\/namgt.es\/producto\/volante-rs-v2-moza\/#breadcrumb"},"inLanguage":"fr-FR","potentialAction":[{"@type":"ReadAction","target":["https:\/\/namgt.es\/producto\/volante-rs-v2-moza\/"]}]},{"@type":"ImageObject","inLanguage":"fr-FR","@id":"https:\/\/namgt.es\/producto\/volante-rs-v2-moza\/#primaryimage","url":"https:\/\/namgt.es\/wp-content\/uploads\/2026\/04\/volante-rs-v2-moza-simufy_1.jpg","contentUrl":"https:\/\/namgt.es\/wp-content\/uploads\/2026\/04\/volante-rs-v2-moza-simufy_1.jpg","width":1000,"height":970},{"@type":"BreadcrumbList","@id":"https:\/\/namgt.es\/producto\/volante-rs-v2-moza\/#breadcrumb","itemListElement":[{"@type":"ListItem","position":1,"name":"Portada","item":"https:\/\/namgt.es\/"},{"@type":"ListItem","position":2,"name":"Kits de cockpits","item":"https:\/\/namgt.es\/kits-de-cockpits\/"},{"@type":"ListItem","position":3,"name":"Volante RS V2 MOZA"}]},{"@type":"WebSite","@id":"https:\/\/namgt.es\/#website","url":"https:\/\/namgt.es\/","name":"Namgt","description":"Kits de profil\u00e9s en aluminium pour assembler votre cockpit simracing","publisher":{"@id":"https:\/\/namgt.es\/#organization"},"potentialAction":[{"@type":"SearchAction","target":{"@type":"EntryPoint","urlTemplate":"https:\/\/namgt.es\/?s={search_term_string}"},"query-input":{"@type":"PropertyValueSpecification","valueRequired":true,"valueName":"search_term_string"}}],"inLanguage":"fr-FR"},{"@type":"Organization","@id":"https:\/\/namgt.es\/#organization","name":"Namgt","url":"https:\/\/namgt.es\/","logo":{"@type":"ImageObject","inLanguage":"fr-FR","@id":"https:\/\/namgt.es\/#\/schema\/logo\/image\/","url":"https:\/\/www.namgt.es\/wp-content\/uploads\/2025\/11\/logo-sin-fondo.png","contentUrl":"https:\/\/www.namgt.es\/wp-content\/uploads\/2025\/11\/logo-sin-fondo.png","width":1024,"height":1024,"caption":"Namgt"},"image":{"@id":"https:\/\/namgt.es\/#\/schema\/logo\/image\/"},"sameAs":["https:\/\/www.facebook.com\/profile.php?id=61580843453305"]}]}},"taxonomy_info":{"product_cat":[{"value":66,"label":"Volantes"}]},"featured_image_src_large":["https:\/\/namgt.es\/wp-content\/uploads\/2026\/04\/volante-rs-v2-moza-simufy_1.jpg",1000,970,false],"author_info":[],"comment_info":0,"jetpack_sharing_enabled":true,"_links":{"self":[{"href":"https:\/\/namgt.es\/fr\/wp-json\/wp\/v2\/product\/4487","targetHints":{"allow":["GET"]}}],"collection":[{"href":"https:\/\/namgt.es\/fr\/wp-json\/wp\/v2\/product"}],"about":[{"href":"https:\/\/namgt.es\/fr\/wp-json\/wp\/v2\/types\/product"}],"replies":[{"embeddable":true,"href":"https:\/\/namgt.es\/fr\/wp-json\/wp\/v2\/comments?post=4487"}],"wp:featuredmedia":[{"embeddable":true,"href":"https:\/\/namgt.es\/fr\/wp-json\/wp\/v2\/media\/6133"}],"wp:attachment":[{"href":"https:\/\/namgt.es\/fr\/wp-json\/wp\/v2\/media?parent=4487"}],"wp:term":[{"taxonomy":"product_brand","embeddable":true,"href":"https:\/\/namgt.es\/fr\/wp-json\/wp\/v2\/product_brand?post=4487"},{"taxonomy":"product_cat","embeddable":true,"href":"https:\/\/namgt.es\/fr\/wp-json\/wp\/v2\/product_cat?post=4487"},{"taxonomy":"product_tag","embeddable":true,"href":"https:\/\/namgt.es\/fr\/wp-json\/wp\/v2\/product_tag?post=4487"}],"curies":[{"name":"wp","href":"https:\/\/api.w.org\/{rel}","templated":true}]}}