{"id":4448,"date":"2026-04-08T21:37:36","date_gmt":"2026-04-08T19:37:36","guid":{"rendered":"https:\/\/namgt.es\/producto\/pedales-moza-srp2\/"},"modified":"2026-04-19T15:40:02","modified_gmt":"2026-04-19T13:40:02","slug":"pedales-moza-srp2","status":"publish","type":"product","link":"https:\/\/namgt.es\/fr\/producto\/pedales-moza-srp2\/","title":{"rendered":"Pedales MOZA SRP2"},"content":{"rendered":"<\/p>\n<div class=\"rte product_description\">\n<div class=\"flex flex-col text-sm pb-25\">\n<section data-turn=\"assistant\" data-scroll-anchor=\"true\" data-testid=\"conversation-turn-6\" data-turn-id=\"request-WEB:aec156ff-6948-432f-a515-d8582fc1bda4-2\" dir=\"auto\" class=\"text-token-text-primary w-full focus:outline-none [--shadow-height:45px] has-data-writing-block:pointer-events-none has-data-writing-block:-mt-(--shadow-height) has-data-writing-block:pt-(--shadow-height) [&amp;:has([data-writing-block])&gt;*]:pointer-events-auto scroll-mt-[calc(var(--header-height)+min(200px,max(70px,20svh)))]\">\n<div class=\"text-base my-auto mx-auto pb-10 [--thread-content-margin:var(--thread-content-margin-xs,calc(var(--spacing)*4))] @w-sm\/main:[--thread-content-margin:var(--thread-content-margin-sm,calc(var(--spacing)*6))] @w-lg\/main:[--thread-content-margin:var(--thread-content-margin-lg,calc(var(--spacing)*16))] px-(--thread-content-margin)\">\n<div class=\"[--thread-content-max-width:40rem] @w-lg\/main:[--thread-content-max-width:48rem] mx-auto max-w-(--thread-content-max-width) flex-1 group\/turn-messages focus-visible:outline-hidden relative flex w-full min-w-0 flex-col agent-turn\">\n<div class=\"flex max-w-full flex-col gap-4 grow\">\n<div data-turn-start-message=\"true\" class=\"min-h-8 text-message relative flex w-full flex-col items-end gap-2 text-start break-words whitespace-normal outline-none keyboard-focused:focus-ring [.text-message+&amp;]:mt-1\" data-message-model-slug=\"gpt-5-3\" dir=\"auto\" data-message-id=\"0570439e-f7c4-4a4a-b519-4d19869f088e\" data-message-author-role=\"assistant\">\n<div class=\"flex w-full flex-col gap-1 empty:hidden\">\n<div class=\"markdown prose dark:prose-invert w-full wrap-break-word dark markdown-new-styling\">\n<h2 data-end=\"78\" data-start=\"0\" data-section-id=\"1vjo3iv\">Pedales SRP2 Load Cell: precisi\u00f3n profesional para tu simulador de carreras<\/h2>\n<p data-end=\"430\" data-start=\"80\">Los SRP2 Load Cell Pedals est\u00e1n dise\u00f1ados para ofrecer una experiencia de frenado ultra realista y un control absoluto en simracing. Gracias a su sistema h\u00edbrido de sensores y su avanzada capacidad de ajuste, se posicionan como una de las mejores opciones para quienes buscan pedales de simulador de carreras con sensaciones cercanas a un coche real.<\/p>\n<p data-end=\"561\" data-start=\"432\">Perfectos para setups exigentes, combinan robustez, tecnolog\u00eda y personalizaci\u00f3n para mejorar tu consistencia vuelta tras vuelta.<\/p>\n<h3 data-end=\"611\" data-start=\"568\" data-section-id=\"ajs4pp\">Ventajas clave que elevan tu rendimiento<\/h3>\n<ul data-end=\"997\" data-start=\"613\">\n<li data-end=\"703\" data-start=\"613\" data-section-id=\"173q7o\">Frenada progresiva y altamente configurable, adaptada a cualquier estilo de conducci\u00f3n<\/li>\n<li data-end=\"784\" data-start=\"704\" data-section-id=\"483lpt\">Precisi\u00f3n extrema gracias al sistema h\u00edbrido de load cell + sensor de \u00e1ngulo<\/li>\n<li data-end=\"857\" data-start=\"785\" data-section-id=\"1knxn7m\">Sensaci\u00f3n realista comparable a coches de competici\u00f3n (GT, F1, LMP1)<\/li>\n<li data-end=\"930\" data-start=\"858\" data-section-id=\"vroqd2\">Ajustes r\u00e1pidos sin herramientas para optimizar tu setup en segundos<\/li>\n<li data-end=\"997\" data-start=\"931\" data-section-id=\"1dhj17d\">Construcci\u00f3n premium preparada para uso intensivo en simracing<\/li>\n<\/ul>\n<h3 data-end=\"1042\" data-start=\"1004\" data-section-id=\"8r6vrv\">Caracter\u00edsticas destacadas del SRP2<\/h3>\n<ul data-end=\"1864\" data-start=\"1044\">\n<li data-end=\"1115\" data-start=\"1044\" data-section-id=\"1iwlsfh\">Load Cell de 100 kg para una frenada precisa basada en presi\u00f3n real<\/li>\n<li data-end=\"1186\" data-start=\"1116\" data-section-id=\"fzitl6\">Sensor de \u00e1ngulo de 15 bits (32.768 puntos) para m\u00e1xima resoluci\u00f3n<\/li>\n<li data-end=\"1261\" data-start=\"1187\" data-section-id=\"1d6ee6d\">Sistema h\u00edbrido de lectura que mejora la memoria muscular y el control<\/li>\n<li data-end=\"1349\" data-start=\"1262\" data-section-id=\"1dkul0y\">Ajuste de dureza de freno mediante elast\u00f3meros y muelles (hasta 25 configuraciones)<\/li>\n<li data-end=\"1428\" data-start=\"1350\" data-section-id=\"5yeju7\">Compatible con kit opcional CRP2 con m\u00e1s de 1.000 combinaciones de frenado<\/li>\n<li data-end=\"1469\" data-start=\"1429\" data-section-id=\"oa6e82\">Ajuste de \u00e1ngulo del pedal hasta 25\u00b0<\/li>\n<li data-end=\"1528\" data-start=\"1470\" data-section-id=\"1ypmtaj\">Ajuste lateral (\u00b115 mm) y altura independiente (36 mm)<\/li>\n<li data-end=\"1590\" data-start=\"1529\" data-section-id=\"1042oiq\">Acelerador y embrague con ajuste de precarga en 2 niveles<\/li>\n<li data-end=\"1652\" data-start=\"1591\" data-section-id=\"13fc5tq\">Sistema de movimiento suave y silencioso con ejes pulidos<\/li>\n<li data-end=\"1715\" data-start=\"1653\" data-section-id=\"t92mjm\">Ajustes sin herramientas para modificar dureza y respuesta<\/li>\n<li data-end=\"1783\" data-start=\"1716\" data-section-id=\"gmmxkg\">Dise\u00f1o optimizado para escritorio con opci\u00f3n de soporte a pared<\/li>\n<li data-end=\"1864\" data-start=\"1784\" data-section-id=\"125v59r\">Software Pit House para personalizaci\u00f3n avanzada y telemetr\u00eda en tiempo real<\/li>\n<\/ul>\n<h3 data-end=\"1908\" data-start=\"1871\" data-section-id=\"1brhiy1\">Sensaciones reales en cada frenada<\/h3>\n<p data-end=\"2196\" data-start=\"1910\">La combinaci\u00f3n de load cell y sensor de \u00e1ngulo permite replicar con precisi\u00f3n la resistencia y progresividad de un sistema de freno real. Esto se traduce en una conducci\u00f3n m\u00e1s intuitiva, donde puedes apoyarte en la memoria muscular para repetir puntos de frenada con total consistencia.<\/p>\n<p data-end=\"2365\" data-start=\"2198\">Ya sea en tandas largas o clasificaci\u00f3n, estos pedales te permiten mantener un control fino y constante, clave para mejorar tiempos en cualquier simulador de carreras.<\/p>\n<h3 data-end=\"2402\" data-start=\"2372\" data-section-id=\"1hcmzti\">Compatibilidad y requisitos<\/h3>\n<ul data-end=\"2651\" data-start=\"2404\">\n<li data-end=\"2447\" data-start=\"2404\" data-section-id=\"18nh5nv\">Compatible con PC mediante conexi\u00f3n USB<\/li>\n<li data-end=\"2501\" data-start=\"2448\" data-section-id=\"16mrqn4\">Compatible con Xbox usando volante compatible ESX<\/li>\n<li data-end=\"2594\" data-start=\"2502\" data-section-id=\"u4b9td\">Funciona con los principales simuladores: iRacing, Assetto Corsa, rFactor 2, entre otros<\/li>\n<li data-end=\"2651\" data-start=\"2595\" data-section-id=\"dasr7c\">Compatible con cockpits, rigs y setups de escritorio<\/li>\n<\/ul>\n<h3 data-end=\"2686\" data-start=\"2658\" data-section-id=\"1jokavo\">Especificaciones t\u00e9cnicas<\/h3>\n<ul data-end=\"3363\" data-start=\"2688\">\n<li data-end=\"2777\" data-start=\"2688\" data-section-id=\"1nggkj2\">Material de pedales: aluminio aeroespacial mecanizado CNC + acero de alta resistencia<\/li>\n<li data-end=\"2813\" data-start=\"2778\" data-section-id=\"16axyy6\">Base: acero de alta resistencia<\/li>\n<li data-end=\"2848\" data-start=\"2814\" data-section-id=\"k12ptk\">Rango de load cell: 0 \u2013 100 kg<\/li>\n<li data-end=\"2911\" data-start=\"2849\" data-section-id=\"4de806\">Sistema de frenado: load cell + sensor de \u00e1ngulo (h\u00edbrido)<\/li>\n<li data-end=\"2954\" data-start=\"2912\" data-section-id=\"15xvtw2\">Resoluci\u00f3n sensor: 15-bit (32.768 PPR)<\/li>\n<li data-end=\"2986\" data-start=\"2955\" data-section-id=\"t85qp5\">Ajuste de \u00e1ngulo: hasta 25\u00b0<\/li>\n<li data-end=\"3013\" data-start=\"2987\" data-section-id=\"6jqbo8\">Ajuste lateral: \u00b115 mm<\/li>\n<li data-end=\"3041\" data-start=\"3014\" data-section-id=\"1swbzth\">Ajuste de altura: 36 mm<\/li>\n<li data-end=\"3074\" data-start=\"3042\" data-section-id=\"7hucf3\">Ajuste de curva de pedal: s\u00ed<\/li>\n<li data-end=\"3115\" data-start=\"3075\" data-section-id=\"16cl0q8\">Ajuste punto de presi\u00f3n de freno: s\u00ed<\/li>\n<li data-end=\"3171\" data-start=\"3116\" data-section-id=\"1uf4qez\">Ajuste acelerador y embrague: precarga en 2 niveles<\/li>\n<li data-end=\"3237\" data-start=\"3172\" data-section-id=\"14cf663\">Configuraci\u00f3n de freno: elast\u00f3meros + muelles intercambiables<\/li>\n<li data-end=\"3302\" data-start=\"3238\" data-section-id=\"g3fy5e\">Software: Pit House (monitorizaci\u00f3n y ajuste en tiempo real)<\/li>\n<li data-end=\"3363\" data-start=\"3303\" data-section-id=\"7kbd9s\">Durabilidad: testado para m\u00e1s de 1 mill\u00f3n de pulsaciones<\/li>\n<\/ul>\n<h3 data-end=\"3410\" data-start=\"3370\" data-section-id=\"67789r\">Lleva tu simracing al siguiente nivel<\/h3>\n<p data-is-only-node=\"\" data-is-last-node=\"\" data-end=\"3686\" data-start=\"3412\">Si est\u00e1s buscando unos pedales de simracing con load cell que te ofrezcan precisi\u00f3n, durabilidad y un nivel de personalizaci\u00f3n superior, los SRP2 son una apuesta segura. Ajusta cada detalle a tu gusto y experimenta una conducci\u00f3n m\u00e1s real, m\u00e1s consistente y m\u00e1s competitiva.<\/p>\n<\/div>\n<\/div>\n<\/div>\n<\/div>\n<\/div>\n<\/div>\n<\/section>\n<\/div><\/div>\n<p>pedales-moza-srp2-simufy_3_c781bab8-9f53-4a96-b473-b491e866ce60_1800x1800-pngv1774519643-1.pngpedales-moza-srp2-simufy_4_1800x1800-pngv1774468936-1.pngpedales-moza-srp2-simufy_5_1800x1800-pngv1774468936-1.pngpedales-moza-srp2-simufy_9_b41eaa3d-39f9-402d-8334-caff91f55e48_1800x1800-pngv1774468936-1.pngpedales-moza-srp2-simufy_6_70128396-d7f1-489a-aaba-4c45def01afb_1800x1800-pngv1774468888-1.png<\/p>\n","protected":false},"excerpt":{"rendered":"<p>Pedales SRP2 Load Cell: precisi\u00f3n profesional para tu simulador de carreras Los SRP2 Load Cell Pedals est\u00e1n dise\u00f1ados para ofrecer una experiencia de frenado ultra realista y un control absoluto en simracing. Gracias a su sistema h\u00edbrido de sensores y su avanzada capacidad de ajuste, se posicionan como una de las mejores opciones para quienes&#8230;<\/p>","protected":false},"featured_media":6232,"comment_status":"closed","ping_status":"closed","template":"","meta":{"_kad_blocks_custom_css":"","_kad_blocks_head_custom_js":"","_kad_blocks_body_custom_js":"","_kad_blocks_footer_custom_js":"","_kadence_starter_templates_imported_post":false,"_kad_post_transparent":"","_kad_post_title":"","_kad_post_layout":"","_kad_post_sidebar_id":"","_kad_post_content_style":"","_kad_post_vertical_padding":"","_kad_post_feature":"","_kad_post_feature_position":"","_kad_post_header":false,"_kad_post_footer":false,"_kad_post_classname":""},"product_brand":[],"product_cat":[65],"product_tag":[],"class_list":{"0":"post-4448","1":"product","2":"type-product","3":"status-publish","4":"has-post-thumbnail","6":"product_cat-pedales","8":"first","9":"outofstock","10":"taxable","11":"shipping-taxable","12":"product-type-simple","13":"entry","14":"content-bg","15":"loop-entry"},"yoast_head":"<!-- This site is optimized with the Yoast SEO plugin v27.3 - https:\/\/yoast.com\/product\/yoast-seo-wordpress\/ -->\n<title>Pedales MOZA SRP2 - Namgt<\/title>\n<meta name=\"robots\" content=\"index, follow, max-snippet:-1, max-image-preview:large, max-video-preview:-1\" \/>\n<link rel=\"canonical\" href=\"https:\/\/namgt.es\/fr\/produit\/pedales-moza-srp2\/\" \/>\n<meta property=\"og:locale\" content=\"fr_FR\" \/>\n<meta property=\"og:type\" content=\"article\" \/>\n<meta property=\"og:title\" content=\"Pedales MOZA SRP2 - Namgt\" \/>\n<meta property=\"og:description\" content=\"Pedales SRP2 Load Cell: precisi\u00f3n profesional para tu simulador de carreras Los SRP2 Load Cell Pedals est\u00e1n dise\u00f1ados para ofrecer una experiencia de frenado ultra realista y un control absoluto en simracing. Gracias a su sistema h\u00edbrido de sensores y su avanzada capacidad de ajuste, se posicionan como una de las mejores opciones para quienes...\" \/>\n<meta property=\"og:url\" content=\"https:\/\/namgt.es\/fr\/produit\/pedales-moza-srp2\/\" \/>\n<meta property=\"og:site_name\" content=\"Namgt\" \/>\n<meta property=\"article:publisher\" content=\"https:\/\/www.facebook.com\/profile.php?id=61580843453305\" \/>\n<meta property=\"article:modified_time\" content=\"2026-04-19T13:40:02+00:00\" \/>\n<meta property=\"og:image\" content=\"https:\/\/namgt.es\/wp-content\/uploads\/2026\/04\/pedales-moza-srp2-simufy_3_c781bab8-9f53-4a96-b473-b491e866ce60-2.png\" \/>\n\t<meta property=\"og:image:width\" content=\"1350\" \/>\n\t<meta property=\"og:image:height\" content=\"1350\" \/>\n\t<meta property=\"og:image:type\" content=\"image\/png\" \/>\n<meta name=\"twitter:card\" content=\"summary_large_image\" \/>\n<meta name=\"twitter:label1\" content=\"Dur\u00e9e de lecture estim\u00e9e\" \/>\n\t<meta name=\"twitter:data1\" content=\"3 minutes\" \/>\n<script type=\"application\/ld+json\" class=\"yoast-schema-graph\">{\"@context\":\"https:\\\/\\\/schema.org\",\"@graph\":[{\"@type\":\"WebPage\",\"@id\":\"https:\\\/\\\/namgt.es\\\/producto\\\/pedales-moza-srp2\\\/\",\"url\":\"https:\\\/\\\/namgt.es\\\/producto\\\/pedales-moza-srp2\\\/\",\"name\":\"Pedales MOZA SRP2 - Namgt\",\"isPartOf\":{\"@id\":\"https:\\\/\\\/namgt.es\\\/#website\"},\"primaryImageOfPage\":{\"@id\":\"https:\\\/\\\/namgt.es\\\/producto\\\/pedales-moza-srp2\\\/#primaryimage\"},\"image\":{\"@id\":\"https:\\\/\\\/namgt.es\\\/producto\\\/pedales-moza-srp2\\\/#primaryimage\"},\"thumbnailUrl\":\"https:\\\/\\\/namgt.es\\\/wp-content\\\/uploads\\\/2026\\\/04\\\/pedales-moza-srp2-simufy_3_c781bab8-9f53-4a96-b473-b491e866ce60-2.png\",\"datePublished\":\"2026-04-08T19:37:36+00:00\",\"dateModified\":\"2026-04-19T13:40:02+00:00\",\"breadcrumb\":{\"@id\":\"https:\\\/\\\/namgt.es\\\/producto\\\/pedales-moza-srp2\\\/#breadcrumb\"},\"inLanguage\":\"fr-FR\",\"potentialAction\":[{\"@type\":\"ReadAction\",\"target\":[\"https:\\\/\\\/namgt.es\\\/producto\\\/pedales-moza-srp2\\\/\"]}]},{\"@type\":\"ImageObject\",\"inLanguage\":\"fr-FR\",\"@id\":\"https:\\\/\\\/namgt.es\\\/producto\\\/pedales-moza-srp2\\\/#primaryimage\",\"url\":\"https:\\\/\\\/namgt.es\\\/wp-content\\\/uploads\\\/2026\\\/04\\\/pedales-moza-srp2-simufy_3_c781bab8-9f53-4a96-b473-b491e866ce60-2.png\",\"contentUrl\":\"https:\\\/\\\/namgt.es\\\/wp-content\\\/uploads\\\/2026\\\/04\\\/pedales-moza-srp2-simufy_3_c781bab8-9f53-4a96-b473-b491e866ce60-2.png\",\"width\":1350,\"height\":1350},{\"@type\":\"BreadcrumbList\",\"@id\":\"https:\\\/\\\/namgt.es\\\/producto\\\/pedales-moza-srp2\\\/#breadcrumb\",\"itemListElement\":[{\"@type\":\"ListItem\",\"position\":1,\"name\":\"Portada\",\"item\":\"https:\\\/\\\/namgt.es\\\/\"},{\"@type\":\"ListItem\",\"position\":2,\"name\":\"Kits de cockpits\",\"item\":\"https:\\\/\\\/namgt.es\\\/kits-de-cockpits\\\/\"},{\"@type\":\"ListItem\",\"position\":3,\"name\":\"Pedales MOZA SRP2\"}]},{\"@type\":\"WebSite\",\"@id\":\"https:\\\/\\\/namgt.es\\\/#website\",\"url\":\"https:\\\/\\\/namgt.es\\\/\",\"name\":\"Namgt\",\"description\":\"Kits de perfiles de aluminio para montar tu cockpit de simracing\",\"publisher\":{\"@id\":\"https:\\\/\\\/namgt.es\\\/#organization\"},\"potentialAction\":[{\"@type\":\"SearchAction\",\"target\":{\"@type\":\"EntryPoint\",\"urlTemplate\":\"https:\\\/\\\/namgt.es\\\/?s={search_term_string}\"},\"query-input\":{\"@type\":\"PropertyValueSpecification\",\"valueRequired\":true,\"valueName\":\"search_term_string\"}}],\"inLanguage\":\"fr-FR\"},{\"@type\":\"Organization\",\"@id\":\"https:\\\/\\\/namgt.es\\\/#organization\",\"name\":\"Namgt\",\"url\":\"https:\\\/\\\/namgt.es\\\/\",\"logo\":{\"@type\":\"ImageObject\",\"inLanguage\":\"fr-FR\",\"@id\":\"https:\\\/\\\/namgt.es\\\/#\\\/schema\\\/logo\\\/image\\\/\",\"url\":\"https:\\\/\\\/www.namgt.es\\\/wp-content\\\/uploads\\\/2025\\\/11\\\/logo-sin-fondo.png\",\"contentUrl\":\"https:\\\/\\\/www.namgt.es\\\/wp-content\\\/uploads\\\/2025\\\/11\\\/logo-sin-fondo.png\",\"width\":1024,\"height\":1024,\"caption\":\"Namgt\"},\"image\":{\"@id\":\"https:\\\/\\\/namgt.es\\\/#\\\/schema\\\/logo\\\/image\\\/\"},\"sameAs\":[\"https:\\\/\\\/www.facebook.com\\\/profile.php?id=61580843453305\"]}]}<\/script>\n<!-- \/ Yoast SEO plugin. -->","yoast_head_json":{"title":"Pedales MOZA SRP2 - Namgt","robots":{"index":"index","follow":"follow","max-snippet":"max-snippet:-1","max-image-preview":"max-image-preview:large","max-video-preview":"max-video-preview:-1"},"canonical":"https:\/\/namgt.es\/fr\/produit\/pedales-moza-srp2\/","og_locale":"fr_FR","og_type":"article","og_title":"Pedales MOZA SRP2 - Namgt","og_description":"Pedales SRP2 Load Cell: precisi\u00f3n profesional para tu simulador de carreras Los SRP2 Load Cell Pedals est\u00e1n dise\u00f1ados para ofrecer una experiencia de frenado ultra realista y un control absoluto en simracing. Gracias a su sistema h\u00edbrido de sensores y su avanzada capacidad de ajuste, se posicionan como una de las mejores opciones para quienes...","og_url":"https:\/\/namgt.es\/fr\/produit\/pedales-moza-srp2\/","og_site_name":"Namgt","article_publisher":"https:\/\/www.facebook.com\/profile.php?id=61580843453305","article_modified_time":"2026-04-19T13:40:02+00:00","og_image":[{"width":1350,"height":1350,"url":"https:\/\/namgt.es\/wp-content\/uploads\/2026\/04\/pedales-moza-srp2-simufy_3_c781bab8-9f53-4a96-b473-b491e866ce60-2.png","type":"image\/png"}],"twitter_card":"summary_large_image","twitter_misc":{"Dur\u00e9e de lecture estim\u00e9e":"3 minutes"},"schema":{"@context":"https:\/\/schema.org","@graph":[{"@type":"WebPage","@id":"https:\/\/namgt.es\/producto\/pedales-moza-srp2\/","url":"https:\/\/namgt.es\/producto\/pedales-moza-srp2\/","name":"Pedales MOZA SRP2 - Namgt","isPartOf":{"@id":"https:\/\/namgt.es\/#website"},"primaryImageOfPage":{"@id":"https:\/\/namgt.es\/producto\/pedales-moza-srp2\/#primaryimage"},"image":{"@id":"https:\/\/namgt.es\/producto\/pedales-moza-srp2\/#primaryimage"},"thumbnailUrl":"https:\/\/namgt.es\/wp-content\/uploads\/2026\/04\/pedales-moza-srp2-simufy_3_c781bab8-9f53-4a96-b473-b491e866ce60-2.png","datePublished":"2026-04-08T19:37:36+00:00","dateModified":"2026-04-19T13:40:02+00:00","breadcrumb":{"@id":"https:\/\/namgt.es\/producto\/pedales-moza-srp2\/#breadcrumb"},"inLanguage":"fr-FR","potentialAction":[{"@type":"ReadAction","target":["https:\/\/namgt.es\/producto\/pedales-moza-srp2\/"]}]},{"@type":"ImageObject","inLanguage":"fr-FR","@id":"https:\/\/namgt.es\/producto\/pedales-moza-srp2\/#primaryimage","url":"https:\/\/namgt.es\/wp-content\/uploads\/2026\/04\/pedales-moza-srp2-simufy_3_c781bab8-9f53-4a96-b473-b491e866ce60-2.png","contentUrl":"https:\/\/namgt.es\/wp-content\/uploads\/2026\/04\/pedales-moza-srp2-simufy_3_c781bab8-9f53-4a96-b473-b491e866ce60-2.png","width":1350,"height":1350},{"@type":"BreadcrumbList","@id":"https:\/\/namgt.es\/producto\/pedales-moza-srp2\/#breadcrumb","itemListElement":[{"@type":"ListItem","position":1,"name":"Portada","item":"https:\/\/namgt.es\/"},{"@type":"ListItem","position":2,"name":"Kits de cockpits","item":"https:\/\/namgt.es\/kits-de-cockpits\/"},{"@type":"ListItem","position":3,"name":"Pedales MOZA SRP2"}]},{"@type":"WebSite","@id":"https:\/\/namgt.es\/#website","url":"https:\/\/namgt.es\/","name":"Namgt","description":"Kits de profil\u00e9s en aluminium pour assembler votre cockpit simracing","publisher":{"@id":"https:\/\/namgt.es\/#organization"},"potentialAction":[{"@type":"SearchAction","target":{"@type":"EntryPoint","urlTemplate":"https:\/\/namgt.es\/?s={search_term_string}"},"query-input":{"@type":"PropertyValueSpecification","valueRequired":true,"valueName":"search_term_string"}}],"inLanguage":"fr-FR"},{"@type":"Organization","@id":"https:\/\/namgt.es\/#organization","name":"Namgt","url":"https:\/\/namgt.es\/","logo":{"@type":"ImageObject","inLanguage":"fr-FR","@id":"https:\/\/namgt.es\/#\/schema\/logo\/image\/","url":"https:\/\/www.namgt.es\/wp-content\/uploads\/2025\/11\/logo-sin-fondo.png","contentUrl":"https:\/\/www.namgt.es\/wp-content\/uploads\/2025\/11\/logo-sin-fondo.png","width":1024,"height":1024,"caption":"Namgt"},"image":{"@id":"https:\/\/namgt.es\/#\/schema\/logo\/image\/"},"sameAs":["https:\/\/www.facebook.com\/profile.php?id=61580843453305"]}]}},"taxonomy_info":{"product_cat":[{"value":65,"label":"Pedales"}]},"featured_image_src_large":["https:\/\/namgt.es\/wp-content\/uploads\/2026\/04\/pedales-moza-srp2-simufy_3_c781bab8-9f53-4a96-b473-b491e866ce60-2-1024x1024.png",1024,1024,true],"author_info":[],"comment_info":0,"jetpack_sharing_enabled":true,"_links":{"self":[{"href":"https:\/\/namgt.es\/fr\/wp-json\/wp\/v2\/product\/4448","targetHints":{"allow":["GET"]}}],"collection":[{"href":"https:\/\/namgt.es\/fr\/wp-json\/wp\/v2\/product"}],"about":[{"href":"https:\/\/namgt.es\/fr\/wp-json\/wp\/v2\/types\/product"}],"replies":[{"embeddable":true,"href":"https:\/\/namgt.es\/fr\/wp-json\/wp\/v2\/comments?post=4448"}],"wp:featuredmedia":[{"embeddable":true,"href":"https:\/\/namgt.es\/fr\/wp-json\/wp\/v2\/media\/6232"}],"wp:attachment":[{"href":"https:\/\/namgt.es\/fr\/wp-json\/wp\/v2\/media?parent=4448"}],"wp:term":[{"taxonomy":"product_brand","embeddable":true,"href":"https:\/\/namgt.es\/fr\/wp-json\/wp\/v2\/product_brand?post=4448"},{"taxonomy":"product_cat","embeddable":true,"href":"https:\/\/namgt.es\/fr\/wp-json\/wp\/v2\/product_cat?post=4448"},{"taxonomy":"product_tag","embeddable":true,"href":"https:\/\/namgt.es\/fr\/wp-json\/wp\/v2\/product_tag?post=4448"}],"curies":[{"name":"wp","href":"https:\/\/api.w.org\/{rel}","templated":true}]}}