{"id":3416,"date":"2025-10-28T00:36:50","date_gmt":"2025-10-27T23:36:50","guid":{"rendered":"https:\/\/www.namgt.es\/?post_type=product&#038;p=3416"},"modified":"2025-12-02T17:06:54","modified_gmt":"2025-12-02T16:06:54","slug":"semibaquet-reclinable-m-n190-tela-negra-costura-roja","status":"publish","type":"product","link":"https:\/\/namgt.es\/fr\/producto\/semibaquet-reclinable-m-n190-tela-negra-costura-roja\/","title":{"rendered":"Si\u00e8ge Reclinaible M-N190 en tissu noir avec surpiq\u00fbres rouges"},"content":{"rendered":"<div class=\"translate-tooltip-mtz hidden\">\n<div class=\"header\">\n<div id=\"product-description-short-8007\">\n<p class=\"p1\"><span class=\"s1\">Am\u00e9liorez le confort et l'esth\u00e9tique de votre simulateur avec le <\/span><span class=\"s2\">semibaquet reclinable <\/span><span class=\"s1\">\u00a0M-N100, <strong>fini en <\/strong><\/span><strong><span class=\"s2\">tela negra con costuras Rojas, transpirable<\/span><span class=\"s1\"> de haute qualit\u00e9.<\/span><\/strong><\/p>\n<p class=\"p1\"><span class=\"s1\">Contrairement aux si\u00e8ges en similicuir, ce mod\u00e8le en tissu offre une meilleure ventilation, id\u00e9ale pour les longues sessions de jeu ou pour concourir par temps chaud sans transpirer. Disponible en finition enti\u00e8rement noire ou combin\u00e9e avec du rouge.<\/span><\/p>\n<p class=\"p1\"><strong><span class=\"s2\">Caract\u00e9ristiques principales :<\/span><\/strong><\/p>\n<p class=\"p2\"><strong><span class=\"s1\">\u2022 <\/span><span class=\"s2\">Confort et Maintien :<\/span><\/strong><span class=\"s1\"> Son design sportif avec des \u00ab oreilles \u00bb prononc\u00e9es garantit un excellent maintien du corps dans les virages, apportant plus de r\u00e9alisme \u00e0 la conduite.<\/span><\/p>\n<p class=\"p3\"><strong><span class=\"s1\">\u2022 <\/span><span class=\"s2\">Pr\u00eat \u00e0 installer :<\/span><\/strong><span class=\"s1\"> El semibaquet reclinable se entrega con <\/span><span class=\"s2\">glissi\u00e8res coulissantes<\/span><span class=\"s1\"> permettant d'ajuster facilement la distance au volant.<\/span><\/p>\n<p class=\"p3\"><strong><span class=\"s1\">\u2022 <\/span><span class=\"s2\">Structure solide :<\/span><\/strong><span class=\"s1\"> Dossier inclinable avec m\u00e9canisme ferme pour ajuster votre posture id\u00e9ale.<\/span><\/p>\n<p class=\"p1\"><strong><span class=\"s2\">Compatibilit\u00e9 :<\/span><\/strong><\/p>\n<p class=\"p4\"><span class=\"s1\">Ce si\u00e8ge est universel et s'adapte parfaitement \u00e0 no <\/span><a href=\"https:\/\/namgt.es\/kits-de-cockpits\/\"><span class=\"s2\">cockpits de simulation.<\/span><span class=\"s1\">. <\/span><\/a><\/p>\n<p class=\"p1\"><strong><span class=\"s1\">\u26a0\ufe0f <\/span><span class=\"s2\">NOTE IMPORTANTE :<\/span><\/strong><span class=\"s1\"> S'il vous pla\u00eet, <\/span><span class=\"s2\">v\u00e9rifiez la disponibilit\u00e9<\/span><span class=\"s1\"> aupr\u00e8s de nous avant de passer commande pour confirmer le stock actuel.<\/span><\/p>\n<\/div>\n<\/div>\n<\/div>","protected":false},"excerpt":{"rendered":"<div class=\"translate-tooltip-mtz hidden\">\n<div class=\"header\">\n<p><strong>100% NEUF, JAMAIS UTILIS\u00c9 NI INSTALL\u00c9<\/strong><\/p>\n<p>&nbsp;<\/p>\n<p>Vendu \u00e0 l'unit\u00e9 ou par paire. Produit avec glissi\u00e8res incluses et un tr\u00e8s bon maintien.<\/p>\n<p>Design sportif et jeune, utilis\u00e9 pour les jeux vid\u00e9o et la voiture (glissi\u00e8res sp\u00e9cifiques n\u00e9cessaires pour cette derni\u00e8re).<\/p>\n<p>Structure fixe et maintien robuste, assure plus de r\u00e9alisme \u00e0 votre exp\u00e9rience de jeu, compatible avec votre console pr\u00e9f\u00e9r\u00e9e.<\/p>\n<p>VEUILLEZ V\u00c9RIFIER LA DISPONIBILIT\u00c9 AVANT DE PASSER COMMANDE<\/p>\n<\/div>\n<\/div>","protected":false},"featured_media":3636,"comment_status":"open","ping_status":"closed","template":"","meta":{"_kad_blocks_custom_css":"","_kad_blocks_head_custom_js":"","_kad_blocks_body_custom_js":"","_kad_blocks_footer_custom_js":"","_kadence_starter_templates_imported_post":false,"_kad_post_transparent":"default","_kad_post_title":"","_kad_post_layout":"default","_kad_post_sidebar_id":"","_kad_post_content_style":"default","_kad_post_vertical_padding":"default","_kad_post_feature":"","_kad_post_feature_position":"","_kad_post_header":false,"_kad_post_footer":false,"_kad_post_classname":""},"product_brand":[],"product_cat":[30],"product_tag":[],"class_list":{"0":"post-3416","1":"product","2":"type-product","3":"status-publish","4":"has-post-thumbnail","6":"product_cat-asientos","7":"product_shipping_class-accesorios","9":"first","10":"outofstock","11":"taxable","12":"shipping-taxable","13":"purchasable","14":"product-type-simple","15":"entry","16":"content-bg","17":"loop-entry"},"supplier_id":null,"supplier_sku":"","barcode":null,"atum_controlled":true,"out_stock_date":null,"out_stock_threshold":null,"inheritable":false,"inbound_stock":0,"stock_on_hold":0,"sold_today":0,"sales_last_days":0,"reserved_stock":0,"customer_returns":0,"warehouse_damage":0,"lost_in_post":0,"other_logs":0,"out_stock_days":0,"lost_sales":0,"has_location":false,"update_date":"2026-05-12T20:42:27","atum_locations":[],"atum_stock_status":"outofstock","restock_status":false,"low_stock_amount":"","sales_update_date":"2026-05-12T20:42:27","calc_backorders":null,"linked_bom":[],"sync_purchase_price":false,"bom_sellable":null,"minimum_threshold":null,"available_to_purchase":null,"selling_priority":null,"calculated_stock":null,"is_bom":false,"yoast_head":"<!-- This site is optimized with the Yoast SEO plugin v27.5 - https:\/\/yoast.com\/product\/yoast-seo-wordpress\/ -->\n<title>Semibaquet reclinable M-N190 en tela negra con costura roja - Namgt<\/title>\n<meta name=\"description\" content=\"Potencia la est\u00e9tica racing de tu simulador con este semibaquet reclinable deportivo negro con costuras rojas. Reclinable, c\u00f3modo y con guias correderas.\" \/>\n<meta name=\"robots\" content=\"index, follow, max-snippet:-1, max-image-preview:large, max-video-preview:-1\" \/>\n<link rel=\"canonical\" href=\"https:\/\/namgt.es\/fr\/produit\/semibaquet-reclinable-m-n190-tela-negra-costura-roja\/\" \/>\n<meta property=\"og:locale\" content=\"fr_FR\" \/>\n<meta property=\"og:type\" content=\"article\" \/>\n<meta property=\"og:title\" content=\"Semibaquet reclinable M-N190 en tela negra con costura roja - Namgt\" \/>\n<meta property=\"og:description\" content=\"Potencia la est\u00e9tica racing de tu simulador con este semibaquet reclinable deportivo negro con costuras rojas. Reclinable, c\u00f3modo y con guias correderas.\" \/>\n<meta property=\"og:url\" content=\"https:\/\/namgt.es\/fr\/produit\/semibaquet-reclinable-m-n190-tela-negra-costura-roja\/\" \/>\n<meta property=\"og:site_name\" content=\"Namgt\" \/>\n<meta property=\"article:publisher\" content=\"https:\/\/www.facebook.com\/profile.php?id=61580843453305\" \/>\n<meta property=\"article:modified_time\" content=\"2025-12-02T16:06:54+00:00\" \/>\n<meta property=\"og:image\" content=\"https:\/\/namgt.es\/wp-content\/uploads\/2025\/10\/f6342cd2-bffd-4b47-b009-74328a73bd99-2-1024x1024.png\" \/>\n\t<meta property=\"og:image:width\" content=\"1024\" \/>\n\t<meta property=\"og:image:height\" content=\"1024\" \/>\n\t<meta property=\"og:image:type\" content=\"image\/png\" \/>\n<meta name=\"twitter:card\" content=\"summary_large_image\" \/>\n<meta name=\"twitter:label1\" content=\"Dur\u00e9e de lecture estim\u00e9e\" \/>\n\t<meta name=\"twitter:data1\" content=\"1 minute\" \/>\n<script type=\"application\/ld+json\" class=\"yoast-schema-graph\">{\"@context\":\"https:\\\/\\\/schema.org\",\"@graph\":[{\"@type\":\"WebPage\",\"@id\":\"https:\\\/\\\/namgt.es\\\/producto\\\/semibaquet-reclinable-m-n190-tela-negra-costura-roja\\\/\",\"url\":\"https:\\\/\\\/namgt.es\\\/producto\\\/semibaquet-reclinable-m-n190-tela-negra-costura-roja\\\/\",\"name\":\"Semibaquet reclinable M-N190 en tela negra con costura roja - Namgt\",\"isPartOf\":{\"@id\":\"https:\\\/\\\/namgt.es\\\/#website\"},\"primaryImageOfPage\":{\"@id\":\"https:\\\/\\\/namgt.es\\\/producto\\\/semibaquet-reclinable-m-n190-tela-negra-costura-roja\\\/#primaryimage\"},\"image\":{\"@id\":\"https:\\\/\\\/namgt.es\\\/producto\\\/semibaquet-reclinable-m-n190-tela-negra-costura-roja\\\/#primaryimage\"},\"thumbnailUrl\":\"https:\\\/\\\/namgt.es\\\/wp-content\\\/uploads\\\/2025\\\/10\\\/f6342cd2-bffd-4b47-b009-74328a73bd99-2.png\",\"datePublished\":\"2025-10-27T23:36:50+00:00\",\"dateModified\":\"2025-12-02T16:06:54+00:00\",\"description\":\"Potencia la est\u00e9tica racing de tu simulador con este semibaquet reclinable deportivo negro con costuras rojas. Reclinable, c\u00f3modo y con guias correderas.\",\"breadcrumb\":{\"@id\":\"https:\\\/\\\/namgt.es\\\/producto\\\/semibaquet-reclinable-m-n190-tela-negra-costura-roja\\\/#breadcrumb\"},\"inLanguage\":\"fr-FR\",\"potentialAction\":[{\"@type\":\"ReadAction\",\"target\":[\"https:\\\/\\\/namgt.es\\\/producto\\\/semibaquet-reclinable-m-n190-tela-negra-costura-roja\\\/\"]}]},{\"@type\":\"ImageObject\",\"inLanguage\":\"fr-FR\",\"@id\":\"https:\\\/\\\/namgt.es\\\/producto\\\/semibaquet-reclinable-m-n190-tela-negra-costura-roja\\\/#primaryimage\",\"url\":\"https:\\\/\\\/namgt.es\\\/wp-content\\\/uploads\\\/2025\\\/10\\\/f6342cd2-bffd-4b47-b009-74328a73bd99-2.png\",\"contentUrl\":\"https:\\\/\\\/namgt.es\\\/wp-content\\\/uploads\\\/2025\\\/10\\\/f6342cd2-bffd-4b47-b009-74328a73bd99-2.png\",\"width\":2160,\"height\":2160},{\"@type\":\"BreadcrumbList\",\"@id\":\"https:\\\/\\\/namgt.es\\\/producto\\\/semibaquet-reclinable-m-n190-tela-negra-costura-roja\\\/#breadcrumb\",\"itemListElement\":[{\"@type\":\"ListItem\",\"position\":1,\"name\":\"Portada\",\"item\":\"https:\\\/\\\/namgt.es\\\/\"},{\"@type\":\"ListItem\",\"position\":2,\"name\":\"Kits de cockpits\",\"item\":\"https:\\\/\\\/namgt.es\\\/kits-de-cockpits\\\/\"},{\"@type\":\"ListItem\",\"position\":3,\"name\":\"Semibaquet reclinable M-N190 en tela negra con costura roja\"}]},{\"@type\":\"WebSite\",\"@id\":\"https:\\\/\\\/namgt.es\\\/#website\",\"url\":\"https:\\\/\\\/namgt.es\\\/\",\"name\":\"Namgt\",\"description\":\"Kits de perfiles de aluminio para montar tu cockpit de simracing\",\"publisher\":{\"@id\":\"https:\\\/\\\/namgt.es\\\/#organization\"},\"potentialAction\":[{\"@type\":\"SearchAction\",\"target\":{\"@type\":\"EntryPoint\",\"urlTemplate\":\"https:\\\/\\\/namgt.es\\\/?s={search_term_string}\"},\"query-input\":{\"@type\":\"PropertyValueSpecification\",\"valueRequired\":true,\"valueName\":\"search_term_string\"}}],\"inLanguage\":\"fr-FR\"},{\"@type\":\"Organization\",\"@id\":\"https:\\\/\\\/namgt.es\\\/#organization\",\"name\":\"Namgt\",\"url\":\"https:\\\/\\\/namgt.es\\\/\",\"logo\":{\"@type\":\"ImageObject\",\"inLanguage\":\"fr-FR\",\"@id\":\"https:\\\/\\\/namgt.es\\\/#\\\/schema\\\/logo\\\/image\\\/\",\"url\":\"https:\\\/\\\/www.namgt.es\\\/wp-content\\\/uploads\\\/2025\\\/11\\\/logo-sin-fondo.png\",\"contentUrl\":\"https:\\\/\\\/www.namgt.es\\\/wp-content\\\/uploads\\\/2025\\\/11\\\/logo-sin-fondo.png\",\"width\":1024,\"height\":1024,\"caption\":\"Namgt\"},\"image\":{\"@id\":\"https:\\\/\\\/namgt.es\\\/#\\\/schema\\\/logo\\\/image\\\/\"},\"sameAs\":[\"https:\\\/\\\/www.facebook.com\\\/profile.php?id=61580843453305\"]}]}<\/script>\n<!-- \/ Yoast SEO plugin. -->","yoast_head_json":{"title":"Semibaquet reclinable M-N190 en tela negra con costura roja - Namgt","description":"Potencia la est\u00e9tica racing de tu simulador con este semibaquet reclinable deportivo negro con costuras rojas. Reclinable, c\u00f3modo y con guias correderas.","robots":{"index":"index","follow":"follow","max-snippet":"max-snippet:-1","max-image-preview":"max-image-preview:large","max-video-preview":"max-video-preview:-1"},"canonical":"https:\/\/namgt.es\/fr\/produit\/semibaquet-reclinable-m-n190-tela-negra-costura-roja\/","og_locale":"fr_FR","og_type":"article","og_title":"Semibaquet reclinable M-N190 en tela negra con costura roja - Namgt","og_description":"Potencia la est\u00e9tica racing de tu simulador con este semibaquet reclinable deportivo negro con costuras rojas. Reclinable, c\u00f3modo y con guias correderas.","og_url":"https:\/\/namgt.es\/fr\/produit\/semibaquet-reclinable-m-n190-tela-negra-costura-roja\/","og_site_name":"Namgt","article_publisher":"https:\/\/www.facebook.com\/profile.php?id=61580843453305","article_modified_time":"2025-12-02T16:06:54+00:00","og_image":[{"width":1024,"height":1024,"url":"https:\/\/namgt.es\/wp-content\/uploads\/2025\/10\/f6342cd2-bffd-4b47-b009-74328a73bd99-2-1024x1024.png","type":"image\/png"}],"twitter_card":"summary_large_image","twitter_misc":{"Dur\u00e9e de lecture estim\u00e9e":"1 minute"},"schema":{"@context":"https:\/\/schema.org","@graph":[{"@type":"WebPage","@id":"https:\/\/namgt.es\/producto\/semibaquet-reclinable-m-n190-tela-negra-costura-roja\/","url":"https:\/\/namgt.es\/producto\/semibaquet-reclinable-m-n190-tela-negra-costura-roja\/","name":"Semibaquet reclinable M-N190 en tela negra con costura roja - Namgt","isPartOf":{"@id":"https:\/\/namgt.es\/#website"},"primaryImageOfPage":{"@id":"https:\/\/namgt.es\/producto\/semibaquet-reclinable-m-n190-tela-negra-costura-roja\/#primaryimage"},"image":{"@id":"https:\/\/namgt.es\/producto\/semibaquet-reclinable-m-n190-tela-negra-costura-roja\/#primaryimage"},"thumbnailUrl":"https:\/\/namgt.es\/wp-content\/uploads\/2025\/10\/f6342cd2-bffd-4b47-b009-74328a73bd99-2.png","datePublished":"2025-10-27T23:36:50+00:00","dateModified":"2025-12-02T16:06:54+00:00","description":"Potencia la est\u00e9tica racing de tu simulador con este semibaquet reclinable deportivo negro con costuras rojas. Reclinable, c\u00f3modo y con guias correderas.","breadcrumb":{"@id":"https:\/\/namgt.es\/producto\/semibaquet-reclinable-m-n190-tela-negra-costura-roja\/#breadcrumb"},"inLanguage":"fr-FR","potentialAction":[{"@type":"ReadAction","target":["https:\/\/namgt.es\/producto\/semibaquet-reclinable-m-n190-tela-negra-costura-roja\/"]}]},{"@type":"ImageObject","inLanguage":"fr-FR","@id":"https:\/\/namgt.es\/producto\/semibaquet-reclinable-m-n190-tela-negra-costura-roja\/#primaryimage","url":"https:\/\/namgt.es\/wp-content\/uploads\/2025\/10\/f6342cd2-bffd-4b47-b009-74328a73bd99-2.png","contentUrl":"https:\/\/namgt.es\/wp-content\/uploads\/2025\/10\/f6342cd2-bffd-4b47-b009-74328a73bd99-2.png","width":2160,"height":2160},{"@type":"BreadcrumbList","@id":"https:\/\/namgt.es\/producto\/semibaquet-reclinable-m-n190-tela-negra-costura-roja\/#breadcrumb","itemListElement":[{"@type":"ListItem","position":1,"name":"Portada","item":"https:\/\/namgt.es\/"},{"@type":"ListItem","position":2,"name":"Kits de cockpits","item":"https:\/\/namgt.es\/kits-de-cockpits\/"},{"@type":"ListItem","position":3,"name":"Semibaquet reclinable M-N190 en tela negra con costura roja"}]},{"@type":"WebSite","@id":"https:\/\/namgt.es\/#website","url":"https:\/\/namgt.es\/","name":"Namgt","description":"Kits de profil\u00e9s en aluminium pour assembler votre cockpit simracing","publisher":{"@id":"https:\/\/namgt.es\/#organization"},"potentialAction":[{"@type":"SearchAction","target":{"@type":"EntryPoint","urlTemplate":"https:\/\/namgt.es\/?s={search_term_string}"},"query-input":{"@type":"PropertyValueSpecification","valueRequired":true,"valueName":"search_term_string"}}],"inLanguage":"fr-FR"},{"@type":"Organization","@id":"https:\/\/namgt.es\/#organization","name":"Namgt","url":"https:\/\/namgt.es\/","logo":{"@type":"ImageObject","inLanguage":"fr-FR","@id":"https:\/\/namgt.es\/#\/schema\/logo\/image\/","url":"https:\/\/www.namgt.es\/wp-content\/uploads\/2025\/11\/logo-sin-fondo.png","contentUrl":"https:\/\/www.namgt.es\/wp-content\/uploads\/2025\/11\/logo-sin-fondo.png","width":1024,"height":1024,"caption":"Namgt"},"image":{"@id":"https:\/\/namgt.es\/#\/schema\/logo\/image\/"},"sameAs":["https:\/\/www.facebook.com\/profile.php?id=61580843453305"]}]}},"taxonomy_info":{"product_cat":[{"value":30,"label":"Asientos"}]},"featured_image_src_large":["https:\/\/namgt.es\/wp-content\/uploads\/2025\/10\/f6342cd2-bffd-4b47-b009-74328a73bd99-2-1024x1024.png",1024,1024,true],"author_info":[],"comment_info":0,"jetpack_sharing_enabled":true,"_links":{"self":[{"href":"https:\/\/namgt.es\/fr\/wp-json\/wp\/v2\/product\/3416","targetHints":{"allow":["GET"]}}],"collection":[{"href":"https:\/\/namgt.es\/fr\/wp-json\/wp\/v2\/product"}],"about":[{"href":"https:\/\/namgt.es\/fr\/wp-json\/wp\/v2\/types\/product"}],"replies":[{"embeddable":true,"href":"https:\/\/namgt.es\/fr\/wp-json\/wp\/v2\/comments?post=3416"}],"wp:featuredmedia":[{"embeddable":true,"href":"https:\/\/namgt.es\/fr\/wp-json\/wp\/v2\/media\/3636"}],"wp:attachment":[{"href":"https:\/\/namgt.es\/fr\/wp-json\/wp\/v2\/media?parent=3416"}],"wp:term":[{"taxonomy":"product_brand","embeddable":true,"href":"https:\/\/namgt.es\/fr\/wp-json\/wp\/v2\/product_brand?post=3416"},{"taxonomy":"product_cat","embeddable":true,"href":"https:\/\/namgt.es\/fr\/wp-json\/wp\/v2\/product_cat?post=3416"},{"taxonomy":"product_tag","embeddable":true,"href":"https:\/\/namgt.es\/fr\/wp-json\/wp\/v2\/product_tag?post=3416"}],"curies":[{"name":"wp","href":"https:\/\/api.w.org\/{rel}","templated":true}]}}