{"id":3282,"date":"2025-09-25T13:45:29","date_gmt":"2025-09-25T11:45:29","guid":{"rendered":"https:\/\/www.namgt.es\/?post_type=product&#038;p=3282"},"modified":"2026-05-09T19:14:57","modified_gmt":"2026-05-09T17:14:57","slug":"kit-pieds-reglables-cockpit","status":"publish","type":"product","link":"https:\/\/namgt.es\/fr\/producto\/kit-patas-regulables-cockpit\/","title":{"rendered":"Kit de pieds r\u00e9glables avec plaques de montage dans le cockpit"},"content":{"rendered":"<p class=\"p1\"><span class=\"s1\">Apportez \u00e0 votre simulateur une stabilit\u00e9 maximale et une mise \u00e0 niveau parfaite avec ce <\/span><strong><span class=\"s2\">Kit de Pieds r\u00e9glables<\/span><\/strong><span class=\"s1\"> en hauteur, qui comprend des plaques de fixation en acier.<\/span><\/p>\n<p class=\"p1\"><span class=\"s1\">Con\u00e7u pour les structures de <strong>profil\u00e9 rainur\u00e9 40x40,<\/strong>ce kit permet de compenser toute irr\u00e9gularit\u00e9 du sol et de maintenir toujours la rigidit\u00e9 n\u00e9cessaire lors des sessions de simracing les plus intenses.<\/span><\/p>\n<p class=\"p1\"><strong><span class=\"s2\">Sp\u00e9cifications techniques :<\/span><\/strong><\/p>\n<p class=\"p2\"><span class=\"s1\">Chaque pied comprend un <strong>Chaque pied comprend une vis M12 (D80 L80 WH)<\/strong> avec une base en <strong>nylon PA66<\/strong> haute r\u00e9sistance. De plus, il dispose d'un capuchon amortisseur pour r\u00e9duire les vibrations et prot\u00e9ger le sol, ainsi que d'un \u00e9crou de fixation pour un r\u00e9glage millim\u00e9trique.<\/span><\/p>\n<p class=\"p1\"><span class=\"s1\">garantissant une union solide et durable avec votre <\/span><a href=\"https:\/\/namgt.es\/producto\/kit-cockpit-simracing-gt2\/\"><span class=\"s2\">cockpit en aluminium.<\/span><\/a><span class=\"s1\">.<\/span><\/p>\n<p class=\"p1\"><span class=\"s1\">ce pack est id\u00e9al pour ceux qui recherchent un setup robuste et adapt\u00e9 \u00e0 n'importe quelle surface.<\/span><\/p>","protected":false},"excerpt":{"rendered":"<p class=\"p1\">Pack de pieds r\u00e9glables en hauteur avec plaques de fixation en acier de 5 mm pour cockpits NaM GT. Vis M12 avec base en nylon renforc\u00e9 et capuchon amortisseur inclus. Apporte \u00e0 votre cockpit le maximum de <strong data-start=\"437\" data-end=\"463\">stabilit\u00e9 et mise \u00e0 niveau<\/strong> avec ce pack de pieds r\u00e9glables en hauteur.<br \/>\nLa solution parfaite pour maintenir votre structure ferme et sans vibrations, m\u00eame sur des surfaces irr\u00e9guli\u00e8res.<\/p>","protected":false},"featured_media":3296,"comment_status":"open","ping_status":"closed","template":"","meta":{"_kad_blocks_custom_css":"","_kad_blocks_head_custom_js":"","_kad_blocks_body_custom_js":"","_kad_blocks_footer_custom_js":"","_kadence_starter_templates_imported_post":false,"_kad_post_transparent":"default","_kad_post_title":"","_kad_post_layout":"default","_kad_post_sidebar_id":"","_kad_post_content_style":"default","_kad_post_vertical_padding":"default","_kad_post_feature":"","_kad_post_feature_position":"","_kad_post_header":false,"_kad_post_footer":false,"_kad_post_classname":""},"product_brand":[],"product_cat":[28],"product_tag":[],"class_list":{"0":"post-3282","1":"product","2":"type-product","3":"status-publish","4":"has-post-thumbnail","6":"product_cat-accesorios","7":"product_shipping_class-accesorios-pequenos","9":"first","10":"instock","11":"taxable","12":"shipping-taxable","13":"purchasable","14":"product-type-simple","15":"entry","16":"content-bg","17":"loop-entry"},"supplier_id":null,"supplier_sku":"","barcode":null,"atum_controlled":true,"out_stock_date":null,"out_stock_threshold":null,"inheritable":false,"inbound_stock":0,"stock_on_hold":0,"sold_today":0,"sales_last_days":0,"reserved_stock":0,"customer_returns":0,"warehouse_damage":0,"lost_in_post":0,"other_logs":0,"out_stock_days":0,"lost_sales":0,"has_location":false,"update_date":"2026-05-12T20:42:27","atum_locations":[],"atum_stock_status":"instock","restock_status":false,"low_stock_amount":"","sales_update_date":"2026-05-12T20:42:27","calc_backorders":null,"linked_bom":[{"bom_id":8735,"bom_type":"product_part","qty":8,"measure_unit":null},{"bom_id":8740,"bom_type":"product_part","qty":8,"measure_unit":null},{"bom_id":8749,"bom_type":"product_part","qty":4,"measure_unit":null}],"sync_purchase_price":false,"bom_sellable":null,"minimum_threshold":null,"available_to_purchase":null,"selling_priority":null,"calculated_stock":19.25,"is_bom":false,"yoast_head":"<!-- This site is optimized with the Yoast SEO plugin v27.5 - https:\/\/yoast.com\/product\/yoast-seo-wordpress\/ -->\n<title>Kit de patas regulables con placas de fijaci\u00f3n para cockpit - Namgt<\/title>\n<meta name=\"description\" content=\"\u00bfSuelo irregular? Soluci\u00f3nalo con nuestro Kit de Patas regulables para cockpit. Incluye placas de fijaci\u00f3n y base amortiguadora. Estabilidad total.\" \/>\n<meta name=\"robots\" content=\"index, follow, max-snippet:-1, max-image-preview:large, max-video-preview:-1\" \/>\n<link rel=\"canonical\" href=\"https:\/\/namgt.es\/fr\/produit\/kit-pieds-reglables-cockpit\/\" \/>\n<meta property=\"og:locale\" content=\"fr_FR\" \/>\n<meta property=\"og:type\" content=\"article\" \/>\n<meta property=\"og:title\" content=\"Kit de patas regulables con placas de fijaci\u00f3n para cockpit - Namgt\" \/>\n<meta property=\"og:description\" content=\"\u00bfSuelo irregular? Soluci\u00f3nalo con nuestro Kit de Patas regulables para cockpit. Incluye placas de fijaci\u00f3n y base amortiguadora. Estabilidad total.\" \/>\n<meta property=\"og:url\" content=\"https:\/\/namgt.es\/fr\/produit\/kit-pieds-reglables-cockpit\/\" \/>\n<meta property=\"og:site_name\" content=\"Namgt\" \/>\n<meta property=\"article:publisher\" content=\"https:\/\/www.facebook.com\/profile.php?id=61580843453305\" \/>\n<meta property=\"article:modified_time\" content=\"2026-05-09T17:14:57+00:00\" \/>\n<meta property=\"og:image\" content=\"https:\/\/namgt.es\/wp-content\/uploads\/2025\/09\/patas-4-Photoroom.png\" \/>\n\t<meta property=\"og:image:width\" content=\"853\" \/>\n\t<meta property=\"og:image:height\" content=\"853\" \/>\n\t<meta property=\"og:image:type\" content=\"image\/png\" \/>\n<meta name=\"twitter:card\" content=\"summary_large_image\" \/>\n<meta name=\"twitter:label1\" content=\"Dur\u00e9e de lecture estim\u00e9e\" \/>\n\t<meta name=\"twitter:data1\" content=\"1 minute\" \/>\n<script type=\"application\/ld+json\" class=\"yoast-schema-graph\">{\"@context\":\"https:\\\/\\\/schema.org\",\"@graph\":[{\"@type\":\"WebPage\",\"@id\":\"https:\\\/\\\/namgt.es\\\/producto\\\/kit-patas-regulables-cockpit\\\/\",\"url\":\"https:\\\/\\\/namgt.es\\\/producto\\\/kit-patas-regulables-cockpit\\\/\",\"name\":\"Kit de patas regulables con placas de fijaci\u00f3n para cockpit - Namgt\",\"isPartOf\":{\"@id\":\"https:\\\/\\\/namgt.es\\\/#website\"},\"primaryImageOfPage\":{\"@id\":\"https:\\\/\\\/namgt.es\\\/producto\\\/kit-patas-regulables-cockpit\\\/#primaryimage\"},\"image\":{\"@id\":\"https:\\\/\\\/namgt.es\\\/producto\\\/kit-patas-regulables-cockpit\\\/#primaryimage\"},\"thumbnailUrl\":\"https:\\\/\\\/namgt.es\\\/wp-content\\\/uploads\\\/2025\\\/09\\\/patas-4-Photoroom.png\",\"datePublished\":\"2025-09-25T11:45:29+00:00\",\"dateModified\":\"2026-05-09T17:14:57+00:00\",\"description\":\"\u00bfSuelo irregular? Soluci\u00f3nalo con nuestro Kit de Patas regulables para cockpit. Incluye placas de fijaci\u00f3n y base amortiguadora. Estabilidad total.\",\"breadcrumb\":{\"@id\":\"https:\\\/\\\/namgt.es\\\/producto\\\/kit-patas-regulables-cockpit\\\/#breadcrumb\"},\"inLanguage\":\"fr-FR\",\"potentialAction\":[{\"@type\":\"ReadAction\",\"target\":[\"https:\\\/\\\/namgt.es\\\/producto\\\/kit-patas-regulables-cockpit\\\/\"]}]},{\"@type\":\"ImageObject\",\"inLanguage\":\"fr-FR\",\"@id\":\"https:\\\/\\\/namgt.es\\\/producto\\\/kit-patas-regulables-cockpit\\\/#primaryimage\",\"url\":\"https:\\\/\\\/namgt.es\\\/wp-content\\\/uploads\\\/2025\\\/09\\\/patas-4-Photoroom.png\",\"contentUrl\":\"https:\\\/\\\/namgt.es\\\/wp-content\\\/uploads\\\/2025\\\/09\\\/patas-4-Photoroom.png\",\"width\":853,\"height\":853},{\"@type\":\"BreadcrumbList\",\"@id\":\"https:\\\/\\\/namgt.es\\\/producto\\\/kit-patas-regulables-cockpit\\\/#breadcrumb\",\"itemListElement\":[{\"@type\":\"ListItem\",\"position\":1,\"name\":\"Portada\",\"item\":\"https:\\\/\\\/namgt.es\\\/\"},{\"@type\":\"ListItem\",\"position\":2,\"name\":\"Kits de cockpits\",\"item\":\"https:\\\/\\\/namgt.es\\\/kits-de-cockpits\\\/\"},{\"@type\":\"ListItem\",\"position\":3,\"name\":\"Kit de patas regulables con placas de fijaci\u00f3n para cockpit\"}]},{\"@type\":\"WebSite\",\"@id\":\"https:\\\/\\\/namgt.es\\\/#website\",\"url\":\"https:\\\/\\\/namgt.es\\\/\",\"name\":\"Namgt\",\"description\":\"Kits de perfiles de aluminio para montar tu cockpit de simracing\",\"publisher\":{\"@id\":\"https:\\\/\\\/namgt.es\\\/#organization\"},\"potentialAction\":[{\"@type\":\"SearchAction\",\"target\":{\"@type\":\"EntryPoint\",\"urlTemplate\":\"https:\\\/\\\/namgt.es\\\/?s={search_term_string}\"},\"query-input\":{\"@type\":\"PropertyValueSpecification\",\"valueRequired\":true,\"valueName\":\"search_term_string\"}}],\"inLanguage\":\"fr-FR\"},{\"@type\":\"Organization\",\"@id\":\"https:\\\/\\\/namgt.es\\\/#organization\",\"name\":\"Namgt\",\"url\":\"https:\\\/\\\/namgt.es\\\/\",\"logo\":{\"@type\":\"ImageObject\",\"inLanguage\":\"fr-FR\",\"@id\":\"https:\\\/\\\/namgt.es\\\/#\\\/schema\\\/logo\\\/image\\\/\",\"url\":\"https:\\\/\\\/www.namgt.es\\\/wp-content\\\/uploads\\\/2025\\\/11\\\/logo-sin-fondo.png\",\"contentUrl\":\"https:\\\/\\\/www.namgt.es\\\/wp-content\\\/uploads\\\/2025\\\/11\\\/logo-sin-fondo.png\",\"width\":1024,\"height\":1024,\"caption\":\"Namgt\"},\"image\":{\"@id\":\"https:\\\/\\\/namgt.es\\\/#\\\/schema\\\/logo\\\/image\\\/\"},\"sameAs\":[\"https:\\\/\\\/www.facebook.com\\\/profile.php?id=61580843453305\"]}]}<\/script>\n<!-- \/ Yoast SEO plugin. -->","yoast_head_json":{"title":"Kit de patas regulables con placas de fijaci\u00f3n para cockpit - Namgt","description":"\u00bfSuelo irregular? Soluci\u00f3nalo con nuestro Kit de Patas regulables para cockpit. Incluye placas de fijaci\u00f3n y base amortiguadora. Estabilidad total.","robots":{"index":"index","follow":"follow","max-snippet":"max-snippet:-1","max-image-preview":"max-image-preview:large","max-video-preview":"max-video-preview:-1"},"canonical":"https:\/\/namgt.es\/fr\/produit\/kit-pieds-reglables-cockpit\/","og_locale":"fr_FR","og_type":"article","og_title":"Kit de patas regulables con placas de fijaci\u00f3n para cockpit - Namgt","og_description":"\u00bfSuelo irregular? Soluci\u00f3nalo con nuestro Kit de Patas regulables para cockpit. Incluye placas de fijaci\u00f3n y base amortiguadora. Estabilidad total.","og_url":"https:\/\/namgt.es\/fr\/produit\/kit-pieds-reglables-cockpit\/","og_site_name":"Namgt","article_publisher":"https:\/\/www.facebook.com\/profile.php?id=61580843453305","article_modified_time":"2026-05-09T17:14:57+00:00","og_image":[{"width":853,"height":853,"url":"https:\/\/namgt.es\/wp-content\/uploads\/2025\/09\/patas-4-Photoroom.png","type":"image\/png"}],"twitter_card":"summary_large_image","twitter_misc":{"Dur\u00e9e de lecture estim\u00e9e":"1 minute"},"schema":{"@context":"https:\/\/schema.org","@graph":[{"@type":"WebPage","@id":"https:\/\/namgt.es\/producto\/kit-patas-regulables-cockpit\/","url":"https:\/\/namgt.es\/producto\/kit-patas-regulables-cockpit\/","name":"Kit de patas regulables con placas de fijaci\u00f3n para cockpit - Namgt","isPartOf":{"@id":"https:\/\/namgt.es\/#website"},"primaryImageOfPage":{"@id":"https:\/\/namgt.es\/producto\/kit-patas-regulables-cockpit\/#primaryimage"},"image":{"@id":"https:\/\/namgt.es\/producto\/kit-patas-regulables-cockpit\/#primaryimage"},"thumbnailUrl":"https:\/\/namgt.es\/wp-content\/uploads\/2025\/09\/patas-4-Photoroom.png","datePublished":"2025-09-25T11:45:29+00:00","dateModified":"2026-05-09T17:14:57+00:00","description":"\u00bfSuelo irregular? Soluci\u00f3nalo con nuestro Kit de Patas regulables para cockpit. Incluye placas de fijaci\u00f3n y base amortiguadora. Estabilidad total.","breadcrumb":{"@id":"https:\/\/namgt.es\/producto\/kit-patas-regulables-cockpit\/#breadcrumb"},"inLanguage":"fr-FR","potentialAction":[{"@type":"ReadAction","target":["https:\/\/namgt.es\/producto\/kit-patas-regulables-cockpit\/"]}]},{"@type":"ImageObject","inLanguage":"fr-FR","@id":"https:\/\/namgt.es\/producto\/kit-patas-regulables-cockpit\/#primaryimage","url":"https:\/\/namgt.es\/wp-content\/uploads\/2025\/09\/patas-4-Photoroom.png","contentUrl":"https:\/\/namgt.es\/wp-content\/uploads\/2025\/09\/patas-4-Photoroom.png","width":853,"height":853},{"@type":"BreadcrumbList","@id":"https:\/\/namgt.es\/producto\/kit-patas-regulables-cockpit\/#breadcrumb","itemListElement":[{"@type":"ListItem","position":1,"name":"Portada","item":"https:\/\/namgt.es\/"},{"@type":"ListItem","position":2,"name":"Kits de cockpits","item":"https:\/\/namgt.es\/kits-de-cockpits\/"},{"@type":"ListItem","position":3,"name":"Kit de patas regulables con placas de fijaci\u00f3n para cockpit"}]},{"@type":"WebSite","@id":"https:\/\/namgt.es\/#website","url":"https:\/\/namgt.es\/","name":"Namgt","description":"Kits de profil\u00e9s en aluminium pour assembler votre cockpit simracing","publisher":{"@id":"https:\/\/namgt.es\/#organization"},"potentialAction":[{"@type":"SearchAction","target":{"@type":"EntryPoint","urlTemplate":"https:\/\/namgt.es\/?s={search_term_string}"},"query-input":{"@type":"PropertyValueSpecification","valueRequired":true,"valueName":"search_term_string"}}],"inLanguage":"fr-FR"},{"@type":"Organization","@id":"https:\/\/namgt.es\/#organization","name":"Namgt","url":"https:\/\/namgt.es\/","logo":{"@type":"ImageObject","inLanguage":"fr-FR","@id":"https:\/\/namgt.es\/#\/schema\/logo\/image\/","url":"https:\/\/www.namgt.es\/wp-content\/uploads\/2025\/11\/logo-sin-fondo.png","contentUrl":"https:\/\/www.namgt.es\/wp-content\/uploads\/2025\/11\/logo-sin-fondo.png","width":1024,"height":1024,"caption":"Namgt"},"image":{"@id":"https:\/\/namgt.es\/#\/schema\/logo\/image\/"},"sameAs":["https:\/\/www.facebook.com\/profile.php?id=61580843453305"]}]}},"taxonomy_info":{"product_cat":[{"value":28,"label":"Accesorios"}]},"featured_image_src_large":["https:\/\/namgt.es\/wp-content\/uploads\/2025\/09\/patas-4-Photoroom.png",853,853,false],"author_info":[],"comment_info":0,"jetpack_sharing_enabled":true,"_links":{"self":[{"href":"https:\/\/namgt.es\/fr\/wp-json\/wp\/v2\/product\/3282","targetHints":{"allow":["GET"]}}],"collection":[{"href":"https:\/\/namgt.es\/fr\/wp-json\/wp\/v2\/product"}],"about":[{"href":"https:\/\/namgt.es\/fr\/wp-json\/wp\/v2\/types\/product"}],"replies":[{"embeddable":true,"href":"https:\/\/namgt.es\/fr\/wp-json\/wp\/v2\/comments?post=3282"}],"wp:featuredmedia":[{"embeddable":true,"href":"https:\/\/namgt.es\/fr\/wp-json\/wp\/v2\/media\/3296"}],"wp:attachment":[{"href":"https:\/\/namgt.es\/fr\/wp-json\/wp\/v2\/media?parent=3282"}],"wp:term":[{"taxonomy":"product_brand","embeddable":true,"href":"https:\/\/namgt.es\/fr\/wp-json\/wp\/v2\/product_brand?post=3282"},{"taxonomy":"product_cat","embeddable":true,"href":"https:\/\/namgt.es\/fr\/wp-json\/wp\/v2\/product_cat?post=3282"},{"taxonomy":"product_tag","embeddable":true,"href":"https:\/\/namgt.es\/fr\/wp-json\/wp\/v2\/product_tag?post=3282"}],"curies":[{"name":"wp","href":"https:\/\/api.w.org\/{rel}","templated":true}]}}