{"id":3236,"date":"2025-09-16T00:40:32","date_gmt":"2025-09-15T22:40:32","guid":{"rendered":"https:\/\/namgt.es\/?post_type=product&#038;p=3236"},"modified":"2026-05-09T19:14:57","modified_gmt":"2026-05-09T17:14:57","slug":"soporte-de-raton-para-cockpit","status":"publish","type":"product","link":"https:\/\/namgt.es\/fr\/producto\/soporte-de-raton-para-cockpit\/","title":{"rendered":"Support de souris 3D Cockpit"},"content":{"rendered":"<p class=\"p1\"><span class=\"s1\">Le<strong> S<\/strong><\/span><strong><span class=\"s2\">upport de souris 3D pour cockpit<\/span><\/strong><span class=\"s1\"> est le compl\u00e9ment id\u00e9al pour ceux qui recherchent un setup plus fonctionnel et complet. Fix\u00e9 directement \u00e0 la structure profil\u00e9e, il permet d'avoir la souris toujours accessible.<\/span><\/p>\n<p class=\"p1\"><span class=\"s1\">sans avoir besoin de sortir de votre <\/span><a href=\"https:\/\/namgt.es\/producto\/kit-cockpit-simracing-gt2\/\"><span class=\"s2\">Cockpit GT2<\/span><span class=\"s1\">.<\/span><\/a><\/p>\n<p class=\"p1\"><strong><span class=\"s2\">Caract\u00e9ristiques principales :<\/span><\/strong><\/p>\n<p class=\"p2\"><span class=\"s1\">L\u00e9ger et r\u00e9sistant, il garantit la stabilit\u00e9 \u00e0 l'usage et un montage simple. Il ajoute un plus de confort et d'op\u00e9rativit\u00e9 \u00e0 votre simulateur, con\u00e7u pour que votre exp\u00e9rience de simracing soit fluide du d\u00e9but \u00e0 la fin.<\/span><\/p>","protected":false},"excerpt":{"rendered":"<p>Contr\u00f4lez votre simulateur sans limites : avec cette plateforme, vous aurez toujours la souris \u00e0 vos c\u00f4t\u00e9s, int\u00e9gr\u00e9e \u00e0 votre cockpit et pr\u00eate pour tout r\u00e9glage rapide.<\/p>","protected":false},"featured_media":3261,"comment_status":"open","ping_status":"closed","template":"","meta":{"_kad_blocks_custom_css":"","_kad_blocks_head_custom_js":"","_kad_blocks_body_custom_js":"","_kad_blocks_footer_custom_js":"","_kadence_starter_templates_imported_post":false,"_kad_post_transparent":"default","_kad_post_title":"","_kad_post_layout":"default","_kad_post_sidebar_id":"","_kad_post_content_style":"default","_kad_post_vertical_padding":"default","_kad_post_feature":"","_kad_post_feature_position":"","_kad_post_header":false,"_kad_post_footer":false,"_kad_post_classname":""},"product_brand":[],"product_cat":[28],"product_tag":[],"class_list":{"0":"post-3236","1":"product","2":"type-product","3":"status-publish","4":"has-post-thumbnail","6":"product_cat-accesorios","7":"product_shipping_class-accesorios-pequenos","9":"first","10":"instock","11":"taxable","12":"shipping-taxable","13":"purchasable","14":"product-type-simple","15":"entry","16":"content-bg","17":"loop-entry"},"supplier_id":null,"supplier_sku":"","barcode":null,"atum_controlled":true,"out_stock_date":null,"out_stock_threshold":null,"inheritable":false,"inbound_stock":0,"stock_on_hold":0,"sold_today":0,"sales_last_days":0,"reserved_stock":0,"customer_returns":0,"warehouse_damage":0,"lost_in_post":0,"other_logs":0,"out_stock_days":0,"lost_sales":0,"has_location":false,"update_date":"2026-05-10T00:06:48","atum_locations":[],"atum_stock_status":"instock","restock_status":false,"low_stock_amount":"","sales_update_date":"2026-05-10T00:06:48","calc_backorders":null,"linked_bom":[{"bom_id":8733,"bom_type":"product_part","qty":2,"measure_unit":null},{"bom_id":8740,"bom_type":"product_part","qty":2,"measure_unit":null}],"sync_purchase_price":false,"bom_sellable":null,"minimum_threshold":null,"available_to_purchase":null,"selling_priority":null,"calculated_stock":854,"is_bom":false,"yoast_head":"<!-- This site is optimized with the Yoast SEO plugin v27.5 - https:\/\/yoast.com\/product\/yoast-seo-wordpress\/ -->\n<title>Soporte de Rat\u00f3n en 3D para Cockpit - Namgt<\/title>\n<meta name=\"description\" content=\"Mejora tu comodidad con el Soporte de Rat\u00f3n en 3D para cockpit. Compatible con GT2, te permite controlar tu PC sin bajarte del simulador.\" \/>\n<meta name=\"robots\" content=\"index, follow, max-snippet:-1, max-image-preview:large, max-video-preview:-1\" \/>\n<link rel=\"canonical\" href=\"https:\/\/namgt.es\/fr\/produit\/soporte-de-raton-para-cockpit\/\" \/>\n<meta property=\"og:locale\" content=\"fr_FR\" \/>\n<meta property=\"og:type\" content=\"article\" \/>\n<meta property=\"og:title\" content=\"Soporte de Rat\u00f3n en 3D para Cockpit - Namgt\" \/>\n<meta property=\"og:description\" content=\"Mejora tu comodidad con el Soporte de Rat\u00f3n en 3D para cockpit. Compatible con GT2, te permite controlar tu PC sin bajarte del simulador.\" \/>\n<meta property=\"og:url\" content=\"https:\/\/namgt.es\/fr\/produit\/soporte-de-raton-para-cockpit\/\" \/>\n<meta property=\"og:site_name\" content=\"Namgt\" \/>\n<meta property=\"article:publisher\" content=\"https:\/\/www.facebook.com\/profile.php?id=61580843453305\" \/>\n<meta property=\"article:modified_time\" content=\"2026-05-09T17:14:57+00:00\" \/>\n<meta property=\"og:image\" content=\"https:\/\/namgt.es\/wp-content\/uploads\/2025\/09\/raton-1.webp\" \/>\n\t<meta property=\"og:image:width\" content=\"853\" \/>\n\t<meta property=\"og:image:height\" content=\"853\" \/>\n\t<meta property=\"og:image:type\" content=\"image\/webp\" \/>\n<meta name=\"twitter:card\" content=\"summary_large_image\" \/>\n<meta name=\"twitter:label1\" content=\"Dur\u00e9e de lecture estim\u00e9e\" \/>\n\t<meta name=\"twitter:data1\" content=\"1 minute\" \/>\n<script type=\"application\/ld+json\" class=\"yoast-schema-graph\">{\"@context\":\"https:\\\/\\\/schema.org\",\"@graph\":[{\"@type\":\"WebPage\",\"@id\":\"https:\\\/\\\/namgt.es\\\/producto\\\/soporte-de-raton-para-cockpit\\\/\",\"url\":\"https:\\\/\\\/namgt.es\\\/producto\\\/soporte-de-raton-para-cockpit\\\/\",\"name\":\"Soporte de Rat\u00f3n en 3D para Cockpit - Namgt\",\"isPartOf\":{\"@id\":\"https:\\\/\\\/namgt.es\\\/#website\"},\"primaryImageOfPage\":{\"@id\":\"https:\\\/\\\/namgt.es\\\/producto\\\/soporte-de-raton-para-cockpit\\\/#primaryimage\"},\"image\":{\"@id\":\"https:\\\/\\\/namgt.es\\\/producto\\\/soporte-de-raton-para-cockpit\\\/#primaryimage\"},\"thumbnailUrl\":\"https:\\\/\\\/namgt.es\\\/wp-content\\\/uploads\\\/2025\\\/09\\\/raton-1.webp\",\"datePublished\":\"2025-09-15T22:40:32+00:00\",\"dateModified\":\"2026-05-09T17:14:57+00:00\",\"description\":\"Mejora tu comodidad con el Soporte de Rat\u00f3n en 3D para cockpit. Compatible con GT2, te permite controlar tu PC sin bajarte del simulador.\",\"breadcrumb\":{\"@id\":\"https:\\\/\\\/namgt.es\\\/producto\\\/soporte-de-raton-para-cockpit\\\/#breadcrumb\"},\"inLanguage\":\"fr-FR\",\"potentialAction\":[{\"@type\":\"ReadAction\",\"target\":[\"https:\\\/\\\/namgt.es\\\/producto\\\/soporte-de-raton-para-cockpit\\\/\"]}]},{\"@type\":\"ImageObject\",\"inLanguage\":\"fr-FR\",\"@id\":\"https:\\\/\\\/namgt.es\\\/producto\\\/soporte-de-raton-para-cockpit\\\/#primaryimage\",\"url\":\"https:\\\/\\\/namgt.es\\\/wp-content\\\/uploads\\\/2025\\\/09\\\/raton-1.webp\",\"contentUrl\":\"https:\\\/\\\/namgt.es\\\/wp-content\\\/uploads\\\/2025\\\/09\\\/raton-1.webp\",\"width\":853,\"height\":853,\"caption\":\"Soporte de rat\u00f3n en 3D para cockpit\"},{\"@type\":\"BreadcrumbList\",\"@id\":\"https:\\\/\\\/namgt.es\\\/producto\\\/soporte-de-raton-para-cockpit\\\/#breadcrumb\",\"itemListElement\":[{\"@type\":\"ListItem\",\"position\":1,\"name\":\"Portada\",\"item\":\"https:\\\/\\\/namgt.es\\\/\"},{\"@type\":\"ListItem\",\"position\":2,\"name\":\"Kits de cockpits\",\"item\":\"https:\\\/\\\/namgt.es\\\/kits-de-cockpits\\\/\"},{\"@type\":\"ListItem\",\"position\":3,\"name\":\"Soporte de Rat\u00f3n en 3D para Cockpit\"}]},{\"@type\":\"WebSite\",\"@id\":\"https:\\\/\\\/namgt.es\\\/#website\",\"url\":\"https:\\\/\\\/namgt.es\\\/\",\"name\":\"Namgt\",\"description\":\"Kits de perfiles de aluminio para montar tu cockpit de simracing\",\"publisher\":{\"@id\":\"https:\\\/\\\/namgt.es\\\/#organization\"},\"potentialAction\":[{\"@type\":\"SearchAction\",\"target\":{\"@type\":\"EntryPoint\",\"urlTemplate\":\"https:\\\/\\\/namgt.es\\\/?s={search_term_string}\"},\"query-input\":{\"@type\":\"PropertyValueSpecification\",\"valueRequired\":true,\"valueName\":\"search_term_string\"}}],\"inLanguage\":\"fr-FR\"},{\"@type\":\"Organization\",\"@id\":\"https:\\\/\\\/namgt.es\\\/#organization\",\"name\":\"Namgt\",\"url\":\"https:\\\/\\\/namgt.es\\\/\",\"logo\":{\"@type\":\"ImageObject\",\"inLanguage\":\"fr-FR\",\"@id\":\"https:\\\/\\\/namgt.es\\\/#\\\/schema\\\/logo\\\/image\\\/\",\"url\":\"https:\\\/\\\/www.namgt.es\\\/wp-content\\\/uploads\\\/2025\\\/11\\\/logo-sin-fondo.png\",\"contentUrl\":\"https:\\\/\\\/www.namgt.es\\\/wp-content\\\/uploads\\\/2025\\\/11\\\/logo-sin-fondo.png\",\"width\":1024,\"height\":1024,\"caption\":\"Namgt\"},\"image\":{\"@id\":\"https:\\\/\\\/namgt.es\\\/#\\\/schema\\\/logo\\\/image\\\/\"},\"sameAs\":[\"https:\\\/\\\/www.facebook.com\\\/profile.php?id=61580843453305\"]}]}<\/script>\n<!-- \/ Yoast SEO plugin. -->","yoast_head_json":{"title":"Soporte de Rat\u00f3n en 3D para Cockpit - Namgt","description":"Mejora tu comodidad con el Soporte de Rat\u00f3n en 3D para cockpit. Compatible con GT2, te permite controlar tu PC sin bajarte del simulador.","robots":{"index":"index","follow":"follow","max-snippet":"max-snippet:-1","max-image-preview":"max-image-preview:large","max-video-preview":"max-video-preview:-1"},"canonical":"https:\/\/namgt.es\/fr\/produit\/soporte-de-raton-para-cockpit\/","og_locale":"fr_FR","og_type":"article","og_title":"Soporte de Rat\u00f3n en 3D para Cockpit - Namgt","og_description":"Mejora tu comodidad con el Soporte de Rat\u00f3n en 3D para cockpit. Compatible con GT2, te permite controlar tu PC sin bajarte del simulador.","og_url":"https:\/\/namgt.es\/fr\/produit\/soporte-de-raton-para-cockpit\/","og_site_name":"Namgt","article_publisher":"https:\/\/www.facebook.com\/profile.php?id=61580843453305","article_modified_time":"2026-05-09T17:14:57+00:00","og_image":[{"width":853,"height":853,"url":"https:\/\/namgt.es\/wp-content\/uploads\/2025\/09\/raton-1.webp","type":"image\/webp"}],"twitter_card":"summary_large_image","twitter_misc":{"Dur\u00e9e de lecture estim\u00e9e":"1 minute"},"schema":{"@context":"https:\/\/schema.org","@graph":[{"@type":"WebPage","@id":"https:\/\/namgt.es\/producto\/soporte-de-raton-para-cockpit\/","url":"https:\/\/namgt.es\/producto\/soporte-de-raton-para-cockpit\/","name":"Soporte de Rat\u00f3n en 3D para Cockpit - Namgt","isPartOf":{"@id":"https:\/\/namgt.es\/#website"},"primaryImageOfPage":{"@id":"https:\/\/namgt.es\/producto\/soporte-de-raton-para-cockpit\/#primaryimage"},"image":{"@id":"https:\/\/namgt.es\/producto\/soporte-de-raton-para-cockpit\/#primaryimage"},"thumbnailUrl":"https:\/\/namgt.es\/wp-content\/uploads\/2025\/09\/raton-1.webp","datePublished":"2025-09-15T22:40:32+00:00","dateModified":"2026-05-09T17:14:57+00:00","description":"Mejora tu comodidad con el Soporte de Rat\u00f3n en 3D para cockpit. Compatible con GT2, te permite controlar tu PC sin bajarte del simulador.","breadcrumb":{"@id":"https:\/\/namgt.es\/producto\/soporte-de-raton-para-cockpit\/#breadcrumb"},"inLanguage":"fr-FR","potentialAction":[{"@type":"ReadAction","target":["https:\/\/namgt.es\/producto\/soporte-de-raton-para-cockpit\/"]}]},{"@type":"ImageObject","inLanguage":"fr-FR","@id":"https:\/\/namgt.es\/producto\/soporte-de-raton-para-cockpit\/#primaryimage","url":"https:\/\/namgt.es\/wp-content\/uploads\/2025\/09\/raton-1.webp","contentUrl":"https:\/\/namgt.es\/wp-content\/uploads\/2025\/09\/raton-1.webp","width":853,"height":853,"caption":"Soporte de rat\u00f3n en 3D para cockpit"},{"@type":"BreadcrumbList","@id":"https:\/\/namgt.es\/producto\/soporte-de-raton-para-cockpit\/#breadcrumb","itemListElement":[{"@type":"ListItem","position":1,"name":"Portada","item":"https:\/\/namgt.es\/"},{"@type":"ListItem","position":2,"name":"Kits de cockpits","item":"https:\/\/namgt.es\/kits-de-cockpits\/"},{"@type":"ListItem","position":3,"name":"Soporte de Rat\u00f3n en 3D para Cockpit"}]},{"@type":"WebSite","@id":"https:\/\/namgt.es\/#website","url":"https:\/\/namgt.es\/","name":"Namgt","description":"Kits de profil\u00e9s en aluminium pour assembler votre cockpit simracing","publisher":{"@id":"https:\/\/namgt.es\/#organization"},"potentialAction":[{"@type":"SearchAction","target":{"@type":"EntryPoint","urlTemplate":"https:\/\/namgt.es\/?s={search_term_string}"},"query-input":{"@type":"PropertyValueSpecification","valueRequired":true,"valueName":"search_term_string"}}],"inLanguage":"fr-FR"},{"@type":"Organization","@id":"https:\/\/namgt.es\/#organization","name":"Namgt","url":"https:\/\/namgt.es\/","logo":{"@type":"ImageObject","inLanguage":"fr-FR","@id":"https:\/\/namgt.es\/#\/schema\/logo\/image\/","url":"https:\/\/www.namgt.es\/wp-content\/uploads\/2025\/11\/logo-sin-fondo.png","contentUrl":"https:\/\/www.namgt.es\/wp-content\/uploads\/2025\/11\/logo-sin-fondo.png","width":1024,"height":1024,"caption":"Namgt"},"image":{"@id":"https:\/\/namgt.es\/#\/schema\/logo\/image\/"},"sameAs":["https:\/\/www.facebook.com\/profile.php?id=61580843453305"]}]}},"taxonomy_info":{"product_cat":[{"value":28,"label":"Accesorios"}]},"featured_image_src_large":["https:\/\/namgt.es\/wp-content\/uploads\/2025\/09\/raton-1.webp",853,853,false],"author_info":[],"comment_info":0,"jetpack_sharing_enabled":true,"_links":{"self":[{"href":"https:\/\/namgt.es\/fr\/wp-json\/wp\/v2\/product\/3236","targetHints":{"allow":["GET"]}}],"collection":[{"href":"https:\/\/namgt.es\/fr\/wp-json\/wp\/v2\/product"}],"about":[{"href":"https:\/\/namgt.es\/fr\/wp-json\/wp\/v2\/types\/product"}],"replies":[{"embeddable":true,"href":"https:\/\/namgt.es\/fr\/wp-json\/wp\/v2\/comments?post=3236"}],"wp:featuredmedia":[{"embeddable":true,"href":"https:\/\/namgt.es\/fr\/wp-json\/wp\/v2\/media\/3261"}],"wp:attachment":[{"href":"https:\/\/namgt.es\/fr\/wp-json\/wp\/v2\/media?parent=3236"}],"wp:term":[{"taxonomy":"product_brand","embeddable":true,"href":"https:\/\/namgt.es\/fr\/wp-json\/wp\/v2\/product_brand?post=3236"},{"taxonomy":"product_cat","embeddable":true,"href":"https:\/\/namgt.es\/fr\/wp-json\/wp\/v2\/product_cat?post=3236"},{"taxonomy":"product_tag","embeddable":true,"href":"https:\/\/namgt.es\/fr\/wp-json\/wp\/v2\/product_tag?post=3236"}],"curies":[{"name":"wp","href":"https:\/\/api.w.org\/{rel}","templated":true}]}}