{"id":3235,"date":"2025-09-16T00:38:29","date_gmt":"2025-09-15T22:38:29","guid":{"rendered":"https:\/\/namgt.es\/?post_type=product&#038;p=3235"},"modified":"2026-05-09T19:14:57","modified_gmt":"2026-05-09T17:14:57","slug":"soporte-de-auriculares-con-adaptador-para-cockpit","status":"publish","type":"product","link":"https:\/\/namgt.es\/fr\/producto\/soporte-de-auriculares-con-adaptador-para-cockpit\/","title":{"rendered":"Support de Casque 3D avec Adaptateur pour Cockpit"},"content":{"rendered":"<p class=\"p1\"><span class=\"s1\">Le <\/span><strong><span class=\"s2\">Support de Casque pour Cockpit<\/span><\/strong><span class=\"s1\"> Imprim\u00e9 en 3D, c'est l'accessoire parfait pour garder votre simulateur ordonn\u00e9 et votre casque toujours \u00e0 port\u00e9e de main. L\u00e9ger et r\u00e9sistant, il se fixe directement sur la structure en profil\u00e9, s'int\u00e9grant de mani\u00e8re confortable et discr\u00e8te.<\/span><\/p>\n<p class=\"p1\"><span class=\"s1\">Le support de casque pour cockpit apporte non seulement de l'organisation, mais prolonge aussi la dur\u00e9e de vie de votre casque en le gardant bien rang\u00e9, \u00e9vitant les chutes accidentelles ou les chocs inutiles contre le ch\u00e2ssis.<\/span><\/p>\n<p class=\"p1\"><span class=\"s1\">Un petit d\u00e9tail qui fait une grande diff\u00e9rence dans l'exp\u00e9rience quotidienne de votre setup.<\/span><\/p>\n<p class=\"p1\"><strong><span class=\"s2\">Conseil d'organisation :<\/span><\/strong><\/p>\n<p class=\"p2\"><span class=\"s1\">Pour garder votre simulateur totalement ordonn\u00e9, combinez ce support avec notre <\/span><a href=\"https:\/\/namgt.es\/producto\/plataforma-de-raton-para-cockpit\/\"><span class=\"s2\">Support Souris pour Cockpit<\/span><span class=\"s1\">.<\/span><\/a><\/p>","protected":false},"excerpt":{"rendered":"<p>Gardez toujours votre casque \u00e0 port\u00e9e de main avec ce support imprim\u00e9 en 3D adapt\u00e9 aux cockpits GT1 et GT2. Pratique, l\u00e9ger et con\u00e7u pour garder votre setup propre et organis\u00e9.<\/p>","protected":false},"featured_media":3237,"comment_status":"open","ping_status":"closed","template":"","meta":{"_kad_blocks_custom_css":"","_kad_blocks_head_custom_js":"","_kad_blocks_body_custom_js":"","_kad_blocks_footer_custom_js":"","_kadence_starter_templates_imported_post":false,"_kad_post_transparent":"default","_kad_post_title":"","_kad_post_layout":"default","_kad_post_sidebar_id":"","_kad_post_content_style":"default","_kad_post_vertical_padding":"default","_kad_post_feature":"","_kad_post_feature_position":"","_kad_post_header":false,"_kad_post_footer":false,"_kad_post_classname":""},"product_brand":[],"product_cat":[28],"product_tag":[],"class_list":{"0":"post-3235","1":"product","2":"type-product","3":"status-publish","4":"has-post-thumbnail","6":"product_cat-accesorios","7":"product_shipping_class-accesorios-pequenos","9":"first","10":"instock","11":"taxable","12":"shipping-taxable","13":"purchasable","14":"product-type-simple","15":"entry","16":"content-bg","17":"loop-entry"},"supplier_id":null,"supplier_sku":"","barcode":null,"atum_controlled":true,"out_stock_date":null,"out_stock_threshold":null,"inheritable":false,"inbound_stock":0,"stock_on_hold":0,"sold_today":0,"sales_last_days":0,"reserved_stock":0,"customer_returns":0,"warehouse_damage":0,"lost_in_post":0,"other_logs":0,"out_stock_days":0,"lost_sales":0,"has_location":false,"update_date":"2026-05-10T00:06:48","atum_locations":[],"atum_stock_status":"instock","restock_status":false,"low_stock_amount":"","sales_update_date":"2026-05-10T00:06:48","calc_backorders":null,"linked_bom":[{"bom_id":8735,"bom_type":"product_part","qty":2,"measure_unit":null},{"bom_id":8740,"bom_type":"product_part","qty":2,"measure_unit":null}],"sync_purchase_price":false,"bom_sellable":null,"minimum_threshold":null,"available_to_purchase":null,"selling_priority":null,"calculated_stock":854,"is_bom":false,"yoast_head":"<!-- This site is optimized with the Yoast SEO plugin v27.5 - https:\/\/yoast.com\/product\/yoast-seo-wordpress\/ -->\n<title>Soporte de Auriculares en 3D con Adaptador para Cockpit - Namgt<\/title>\n<meta name=\"description\" content=\"Mant\u00e9n el orden con nuestro Soporte Auriculares para cockpit. Accesorio impreso en 3D, ligero y resistente. Protege tus cascos y completa tu setup.\" \/>\n<meta name=\"robots\" content=\"index, follow, max-snippet:-1, max-image-preview:large, max-video-preview:-1\" \/>\n<link rel=\"canonical\" href=\"https:\/\/namgt.es\/fr\/produit\/soporte-de-auriculares-con-adaptador-para-cockpit\/\" \/>\n<meta property=\"og:locale\" content=\"fr_FR\" \/>\n<meta property=\"og:type\" content=\"article\" \/>\n<meta property=\"og:title\" content=\"Soporte de Auriculares en 3D con Adaptador para Cockpit - Namgt\" \/>\n<meta property=\"og:description\" content=\"Mant\u00e9n el orden con nuestro Soporte Auriculares para cockpit. Accesorio impreso en 3D, ligero y resistente. Protege tus cascos y completa tu setup.\" \/>\n<meta property=\"og:url\" content=\"https:\/\/namgt.es\/fr\/produit\/soporte-de-auriculares-con-adaptador-para-cockpit\/\" \/>\n<meta property=\"og:site_name\" content=\"Namgt\" \/>\n<meta property=\"article:publisher\" content=\"https:\/\/www.facebook.com\/profile.php?id=61580843453305\" \/>\n<meta property=\"article:modified_time\" content=\"2026-05-09T17:14:57+00:00\" \/>\n<meta property=\"og:image\" content=\"https:\/\/namgt.es\/wp-content\/uploads\/2025\/09\/cascos-4.webp\" \/>\n\t<meta property=\"og:image:width\" content=\"918\" \/>\n\t<meta property=\"og:image:height\" content=\"918\" \/>\n\t<meta property=\"og:image:type\" content=\"image\/webp\" \/>\n<meta name=\"twitter:card\" content=\"summary_large_image\" \/>\n<meta name=\"twitter:label1\" content=\"Dur\u00e9e de lecture estim\u00e9e\" \/>\n\t<meta name=\"twitter:data1\" content=\"1 minute\" \/>\n<script type=\"application\/ld+json\" class=\"yoast-schema-graph\">{\"@context\":\"https:\\\/\\\/schema.org\",\"@graph\":[{\"@type\":\"WebPage\",\"@id\":\"https:\\\/\\\/namgt.es\\\/producto\\\/soporte-de-auriculares-con-adaptador-para-cockpit\\\/\",\"url\":\"https:\\\/\\\/namgt.es\\\/producto\\\/soporte-de-auriculares-con-adaptador-para-cockpit\\\/\",\"name\":\"Soporte de Auriculares en 3D con Adaptador para Cockpit - Namgt\",\"isPartOf\":{\"@id\":\"https:\\\/\\\/namgt.es\\\/#website\"},\"primaryImageOfPage\":{\"@id\":\"https:\\\/\\\/namgt.es\\\/producto\\\/soporte-de-auriculares-con-adaptador-para-cockpit\\\/#primaryimage\"},\"image\":{\"@id\":\"https:\\\/\\\/namgt.es\\\/producto\\\/soporte-de-auriculares-con-adaptador-para-cockpit\\\/#primaryimage\"},\"thumbnailUrl\":\"https:\\\/\\\/namgt.es\\\/wp-content\\\/uploads\\\/2025\\\/09\\\/cascos-4.webp\",\"datePublished\":\"2025-09-15T22:38:29+00:00\",\"dateModified\":\"2026-05-09T17:14:57+00:00\",\"description\":\"Mant\u00e9n el orden con nuestro Soporte Auriculares para cockpit. Accesorio impreso en 3D, ligero y resistente. Protege tus cascos y completa tu setup.\",\"breadcrumb\":{\"@id\":\"https:\\\/\\\/namgt.es\\\/producto\\\/soporte-de-auriculares-con-adaptador-para-cockpit\\\/#breadcrumb\"},\"inLanguage\":\"fr-FR\",\"potentialAction\":[{\"@type\":\"ReadAction\",\"target\":[\"https:\\\/\\\/namgt.es\\\/producto\\\/soporte-de-auriculares-con-adaptador-para-cockpit\\\/\"]}]},{\"@type\":\"ImageObject\",\"inLanguage\":\"fr-FR\",\"@id\":\"https:\\\/\\\/namgt.es\\\/producto\\\/soporte-de-auriculares-con-adaptador-para-cockpit\\\/#primaryimage\",\"url\":\"https:\\\/\\\/namgt.es\\\/wp-content\\\/uploads\\\/2025\\\/09\\\/cascos-4.webp\",\"contentUrl\":\"https:\\\/\\\/namgt.es\\\/wp-content\\\/uploads\\\/2025\\\/09\\\/cascos-4.webp\",\"width\":918,\"height\":918},{\"@type\":\"BreadcrumbList\",\"@id\":\"https:\\\/\\\/namgt.es\\\/producto\\\/soporte-de-auriculares-con-adaptador-para-cockpit\\\/#breadcrumb\",\"itemListElement\":[{\"@type\":\"ListItem\",\"position\":1,\"name\":\"Portada\",\"item\":\"https:\\\/\\\/namgt.es\\\/\"},{\"@type\":\"ListItem\",\"position\":2,\"name\":\"Kits de cockpits\",\"item\":\"https:\\\/\\\/namgt.es\\\/kits-de-cockpits\\\/\"},{\"@type\":\"ListItem\",\"position\":3,\"name\":\"Soporte de Auriculares en 3D con Adaptador para Cockpit\"}]},{\"@type\":\"WebSite\",\"@id\":\"https:\\\/\\\/namgt.es\\\/#website\",\"url\":\"https:\\\/\\\/namgt.es\\\/\",\"name\":\"Namgt\",\"description\":\"Kits de perfiles de aluminio para montar tu cockpit de simracing\",\"publisher\":{\"@id\":\"https:\\\/\\\/namgt.es\\\/#organization\"},\"potentialAction\":[{\"@type\":\"SearchAction\",\"target\":{\"@type\":\"EntryPoint\",\"urlTemplate\":\"https:\\\/\\\/namgt.es\\\/?s={search_term_string}\"},\"query-input\":{\"@type\":\"PropertyValueSpecification\",\"valueRequired\":true,\"valueName\":\"search_term_string\"}}],\"inLanguage\":\"fr-FR\"},{\"@type\":\"Organization\",\"@id\":\"https:\\\/\\\/namgt.es\\\/#organization\",\"name\":\"Namgt\",\"url\":\"https:\\\/\\\/namgt.es\\\/\",\"logo\":{\"@type\":\"ImageObject\",\"inLanguage\":\"fr-FR\",\"@id\":\"https:\\\/\\\/namgt.es\\\/#\\\/schema\\\/logo\\\/image\\\/\",\"url\":\"https:\\\/\\\/www.namgt.es\\\/wp-content\\\/uploads\\\/2025\\\/11\\\/logo-sin-fondo.png\",\"contentUrl\":\"https:\\\/\\\/www.namgt.es\\\/wp-content\\\/uploads\\\/2025\\\/11\\\/logo-sin-fondo.png\",\"width\":1024,\"height\":1024,\"caption\":\"Namgt\"},\"image\":{\"@id\":\"https:\\\/\\\/namgt.es\\\/#\\\/schema\\\/logo\\\/image\\\/\"},\"sameAs\":[\"https:\\\/\\\/www.facebook.com\\\/profile.php?id=61580843453305\"]}]}<\/script>\n<!-- \/ Yoast SEO plugin. -->","yoast_head_json":{"title":"Soporte de Auriculares en 3D con Adaptador para Cockpit - Namgt","description":"Mant\u00e9n el orden con nuestro Soporte Auriculares para cockpit. Accesorio impreso en 3D, ligero y resistente. Protege tus cascos y completa tu setup.","robots":{"index":"index","follow":"follow","max-snippet":"max-snippet:-1","max-image-preview":"max-image-preview:large","max-video-preview":"max-video-preview:-1"},"canonical":"https:\/\/namgt.es\/fr\/produit\/soporte-de-auriculares-con-adaptador-para-cockpit\/","og_locale":"fr_FR","og_type":"article","og_title":"Soporte de Auriculares en 3D con Adaptador para Cockpit - Namgt","og_description":"Mant\u00e9n el orden con nuestro Soporte Auriculares para cockpit. Accesorio impreso en 3D, ligero y resistente. Protege tus cascos y completa tu setup.","og_url":"https:\/\/namgt.es\/fr\/produit\/soporte-de-auriculares-con-adaptador-para-cockpit\/","og_site_name":"Namgt","article_publisher":"https:\/\/www.facebook.com\/profile.php?id=61580843453305","article_modified_time":"2026-05-09T17:14:57+00:00","og_image":[{"width":918,"height":918,"url":"https:\/\/namgt.es\/wp-content\/uploads\/2025\/09\/cascos-4.webp","type":"image\/webp"}],"twitter_card":"summary_large_image","twitter_misc":{"Dur\u00e9e de lecture estim\u00e9e":"1 minute"},"schema":{"@context":"https:\/\/schema.org","@graph":[{"@type":"WebPage","@id":"https:\/\/namgt.es\/producto\/soporte-de-auriculares-con-adaptador-para-cockpit\/","url":"https:\/\/namgt.es\/producto\/soporte-de-auriculares-con-adaptador-para-cockpit\/","name":"Soporte de Auriculares en 3D con Adaptador para Cockpit - Namgt","isPartOf":{"@id":"https:\/\/namgt.es\/#website"},"primaryImageOfPage":{"@id":"https:\/\/namgt.es\/producto\/soporte-de-auriculares-con-adaptador-para-cockpit\/#primaryimage"},"image":{"@id":"https:\/\/namgt.es\/producto\/soporte-de-auriculares-con-adaptador-para-cockpit\/#primaryimage"},"thumbnailUrl":"https:\/\/namgt.es\/wp-content\/uploads\/2025\/09\/cascos-4.webp","datePublished":"2025-09-15T22:38:29+00:00","dateModified":"2026-05-09T17:14:57+00:00","description":"Mant\u00e9n el orden con nuestro Soporte Auriculares para cockpit. Accesorio impreso en 3D, ligero y resistente. Protege tus cascos y completa tu setup.","breadcrumb":{"@id":"https:\/\/namgt.es\/producto\/soporte-de-auriculares-con-adaptador-para-cockpit\/#breadcrumb"},"inLanguage":"fr-FR","potentialAction":[{"@type":"ReadAction","target":["https:\/\/namgt.es\/producto\/soporte-de-auriculares-con-adaptador-para-cockpit\/"]}]},{"@type":"ImageObject","inLanguage":"fr-FR","@id":"https:\/\/namgt.es\/producto\/soporte-de-auriculares-con-adaptador-para-cockpit\/#primaryimage","url":"https:\/\/namgt.es\/wp-content\/uploads\/2025\/09\/cascos-4.webp","contentUrl":"https:\/\/namgt.es\/wp-content\/uploads\/2025\/09\/cascos-4.webp","width":918,"height":918},{"@type":"BreadcrumbList","@id":"https:\/\/namgt.es\/producto\/soporte-de-auriculares-con-adaptador-para-cockpit\/#breadcrumb","itemListElement":[{"@type":"ListItem","position":1,"name":"Portada","item":"https:\/\/namgt.es\/"},{"@type":"ListItem","position":2,"name":"Kits de cockpits","item":"https:\/\/namgt.es\/kits-de-cockpits\/"},{"@type":"ListItem","position":3,"name":"Soporte de Auriculares en 3D con Adaptador para Cockpit"}]},{"@type":"WebSite","@id":"https:\/\/namgt.es\/#website","url":"https:\/\/namgt.es\/","name":"Namgt","description":"Kits de profil\u00e9s en aluminium pour assembler votre cockpit simracing","publisher":{"@id":"https:\/\/namgt.es\/#organization"},"potentialAction":[{"@type":"SearchAction","target":{"@type":"EntryPoint","urlTemplate":"https:\/\/namgt.es\/?s={search_term_string}"},"query-input":{"@type":"PropertyValueSpecification","valueRequired":true,"valueName":"search_term_string"}}],"inLanguage":"fr-FR"},{"@type":"Organization","@id":"https:\/\/namgt.es\/#organization","name":"Namgt","url":"https:\/\/namgt.es\/","logo":{"@type":"ImageObject","inLanguage":"fr-FR","@id":"https:\/\/namgt.es\/#\/schema\/logo\/image\/","url":"https:\/\/www.namgt.es\/wp-content\/uploads\/2025\/11\/logo-sin-fondo.png","contentUrl":"https:\/\/www.namgt.es\/wp-content\/uploads\/2025\/11\/logo-sin-fondo.png","width":1024,"height":1024,"caption":"Namgt"},"image":{"@id":"https:\/\/namgt.es\/#\/schema\/logo\/image\/"},"sameAs":["https:\/\/www.facebook.com\/profile.php?id=61580843453305"]}]}},"taxonomy_info":{"product_cat":[{"value":28,"label":"Accesorios"}]},"featured_image_src_large":["https:\/\/namgt.es\/wp-content\/uploads\/2025\/09\/cascos-4.webp",918,918,false],"author_info":[],"comment_info":0,"jetpack_sharing_enabled":true,"_links":{"self":[{"href":"https:\/\/namgt.es\/fr\/wp-json\/wp\/v2\/product\/3235","targetHints":{"allow":["GET"]}}],"collection":[{"href":"https:\/\/namgt.es\/fr\/wp-json\/wp\/v2\/product"}],"about":[{"href":"https:\/\/namgt.es\/fr\/wp-json\/wp\/v2\/types\/product"}],"replies":[{"embeddable":true,"href":"https:\/\/namgt.es\/fr\/wp-json\/wp\/v2\/comments?post=3235"}],"wp:featuredmedia":[{"embeddable":true,"href":"https:\/\/namgt.es\/fr\/wp-json\/wp\/v2\/media\/3237"}],"wp:attachment":[{"href":"https:\/\/namgt.es\/fr\/wp-json\/wp\/v2\/media?parent=3235"}],"wp:term":[{"taxonomy":"product_brand","embeddable":true,"href":"https:\/\/namgt.es\/fr\/wp-json\/wp\/v2\/product_brand?post=3235"},{"taxonomy":"product_cat","embeddable":true,"href":"https:\/\/namgt.es\/fr\/wp-json\/wp\/v2\/product_cat?post=3235"},{"taxonomy":"product_tag","embeddable":true,"href":"https:\/\/namgt.es\/fr\/wp-json\/wp\/v2\/product_tag?post=3235"}],"curies":[{"name":"wp","href":"https:\/\/api.w.org\/{rel}","templated":true}]}}