{"id":3233,"date":"2025-09-16T00:38:16","date_gmt":"2025-09-15T22:38:16","guid":{"rendered":"https:\/\/namgt.es\/?post_type=product&#038;p=3233"},"modified":"2026-05-09T19:14:57","modified_gmt":"2026-05-09T17:14:57","slug":"juego-de-ruedas-con-chapa-de-acero-para-cockpit","status":"publish","type":"product","link":"https:\/\/namgt.es\/fr\/producto\/juego-de-ruedas-con-chapa-de-acero-para-cockpit\/","title":{"rendered":"Kit de Roulettes avec Platine en Acier pour Cockpit (4 unit\u00e9s)"},"content":{"rendered":"<p data-start=\"603\" data-end=\"952\">Transformez votre cockpit en une structure <strong data-start=\"667\" data-end=\"699\">facile \u00e0 d\u00e9placer et \u00e0 transporter<\/strong> avec ce kit<strong data-start=\"709\" data-end=\"740\"> de roulettes pour cockpit r\u00e9sistantes.<\/strong>. <span class=\"s1\">D\u00e9sormais \u00e9quip\u00e9es d'un syst\u00e8me de <\/span><span class=\"s2\">syst\u00e8me de double frein<\/span><span class=\"s1\">garantissent que votre simulateur reste totalement immobile pendant que vous courez, mais pr\u00eat \u00e0 \u00eatre d\u00e9plac\u00e9 lorsque vous avez besoin de r\u00e9cup\u00e9rer de l'espace.<\/span><\/p>\n<p data-start=\"603\" data-end=\"952\">supporte jusqu'\u00e0 <strong data-start=\"772\" data-end=\"790\">240 kg de charge,<\/strong>disposent d'un noyau en polypropyl\u00e8ne (PP) et d'un rev\u00eatement ext\u00e9rieur en polyur\u00e9thane (PUR), ce qui leur conf\u00e8re une grande durabilit\u00e9 et une grande douceur de roulement.<\/p>\n<p class=\"p1\"><span class=\"s1\">Caract\u00e9ristiques techniques :<\/span><\/p>\n<p class=\"p2\"><span class=\"s2\">Chaque roulette a un diam\u00e8tre de 75 mm, une largeur de 25 mm et une hauteur totale de 100 mm, avec un d\u00e9port de 25 mm qui garantit un montage simple. Le support en acier galvanis\u00e9 apporte la s\u00e9curit\u00e9 et la solidit\u00e9 que vous recherchez.<\/span><\/p>\n<p data-start=\"954\" data-end=\"1287\">Compatible avec tous nos <a href=\"https:\/\/namgt.es\/kits-de-cockpits\/\">cockpits NaM GT<\/a><\/p>","protected":false},"excerpt":{"rendered":"<p>Rendez votre cockpit plus polyvalent et mobile avec ce jeu de roulettes haute r\u00e9sistance. Avec un noyau en PP, un ext\u00e9rieur en PUR et un support en acier galvanis\u00e9, elles permettent de d\u00e9placer votre structure sans effort et avec une stabilit\u00e9 totale. Visserie incluse.<\/p>","protected":false},"featured_media":3241,"comment_status":"open","ping_status":"closed","template":"","meta":{"_kad_blocks_custom_css":"","_kad_blocks_head_custom_js":"","_kad_blocks_body_custom_js":"","_kad_blocks_footer_custom_js":"","_kadence_starter_templates_imported_post":false,"_kad_post_transparent":"default","_kad_post_title":"","_kad_post_layout":"default","_kad_post_sidebar_id":"","_kad_post_content_style":"default","_kad_post_vertical_padding":"default","_kad_post_feature":"","_kad_post_feature_position":"","_kad_post_header":false,"_kad_post_footer":false,"_kad_post_classname":""},"product_brand":[],"product_cat":[28],"product_tag":[],"class_list":{"0":"post-3233","1":"product","2":"type-product","3":"status-publish","4":"has-post-thumbnail","6":"product_cat-accesorios","7":"product_shipping_class-accesorios-pequenos","9":"first","10":"instock","11":"taxable","12":"shipping-taxable","13":"purchasable","14":"product-type-simple","15":"entry","16":"content-bg","17":"loop-entry"},"supplier_id":null,"supplier_sku":"","barcode":null,"atum_controlled":true,"out_stock_date":null,"out_stock_threshold":null,"inheritable":false,"inbound_stock":0,"stock_on_hold":1,"sold_today":0,"sales_last_days":2,"reserved_stock":0,"customer_returns":0,"warehouse_damage":0,"lost_in_post":0,"other_logs":0,"out_stock_days":0,"lost_sales":0,"has_location":false,"update_date":"2026-05-10T00:06:48","atum_locations":[],"atum_stock_status":"instock","restock_status":false,"low_stock_amount":"","sales_update_date":"2026-05-10T00:06:48","calc_backorders":null,"linked_bom":[{"bom_id":8733,"bom_type":"product_part","qty":4,"measure_unit":null},{"bom_id":8740,"bom_type":"product_part","qty":4,"measure_unit":null},{"bom_id":8747,"bom_type":"product_part","qty":4,"measure_unit":null}],"sync_purchase_price":true,"bom_sellable":null,"minimum_threshold":null,"available_to_purchase":null,"selling_priority":null,"calculated_stock":6.75,"is_bom":false,"yoast_head":"<!-- This site is optimized with the Yoast SEO plugin v27.5 - https:\/\/yoast.com\/product\/yoast-seo-wordpress\/ -->\n<title>Kit de Ruedas con Chapa de Acero para Cockpit (4 unidades) - Namgt<\/title>\n<meta name=\"description\" content=\"Mueve tu simulador sin esfuerzo con este Kit de ruedas cockpit. Incluye 4 unidades robustas con chapa de acero para m\u00e1xima durabilidad.\" \/>\n<meta name=\"robots\" content=\"index, follow, max-snippet:-1, max-image-preview:large, max-video-preview:-1\" \/>\n<link rel=\"canonical\" href=\"https:\/\/namgt.es\/fr\/produit\/juego-de-ruedas-con-chapa-de-acero-para-cockpit\/\" \/>\n<meta property=\"og:locale\" content=\"fr_FR\" \/>\n<meta property=\"og:type\" content=\"article\" \/>\n<meta property=\"og:title\" content=\"Kit de Ruedas con Chapa de Acero para Cockpit (4 unidades) - Namgt\" \/>\n<meta property=\"og:description\" content=\"Mueve tu simulador sin esfuerzo con este Kit de ruedas cockpit. Incluye 4 unidades robustas con chapa de acero para m\u00e1xima durabilidad.\" \/>\n<meta property=\"og:url\" content=\"https:\/\/namgt.es\/fr\/produit\/juego-de-ruedas-con-chapa-de-acero-para-cockpit\/\" \/>\n<meta property=\"og:site_name\" content=\"Namgt\" \/>\n<meta property=\"article:publisher\" content=\"https:\/\/www.facebook.com\/profile.php?id=61580843453305\" \/>\n<meta property=\"article:modified_time\" content=\"2026-05-09T17:14:57+00:00\" \/>\n<meta property=\"og:image\" content=\"https:\/\/namgt.es\/wp-content\/uploads\/2025\/09\/rueda-1.webp\" \/>\n\t<meta property=\"og:image:width\" content=\"1297\" \/>\n\t<meta property=\"og:image:height\" content=\"1297\" \/>\n\t<meta property=\"og:image:type\" content=\"image\/webp\" \/>\n<meta name=\"twitter:card\" content=\"summary_large_image\" \/>\n<meta name=\"twitter:label1\" content=\"Dur\u00e9e de lecture estim\u00e9e\" \/>\n\t<meta name=\"twitter:data1\" content=\"1 minute\" \/>\n<script type=\"application\/ld+json\" class=\"yoast-schema-graph\">{\"@context\":\"https:\\\/\\\/schema.org\",\"@graph\":[{\"@type\":\"WebPage\",\"@id\":\"https:\\\/\\\/namgt.es\\\/producto\\\/juego-de-ruedas-con-chapa-de-acero-para-cockpit\\\/\",\"url\":\"https:\\\/\\\/namgt.es\\\/producto\\\/juego-de-ruedas-con-chapa-de-acero-para-cockpit\\\/\",\"name\":\"Kit de Ruedas con Chapa de Acero para Cockpit (4 unidades) - Namgt\",\"isPartOf\":{\"@id\":\"https:\\\/\\\/namgt.es\\\/#website\"},\"primaryImageOfPage\":{\"@id\":\"https:\\\/\\\/namgt.es\\\/producto\\\/juego-de-ruedas-con-chapa-de-acero-para-cockpit\\\/#primaryimage\"},\"image\":{\"@id\":\"https:\\\/\\\/namgt.es\\\/producto\\\/juego-de-ruedas-con-chapa-de-acero-para-cockpit\\\/#primaryimage\"},\"thumbnailUrl\":\"https:\\\/\\\/namgt.es\\\/wp-content\\\/uploads\\\/2025\\\/09\\\/rueda-1.webp\",\"datePublished\":\"2025-09-15T22:38:16+00:00\",\"dateModified\":\"2026-05-09T17:14:57+00:00\",\"description\":\"Mueve tu simulador sin esfuerzo con este Kit de ruedas cockpit. Incluye 4 unidades robustas con chapa de acero para m\u00e1xima durabilidad.\",\"breadcrumb\":{\"@id\":\"https:\\\/\\\/namgt.es\\\/producto\\\/juego-de-ruedas-con-chapa-de-acero-para-cockpit\\\/#breadcrumb\"},\"inLanguage\":\"fr-FR\",\"potentialAction\":[{\"@type\":\"ReadAction\",\"target\":[\"https:\\\/\\\/namgt.es\\\/producto\\\/juego-de-ruedas-con-chapa-de-acero-para-cockpit\\\/\"]}]},{\"@type\":\"ImageObject\",\"inLanguage\":\"fr-FR\",\"@id\":\"https:\\\/\\\/namgt.es\\\/producto\\\/juego-de-ruedas-con-chapa-de-acero-para-cockpit\\\/#primaryimage\",\"url\":\"https:\\\/\\\/namgt.es\\\/wp-content\\\/uploads\\\/2025\\\/09\\\/rueda-1.webp\",\"contentUrl\":\"https:\\\/\\\/namgt.es\\\/wp-content\\\/uploads\\\/2025\\\/09\\\/rueda-1.webp\",\"width\":1297,\"height\":1297},{\"@type\":\"BreadcrumbList\",\"@id\":\"https:\\\/\\\/namgt.es\\\/producto\\\/juego-de-ruedas-con-chapa-de-acero-para-cockpit\\\/#breadcrumb\",\"itemListElement\":[{\"@type\":\"ListItem\",\"position\":1,\"name\":\"Portada\",\"item\":\"https:\\\/\\\/namgt.es\\\/\"},{\"@type\":\"ListItem\",\"position\":2,\"name\":\"Kits de cockpits\",\"item\":\"https:\\\/\\\/namgt.es\\\/kits-de-cockpits\\\/\"},{\"@type\":\"ListItem\",\"position\":3,\"name\":\"Kit de Ruedas con Chapa de Acero para Cockpit (4 unidades)\"}]},{\"@type\":\"WebSite\",\"@id\":\"https:\\\/\\\/namgt.es\\\/#website\",\"url\":\"https:\\\/\\\/namgt.es\\\/\",\"name\":\"Namgt\",\"description\":\"Kits de perfiles de aluminio para montar tu cockpit de simracing\",\"publisher\":{\"@id\":\"https:\\\/\\\/namgt.es\\\/#organization\"},\"potentialAction\":[{\"@type\":\"SearchAction\",\"target\":{\"@type\":\"EntryPoint\",\"urlTemplate\":\"https:\\\/\\\/namgt.es\\\/?s={search_term_string}\"},\"query-input\":{\"@type\":\"PropertyValueSpecification\",\"valueRequired\":true,\"valueName\":\"search_term_string\"}}],\"inLanguage\":\"fr-FR\"},{\"@type\":\"Organization\",\"@id\":\"https:\\\/\\\/namgt.es\\\/#organization\",\"name\":\"Namgt\",\"url\":\"https:\\\/\\\/namgt.es\\\/\",\"logo\":{\"@type\":\"ImageObject\",\"inLanguage\":\"fr-FR\",\"@id\":\"https:\\\/\\\/namgt.es\\\/#\\\/schema\\\/logo\\\/image\\\/\",\"url\":\"https:\\\/\\\/www.namgt.es\\\/wp-content\\\/uploads\\\/2025\\\/11\\\/logo-sin-fondo.png\",\"contentUrl\":\"https:\\\/\\\/www.namgt.es\\\/wp-content\\\/uploads\\\/2025\\\/11\\\/logo-sin-fondo.png\",\"width\":1024,\"height\":1024,\"caption\":\"Namgt\"},\"image\":{\"@id\":\"https:\\\/\\\/namgt.es\\\/#\\\/schema\\\/logo\\\/image\\\/\"},\"sameAs\":[\"https:\\\/\\\/www.facebook.com\\\/profile.php?id=61580843453305\"]}]}<\/script>\n<!-- \/ Yoast SEO plugin. -->","yoast_head_json":{"title":"Kit de Ruedas con Chapa de Acero para Cockpit (4 unidades) - Namgt","description":"Mueve tu simulador sin esfuerzo con este Kit de ruedas cockpit. Incluye 4 unidades robustas con chapa de acero para m\u00e1xima durabilidad.","robots":{"index":"index","follow":"follow","max-snippet":"max-snippet:-1","max-image-preview":"max-image-preview:large","max-video-preview":"max-video-preview:-1"},"canonical":"https:\/\/namgt.es\/fr\/produit\/juego-de-ruedas-con-chapa-de-acero-para-cockpit\/","og_locale":"fr_FR","og_type":"article","og_title":"Kit de Ruedas con Chapa de Acero para Cockpit (4 unidades) - Namgt","og_description":"Mueve tu simulador sin esfuerzo con este Kit de ruedas cockpit. Incluye 4 unidades robustas con chapa de acero para m\u00e1xima durabilidad.","og_url":"https:\/\/namgt.es\/fr\/produit\/juego-de-ruedas-con-chapa-de-acero-para-cockpit\/","og_site_name":"Namgt","article_publisher":"https:\/\/www.facebook.com\/profile.php?id=61580843453305","article_modified_time":"2026-05-09T17:14:57+00:00","og_image":[{"width":1297,"height":1297,"url":"https:\/\/namgt.es\/wp-content\/uploads\/2025\/09\/rueda-1.webp","type":"image\/webp"}],"twitter_card":"summary_large_image","twitter_misc":{"Dur\u00e9e de lecture estim\u00e9e":"1 minute"},"schema":{"@context":"https:\/\/schema.org","@graph":[{"@type":"WebPage","@id":"https:\/\/namgt.es\/producto\/juego-de-ruedas-con-chapa-de-acero-para-cockpit\/","url":"https:\/\/namgt.es\/producto\/juego-de-ruedas-con-chapa-de-acero-para-cockpit\/","name":"Kit de Ruedas con Chapa de Acero para Cockpit (4 unidades) - Namgt","isPartOf":{"@id":"https:\/\/namgt.es\/#website"},"primaryImageOfPage":{"@id":"https:\/\/namgt.es\/producto\/juego-de-ruedas-con-chapa-de-acero-para-cockpit\/#primaryimage"},"image":{"@id":"https:\/\/namgt.es\/producto\/juego-de-ruedas-con-chapa-de-acero-para-cockpit\/#primaryimage"},"thumbnailUrl":"https:\/\/namgt.es\/wp-content\/uploads\/2025\/09\/rueda-1.webp","datePublished":"2025-09-15T22:38:16+00:00","dateModified":"2026-05-09T17:14:57+00:00","description":"Mueve tu simulador sin esfuerzo con este Kit de ruedas cockpit. Incluye 4 unidades robustas con chapa de acero para m\u00e1xima durabilidad.","breadcrumb":{"@id":"https:\/\/namgt.es\/producto\/juego-de-ruedas-con-chapa-de-acero-para-cockpit\/#breadcrumb"},"inLanguage":"fr-FR","potentialAction":[{"@type":"ReadAction","target":["https:\/\/namgt.es\/producto\/juego-de-ruedas-con-chapa-de-acero-para-cockpit\/"]}]},{"@type":"ImageObject","inLanguage":"fr-FR","@id":"https:\/\/namgt.es\/producto\/juego-de-ruedas-con-chapa-de-acero-para-cockpit\/#primaryimage","url":"https:\/\/namgt.es\/wp-content\/uploads\/2025\/09\/rueda-1.webp","contentUrl":"https:\/\/namgt.es\/wp-content\/uploads\/2025\/09\/rueda-1.webp","width":1297,"height":1297},{"@type":"BreadcrumbList","@id":"https:\/\/namgt.es\/producto\/juego-de-ruedas-con-chapa-de-acero-para-cockpit\/#breadcrumb","itemListElement":[{"@type":"ListItem","position":1,"name":"Portada","item":"https:\/\/namgt.es\/"},{"@type":"ListItem","position":2,"name":"Kits de cockpits","item":"https:\/\/namgt.es\/kits-de-cockpits\/"},{"@type":"ListItem","position":3,"name":"Kit de Ruedas con Chapa de Acero para Cockpit (4 unidades)"}]},{"@type":"WebSite","@id":"https:\/\/namgt.es\/#website","url":"https:\/\/namgt.es\/","name":"Namgt","description":"Kits de profil\u00e9s en aluminium pour assembler votre cockpit simracing","publisher":{"@id":"https:\/\/namgt.es\/#organization"},"potentialAction":[{"@type":"SearchAction","target":{"@type":"EntryPoint","urlTemplate":"https:\/\/namgt.es\/?s={search_term_string}"},"query-input":{"@type":"PropertyValueSpecification","valueRequired":true,"valueName":"search_term_string"}}],"inLanguage":"fr-FR"},{"@type":"Organization","@id":"https:\/\/namgt.es\/#organization","name":"Namgt","url":"https:\/\/namgt.es\/","logo":{"@type":"ImageObject","inLanguage":"fr-FR","@id":"https:\/\/namgt.es\/#\/schema\/logo\/image\/","url":"https:\/\/www.namgt.es\/wp-content\/uploads\/2025\/11\/logo-sin-fondo.png","contentUrl":"https:\/\/www.namgt.es\/wp-content\/uploads\/2025\/11\/logo-sin-fondo.png","width":1024,"height":1024,"caption":"Namgt"},"image":{"@id":"https:\/\/namgt.es\/#\/schema\/logo\/image\/"},"sameAs":["https:\/\/www.facebook.com\/profile.php?id=61580843453305"]}]}},"taxonomy_info":{"product_cat":[{"value":28,"label":"Accesorios"}]},"featured_image_src_large":["https:\/\/namgt.es\/wp-content\/uploads\/2025\/09\/rueda-1-1024x1024.webp",1024,1024,true],"author_info":[],"comment_info":0,"jetpack_sharing_enabled":true,"_links":{"self":[{"href":"https:\/\/namgt.es\/fr\/wp-json\/wp\/v2\/product\/3233","targetHints":{"allow":["GET"]}}],"collection":[{"href":"https:\/\/namgt.es\/fr\/wp-json\/wp\/v2\/product"}],"about":[{"href":"https:\/\/namgt.es\/fr\/wp-json\/wp\/v2\/types\/product"}],"replies":[{"embeddable":true,"href":"https:\/\/namgt.es\/fr\/wp-json\/wp\/v2\/comments?post=3233"}],"wp:featuredmedia":[{"embeddable":true,"href":"https:\/\/namgt.es\/fr\/wp-json\/wp\/v2\/media\/3241"}],"wp:attachment":[{"href":"https:\/\/namgt.es\/fr\/wp-json\/wp\/v2\/media?parent=3233"}],"wp:term":[{"taxonomy":"product_brand","embeddable":true,"href":"https:\/\/namgt.es\/fr\/wp-json\/wp\/v2\/product_brand?post=3233"},{"taxonomy":"product_cat","embeddable":true,"href":"https:\/\/namgt.es\/fr\/wp-json\/wp\/v2\/product_cat?post=3233"},{"taxonomy":"product_tag","embeddable":true,"href":"https:\/\/namgt.es\/fr\/wp-json\/wp\/v2\/product_tag?post=3233"}],"curies":[{"name":"wp","href":"https:\/\/api.w.org\/{rel}","templated":true}]}}