{"id":3176,"date":"2025-08-16T20:32:51","date_gmt":"2025-08-16T18:32:51","guid":{"rendered":"https:\/\/namgt.es\/?post_type=product&#038;p=3176"},"modified":"2026-05-12T23:05:40","modified_gmt":"2026-05-12T21:05:40","slug":"soporte-monitor-vesa-cockpit","status":"publish","type":"product","link":"https:\/\/namgt.es\/fr\/producto\/soporte-monitor-vesa-cockpit\/","title":{"rendered":"Support Moniteur avec Plaque VESA pour Cockpit"},"content":{"rendered":"<p data-start=\"656\" data-end=\"978\">Am\u00e9liorez votre exp\u00e9rience de simracing avec le <strong data-start=\"723\" data-end=\"760\">Support d'\u00e9cran avec platine VESA<\/strong>, dise\u00f1ado para ofrecer estabilidad y comodidad en tu cockpit GT1 o GT2. Fabricado en <strong data-start=\"846\" data-end=\"874\">Profil\u00e9 aluminium 40x40<\/strong>...garantit fermet\u00e9 et durabilit\u00e9, maintenant votre \u00e9cran en toute s\u00e9curit\u00e9, m\u00eame lors des sessions les plus intenses.<\/p>\n<hr data-start=\"1388\" data-end=\"1391\" \/>\n<p data-start=\"980\" data-end=\"1267\">Sa platine VESA permet d'installer des moniteurs jusqu'\u00e0 34\u2033, avec une hauteur r\u00e9glable, et son montage est rapide et simple, sans besoin de per\u00e7age ni d'outils sp\u00e9ciaux. Vous pouvez l'acqu\u00e9rir... <strong data-start=\"1198\" data-end=\"1222\">s\u00e9par\u00e9ment au prix de 100 \u20ac<\/strong> o <strong data-start=\"1225\" data-end=\"1264\">ou l'ajouter \u00e0 votre cockpit pour seulement 70 \u20ac<\/strong>.<\/p>\n<p data-start=\"1269\" data-end=\"1414\">Ce support d'\u00e9cran est id\u00e9al pour ceux qui recherchent un... <strong data-start=\"1314\" data-end=\"1346\">setup professionnel et ordonn\u00e9.<\/strong>alliant ergonomie, s\u00e9curit\u00e9 et esth\u00e9tique en un seul accessoire.<\/p>\n<p class=\"p1\"><span class=\"s1\">Parfait pour combiner avec <\/span><a href=\"https:\/\/namgt.es\/kits-de-cockpits\/\"><span class=\"s2\">cockpits de simulation.<\/span><span class=\"s1\">.<\/span><\/a><\/p>\n<p class=\"p1\"><span class=\"s1\">Achetez votre <\/span><span class=\"s2\">Support d'\u00e9cran<\/span><span class=\"s1\"> et am\u00e9liorez votre setup<\/span><\/p>","protected":false},"excerpt":{"rendered":"<p>Offrez \u00e0 votre installation de simracing la stabilit\u00e9 et le professionnalisme qu'elle m\u00e9rite. Notre cockpit GT2 est la base ultime. <strong>Support d'\u00e9cran<\/strong> Support <strong>VESA<\/strong> S'int\u00e8gre parfaitement aux cockpits GT1 et GT2, vous permettant de placer votre \u00e9cran dans la position id\u00e9ale pour profiter de chaque virage et de chaque course. Disponible seul ou comme compl\u00e9ment de votre cockpit.<\/p>\n<p>\u2705 Disponible en <strong>couleur Aluminium<\/strong> ou termin\u00e9 <strong>Noir mat <\/strong><\/p>\n<p>\u26a0\ufe0f <strong data-start=\"177\" data-end=\"192\">Important :<\/strong> Ce produit comprend uniquement le support et les profil\u00e9s n\u00e9cessaires au montage du moniteur. Le cockpit pr\u00e9sent\u00e9 sur las images n'est pas inclus.<\/p>","protected":false},"featured_media":3256,"comment_status":"open","ping_status":"closed","template":"","meta":{"_kad_blocks_custom_css":"","_kad_blocks_head_custom_js":"","_kad_blocks_body_custom_js":"","_kad_blocks_footer_custom_js":"","_kadence_starter_templates_imported_post":false,"_kad_post_transparent":"default","_kad_post_title":"","_kad_post_layout":"default","_kad_post_sidebar_id":"","_kad_post_content_style":"default","_kad_post_vertical_padding":"default","_kad_post_feature":"","_kad_post_feature_position":"","_kad_post_header":false,"_kad_post_footer":false,"_kad_post_classname":""},"product_brand":[],"product_cat":[27],"product_tag":[],"class_list":{"0":"post-3176","1":"product","2":"type-product","3":"status-publish","4":"has-post-thumbnail","6":"product_cat-kits-de-cockpits","7":"product_shipping_class-accesorios","9":"first","10":"outofstock","11":"taxable","12":"shipping-taxable","13":"purchasable","14":"product-type-variable","15":"entry","16":"content-bg","17":"loop-entry"},"supplier_id":null,"supplier_sku":"","barcode":null,"atum_controlled":true,"out_stock_date":null,"out_stock_threshold":null,"inheritable":true,"inbound_stock":0,"stock_on_hold":0,"sold_today":0,"sales_last_days":1,"reserved_stock":0,"customer_returns":0,"warehouse_damage":0,"lost_in_post":0,"other_logs":0,"out_stock_days":0,"lost_sales":0,"has_location":false,"update_date":"2026-05-12T21:05:41","atum_locations":[],"atum_stock_status":"outofstock","restock_status":false,"low_stock_amount":"","sales_update_date":"2026-05-12T20:42:27","calc_backorders":null,"linked_bom":[],"sync_purchase_price":false,"bom_sellable":null,"minimum_threshold":null,"available_to_purchase":null,"selling_priority":null,"calculated_stock":null,"is_bom":false,"yoast_head":"<!-- This site is optimized with the Yoast SEO plugin v27.5 - https:\/\/yoast.com\/product\/yoast-seo-wordpress\/ -->\n<title>Soporte de Monitor con Placa VESA para Cockpit - Namgt<\/title>\n<meta name=\"description\" content=\"Soporte de monitor para cockpit con anclaje Vesa. La solucion robusta que tu simulador nesecita. Compatible, seguro y al mejor precio en NaM GT\" \/>\n<meta name=\"robots\" content=\"index, follow, max-snippet:-1, max-image-preview:large, max-video-preview:-1\" \/>\n<link rel=\"canonical\" href=\"https:\/\/namgt.es\/fr\/produit\/soporte-monitor-vesa-cockpit\/\" \/>\n<meta property=\"og:locale\" content=\"fr_FR\" \/>\n<meta property=\"og:type\" content=\"article\" \/>\n<meta property=\"og:title\" content=\"Soporte de Monitor con Placa VESA para Cockpit - Namgt\" \/>\n<meta property=\"og:description\" content=\"Soporte de monitor para cockpit con anclaje Vesa. La solucion robusta que tu simulador nesecita. Compatible, seguro y al mejor precio en NaM GT\" \/>\n<meta property=\"og:url\" content=\"https:\/\/namgt.es\/fr\/produit\/soporte-monitor-vesa-cockpit\/\" \/>\n<meta property=\"og:site_name\" content=\"Namgt\" \/>\n<meta property=\"article:publisher\" content=\"https:\/\/www.facebook.com\/profile.php?id=61580843453305\" \/>\n<meta property=\"article:modified_time\" content=\"2026-05-12T21:05:40+00:00\" \/>\n<meta property=\"og:image\" content=\"https:\/\/namgt.es\/wp-content\/uploads\/2025\/08\/gt2-pantalla.webp\" \/>\n\t<meta property=\"og:image:width\" content=\"835\" \/>\n\t<meta property=\"og:image:height\" content=\"835\" \/>\n\t<meta property=\"og:image:type\" content=\"image\/webp\" \/>\n<meta name=\"twitter:card\" content=\"summary_large_image\" \/>\n<meta name=\"twitter:label1\" content=\"Dur\u00e9e de lecture estim\u00e9e\" \/>\n\t<meta name=\"twitter:data1\" content=\"1 minute\" \/>\n<script type=\"application\/ld+json\" class=\"yoast-schema-graph\">{\"@context\":\"https:\\\/\\\/schema.org\",\"@graph\":[{\"@type\":\"WebPage\",\"@id\":\"https:\\\/\\\/namgt.es\\\/producto\\\/soporte-monitor-vesa-cockpit\\\/\",\"url\":\"https:\\\/\\\/namgt.es\\\/producto\\\/soporte-monitor-vesa-cockpit\\\/\",\"name\":\"Soporte de Monitor con Placa VESA para Cockpit - Namgt\",\"isPartOf\":{\"@id\":\"https:\\\/\\\/namgt.es\\\/#website\"},\"primaryImageOfPage\":{\"@id\":\"https:\\\/\\\/namgt.es\\\/producto\\\/soporte-monitor-vesa-cockpit\\\/#primaryimage\"},\"image\":{\"@id\":\"https:\\\/\\\/namgt.es\\\/producto\\\/soporte-monitor-vesa-cockpit\\\/#primaryimage\"},\"thumbnailUrl\":\"https:\\\/\\\/namgt.es\\\/wp-content\\\/uploads\\\/2025\\\/08\\\/gt2-pantalla.webp\",\"datePublished\":\"2025-08-16T18:32:51+00:00\",\"dateModified\":\"2026-05-12T21:05:40+00:00\",\"description\":\"Soporte de monitor para cockpit con anclaje Vesa. La solucion robusta que tu simulador nesecita. Compatible, seguro y al mejor precio en NaM GT\",\"breadcrumb\":{\"@id\":\"https:\\\/\\\/namgt.es\\\/producto\\\/soporte-monitor-vesa-cockpit\\\/#breadcrumb\"},\"inLanguage\":\"fr-FR\",\"potentialAction\":[{\"@type\":\"ReadAction\",\"target\":[\"https:\\\/\\\/namgt.es\\\/producto\\\/soporte-monitor-vesa-cockpit\\\/\"]}]},{\"@type\":\"ImageObject\",\"inLanguage\":\"fr-FR\",\"@id\":\"https:\\\/\\\/namgt.es\\\/producto\\\/soporte-monitor-vesa-cockpit\\\/#primaryimage\",\"url\":\"https:\\\/\\\/namgt.es\\\/wp-content\\\/uploads\\\/2025\\\/08\\\/gt2-pantalla.webp\",\"contentUrl\":\"https:\\\/\\\/namgt.es\\\/wp-content\\\/uploads\\\/2025\\\/08\\\/gt2-pantalla.webp\",\"width\":835,\"height\":835},{\"@type\":\"BreadcrumbList\",\"@id\":\"https:\\\/\\\/namgt.es\\\/producto\\\/soporte-monitor-vesa-cockpit\\\/#breadcrumb\",\"itemListElement\":[{\"@type\":\"ListItem\",\"position\":1,\"name\":\"Portada\",\"item\":\"https:\\\/\\\/namgt.es\\\/\"},{\"@type\":\"ListItem\",\"position\":2,\"name\":\"Kits de cockpits\",\"item\":\"https:\\\/\\\/namgt.es\\\/kits-de-cockpits\\\/\"},{\"@type\":\"ListItem\",\"position\":3,\"name\":\"Soporte de Monitor con Placa VESA para Cockpit\"}]},{\"@type\":\"WebSite\",\"@id\":\"https:\\\/\\\/namgt.es\\\/#website\",\"url\":\"https:\\\/\\\/namgt.es\\\/\",\"name\":\"Namgt\",\"description\":\"Kits de perfiles de aluminio para montar tu cockpit de simracing\",\"publisher\":{\"@id\":\"https:\\\/\\\/namgt.es\\\/#organization\"},\"potentialAction\":[{\"@type\":\"SearchAction\",\"target\":{\"@type\":\"EntryPoint\",\"urlTemplate\":\"https:\\\/\\\/namgt.es\\\/?s={search_term_string}\"},\"query-input\":{\"@type\":\"PropertyValueSpecification\",\"valueRequired\":true,\"valueName\":\"search_term_string\"}}],\"inLanguage\":\"fr-FR\"},{\"@type\":\"Organization\",\"@id\":\"https:\\\/\\\/namgt.es\\\/#organization\",\"name\":\"Namgt\",\"url\":\"https:\\\/\\\/namgt.es\\\/\",\"logo\":{\"@type\":\"ImageObject\",\"inLanguage\":\"fr-FR\",\"@id\":\"https:\\\/\\\/namgt.es\\\/#\\\/schema\\\/logo\\\/image\\\/\",\"url\":\"https:\\\/\\\/www.namgt.es\\\/wp-content\\\/uploads\\\/2025\\\/11\\\/logo-sin-fondo.png\",\"contentUrl\":\"https:\\\/\\\/www.namgt.es\\\/wp-content\\\/uploads\\\/2025\\\/11\\\/logo-sin-fondo.png\",\"width\":1024,\"height\":1024,\"caption\":\"Namgt\"},\"image\":{\"@id\":\"https:\\\/\\\/namgt.es\\\/#\\\/schema\\\/logo\\\/image\\\/\"},\"sameAs\":[\"https:\\\/\\\/www.facebook.com\\\/profile.php?id=61580843453305\"]}]}<\/script>\n<!-- \/ Yoast SEO plugin. -->","yoast_head_json":{"title":"Soporte de Monitor con Placa VESA para Cockpit - Namgt","description":"Soporte de monitor para cockpit con anclaje Vesa. La solucion robusta que tu simulador nesecita. Compatible, seguro y al mejor precio en NaM GT","robots":{"index":"index","follow":"follow","max-snippet":"max-snippet:-1","max-image-preview":"max-image-preview:large","max-video-preview":"max-video-preview:-1"},"canonical":"https:\/\/namgt.es\/fr\/produit\/soporte-monitor-vesa-cockpit\/","og_locale":"fr_FR","og_type":"article","og_title":"Soporte de Monitor con Placa VESA para Cockpit - Namgt","og_description":"Soporte de monitor para cockpit con anclaje Vesa. La solucion robusta que tu simulador nesecita. Compatible, seguro y al mejor precio en NaM GT","og_url":"https:\/\/namgt.es\/fr\/produit\/soporte-monitor-vesa-cockpit\/","og_site_name":"Namgt","article_publisher":"https:\/\/www.facebook.com\/profile.php?id=61580843453305","article_modified_time":"2026-05-12T21:05:40+00:00","og_image":[{"width":835,"height":835,"url":"https:\/\/namgt.es\/wp-content\/uploads\/2025\/08\/gt2-pantalla.webp","type":"image\/webp"}],"twitter_card":"summary_large_image","twitter_misc":{"Dur\u00e9e de lecture estim\u00e9e":"1 minute"},"schema":{"@context":"https:\/\/schema.org","@graph":[{"@type":"WebPage","@id":"https:\/\/namgt.es\/producto\/soporte-monitor-vesa-cockpit\/","url":"https:\/\/namgt.es\/producto\/soporte-monitor-vesa-cockpit\/","name":"Soporte de Monitor con Placa VESA para Cockpit - Namgt","isPartOf":{"@id":"https:\/\/namgt.es\/#website"},"primaryImageOfPage":{"@id":"https:\/\/namgt.es\/producto\/soporte-monitor-vesa-cockpit\/#primaryimage"},"image":{"@id":"https:\/\/namgt.es\/producto\/soporte-monitor-vesa-cockpit\/#primaryimage"},"thumbnailUrl":"https:\/\/namgt.es\/wp-content\/uploads\/2025\/08\/gt2-pantalla.webp","datePublished":"2025-08-16T18:32:51+00:00","dateModified":"2026-05-12T21:05:40+00:00","description":"Soporte de monitor para cockpit con anclaje Vesa. La solucion robusta que tu simulador nesecita. Compatible, seguro y al mejor precio en NaM GT","breadcrumb":{"@id":"https:\/\/namgt.es\/producto\/soporte-monitor-vesa-cockpit\/#breadcrumb"},"inLanguage":"fr-FR","potentialAction":[{"@type":"ReadAction","target":["https:\/\/namgt.es\/producto\/soporte-monitor-vesa-cockpit\/"]}]},{"@type":"ImageObject","inLanguage":"fr-FR","@id":"https:\/\/namgt.es\/producto\/soporte-monitor-vesa-cockpit\/#primaryimage","url":"https:\/\/namgt.es\/wp-content\/uploads\/2025\/08\/gt2-pantalla.webp","contentUrl":"https:\/\/namgt.es\/wp-content\/uploads\/2025\/08\/gt2-pantalla.webp","width":835,"height":835},{"@type":"BreadcrumbList","@id":"https:\/\/namgt.es\/producto\/soporte-monitor-vesa-cockpit\/#breadcrumb","itemListElement":[{"@type":"ListItem","position":1,"name":"Portada","item":"https:\/\/namgt.es\/"},{"@type":"ListItem","position":2,"name":"Kits de cockpits","item":"https:\/\/namgt.es\/kits-de-cockpits\/"},{"@type":"ListItem","position":3,"name":"Soporte de Monitor con Placa VESA para Cockpit"}]},{"@type":"WebSite","@id":"https:\/\/namgt.es\/#website","url":"https:\/\/namgt.es\/","name":"Namgt","description":"Kits de profil\u00e9s en aluminium pour assembler votre cockpit simracing","publisher":{"@id":"https:\/\/namgt.es\/#organization"},"potentialAction":[{"@type":"SearchAction","target":{"@type":"EntryPoint","urlTemplate":"https:\/\/namgt.es\/?s={search_term_string}"},"query-input":{"@type":"PropertyValueSpecification","valueRequired":true,"valueName":"search_term_string"}}],"inLanguage":"fr-FR"},{"@type":"Organization","@id":"https:\/\/namgt.es\/#organization","name":"Namgt","url":"https:\/\/namgt.es\/","logo":{"@type":"ImageObject","inLanguage":"fr-FR","@id":"https:\/\/namgt.es\/#\/schema\/logo\/image\/","url":"https:\/\/www.namgt.es\/wp-content\/uploads\/2025\/11\/logo-sin-fondo.png","contentUrl":"https:\/\/www.namgt.es\/wp-content\/uploads\/2025\/11\/logo-sin-fondo.png","width":1024,"height":1024,"caption":"Namgt"},"image":{"@id":"https:\/\/namgt.es\/#\/schema\/logo\/image\/"},"sameAs":["https:\/\/www.facebook.com\/profile.php?id=61580843453305"]}]}},"taxonomy_info":{"product_cat":[{"value":27,"label":"Kits de cockpits"}]},"featured_image_src_large":["https:\/\/namgt.es\/wp-content\/uploads\/2025\/08\/gt2-pantalla.webp",835,835,false],"author_info":[],"comment_info":0,"jetpack_sharing_enabled":true,"_links":{"self":[{"href":"https:\/\/namgt.es\/fr\/wp-json\/wp\/v2\/product\/3176","targetHints":{"allow":["GET"]}}],"collection":[{"href":"https:\/\/namgt.es\/fr\/wp-json\/wp\/v2\/product"}],"about":[{"href":"https:\/\/namgt.es\/fr\/wp-json\/wp\/v2\/types\/product"}],"replies":[{"embeddable":true,"href":"https:\/\/namgt.es\/fr\/wp-json\/wp\/v2\/comments?post=3176"}],"wp:featuredmedia":[{"embeddable":true,"href":"https:\/\/namgt.es\/fr\/wp-json\/wp\/v2\/media\/3256"}],"wp:attachment":[{"href":"https:\/\/namgt.es\/fr\/wp-json\/wp\/v2\/media?parent=3176"}],"wp:term":[{"taxonomy":"product_brand","embeddable":true,"href":"https:\/\/namgt.es\/fr\/wp-json\/wp\/v2\/product_brand?post=3176"},{"taxonomy":"product_cat","embeddable":true,"href":"https:\/\/namgt.es\/fr\/wp-json\/wp\/v2\/product_cat?post=3176"},{"taxonomy":"product_tag","embeddable":true,"href":"https:\/\/namgt.es\/fr\/wp-json\/wp\/v2\/product_tag?post=3176"}],"curies":[{"name":"wp","href":"https:\/\/api.w.org\/{rel}","templated":true}]}}