{"id":3100,"date":"2025-08-11T02:31:24","date_gmt":"2025-08-11T00:31:24","guid":{"rendered":"https:\/\/namgt.es\/?post_type=product&#038;p=3100"},"modified":"2026-05-13T12:36:47","modified_gmt":"2026-05-13T10:36:47","slug":"kit-cockpit-simracing-gt2","status":"publish","type":"product","link":"https:\/\/namgt.es\/fr\/producto\/kit-cockpit-simracing-gt2\/","title":{"rendered":"Kit cockpit GT2 simracing - Cadre en aluminium avec support de levier de vitesse"},"content":{"rendered":"<h4 data-start=\"948\" data-end=\"1011\"><strong data-start=\"953\" data-end=\"1009\">GT2 \u2013 Stabilit\u00e9 et contr\u00f4le pour les simracers exigeants<\/strong><\/h4>\n<p data-start=\"1012\" data-end=\"1386\">Le GT2 est l'\u00e9volution naturelle du GT1, con\u00e7u pour les pilotes exp\u00e9riment\u00e9s qui recherchent un cockpit plus polyvalent et pr\u00eat pour des accessoires suppl\u00e9mentaires.<br data-start=\"1181\" data-end=\"1184\" \/>Fabriqu\u00e9 avec des profil\u00e9s en aluminium 40x40 mm de haute qualit\u00e9, il offre une excellente rigidit\u00e9 et permet de r\u00e9gler le volant et les p\u00e9dales pour trouver la position de conduite id\u00e9ale.<\/p>\n<p class=\"p1\"><span class=\"s1\">Ce mod\u00e8le est compatible avec le <\/span><a href=\"https:\/\/namgt.es\/asientos\/\"><span class=\"s2\">si\u00e8ges simracing<\/span><\/a><span class=\"s1\"> disponible dans notre magasin.<\/span><\/p>\n<hr data-start=\"1388\" data-end=\"1391\" \/>\n<h4 data-start=\"1393\" data-end=\"1429\"><strong data-start=\"1398\" data-end=\"1427\">Tout le n\u00e9cessaire est inclus<\/strong><\/h4>\n<ul data-start=\"1430\" data-end=\"1834\">\n<li data-start=\"1430\" data-end=\"1479\">\n<p data-start=\"1432\" data-end=\"1479\">Profil\u00e9s en aluminium 40\u00d740 coup\u00e9s sur mesure.<\/p>\n<\/li>\n<li data-start=\"1480\" data-end=\"1546\">\n<p data-start=\"1482\" data-end=\"1546\"><strong data-start=\"1482\" data-end=\"1498\">Double profil<\/strong> sur le pont du volant d'inertie pour une rigidit\u00e9 maximale.<\/p>\n<\/li>\n<li data-start=\"1547\" data-end=\"1608\">\n<p data-start=\"1549\" data-end=\"1608\">Support de p\u00e9dale <strong data-start=\"1568\" data-end=\"1605\">r\u00e9glable en hauteur et en inclinaison<\/strong>.<\/p>\n<\/li>\n<li data-start=\"1609\" data-end=\"1700\">\n<p data-start=\"1611\" data-end=\"1700\"><strong data-start=\"1611\" data-end=\"1631\">Renfort lat\u00e9ral<\/strong> Pour levier de vitesse ou frein \u00e0 main, installable \u00e0 droite ou \u00e0 gauche.<\/p>\n<\/li>\n<li data-start=\"1701\" data-end=\"1776\">\n<p data-start=\"1703\" data-end=\"1776\">\u00c9querres en aluminium et visserie M8 pour un montage solide et s\u00e9curis\u00e9.<\/p>\n<\/li>\n<li data-start=\"1777\" data-end=\"1834\">\n<p data-start=\"1779\" data-end=\"1834\">Embouts de profil\u00e9 pour une finition propre et s\u00e9curis\u00e9e.<\/p>\n<\/li>\n<\/ul>\n<hr data-start=\"1836\" data-end=\"1839\" \/>\n<h4 data-start=\"1841\" data-end=\"1868\"><strong data-start=\"1846\" data-end=\"1866\">Avantages du GT2<\/strong><\/h4>\n<ul data-start=\"1869\" data-end=\"2165\">\n<li data-start=\"1869\" data-end=\"1933\">\n<p data-start=\"1871\" data-end=\"1933\"><strong data-start=\"1871\" data-end=\"1894\">Plus de polyvalence :<\/strong> Pr\u00eat pour des accessoires avanc\u00e9s.<\/p>\n<\/li>\n<li data-start=\"1934\" data-end=\"2023\">\n<p data-start=\"1936\" data-end=\"2023\"><strong data-start=\"1936\" data-end=\"1958\">Stabilit\u00e9 accrue :<\/strong> Id\u00e9al pour les freins \u00e0 main hydrauliques ou les leviers de vitesse s\u00e9quentiels.<\/p>\n<\/li>\n<li data-start=\"2024\" data-end=\"2095\">\n<p data-start=\"2026\" data-end=\"2095\"><strong data-start=\"2026\" data-end=\"2047\">Montage simple :<\/strong> Pi\u00e8ces pr\u00e9-d\u00e9coup\u00e9es et tout le n\u00e9cessaire inclus.<\/p>\n<\/li>\n<li data-start=\"2096\" data-end=\"2165\">\n<p data-start=\"2098\" data-end=\"2165\"><strong data-start=\"2098\" data-end=\"2123\">Compatibilit\u00e9 totale :<\/strong> Logitech, Thrustmaster, Fanatec, y m\u00e1s.<\/p>\n<\/li>\n<\/ul>\n<hr data-start=\"2167\" data-end=\"2170\" \/>\n<h4 data-start=\"2172\" data-end=\"2195\"><strong data-start=\"2177\" data-end=\"2193\">Con\u00e7u pour<\/strong><\/h4>\n<ul data-start=\"2196\" data-end=\"2413\">\n<li data-start=\"2196\" data-end=\"2269\">\n<p data-start=\"2198\" data-end=\"2269\">Les simracers qui souhaitent passer au niveau sup\u00e9rieur en termes de contr\u00f4le et de r\u00e9alisme.<\/p>\n<\/li>\n<li data-start=\"2270\" data-end=\"2347\">\n<p data-start=\"2272\" data-end=\"2347\">Utilisateurs souhaitant un cockpit modulaire et pr\u00eat pour de futures \u00e9volutions.<\/p>\n<\/li>\n<li data-start=\"2348\" data-end=\"2413\">\n<p data-start=\"2350\" data-end=\"2413\">Pilotes ayant besoin de plus de robustesse pour des p\u00e9riph\u00e9riques exigeants.<\/p>\n<\/li>\n<\/ul>","protected":false},"excerpt":{"rendered":"<p>Le <strong data-start=\"492\" data-end=\"499\">GT2<\/strong> Am\u00e9liorez votre exp\u00e9rience de simulation de course gr\u00e2ce \u00e0 un cadre robuste et enti\u00e8rement r\u00e9glable en profil\u00e9 d'aluminium 40\u00d740.<br \/>\nA la base s\u00f3lida del GT1 le a\u00f1adimos un <strong data-start=\"657\" data-end=\"706\">refuerzo lateral para shifter o freno de mano<\/strong>, adaptable a ambos lados, para que disfrutes de un control total en cada carrera.<br \/>\nDise\u00f1ado para simracers que quieren <strong data-start=\"827\" data-end=\"895\">m\u00e1s estabilidad, m\u00e1s control y un cockpit listo para evolucionar<\/strong> con su equipo.<br \/>\n<strong>Dimensions : 1,49 m de long x 0,60 m de large<\/strong>, Pour d'autres tailles, veuillez nous contacter.<\/p>\n<p>\u2705 Disponible en <strong>couleur Aluminium<\/strong> ou termin\u00e9 <strong>Noir mat <\/strong><\/p>\n<p>\u26a0\ufe0f <strong data-start=\"131\" data-end=\"146\">Important :<\/strong> Les images du produit sont pr\u00e9sent\u00e9es \u00e0 titre d'illustration uniquement. Le kit comprend uniquement les profil\u00e9s en aluminium et les accessoires illustr\u00e9s. Le si\u00e8ge, le volant, les p\u00e9dales et la base ne sont pas inclus.<\/p>","protected":false},"featured_media":3459,"comment_status":"open","ping_status":"closed","template":"","meta":{"_kad_blocks_custom_css":"","_kad_blocks_head_custom_js":"","_kad_blocks_body_custom_js":"","_kad_blocks_footer_custom_js":"","_kadence_starter_templates_imported_post":false,"_kad_post_transparent":"default","_kad_post_title":"","_kad_post_layout":"default","_kad_post_sidebar_id":"","_kad_post_content_style":"default","_kad_post_vertical_padding":"default","_kad_post_feature":"","_kad_post_feature_position":"","_kad_post_header":false,"_kad_post_footer":false,"_kad_post_classname":""},"product_brand":[],"product_cat":[27],"product_tag":[35,32,33,31,34],"class_list":{"0":"post-3100","1":"product","2":"type-product","3":"status-publish","4":"has-post-thumbnail","6":"product_cat-kits-de-cockpits","7":"product_tag-gt2","8":"product_tag-gt2-soporte-monitor","9":"product_tag-gt2-soporte-pc","10":"product_tag-gt2-basico","11":"product_tag-gt2-completo","12":"product_shipping_class-cockpits","14":"first","15":"instock","16":"sale","17":"taxable","18":"shipping-taxable","19":"purchasable","20":"product-type-variable","21":"entry","22":"content-bg","23":"loop-entry"},"supplier_id":null,"supplier_sku":"","barcode":null,"atum_controlled":true,"out_stock_date":null,"out_stock_threshold":null,"inheritable":true,"inbound_stock":0,"stock_on_hold":0,"sold_today":0,"sales_last_days":9,"reserved_stock":0,"customer_returns":0,"warehouse_damage":0,"lost_in_post":0,"other_logs":0,"out_stock_days":0,"lost_sales":0,"has_location":false,"update_date":"2026-05-13T17:13:57","atum_locations":[],"atum_stock_status":"instock","restock_status":false,"low_stock_amount":"","sales_update_date":"2026-05-12T20:42:27","calc_backorders":null,"linked_bom":[],"sync_purchase_price":false,"bom_sellable":null,"minimum_threshold":null,"available_to_purchase":null,"selling_priority":null,"calculated_stock":null,"is_bom":false,"yoast_head":"<!-- This site is optimized with the Yoast SEO plugin v27.5 - https:\/\/yoast.com\/product\/yoast-seo-wordpress\/ -->\n<title>Kit Cockpit Simracing NaM GT2: Estructura de aluminio<\/title>\n<meta name=\"description\" content=\"Compra tu Kit Cockpit Simracing NaM GT2 al mejor precio. Estructura de aluminio ultra r\u00edgida pensada para shifter o freno de mano. Mejora tu setup hoy mismo\" \/>\n<meta name=\"robots\" content=\"index, follow, max-snippet:-1, max-image-preview:large, max-video-preview:-1\" \/>\n<link rel=\"canonical\" href=\"https:\/\/namgt.es\/fr\/produit\/kit-cockpit-simracing-gt2\/\" \/>\n<meta property=\"og:locale\" content=\"fr_FR\" \/>\n<meta property=\"og:type\" content=\"article\" \/>\n<meta property=\"og:title\" content=\"Kit Cockpit Simracing NaM GT2: Estructura de aluminio\" \/>\n<meta property=\"og:description\" content=\"Compra tu Kit Cockpit Simracing NaM GT2 al mejor precio. Estructura de aluminio ultra r\u00edgida pensada para shifter o freno de mano. Mejora tu setup hoy mismo\" \/>\n<meta property=\"og:url\" content=\"https:\/\/namgt.es\/fr\/produit\/kit-cockpit-simracing-gt2\/\" \/>\n<meta property=\"og:site_name\" content=\"Namgt\" \/>\n<meta property=\"article:publisher\" content=\"https:\/\/www.facebook.com\/profile.php?id=61580843453305\" \/>\n<meta property=\"article:modified_time\" content=\"2026-05-13T10:36:47+00:00\" \/>\n<meta property=\"og:image\" content=\"https:\/\/namgt.es\/wp-content\/uploads\/2025\/08\/gt2-pantalla-pc.jpg\" \/>\n\t<meta property=\"og:image:width\" content=\"1280\" \/>\n\t<meta property=\"og:image:height\" content=\"853\" \/>\n\t<meta property=\"og:image:type\" content=\"image\/jpeg\" \/>\n<meta name=\"twitter:card\" content=\"summary_large_image\" \/>\n<meta name=\"twitter:label1\" content=\"Dur\u00e9e de lecture estim\u00e9e\" \/>\n\t<meta name=\"twitter:data1\" content=\"2 minutes\" \/>\n<script type=\"application\/ld+json\" class=\"yoast-schema-graph\">{\"@context\":\"https:\\\/\\\/schema.org\",\"@graph\":[{\"@type\":\"WebPage\",\"@id\":\"https:\\\/\\\/namgt.es\\\/producto\\\/kit-cockpit-simracing-gt2\\\/\",\"url\":\"https:\\\/\\\/namgt.es\\\/producto\\\/kit-cockpit-simracing-gt2\\\/\",\"name\":\"Kit Cockpit Simracing NaM GT2: Estructura de aluminio\",\"isPartOf\":{\"@id\":\"https:\\\/\\\/namgt.es\\\/#website\"},\"primaryImageOfPage\":{\"@id\":\"https:\\\/\\\/namgt.es\\\/producto\\\/kit-cockpit-simracing-gt2\\\/#primaryimage\"},\"image\":{\"@id\":\"https:\\\/\\\/namgt.es\\\/producto\\\/kit-cockpit-simracing-gt2\\\/#primaryimage\"},\"thumbnailUrl\":\"https:\\\/\\\/namgt.es\\\/wp-content\\\/uploads\\\/2025\\\/08\\\/gt2-pantalla-pc.jpg\",\"datePublished\":\"2025-08-11T00:31:24+00:00\",\"dateModified\":\"2026-05-13T10:36:47+00:00\",\"description\":\"Compra tu Kit Cockpit Simracing NaM GT2 al mejor precio. Estructura de aluminio ultra r\u00edgida pensada para shifter o freno de mano. Mejora tu setup hoy mismo\",\"breadcrumb\":{\"@id\":\"https:\\\/\\\/namgt.es\\\/producto\\\/kit-cockpit-simracing-gt2\\\/#breadcrumb\"},\"inLanguage\":\"fr-FR\",\"potentialAction\":[{\"@type\":\"ReadAction\",\"target\":[\"https:\\\/\\\/namgt.es\\\/producto\\\/kit-cockpit-simracing-gt2\\\/\"]}]},{\"@type\":\"ImageObject\",\"inLanguage\":\"fr-FR\",\"@id\":\"https:\\\/\\\/namgt.es\\\/producto\\\/kit-cockpit-simracing-gt2\\\/#primaryimage\",\"url\":\"https:\\\/\\\/namgt.es\\\/wp-content\\\/uploads\\\/2025\\\/08\\\/gt2-pantalla-pc.jpg\",\"contentUrl\":\"https:\\\/\\\/namgt.es\\\/wp-content\\\/uploads\\\/2025\\\/08\\\/gt2-pantalla-pc.jpg\",\"width\":1280,\"height\":853},{\"@type\":\"BreadcrumbList\",\"@id\":\"https:\\\/\\\/namgt.es\\\/producto\\\/kit-cockpit-simracing-gt2\\\/#breadcrumb\",\"itemListElement\":[{\"@type\":\"ListItem\",\"position\":1,\"name\":\"Portada\",\"item\":\"https:\\\/\\\/namgt.es\\\/\"},{\"@type\":\"ListItem\",\"position\":2,\"name\":\"Kits de cockpits\",\"item\":\"https:\\\/\\\/namgt.es\\\/kits-de-cockpits\\\/\"},{\"@type\":\"ListItem\",\"position\":3,\"name\":\"Kit cockpit simracing GT2 \u2013 Estructura de aluminio con soporte para shifter\"}]},{\"@type\":\"WebSite\",\"@id\":\"https:\\\/\\\/namgt.es\\\/#website\",\"url\":\"https:\\\/\\\/namgt.es\\\/\",\"name\":\"Namgt\",\"description\":\"Kits de perfiles de aluminio para montar tu cockpit de simracing\",\"publisher\":{\"@id\":\"https:\\\/\\\/namgt.es\\\/#organization\"},\"potentialAction\":[{\"@type\":\"SearchAction\",\"target\":{\"@type\":\"EntryPoint\",\"urlTemplate\":\"https:\\\/\\\/namgt.es\\\/?s={search_term_string}\"},\"query-input\":{\"@type\":\"PropertyValueSpecification\",\"valueRequired\":true,\"valueName\":\"search_term_string\"}}],\"inLanguage\":\"fr-FR\"},{\"@type\":\"Organization\",\"@id\":\"https:\\\/\\\/namgt.es\\\/#organization\",\"name\":\"Namgt\",\"url\":\"https:\\\/\\\/namgt.es\\\/\",\"logo\":{\"@type\":\"ImageObject\",\"inLanguage\":\"fr-FR\",\"@id\":\"https:\\\/\\\/namgt.es\\\/#\\\/schema\\\/logo\\\/image\\\/\",\"url\":\"https:\\\/\\\/www.namgt.es\\\/wp-content\\\/uploads\\\/2025\\\/11\\\/logo-sin-fondo.png\",\"contentUrl\":\"https:\\\/\\\/www.namgt.es\\\/wp-content\\\/uploads\\\/2025\\\/11\\\/logo-sin-fondo.png\",\"width\":1024,\"height\":1024,\"caption\":\"Namgt\"},\"image\":{\"@id\":\"https:\\\/\\\/namgt.es\\\/#\\\/schema\\\/logo\\\/image\\\/\"},\"sameAs\":[\"https:\\\/\\\/www.facebook.com\\\/profile.php?id=61580843453305\"]}]}<\/script>\n<!-- \/ Yoast SEO plugin. -->","yoast_head_json":{"title":"Kit Cockpit Simracing NaM GT2: Estructura de aluminio","description":"Compra tu Kit Cockpit Simracing NaM GT2 al mejor precio. Estructura de aluminio ultra r\u00edgida pensada para shifter o freno de mano. Mejora tu setup hoy mismo","robots":{"index":"index","follow":"follow","max-snippet":"max-snippet:-1","max-image-preview":"max-image-preview:large","max-video-preview":"max-video-preview:-1"},"canonical":"https:\/\/namgt.es\/fr\/produit\/kit-cockpit-simracing-gt2\/","og_locale":"fr_FR","og_type":"article","og_title":"Kit Cockpit Simracing NaM GT2: Estructura de aluminio","og_description":"Compra tu Kit Cockpit Simracing NaM GT2 al mejor precio. Estructura de aluminio ultra r\u00edgida pensada para shifter o freno de mano. Mejora tu setup hoy mismo","og_url":"https:\/\/namgt.es\/fr\/produit\/kit-cockpit-simracing-gt2\/","og_site_name":"Namgt","article_publisher":"https:\/\/www.facebook.com\/profile.php?id=61580843453305","article_modified_time":"2026-05-13T10:36:47+00:00","og_image":[{"width":1280,"height":853,"url":"https:\/\/namgt.es\/wp-content\/uploads\/2025\/08\/gt2-pantalla-pc.jpg","type":"image\/jpeg"}],"twitter_card":"summary_large_image","twitter_misc":{"Dur\u00e9e de lecture estim\u00e9e":"2 minutes"},"schema":{"@context":"https:\/\/schema.org","@graph":[{"@type":"WebPage","@id":"https:\/\/namgt.es\/producto\/kit-cockpit-simracing-gt2\/","url":"https:\/\/namgt.es\/producto\/kit-cockpit-simracing-gt2\/","name":"Kit Cockpit Simracing NaM GT2: Estructura de aluminio","isPartOf":{"@id":"https:\/\/namgt.es\/#website"},"primaryImageOfPage":{"@id":"https:\/\/namgt.es\/producto\/kit-cockpit-simracing-gt2\/#primaryimage"},"image":{"@id":"https:\/\/namgt.es\/producto\/kit-cockpit-simracing-gt2\/#primaryimage"},"thumbnailUrl":"https:\/\/namgt.es\/wp-content\/uploads\/2025\/08\/gt2-pantalla-pc.jpg","datePublished":"2025-08-11T00:31:24+00:00","dateModified":"2026-05-13T10:36:47+00:00","description":"Compra tu Kit Cockpit Simracing NaM GT2 al mejor precio. Estructura de aluminio ultra r\u00edgida pensada para shifter o freno de mano. Mejora tu setup hoy mismo","breadcrumb":{"@id":"https:\/\/namgt.es\/producto\/kit-cockpit-simracing-gt2\/#breadcrumb"},"inLanguage":"fr-FR","potentialAction":[{"@type":"ReadAction","target":["https:\/\/namgt.es\/producto\/kit-cockpit-simracing-gt2\/"]}]},{"@type":"ImageObject","inLanguage":"fr-FR","@id":"https:\/\/namgt.es\/producto\/kit-cockpit-simracing-gt2\/#primaryimage","url":"https:\/\/namgt.es\/wp-content\/uploads\/2025\/08\/gt2-pantalla-pc.jpg","contentUrl":"https:\/\/namgt.es\/wp-content\/uploads\/2025\/08\/gt2-pantalla-pc.jpg","width":1280,"height":853},{"@type":"BreadcrumbList","@id":"https:\/\/namgt.es\/producto\/kit-cockpit-simracing-gt2\/#breadcrumb","itemListElement":[{"@type":"ListItem","position":1,"name":"Portada","item":"https:\/\/namgt.es\/"},{"@type":"ListItem","position":2,"name":"Kits de cockpits","item":"https:\/\/namgt.es\/kits-de-cockpits\/"},{"@type":"ListItem","position":3,"name":"Kit cockpit simracing GT2 \u2013 Estructura de aluminio con soporte para shifter"}]},{"@type":"WebSite","@id":"https:\/\/namgt.es\/#website","url":"https:\/\/namgt.es\/","name":"Namgt","description":"Kits de profil\u00e9s en aluminium pour assembler votre cockpit simracing","publisher":{"@id":"https:\/\/namgt.es\/#organization"},"potentialAction":[{"@type":"SearchAction","target":{"@type":"EntryPoint","urlTemplate":"https:\/\/namgt.es\/?s={search_term_string}"},"query-input":{"@type":"PropertyValueSpecification","valueRequired":true,"valueName":"search_term_string"}}],"inLanguage":"fr-FR"},{"@type":"Organization","@id":"https:\/\/namgt.es\/#organization","name":"Namgt","url":"https:\/\/namgt.es\/","logo":{"@type":"ImageObject","inLanguage":"fr-FR","@id":"https:\/\/namgt.es\/#\/schema\/logo\/image\/","url":"https:\/\/www.namgt.es\/wp-content\/uploads\/2025\/11\/logo-sin-fondo.png","contentUrl":"https:\/\/www.namgt.es\/wp-content\/uploads\/2025\/11\/logo-sin-fondo.png","width":1024,"height":1024,"caption":"Namgt"},"image":{"@id":"https:\/\/namgt.es\/#\/schema\/logo\/image\/"},"sameAs":["https:\/\/www.facebook.com\/profile.php?id=61580843453305"]}]}},"taxonomy_info":{"product_cat":[{"value":27,"label":"Kits de cockpits"}],"product_tag":[{"value":35,"label":"Gt2"},{"value":32,"label":"Gt2 + soporte monitor"},{"value":33,"label":"Gt2 + soporte pc"},{"value":31,"label":"Gt2 basico"},{"value":34,"label":"Gt2 completo"}]},"featured_image_src_large":["https:\/\/namgt.es\/wp-content\/uploads\/2025\/08\/gt2-pantalla-pc-1024x682.jpg",1024,682,true],"author_info":[],"comment_info":6,"jetpack_sharing_enabled":true,"_links":{"self":[{"href":"https:\/\/namgt.es\/fr\/wp-json\/wp\/v2\/product\/3100","targetHints":{"allow":["GET"]}}],"collection":[{"href":"https:\/\/namgt.es\/fr\/wp-json\/wp\/v2\/product"}],"about":[{"href":"https:\/\/namgt.es\/fr\/wp-json\/wp\/v2\/types\/product"}],"replies":[{"embeddable":true,"href":"https:\/\/namgt.es\/fr\/wp-json\/wp\/v2\/comments?post=3100"}],"wp:featuredmedia":[{"embeddable":true,"href":"https:\/\/namgt.es\/fr\/wp-json\/wp\/v2\/media\/3459"}],"wp:attachment":[{"href":"https:\/\/namgt.es\/fr\/wp-json\/wp\/v2\/media?parent=3100"}],"wp:term":[{"taxonomy":"product_brand","embeddable":true,"href":"https:\/\/namgt.es\/fr\/wp-json\/wp\/v2\/product_brand?post=3100"},{"taxonomy":"product_cat","embeddable":true,"href":"https:\/\/namgt.es\/fr\/wp-json\/wp\/v2\/product_cat?post=3100"},{"taxonomy":"product_tag","embeddable":true,"href":"https:\/\/namgt.es\/fr\/wp-json\/wp\/v2\/product_tag?post=3100"}],"curies":[{"name":"wp","href":"https:\/\/api.w.org\/{rel}","templated":true}]}}