{"id":3098,"date":"2025-08-11T00:12:15","date_gmt":"2025-08-10T22:12:15","guid":{"rendered":"https:\/\/namgt.es\/?post_type=product&#038;p=3098"},"modified":"2026-05-09T19:55:42","modified_gmt":"2026-05-09T17:55:42","slug":"simracing-gt1-cockpit-kit","status":"publish","type":"product","link":"https:\/\/namgt.es\/fr\/producto\/kit-cockpit-simracing-gt1\/","title":{"rendered":"Kit cockpit GT1 simracing - Structure aluminium"},"content":{"rendered":"<h4 data-start=\"1060\" data-end=\"1124\"><strong data-start=\"1065\" data-end=\"1122\">GT1 - La base solide de votre aventure en simulation de course<\/strong><\/h4>\n<p data-start=\"1125\" data-end=\"1517\">Le GT1 est notre cockpit de simulation le plus abordable et le point de d\u00e9part id\u00e9al pour tout enthousiaste qui souhaite construire son propre cockpit de simulation sans trop d\u00e9penser.<br data-start=\"1288\" data-end=\"1291\" \/>Fabriqu\u00e9 en <strong data-start=\"1305\" data-end=\"1341\">Profil\u00e9s en aluminium de 40\u00d740 mm<\/strong>, Le nouveau syst\u00e8me offre la rigidit\u00e9 n\u00e9cessaire pour supporter tous les types de manivelles, des plus simples aux plus complexes. <strong data-start=\"1427\" data-end=\"1445\">Retour de force<\/strong> exigeante, garantissant une exp\u00e9rience de conduite stable et pr\u00e9cise.<\/p>\n<p class=\"p1\"><span class=\"s1\">Ce mod\u00e8le est compatible avec le\u00a0 <\/span><a href=\"https:\/\/namgt.es\/asientos\/\"><span class=\"s2\">si\u00e8ges simracing<\/span><\/a><span class=\"s1\"> disponible dans notre magasin.<\/span><\/p>\n<hr data-start=\"1519\" data-end=\"1522\" \/>\n<h4 data-start=\"1524\" data-end=\"1573\"><strong data-start=\"1529\" data-end=\"1571\">Comprend tout ce dont vous avez besoin pour commencer<\/strong><\/h4>\n<ul data-start=\"1574\" data-end=\"1881\">\n<li data-start=\"1574\" data-end=\"1623\">\n<p data-start=\"1576\" data-end=\"1623\">Profil\u00e9s en aluminium 40\u00d740 coup\u00e9s sur mesure.<\/p>\n<\/li>\n<li data-start=\"1624\" data-end=\"1690\">\n<p data-start=\"1626\" data-end=\"1690\"><strong data-start=\"1626\" data-end=\"1642\">Double profil<\/strong> sur le pont du volant d'inertie pour une rigidit\u00e9 maximale.<\/p>\n<\/li>\n<li data-start=\"1691\" data-end=\"1752\">\n<p data-start=\"1693\" data-end=\"1752\">Support de p\u00e9dale <strong data-start=\"1712\" data-end=\"1749\">r\u00e9glable en hauteur et en inclinaison<\/strong>.<\/p>\n<\/li>\n<li data-start=\"1753\" data-end=\"1825\">\n<p data-start=\"1755\" data-end=\"1825\">Supports en aluminium et vis M8 pour un montage rapide et s\u00fbr.<\/p>\n<\/li>\n<li data-start=\"1826\" data-end=\"1881\">\n<p data-start=\"1828\" data-end=\"1881\">Les couvertures de profil, en veillant \u00e0 l'esth\u00e9tique et \u00e0 la s\u00e9curit\u00e9.<\/p>\n<\/li>\n<\/ul>\n<hr data-start=\"1883\" data-end=\"1886\" \/>\n<h4 data-start=\"1888\" data-end=\"1915\"><strong data-start=\"1893\" data-end=\"1913\">Avantages du GT1<\/strong><\/h4>\n<ul data-start=\"1916\" data-end=\"2201\">\n<li data-start=\"1916\" data-end=\"1999\">\n<p data-start=\"1918\" data-end=\"1999\"><strong data-start=\"1918\" data-end=\"1936\">Assemblage facile :<\/strong> pi\u00e8ces coup\u00e9es, mat\u00e9riel inclus, instructions claires.<\/p>\n<\/li>\n<li data-start=\"2000\" data-end=\"2068\">\n<p data-start=\"2002\" data-end=\"2068\"><strong data-start=\"2002\" data-end=\"2027\">Compatibilit\u00e9 totale :<\/strong> Logitech, Thrustmaster, Fanatec et autres.<\/p>\n<\/li>\n<li data-start=\"2069\" data-end=\"2132\">\n<p data-start=\"2071\" data-end=\"2132\"><strong data-start=\"2071\" data-end=\"2085\">\u00c9volution :<\/strong> ajouter des renforts ou des accessoires quand vous le souhaitez.<\/p>\n<\/li>\n<li data-start=\"2133\" data-end=\"2201\">\n<p data-start=\"2135\" data-end=\"2201\"><strong data-start=\"2135\" data-end=\"2156\">Stabilit\u00e9 r\u00e9elle :<\/strong> aucune vibration, m\u00eame avec un FFB puissant.<\/p>\n<\/li>\n<\/ul>\n<hr data-start=\"2203\" data-end=\"2206\" \/>\n<h4 data-start=\"2208\" data-end=\"2231\"><strong data-start=\"2213\" data-end=\"2229\">Con\u00e7u pour<\/strong><\/h4>\n<ul data-start=\"2232\" data-end=\"2470\">\n<li data-start=\"2232\" data-end=\"2308\">\n<p data-start=\"2234\" data-end=\"2308\">Les pilotes d\u00e9butants qui veulent un cockpit stable d\u00e8s le premier jour.<\/p>\n<\/li>\n<li data-start=\"2309\" data-end=\"2390\">\n<p data-start=\"2311\" data-end=\"2390\">Les simracers qui appr\u00e9cient la qualit\u00e9 de l'aluminium et la pr\u00e9cision dans chaque course.<\/p>\n<\/li>\n<li data-start=\"2391\" data-end=\"2470\">\n<p data-start=\"2393\" data-end=\"2470\">Ceux qui recherchent une base solide, avec la possibilit\u00e9 d'une expansion future.<\/p>\n<\/li>\n<\/ul>","protected":false},"excerpt":{"rendered":"<p>Construisez votre propre cockpit de simulation de course avec l'application <strong data-start=\"626\" data-end=\"633\">GT1<\/strong>, Le kit de profil\u00e9s en aluminium 40\u00d740 est robuste, stable et facile \u00e0 assembler.<br \/>\nComprend un double pont de volant renforc\u00e9 et un support de p\u00e9dale r\u00e9glable en hauteur et en inclinaison, afin que vous puissiez trouver votre position parfaite d\u00e8s le premier jour.<br \/>\nProfitez de la <strong data-start=\"893\" data-end=\"929\">sens du contr\u00f4le et de la pr\u00e9cision<\/strong> \u00e0 chaque tournant, avec une structure pr\u00eate \u00e0 vous accompagner pendant des ann\u00e9es de course virtuelle.<br \/>\n<strong>Dimensions : 1,49 m de long x 0,60 m de large<\/strong>, Pour d'autres tailles, veuillez nous contacter.<\/p>\n<p>\u2705 Disponible en <strong>couleur Aluminium<\/strong> ou termin\u00e9 <strong>Noir mat <\/strong><\/p>\n<p>\u26a0\ufe0f <strong data-start=\"131\" data-end=\"146\">Important :<\/strong> Les images du produit sont pr\u00e9sent\u00e9es \u00e0 titre d'illustration uniquement. Le kit comprend uniquement les profil\u00e9s en aluminium et les accessoires illustr\u00e9s. Le si\u00e8ge, le volant, les p\u00e9dales et la base ne sont pas inclus.<\/p>","protected":false},"featured_media":3457,"comment_status":"open","ping_status":"closed","template":"","meta":{"_kad_blocks_custom_css":"","_kad_blocks_head_custom_js":"","_kad_blocks_body_custom_js":"","_kad_blocks_footer_custom_js":"","_kadence_starter_templates_imported_post":false,"_kad_post_transparent":"default","_kad_post_title":"","_kad_post_layout":"default","_kad_post_sidebar_id":"","_kad_post_content_style":"default","_kad_post_vertical_padding":"default","_kad_post_feature":"","_kad_post_feature_position":"","_kad_post_header":false,"_kad_post_footer":false,"_kad_post_classname":""},"product_brand":[],"product_cat":[28,27],"product_tag":[36,38,39,37,40],"class_list":{"0":"post-3098","1":"product","2":"type-product","3":"status-publish","4":"has-post-thumbnail","6":"product_cat-accesorios","7":"product_cat-kits-de-cockpits","8":"product_tag-gt1","9":"product_tag-gt1-soporte-monitor","10":"product_tag-gt1-soporte-pc","11":"product_tag-gt1-basico","12":"product_tag-gt1-completo","13":"product_shipping_class-cockpits","15":"first","16":"instock","17":"sale","18":"taxable","19":"shipping-taxable","20":"purchasable","21":"product-type-variable","22":"entry","23":"content-bg","24":"loop-entry"},"supplier_id":null,"supplier_sku":"","barcode":null,"atum_controlled":true,"out_stock_date":"2026-05-09 19:50:39","out_stock_threshold":null,"inheritable":true,"inbound_stock":0,"stock_on_hold":1,"sold_today":0,"sales_last_days":3,"reserved_stock":0,"customer_returns":0,"warehouse_damage":0,"lost_in_post":0,"other_logs":0,"out_stock_days":0,"lost_sales":0,"has_location":false,"update_date":"2026-05-10T14:41:30","atum_locations":[],"atum_stock_status":"instock","restock_status":false,"low_stock_amount":"","sales_update_date":"2026-05-10T00:06:49","calc_backorders":null,"linked_bom":[],"sync_purchase_price":false,"bom_sellable":null,"minimum_threshold":null,"available_to_purchase":null,"selling_priority":null,"calculated_stock":null,"is_bom":false,"yoast_head":"<!-- This site is optimized with the Yoast SEO plugin v27.5 - https:\/\/yoast.com\/product\/yoast-seo-wordpress\/ -->\n<title>Cockpit Simracing NaM GT1: Estructura completa de Aluminio<\/title>\n<meta name=\"description\" content=\"Kit Cockpit Simracing GT1. Estructura de Aluminio de maxima calidad con dise\u00f1o limpio y compacto. Mejora tu conducci\u00f3n hoy mismo. Envio 24\/48 Hs.\" \/>\n<meta name=\"robots\" content=\"index, follow, max-snippet:-1, max-image-preview:large, max-video-preview:-1\" \/>\n<link rel=\"canonical\" href=\"https:\/\/namgt.es\/fr\/produit\/simracing-gt1-cockpit-kit\/\" \/>\n<meta property=\"og:locale\" content=\"fr_FR\" \/>\n<meta property=\"og:type\" content=\"article\" \/>\n<meta property=\"og:title\" content=\"Cockpit Simracing NaM GT1: Estructura completa de Aluminio\" \/>\n<meta property=\"og:description\" content=\"Kit Cockpit Simracing GT1. Estructura de Aluminio de maxima calidad con dise\u00f1o limpio y compacto. Mejora tu conducci\u00f3n hoy mismo. Envio 24\/48 Hs.\" \/>\n<meta property=\"og:url\" content=\"https:\/\/namgt.es\/fr\/produit\/simracing-gt1-cockpit-kit\/\" \/>\n<meta property=\"og:site_name\" content=\"Namgt\" \/>\n<meta property=\"article:publisher\" content=\"https:\/\/www.facebook.com\/profile.php?id=61580843453305\" \/>\n<meta property=\"article:modified_time\" content=\"2026-05-09T17:55:42+00:00\" \/>\n<meta property=\"og:image\" content=\"https:\/\/namgt.es\/wp-content\/uploads\/2025\/08\/gt1-pantalla-pc.jpg\" \/>\n\t<meta property=\"og:image:width\" content=\"1280\" \/>\n\t<meta property=\"og:image:height\" content=\"853\" \/>\n\t<meta property=\"og:image:type\" content=\"image\/jpeg\" \/>\n<meta name=\"twitter:card\" content=\"summary_large_image\" \/>\n<meta name=\"twitter:label1\" content=\"Dur\u00e9e de lecture estim\u00e9e\" \/>\n\t<meta name=\"twitter:data1\" content=\"2 minutes\" \/>\n<script type=\"application\/ld+json\" class=\"yoast-schema-graph\">{\"@context\":\"https:\\\/\\\/schema.org\",\"@graph\":[{\"@type\":\"WebPage\",\"@id\":\"https:\\\/\\\/namgt.es\\\/producto\\\/kit-cockpit-simracing-gt1\\\/\",\"url\":\"https:\\\/\\\/namgt.es\\\/producto\\\/kit-cockpit-simracing-gt1\\\/\",\"name\":\"Cockpit Simracing NaM GT1: Estructura completa de Aluminio\",\"isPartOf\":{\"@id\":\"https:\\\/\\\/namgt.es\\\/#website\"},\"primaryImageOfPage\":{\"@id\":\"https:\\\/\\\/namgt.es\\\/producto\\\/kit-cockpit-simracing-gt1\\\/#primaryimage\"},\"image\":{\"@id\":\"https:\\\/\\\/namgt.es\\\/producto\\\/kit-cockpit-simracing-gt1\\\/#primaryimage\"},\"thumbnailUrl\":\"https:\\\/\\\/namgt.es\\\/wp-content\\\/uploads\\\/2025\\\/08\\\/gt1-pantalla-pc.jpg\",\"datePublished\":\"2025-08-10T22:12:15+00:00\",\"dateModified\":\"2026-05-09T17:55:42+00:00\",\"description\":\"Kit Cockpit Simracing GT1. Estructura de Aluminio de maxima calidad con dise\u00f1o limpio y compacto. Mejora tu conducci\u00f3n hoy mismo. Envio 24\\\/48 Hs.\",\"breadcrumb\":{\"@id\":\"https:\\\/\\\/namgt.es\\\/producto\\\/kit-cockpit-simracing-gt1\\\/#breadcrumb\"},\"inLanguage\":\"fr-FR\",\"potentialAction\":[{\"@type\":\"ReadAction\",\"target\":[\"https:\\\/\\\/namgt.es\\\/producto\\\/kit-cockpit-simracing-gt1\\\/\"]}]},{\"@type\":\"ImageObject\",\"inLanguage\":\"fr-FR\",\"@id\":\"https:\\\/\\\/namgt.es\\\/producto\\\/kit-cockpit-simracing-gt1\\\/#primaryimage\",\"url\":\"https:\\\/\\\/namgt.es\\\/wp-content\\\/uploads\\\/2025\\\/08\\\/gt1-pantalla-pc.jpg\",\"contentUrl\":\"https:\\\/\\\/namgt.es\\\/wp-content\\\/uploads\\\/2025\\\/08\\\/gt1-pantalla-pc.jpg\",\"width\":1280,\"height\":853},{\"@type\":\"BreadcrumbList\",\"@id\":\"https:\\\/\\\/namgt.es\\\/producto\\\/kit-cockpit-simracing-gt1\\\/#breadcrumb\",\"itemListElement\":[{\"@type\":\"ListItem\",\"position\":1,\"name\":\"Portada\",\"item\":\"https:\\\/\\\/namgt.es\\\/\"},{\"@type\":\"ListItem\",\"position\":2,\"name\":\"Kits de cockpits\",\"item\":\"https:\\\/\\\/namgt.es\\\/kits-de-cockpits\\\/\"},{\"@type\":\"ListItem\",\"position\":3,\"name\":\"Kit cockpit simracing GT1 \u2013 Estructura de aluminio\"}]},{\"@type\":\"WebSite\",\"@id\":\"https:\\\/\\\/namgt.es\\\/#website\",\"url\":\"https:\\\/\\\/namgt.es\\\/\",\"name\":\"Namgt\",\"description\":\"Kits de perfiles de aluminio para montar tu cockpit de simracing\",\"publisher\":{\"@id\":\"https:\\\/\\\/namgt.es\\\/#organization\"},\"potentialAction\":[{\"@type\":\"SearchAction\",\"target\":{\"@type\":\"EntryPoint\",\"urlTemplate\":\"https:\\\/\\\/namgt.es\\\/?s={search_term_string}\"},\"query-input\":{\"@type\":\"PropertyValueSpecification\",\"valueRequired\":true,\"valueName\":\"search_term_string\"}}],\"inLanguage\":\"fr-FR\"},{\"@type\":\"Organization\",\"@id\":\"https:\\\/\\\/namgt.es\\\/#organization\",\"name\":\"Namgt\",\"url\":\"https:\\\/\\\/namgt.es\\\/\",\"logo\":{\"@type\":\"ImageObject\",\"inLanguage\":\"fr-FR\",\"@id\":\"https:\\\/\\\/namgt.es\\\/#\\\/schema\\\/logo\\\/image\\\/\",\"url\":\"https:\\\/\\\/www.namgt.es\\\/wp-content\\\/uploads\\\/2025\\\/11\\\/logo-sin-fondo.png\",\"contentUrl\":\"https:\\\/\\\/www.namgt.es\\\/wp-content\\\/uploads\\\/2025\\\/11\\\/logo-sin-fondo.png\",\"width\":1024,\"height\":1024,\"caption\":\"Namgt\"},\"image\":{\"@id\":\"https:\\\/\\\/namgt.es\\\/#\\\/schema\\\/logo\\\/image\\\/\"},\"sameAs\":[\"https:\\\/\\\/www.facebook.com\\\/profile.php?id=61580843453305\"]}]}<\/script>\n<!-- \/ Yoast SEO plugin. -->","yoast_head_json":{"title":"NaM GT1 Simracing Cockpit : Cadre en aluminium","description":"Kit Cockpit GT1 Simracing. Structure en aluminium de haute qualit\u00e9 avec un design \u00e9pur\u00e9 et compact. Am\u00e9liorez votre conduite d\u00e8s aujourd'hui. Exp\u00e9dition 24\/48 Hs.","robots":{"index":"index","follow":"follow","max-snippet":"max-snippet:-1","max-image-preview":"max-image-preview:large","max-video-preview":"max-video-preview:-1"},"canonical":"https:\/\/namgt.es\/fr\/produit\/simracing-gt1-cockpit-kit\/","og_locale":"fr_FR","og_type":"article","og_title":"Cockpit Simracing NaM GT1: Estructura completa de Aluminio","og_description":"Kit Cockpit Simracing GT1. Estructura de Aluminio de maxima calidad con dise\u00f1o limpio y compacto. Mejora tu conducci\u00f3n hoy mismo. Envio 24\/48 Hs.","og_url":"https:\/\/namgt.es\/fr\/produit\/simracing-gt1-cockpit-kit\/","og_site_name":"Namgt","article_publisher":"https:\/\/www.facebook.com\/profile.php?id=61580843453305","article_modified_time":"2026-05-09T17:55:42+00:00","og_image":[{"width":1280,"height":853,"url":"https:\/\/namgt.es\/wp-content\/uploads\/2025\/08\/gt1-pantalla-pc.jpg","type":"image\/jpeg"}],"twitter_card":"summary_large_image","twitter_misc":{"Dur\u00e9e de lecture estim\u00e9e":"2 minutes"},"schema":{"@context":"https:\/\/schema.org","@graph":[{"@type":"WebPage","@id":"https:\/\/namgt.es\/producto\/kit-cockpit-simracing-gt1\/","url":"https:\/\/namgt.es\/producto\/kit-cockpit-simracing-gt1\/","name":"NaM GT1 Simracing Cockpit : Cadre en aluminium","isPartOf":{"@id":"https:\/\/namgt.es\/#website"},"primaryImageOfPage":{"@id":"https:\/\/namgt.es\/producto\/kit-cockpit-simracing-gt1\/#primaryimage"},"image":{"@id":"https:\/\/namgt.es\/producto\/kit-cockpit-simracing-gt1\/#primaryimage"},"thumbnailUrl":"https:\/\/namgt.es\/wp-content\/uploads\/2025\/08\/gt1-pantalla-pc.jpg","datePublished":"2025-08-10T22:12:15+00:00","dateModified":"2026-05-09T17:55:42+00:00","description":"Kit Cockpit GT1 Simracing. Structure en aluminium de haute qualit\u00e9 avec un design \u00e9pur\u00e9 et compact. Am\u00e9liorez votre conduite d\u00e8s aujourd'hui. Exp\u00e9dition 24\/48 Hs.","breadcrumb":{"@id":"https:\/\/namgt.es\/producto\/kit-cockpit-simracing-gt1\/#breadcrumb"},"inLanguage":"fr-FR","potentialAction":[{"@type":"ReadAction","target":["https:\/\/namgt.es\/producto\/kit-cockpit-simracing-gt1\/"]}]},{"@type":"ImageObject","inLanguage":"fr-FR","@id":"https:\/\/namgt.es\/producto\/kit-cockpit-simracing-gt1\/#primaryimage","url":"https:\/\/namgt.es\/wp-content\/uploads\/2025\/08\/gt1-pantalla-pc.jpg","contentUrl":"https:\/\/namgt.es\/wp-content\/uploads\/2025\/08\/gt1-pantalla-pc.jpg","width":1280,"height":853},{"@type":"BreadcrumbList","@id":"https:\/\/namgt.es\/producto\/kit-cockpit-simracing-gt1\/#breadcrumb","itemListElement":[{"@type":"ListItem","position":1,"name":"Portada","item":"https:\/\/namgt.es\/"},{"@type":"ListItem","position":2,"name":"Kits de cockpits","item":"https:\/\/namgt.es\/kits-de-cockpits\/"},{"@type":"ListItem","position":3,"name":"Kit cockpit simracing GT1 \u2013 Estructura de aluminio"}]},{"@type":"WebSite","@id":"https:\/\/namgt.es\/#website","url":"https:\/\/namgt.es\/","name":"Namgt","description":"Kits de profil\u00e9s en aluminium pour assembler votre cockpit simracing","publisher":{"@id":"https:\/\/namgt.es\/#organization"},"potentialAction":[{"@type":"SearchAction","target":{"@type":"EntryPoint","urlTemplate":"https:\/\/namgt.es\/?s={search_term_string}"},"query-input":{"@type":"PropertyValueSpecification","valueRequired":true,"valueName":"search_term_string"}}],"inLanguage":"fr-FR"},{"@type":"Organization","@id":"https:\/\/namgt.es\/#organization","name":"Namgt","url":"https:\/\/namgt.es\/","logo":{"@type":"ImageObject","inLanguage":"fr-FR","@id":"https:\/\/namgt.es\/#\/schema\/logo\/image\/","url":"https:\/\/www.namgt.es\/wp-content\/uploads\/2025\/11\/logo-sin-fondo.png","contentUrl":"https:\/\/www.namgt.es\/wp-content\/uploads\/2025\/11\/logo-sin-fondo.png","width":1024,"height":1024,"caption":"Namgt"},"image":{"@id":"https:\/\/namgt.es\/#\/schema\/logo\/image\/"},"sameAs":["https:\/\/www.facebook.com\/profile.php?id=61580843453305"]}]}},"taxonomy_info":{"product_cat":[{"value":28,"label":"Accesorios"},{"value":27,"label":"Kits de cockpits"}],"product_tag":[{"value":36,"label":"Gt1"},{"value":38,"label":"Gt1 + soporte monitor"},{"value":39,"label":"Gt1 + soporte pc"},{"value":37,"label":"Gt1 basico"},{"value":40,"label":"Gt1 completo"}]},"featured_image_src_large":["https:\/\/namgt.es\/wp-content\/uploads\/2025\/08\/gt1-pantalla-pc-1024x682.jpg",1024,682,true],"author_info":[],"comment_info":24,"jetpack_sharing_enabled":true,"_links":{"self":[{"href":"https:\/\/namgt.es\/fr\/wp-json\/wp\/v2\/product\/3098","targetHints":{"allow":["GET"]}}],"collection":[{"href":"https:\/\/namgt.es\/fr\/wp-json\/wp\/v2\/product"}],"about":[{"href":"https:\/\/namgt.es\/fr\/wp-json\/wp\/v2\/types\/product"}],"replies":[{"embeddable":true,"href":"https:\/\/namgt.es\/fr\/wp-json\/wp\/v2\/comments?post=3098"}],"wp:featuredmedia":[{"embeddable":true,"href":"https:\/\/namgt.es\/fr\/wp-json\/wp\/v2\/media\/3457"}],"wp:attachment":[{"href":"https:\/\/namgt.es\/fr\/wp-json\/wp\/v2\/media?parent=3098"}],"wp:term":[{"taxonomy":"product_brand","embeddable":true,"href":"https:\/\/namgt.es\/fr\/wp-json\/wp\/v2\/product_brand?post=3098"},{"taxonomy":"product_cat","embeddable":true,"href":"https:\/\/namgt.es\/fr\/wp-json\/wp\/v2\/product_cat?post=3098"},{"taxonomy":"product_tag","embeddable":true,"href":"https:\/\/namgt.es\/fr\/wp-json\/wp\/v2\/product_tag?post=3098"}],"curies":[{"name":"wp","href":"https:\/\/api.w.org\/{rel}","templated":true}]}}