{"id":3136,"date":"2025-08-12T00:15:16","date_gmt":"2025-08-11T22:15:16","guid":{"rendered":"https:\/\/namgt.es\/?page_id=3136"},"modified":"2026-03-02T16:20:20","modified_gmt":"2026-03-02T15:20:20","slug":"cgv","status":"publish","type":"page","link":"https:\/\/namgt.es\/fr\/condiciones-generales-de-venta\/","title":{"rendered":"Conditions g\u00e9n\u00e9rales de vente"},"content":{"rendered":"<style>.kb-row-layout-id3136_4cc5b7-5f > .kt-row-column-wrap{align-content:start;}:where(.kb-row-layout-id3136_4cc5b7-5f > .kt-row-column-wrap) > .wp-block-kadence-column{justify-content:start;}.kb-row-layout-id3136_4cc5b7-5f > .kt-row-column-wrap{column-gap:var(--global-kb-gap-md, 2rem);row-gap:var(--global-kb-gap-md, 2rem);max-width:var( --global-content-width, 1290px );padding-left:var(--global-content-edge-padding);padding-right:var(--global-content-edge-padding);padding-top:var(--global-kb-spacing-5xl, 10rem);padding-bottom:var(--global-kb-spacing-5xl, 10rem);min-height:350px;grid-template-columns:minmax(0, 1fr);}.kb-row-layout-id3136_4cc5b7-5f > .kt-row-layout-overlay{opacity:0.86;background:radial-gradient(ellipse at center bottom,var(--global-palette2) 0%,var(--global-palette3) 72%);mix-blend-mode:normal;}.kb-row-layout-id3136_4cc5b7-5f .kt-row-layout-bottom-sep{height:100px;}.kb-row-layout-id3136_4cc5b7-5f .kt-row-layout-bottom-sep svg{width:100%;}.kb-row-layout-id3136_4cc5b7-5f .kt-row-layout-bottom-sep svg{fill:var(--global-palette8, #F7FAFC)!important;}@media all and (max-width: 1024px){.kb-row-layout-id3136_4cc5b7-5f > .kt-row-column-wrap{grid-template-columns:minmax(0, 1fr);}}@media all and (max-width: 1024px){.kb-row-layout-id3136_4cc5b7-5f .kt-row-layout-bottom-sep{height:px;}}@media all and (max-width: 1024px){.kb-row-layout-id3136_4cc5b7-5f .kt-row-layout-bottom-sep svg{width:%;}}@media all and (max-width: 767px){.kb-row-layout-id3136_4cc5b7-5f > .kt-row-column-wrap{padding-top:var(--global-kb-spacing-5xl, 10rem);padding-bottom:var(--global-kb-spacing-xxl, 5rem);grid-template-columns:minmax(0, 1fr);}.kb-row-layout-id3136_4cc5b7-5f .kt-row-layout-bottom-sep{height:px;}.kb-row-layout-id3136_4cc5b7-5f .kt-row-layout-bottom-sep svg{width:%;}}<\/style><div class=\"kb-row-layout-wrap kb-row-layout-id3136_4cc5b7-5f alignfull has-theme-palette3-background-color kt-row-has-bg wp-block-kadence-rowlayout\"><div class=\"kb-blocks-bg-video-container\"><video class=\"kb-blocks-bg-video\" id=\"bg-row-video-3136_4cc5b7-5f\" playsinline muted loop src=\"https:\/\/namgt.es\/wp-content\/uploads\/2025\/08\/Fondo-namgt.webm\" poster=\"https:\/\/namgt.es\/wp-content\/uploads\/2024\/08\/lines-hero-2.webp\" autoplay><\/video><\/div><div class=\"kt-row-layout-overlay kt-row-overlay-gradient\"><\/div><div class=\"kt-row-layout-bottom-sep kt-row-sep-type-mtns\"><svg viewBox=\"0 0 1000 100\" preserveAspectRatio=\"none\"><path d=\"M1000,50l-182.69,-45.286l-292.031,61.197l-190.875,-41.075l-143.748,28.794l-190.656,-23.63l0,70l1000,0l0,-50Z\" style=\"opacity: 0.4\" \/><path d=\"M1000,57l-152.781,-22.589l-214.383,19.81l-159.318,-21.471l-177.44,25.875l-192.722,5.627l-103.356,-27.275l0,63.023l1000,0l0,-43Z\" \/><\/svg><\/div><div class=\"kt-row-column-wrap kt-has-1-columns kt-row-layout-equal kt-tab-layout-inherit kt-mobile-layout-row kt-row-valign-top kb-theme-content-width\">\n<style>.kadence-column3136_4c4353-38 > .kt-inside-inner-col,.kadence-column3136_4c4353-38 > .kt-inside-inner-col:before{border-top-left-radius:0px;border-top-right-radius:0px;border-bottom-right-radius:0px;border-bottom-left-radius:0px;}.kadence-column3136_4c4353-38 > .kt-inside-inner-col{column-gap:var(--global-kb-gap-sm, 1rem);}.kadence-column3136_4c4353-38 > .kt-inside-inner-col{flex-direction:column;}.kadence-column3136_4c4353-38 > .kt-inside-inner-col > .aligncenter{width:100%;}.kadence-column3136_4c4353-38 > .kt-inside-inner-col:before{opacity:0.3;}.kadence-column3136_4c4353-38{position:relative;}@media all and (max-width: 1024px){.kadence-column3136_4c4353-38 > .kt-inside-inner-col{flex-direction:column;justify-content:center;}}@media all and (max-width: 767px){.kadence-column3136_4c4353-38 > .kt-inside-inner-col{flex-direction:column;justify-content:center;}}<\/style>\n<div class=\"wp-block-kadence-column kadence-column3136_4c4353-38 inner-column-1\"><div class=\"kt-inside-inner-col\"><style>.wp-block-kadence-advancedheading.kt-adv-heading3136_4355d3-b0, .wp-block-kadence-advancedheading.kt-adv-heading3136_4355d3-b0[data-kb-block=\"kb-adv-heading3136_4355d3-b0\"]{max-width:90%;margin-right:auto;margin-left:auto;padding-top:var(--global-kb-spacing-md, 2rem);text-align:center;font-size:70px;line-height:1.1;font-style:normal;}.wp-block-kadence-advancedheading.kt-adv-heading3136_4355d3-b0 mark.kt-highlight, .wp-block-kadence-advancedheading.kt-adv-heading3136_4355d3-b0[data-kb-block=\"kb-adv-heading3136_4355d3-b0\"] mark.kt-highlight{font-style:normal;color:var(--global-palette2, #2B6CB0);-webkit-box-decoration-break:clone;box-decoration-break:clone;padding-top:0px;padding-right:0px;padding-bottom:0px;padding-left:0px;}.wp-block-kadence-advancedheading.kt-adv-heading3136_4355d3-b0 img.kb-inline-image, .wp-block-kadence-advancedheading.kt-adv-heading3136_4355d3-b0[data-kb-block=\"kb-adv-heading3136_4355d3-b0\"] img.kb-inline-image{width:150px;vertical-align:baseline;}@media all and (max-width: 1024px){.wp-block-kadence-advancedheading.kt-adv-heading3136_4355d3-b0, .wp-block-kadence-advancedheading.kt-adv-heading3136_4355d3-b0[data-kb-block=\"kb-adv-heading3136_4355d3-b0\"]{font-size:60px;}}@media all and (max-width: 767px){.wp-block-kadence-advancedheading.kt-adv-heading3136_4355d3-b0, .wp-block-kadence-advancedheading.kt-adv-heading3136_4355d3-b0[data-kb-block=\"kb-adv-heading3136_4355d3-b0\"]{padding-top:0px;font-size:40px;}}<\/style>\n<h1 class=\"kt-adv-heading3136_4355d3-b0 wp-block-kadence-advancedheading has-theme-palette-9-color has-text-color\" data-kb-block=\"kb-adv-heading3136_4355d3-b0\"><strong>Condiciones Generales de Venta<\/strong><\/h1>\n<\/div><\/div>\n\n<\/div><\/div>\n\n<style>.kb-row-layout-wrap.wp-block-kadence-rowlayout.kb-row-layout-id3136_96ef3a-d7{margin-bottom:0px;}.kb-row-layout-id3136_96ef3a-d7 > .kt-row-column-wrap{align-content:start;}:where(.kb-row-layout-id3136_96ef3a-d7 > .kt-row-column-wrap) > .wp-block-kadence-column{justify-content:start;}.kb-row-layout-id3136_96ef3a-d7 > .kt-row-column-wrap{column-gap:var(--global-kb-gap-md, 2rem);row-gap:var(--global-kb-gap-md, 2rem);max-width:var( --global-content-width, 1290px );padding-left:var(--global-content-edge-padding);padding-right:var(--global-content-edge-padding);padding-bottom:var(--global-kb-spacing-xl, 4rem);grid-template-columns:minmax(0, 1fr);}.kb-row-layout-id3136_96ef3a-d7 > .kt-row-layout-overlay{opacity:0.30;}@media all and (max-width: 1024px){.kb-row-layout-id3136_96ef3a-d7 > .kt-row-column-wrap{grid-template-columns:minmax(0, 1fr);}}@media all and (max-width: 767px){.kb-row-layout-id3136_96ef3a-d7 > .kt-row-column-wrap{padding-top:var(--global-kb-spacing-lg, 3rem);grid-template-columns:minmax(0, 1fr);}}<\/style><div class=\"kb-row-layout-wrap kb-row-layout-id3136_96ef3a-d7 alignfull has-theme-palette8-background-color kt-row-has-bg wp-block-kadence-rowlayout\"><div class=\"kt-row-column-wrap kt-has-1-columns kt-row-layout-equal kt-tab-layout-inherit kt-mobile-layout-row kt-row-valign-top kb-theme-content-width\">\n<style>.kadence-column3136_35f35a-70 > .kt-inside-inner-col,.kadence-column3136_35f35a-70 > .kt-inside-inner-col:before{border-top-left-radius:0px;border-top-right-radius:0px;border-bottom-right-radius:0px;border-bottom-left-radius:0px;}.kadence-column3136_35f35a-70 > .kt-inside-inner-col{column-gap:var(--global-kb-gap-sm, 1rem);}.kadence-column3136_35f35a-70 > .kt-inside-inner-col{flex-direction:column;}.kadence-column3136_35f35a-70 > .kt-inside-inner-col > .aligncenter{width:100%;}.kadence-column3136_35f35a-70 > .kt-inside-inner-col:before{opacity:0.3;}.kadence-column3136_35f35a-70{position:relative;}@media all and (max-width: 1024px){.kadence-column3136_35f35a-70 > .kt-inside-inner-col{flex-direction:column;justify-content:center;}}@media all and (max-width: 767px){.kadence-column3136_35f35a-70 > .kt-inside-inner-col{flex-direction:column;justify-content:center;}}<\/style>\n<div class=\"wp-block-kadence-column kadence-column3136_35f35a-70\"><div class=\"kt-inside-inner-col\">\n<h2 class=\"wp-block-heading\"><strong>Condiciones Generales de Venta<\/strong><\/h2>\n\n\n\n<h3 class=\"wp-block-heading\">1. Identificaci\u00f3n del titular<\/h3>\n\n\n\n<p>En cumplimiento de la Ley 34\/2002 de Servicios de la Sociedad de la Informaci\u00f3n y Comercio Electr\u00f3nico (LSSI-CE), se informa que el presente sitio web es titularidad de:<\/p>\n\n\n\n<ul class=\"wp-block-list\">\n<li><strong>Titular:<\/strong> NaM GT S.L.U<\/li>\n\n\n\n<li><strong>NIF:<\/strong> B26862714<\/li>\n\n\n\n<li><strong>Domicilio fiscal:<\/strong> \u00c1ngel Guimer\u00e0 101 , 08440 Cardedeu, Barcelona (Espa\u00f1a)<\/li>\n\n\n\n<li><strong>Correo electr\u00f3nico:<\/strong> info@namgt.es<\/li>\n\n\n\n<li><strong>Tel\u00e9fono:<\/strong> 608 640 487 (atenci\u00f3n v\u00eda WhatsApp para consultas, no pedidos)<\/li>\n\n\n\n<li><strong>Actividad:<\/strong> Venta online de kits de perfiles de aluminio para construcci\u00f3n de cockpits de simracing<\/li>\n<\/ul>\n\n\n\n<h3 class=\"wp-block-heading\">2. Objeto y \u00e1mbito de aplicaci\u00f3n<\/h3>\n\n\n\n<p>Las presentes condiciones regulan la compra de productos ofrecidos a trav\u00e9s del sitio web, as\u00ed como los derechos y obligaciones del comprador y del vendedor.<br>El idioma de formalizaci\u00f3n del contrato ser\u00e1 el espa\u00f1ol y su \u00e1mbito geogr\u00e1fico se limita a <strong>Espa\u00f1a peninsular<\/strong> <em>(posible ampliaci\u00f3n a otras zonas bajo condiciones especiales)<\/em>.<\/p>\n\n\n\n<h3 class=\"wp-block-heading\">3. Proceso de compra<\/h3>\n\n\n\n<ul class=\"wp-block-list\">\n<li>La compra de productos se realiza exclusivamente a trav\u00e9s del sitio web.<\/li>\n\n\n\n<li>No se aceptan pedidos por tel\u00e9fono o WhatsApp.<\/li>\n\n\n\n<li>Todos los precios se muestran en euros (\u20ac) e incluyen el IVA vigente.<\/li>\n\n\n\n<li>Los gastos de env\u00edo no est\u00e1n incluidos en el precio del producto y se a\u00f1adir\u00e1n en el momento del pago (checkout).<\/li>\n<\/ul>\n\n\n\n<h3 class=\"wp-block-heading\">4. Medios de pago aceptados<\/h3>\n\n\n\n<ul class=\"wp-block-list\">\n<li><strong>PayPal<\/strong><br>El pago deber\u00e1 realizarse en su totalidad antes del env\u00edo del pedido.<\/li>\n<\/ul>\n\n\n\n<h3 class=\"wp-block-heading\">5. Env\u00edos<\/h3>\n\n\n\n<ul class=\"wp-block-list\">\n<li><strong>Cobertura geogr\u00e1fica:<\/strong> Espa\u00f1a peninsular, Canarias, Francia, Italia y Portugal<\/li>\n\n\n\n<li><strong>Plazo de entrega:<\/strong> 2 a 5 d\u00edas h\u00e1biles desde la confirmaci\u00f3n del pago en espa\u00f1a peninsular<\/li>\n\n\n\n<li><strong>Empresa de transporte:<\/strong> Seur<\/li>\n\n\n\n<li><strong>Coste de env\u00edo:<\/strong> desde 5\u20ac a 99\u20ac<br>El vendedor no se hace responsable de retrasos ocasionados por causas ajenas, como incidencias del transportista o circunstancias de fuerza mayor.<\/li>\n<\/ul>\n\n\n\n<h3 class=\"wp-block-heading\">6. Derecho de desistimiento y devoluciones<\/h3>\n\n\n\n<ul class=\"wp-block-list\">\n<li>El comprador dispone de 7 d\u00edas naturales desde la recepci\u00f3n del pedido para desistir de la compra sin necesidad de justificaci\u00f3n.<\/li>\n\n\n\n<li>Los gastos de devoluci\u00f3n corren a cargo del cliente.<\/li>\n\n\n\n<li>Solo se aceptar\u00e1n devoluciones de productos sin montar, sin usar y en su embalaje original.<\/li>\n\n\n\n<li>No se aceptan devoluciones de productos manipulados, personalizados o que presenten da\u00f1os por un uso indebido.<\/li>\n\n\n\n<li>El reembolso se realizar\u00e1 en el mismo m\u00e9todo de pago utilizado por el cliente, en un plazo m\u00e1ximo de 15 d\u00edas tras la recepci\u00f3n y comprobaci\u00f3n del estado del producto devuelto.<\/li>\n<\/ul>\n\n\n\n<h3 class=\"wp-block-heading\">7. Garant\u00eda<\/h3>\n\n\n\n<p>Todos los productos cuentan con una garant\u00eda legal de 2 a\u00f1os desde la fecha de entrega, que cubre exclusivamente defectos de fabricaci\u00f3n.<br>Quedan excluidos de la garant\u00eda:<\/p>\n\n\n\n<ul class=\"wp-block-list\">\n<li>Desgaste por uso habitual.<\/li>\n\n\n\n<li>Da\u00f1os ocasionados por montaje incorrecto, uso indebido o manipulaci\u00f3n no autorizada.<\/li>\n<\/ul>\n\n\n\n<h3 class=\"wp-block-heading\">8. Limitaci\u00f3n de responsabilidad<\/h3>\n\n\n\n<p>El vendedor no se hace responsable del uso indebido de los productos adquiridos ni de los da\u00f1os derivados de un montaje incorrecto por parte del cliente.<\/p>\n\n\n\n<h3 class=\"wp-block-heading\">9. Atenci\u00f3n al cliente<\/h3>\n\n\n\n<p>Para cualquier consulta, reclamaci\u00f3n o ejercicio de derechos, el comprador podr\u00e1 contactar con:<\/p>\n\n\n\n<ul class=\"wp-block-list\">\n<li><strong>Email:<\/strong> <a>info@namgt.es<\/a><\/li>\n\n\n\n<li><strong>WhatsApp (solo consultas):<\/strong> 608 640 487<\/li>\n<\/ul>\n\n\n\n<h3 class=\"wp-block-heading\">10. Legislaci\u00f3n aplicable y jurisdicci\u00f3n<\/h3>\n\n\n\n<p>Estas condiciones se rigen por la legislaci\u00f3n espa\u00f1ola. En caso de conflicto, las partes se someter\u00e1n a los juzgados y tribunales de la ciudad de Barcelona.<\/p>\n<\/div><\/div>\n\n<\/div><\/div>","protected":false},"excerpt":{"rendered":"<p>Condiciones Generales de Venta Condiciones Generales de Venta 1. Identificaci\u00f3n del titular En cumplimiento de la Ley 34\/2002 de Servicios de la Sociedad de la Informaci\u00f3n y Comercio Electr\u00f3nico (LSSI-CE), se informa que el presente sitio web es titularidad de: 2. Objeto y \u00e1mbito de aplicaci\u00f3n Las presentes condiciones regulan la compra de productos ofrecidos&#8230;<\/p>","protected":false},"author":1,"featured_media":0,"parent":0,"menu_order":0,"comment_status":"closed","ping_status":"closed","template":"","meta":{"_kad_blocks_custom_css":"","_kad_blocks_head_custom_js":"","_kad_blocks_body_custom_js":"","_kad_blocks_footer_custom_js":"","_kadence_starter_templates_imported_post":true,"_kad_post_transparent":"","_kad_post_title":"","_kad_post_layout":"","_kad_post_sidebar_id":"","_kad_post_content_style":"","_kad_post_vertical_padding":"","_kad_post_feature":"","_kad_post_feature_position":"","_kad_post_header":false,"_kad_post_footer":false,"_kad_post_classname":"","footnotes":""},"class_list":["post-3136","page","type-page","status-publish","hentry"],"yoast_head":"<!-- This site is optimized with the Yoast SEO plugin v27.5 - https:\/\/yoast.com\/product\/yoast-seo-wordpress\/ -->\n<title>Condiciones Generales de Venta - Namgt<\/title>\n<meta name=\"robots\" content=\"index, follow, max-snippet:-1, max-image-preview:large, max-video-preview:-1\" \/>\n<link rel=\"canonical\" href=\"https:\/\/namgt.es\/fr\/cgv\/\" \/>\n<meta property=\"og:locale\" content=\"fr_FR\" \/>\n<meta property=\"og:type\" content=\"article\" \/>\n<meta property=\"og:title\" content=\"Condiciones Generales de Venta - Namgt\" \/>\n<meta property=\"og:description\" content=\"Condiciones Generales de Venta Condiciones Generales de Venta 1. Identificaci\u00f3n del titular En cumplimiento de la Ley 34\/2002 de Servicios de la Sociedad de la Informaci\u00f3n y Comercio Electr\u00f3nico (LSSI-CE), se informa que el presente sitio web es titularidad de: 2. Objeto y \u00e1mbito de aplicaci\u00f3n Las presentes condiciones regulan la compra de productos ofrecidos...\" \/>\n<meta property=\"og:url\" content=\"https:\/\/namgt.es\/fr\/cgv\/\" \/>\n<meta property=\"og:site_name\" content=\"Namgt\" \/>\n<meta property=\"article:publisher\" content=\"https:\/\/www.facebook.com\/profile.php?id=61580843453305\" \/>\n<meta property=\"article:modified_time\" content=\"2026-03-02T15:20:20+00:00\" \/>\n<meta name=\"twitter:card\" content=\"summary_large_image\" \/>\n<meta name=\"twitter:label1\" content=\"Dur\u00e9e de lecture estim\u00e9e\" \/>\n\t<meta name=\"twitter:data1\" content=\"3 minutes\" \/>\n<script type=\"application\/ld+json\" class=\"yoast-schema-graph\">{\"@context\":\"https:\\\/\\\/schema.org\",\"@graph\":[{\"@type\":\"WebPage\",\"@id\":\"https:\\\/\\\/namgt.es\\\/condiciones-generales-de-venta\\\/\",\"url\":\"https:\\\/\\\/namgt.es\\\/condiciones-generales-de-venta\\\/\",\"name\":\"Condiciones Generales de Venta - Namgt\",\"isPartOf\":{\"@id\":\"https:\\\/\\\/namgt.es\\\/#website\"},\"datePublished\":\"2025-08-11T22:15:16+00:00\",\"dateModified\":\"2026-03-02T15:20:20+00:00\",\"breadcrumb\":{\"@id\":\"https:\\\/\\\/namgt.es\\\/condiciones-generales-de-venta\\\/#breadcrumb\"},\"inLanguage\":\"fr-FR\",\"potentialAction\":[{\"@type\":\"ReadAction\",\"target\":[\"https:\\\/\\\/namgt.es\\\/condiciones-generales-de-venta\\\/\"]}]},{\"@type\":\"BreadcrumbList\",\"@id\":\"https:\\\/\\\/namgt.es\\\/condiciones-generales-de-venta\\\/#breadcrumb\",\"itemListElement\":[{\"@type\":\"ListItem\",\"position\":1,\"name\":\"Portada\",\"item\":\"https:\\\/\\\/namgt.es\\\/\"},{\"@type\":\"ListItem\",\"position\":2,\"name\":\"Condiciones Generales de Venta\"}]},{\"@type\":\"WebSite\",\"@id\":\"https:\\\/\\\/namgt.es\\\/#website\",\"url\":\"https:\\\/\\\/namgt.es\\\/\",\"name\":\"Namgt\",\"description\":\"Kits de perfiles de aluminio para montar tu cockpit de simracing\",\"publisher\":{\"@id\":\"https:\\\/\\\/namgt.es\\\/#organization\"},\"potentialAction\":[{\"@type\":\"SearchAction\",\"target\":{\"@type\":\"EntryPoint\",\"urlTemplate\":\"https:\\\/\\\/namgt.es\\\/?s={search_term_string}\"},\"query-input\":{\"@type\":\"PropertyValueSpecification\",\"valueRequired\":true,\"valueName\":\"search_term_string\"}}],\"inLanguage\":\"fr-FR\"},{\"@type\":\"Organization\",\"@id\":\"https:\\\/\\\/namgt.es\\\/#organization\",\"name\":\"Namgt\",\"url\":\"https:\\\/\\\/namgt.es\\\/\",\"logo\":{\"@type\":\"ImageObject\",\"inLanguage\":\"fr-FR\",\"@id\":\"https:\\\/\\\/namgt.es\\\/#\\\/schema\\\/logo\\\/image\\\/\",\"url\":\"https:\\\/\\\/www.namgt.es\\\/wp-content\\\/uploads\\\/2025\\\/11\\\/logo-sin-fondo.png\",\"contentUrl\":\"https:\\\/\\\/www.namgt.es\\\/wp-content\\\/uploads\\\/2025\\\/11\\\/logo-sin-fondo.png\",\"width\":1024,\"height\":1024,\"caption\":\"Namgt\"},\"image\":{\"@id\":\"https:\\\/\\\/namgt.es\\\/#\\\/schema\\\/logo\\\/image\\\/\"},\"sameAs\":[\"https:\\\/\\\/www.facebook.com\\\/profile.php?id=61580843453305\"]}]}<\/script>\n<!-- \/ Yoast SEO plugin. -->","yoast_head_json":{"title":"Condiciones Generales de Venta - Namgt","robots":{"index":"index","follow":"follow","max-snippet":"max-snippet:-1","max-image-preview":"max-image-preview:large","max-video-preview":"max-video-preview:-1"},"canonical":"https:\/\/namgt.es\/fr\/cgv\/","og_locale":"fr_FR","og_type":"article","og_title":"Condiciones Generales de Venta - Namgt","og_description":"Condiciones Generales de Venta Condiciones Generales de Venta 1. Identificaci\u00f3n del titular En cumplimiento de la Ley 34\/2002 de Servicios de la Sociedad de la Informaci\u00f3n y Comercio Electr\u00f3nico (LSSI-CE), se informa que el presente sitio web es titularidad de: 2. Objeto y \u00e1mbito de aplicaci\u00f3n Las presentes condiciones regulan la compra de productos ofrecidos...","og_url":"https:\/\/namgt.es\/fr\/cgv\/","og_site_name":"Namgt","article_publisher":"https:\/\/www.facebook.com\/profile.php?id=61580843453305","article_modified_time":"2026-03-02T15:20:20+00:00","twitter_card":"summary_large_image","twitter_misc":{"Dur\u00e9e de lecture estim\u00e9e":"3 minutes"},"schema":{"@context":"https:\/\/schema.org","@graph":[{"@type":"WebPage","@id":"https:\/\/namgt.es\/condiciones-generales-de-venta\/","url":"https:\/\/namgt.es\/condiciones-generales-de-venta\/","name":"Condiciones Generales de Venta - Namgt","isPartOf":{"@id":"https:\/\/namgt.es\/#website"},"datePublished":"2025-08-11T22:15:16+00:00","dateModified":"2026-03-02T15:20:20+00:00","breadcrumb":{"@id":"https:\/\/namgt.es\/condiciones-generales-de-venta\/#breadcrumb"},"inLanguage":"fr-FR","potentialAction":[{"@type":"ReadAction","target":["https:\/\/namgt.es\/condiciones-generales-de-venta\/"]}]},{"@type":"BreadcrumbList","@id":"https:\/\/namgt.es\/condiciones-generales-de-venta\/#breadcrumb","itemListElement":[{"@type":"ListItem","position":1,"name":"Portada","item":"https:\/\/namgt.es\/"},{"@type":"ListItem","position":2,"name":"Condiciones Generales de Venta"}]},{"@type":"WebSite","@id":"https:\/\/namgt.es\/#website","url":"https:\/\/namgt.es\/","name":"Namgt","description":"Kits de profil\u00e9s en aluminium pour assembler votre cockpit simracing","publisher":{"@id":"https:\/\/namgt.es\/#organization"},"potentialAction":[{"@type":"SearchAction","target":{"@type":"EntryPoint","urlTemplate":"https:\/\/namgt.es\/?s={search_term_string}"},"query-input":{"@type":"PropertyValueSpecification","valueRequired":true,"valueName":"search_term_string"}}],"inLanguage":"fr-FR"},{"@type":"Organization","@id":"https:\/\/namgt.es\/#organization","name":"Namgt","url":"https:\/\/namgt.es\/","logo":{"@type":"ImageObject","inLanguage":"fr-FR","@id":"https:\/\/namgt.es\/#\/schema\/logo\/image\/","url":"https:\/\/www.namgt.es\/wp-content\/uploads\/2025\/11\/logo-sin-fondo.png","contentUrl":"https:\/\/www.namgt.es\/wp-content\/uploads\/2025\/11\/logo-sin-fondo.png","width":1024,"height":1024,"caption":"Namgt"},"image":{"@id":"https:\/\/namgt.es\/#\/schema\/logo\/image\/"},"sameAs":["https:\/\/www.facebook.com\/profile.php?id=61580843453305"]}]}},"taxonomy_info":[],"featured_image_src_large":false,"author_info":{"display_name":"Jesus","author_link":"https:\/\/namgt.es\/fr\/author\/jesus\/"},"comment_info":0,"jetpack_sharing_enabled":true,"_links":{"self":[{"href":"https:\/\/namgt.es\/fr\/wp-json\/wp\/v2\/pages\/3136","targetHints":{"allow":["GET"]}}],"collection":[{"href":"https:\/\/namgt.es\/fr\/wp-json\/wp\/v2\/pages"}],"about":[{"href":"https:\/\/namgt.es\/fr\/wp-json\/wp\/v2\/types\/page"}],"author":[{"embeddable":true,"href":"https:\/\/namgt.es\/fr\/wp-json\/wp\/v2\/users\/1"}],"replies":[{"embeddable":true,"href":"https:\/\/namgt.es\/fr\/wp-json\/wp\/v2\/comments?post=3136"}],"version-history":[{"count":7,"href":"https:\/\/namgt.es\/fr\/wp-json\/wp\/v2\/pages\/3136\/revisions"}],"predecessor-version":[{"id":3847,"href":"https:\/\/namgt.es\/fr\/wp-json\/wp\/v2\/pages\/3136\/revisions\/3847"}],"wp:attachment":[{"href":"https:\/\/namgt.es\/fr\/wp-json\/wp\/v2\/media?parent=3136"}],"curies":[{"name":"wp","href":"https:\/\/api.w.org\/{rel}","templated":true}]}}